{"id":290,"date":"2017-02-04T12:28:15","date_gmt":"2017-02-04T11:28:15","guid":{"rendered":"http:\/\/agora.xtec.cat\/ceipmilagrosconsarnau\/?page_id=290"},"modified":"2025-02-07T19:21:56","modified_gmt":"2025-02-07T18:21:56","slug":"lart-a-lescola","status":"publish","type":"page","link":"https:\/\/agora.xtec.cat\/ceipmilagrosconsarnau\/projecte-educatiu\/lart-a-lescola\/","title":{"rendered":"Express&#8217;Art"},"content":{"rendered":"<p>Sota aquesta etiqueta volem destacar un dels nostres pilars a l&#8217;escola: l&#8217;<span style=\"color: #993366;\"><strong>EXPRESSI\u00d3<\/strong><\/span> a trav\u00e9s de diferents llenguatges.<\/p>\n<p>Creiem plenament en l&#8217;art com a instrument per a desenvolupar les emocions, la construcci\u00f3 de la identitat personal, la responsabilitat i la cohesi\u00f3 del grup. Entenem\u00a0que cada\u00a0infant t\u00e9 unes necessitats i capacitats que li s\u00f3n pr\u00f2pies, i volem donar-li espai a trav\u00e9s de l&#8217;art. \u00c9s per aquest motiu que fomentem la m\u00fasica, el teatre, la dansa \u00a0i les arts pl\u00e0stiques a trav\u00e9s d&#8217;un tema transversal com\u00fa que guia cada any les produccions que realitzem tant en petit grup com en el conjunt de l&#8217;escola.<\/p>\n<p><strong><span style=\"color: #008080;\">LING\u00dc\u00cdSTIC<\/span><\/strong><\/p>\n<p>La llengua \u00e9s tant un instrument com un aprenentatge propi; els alumnes l&#8217;usen per jugar, comunicar les seves emocions, neguits i sabers.<\/p>\n<p>A l&#8217;escola la llengua est\u00e0 present a totes les activitats de forma impl\u00edcita, per\u00f2 tamb\u00e9 expl\u00edcitament a trav\u00e9s d&#8217;exposicions diverses que realitzen els nens i nenes des d&#8217;I3 a 6\u00e8, guanyant confian\u00e7a, iniciativa i responsabilitat.<\/p>\n<p><strong><span style=\"color: #ff6600;\">PL\u00c0STIC<\/span><\/strong><\/p>\n<p>Impulsem el llenguatge pl\u00e0stic a trav\u00e9s del coneixement de diferents t\u00e8cniques. Els infants manipulen diversos materials, estudien observant, fent hip\u00f2tesi de les obres i finalment creant les pr\u00f2pies versions de l&#8217;obra. Per fer-ho possible, es realitzen tallers d&#8217;art on es barregen infants de diferents classes, el que permet con\u00e8ixer a altres companys i companyes, aix\u00ed com potenciar l&#8217;aprenentatge entre iguals.<\/p>\n<p><strong><span style=\"color: #00ff00;\"><span style=\"color: #800080;\">CORPORAL<\/span> <\/span><\/strong><\/p>\n<p>La dansa est\u00e0 present a la vida d&#8217;aula tant a m\u00fasica com a psicomotricitat i educaci\u00f3 f\u00edsica. A cicle mitj\u00e0 realitzem el T\u00e0ndem amb circ i a cicle superior fem un taller de Dansa a l&#8217;escola.<\/p>\n<p><a href=\"http:\/\/agora.xtec.cat\/ceipmilagrosconsarnau\/wp-content\/uploads\/usu532\/2014\/09\/logo-tandem.jpg\"><img loading=\"lazy\" decoding=\"async\" class=\"wp-image-252\" src=\"http:\/\/agora.xtec.cat\/ceipmilagrosconsarnau\/wp-content\/uploads\/usu532\/2014\/09\/logo-tandem-1024x674.jpg\" alt=\"logo-tandem\" width=\"187\" height=\"123\" srcset=\"https:\/\/agora.xtec.cat\/ceipmilagrosconsarnau\/wp-content\/uploads\/usu532\/2014\/09\/logo-tandem-1024x674.jpg 1024w, https:\/\/agora.xtec.cat\/ceipmilagrosconsarnau\/wp-content\/uploads\/usu532\/2014\/09\/logo-tandem-300x197.jpg 300w, https:\/\/agora.xtec.cat\/ceipmilagrosconsarnau\/wp-content\/uploads\/usu532\/2014\/09\/logo-tandem-768x505.jpg 768w, https:\/\/agora.xtec.cat\/ceipmilagrosconsarnau\/wp-content\/uploads\/usu532\/2014\/09\/logo-tandem.jpg 1166w\" sizes=\"auto, (max-width: 187px) 100vw, 187px\" \/><\/a><\/p>\n<p style=\"text-align: left;\">El concert de la <strong><span style=\"color: #00ccff;\">Cant\u00e0nia<\/span><\/strong> a 6\u00e8 ja s&#8217;ha instaurat en el nostre centre.<\/p>\n<h2><\/h2>\n","protected":false},"excerpt":{"rendered":"<p>Sota aquesta etiqueta volem destacar un dels nostres pilars a l&#8217;escola: l&#8217;EXPRESSI\u00d3 a trav\u00e9s de diferents llenguatges. Creiem plenament en [&hellip;]<\/p>\n","protected":false},"author":1,"featured_media":0,"parent":64,"menu_order":11,"comment_status":"closed","ping_status":"closed","template":"","meta":{"_bbp_topic_count":0,"_bbp_reply_count":0,"_bbp_total_topic_count":0,"_bbp_total_reply_count":0,"_bbp_voice_count":0,"_bbp_anonymous_reply_count":0,"_bbp_topic_count_hidden":0,"_bbp_reply_count_hidden":0,"_bbp_forum_subforum_count":0,"site-sidebar-layout":"default","site-content-layout":"","ast-site-content-layout":"default","site-content-style":"default","site-sidebar-style":"default","ast-global-header-display":"","ast-banner-title-visibility":"","ast-main-header-display":"","ast-hfb-above-header-display":"","ast-hfb-below-header-display":"","ast-hfb-mobile-header-display":"","site-post-title":"","ast-breadcrumbs-content":"","ast-featured-img":"","footer-sml-layout":"","theme-transparent-header-meta":"","adv-header-id-meta":"","stick-header-meta":"","header-above-stick-meta":"","header-main-stick-meta":"","header-below-stick-meta":"","astra-migrate-meta-layouts":"set","ast-page-background-enabled":"default","ast-page-background-meta":{"desktop":{"background-color":"var(--ast-global-color-4)","background-image":"","background-repeat":"repeat","background-position":"center center","background-size":"auto","background-attachment":"scroll","background-type":"","background-media":"","overlay-type":"","overlay-color":"","overlay-opacity":"","overlay-gradient":""},"tablet":{"background-color":"","background-image":"","background-repeat":"repeat","background-position":"center center","background-size":"auto","background-attachment":"scroll","background-type":"","background-media":"","overlay-type":"","overlay-color":"","overlay-opacity":"","overlay-gradient":""},"mobile":{"background-color":"","background-image":"","background-repeat":"repeat","background-position":"center center","background-size":"auto","background-attachment":"scroll","background-type":"","background-media":"","overlay-type":"","overlay-color":"","overlay-opacity":"","overlay-gradient":""}},"ast-content-background-meta":{"desktop":{"background-color":"var(--ast-global-color-5)","background-image":"","background-repeat":"repeat","background-position":"center center","background-size":"auto","background-attachment":"scroll","background-type":"","background-media":"","overlay-type":"","overlay-color":"","overlay-opacity":"","overlay-gradient":""},"tablet":{"background-color":"var(--ast-global-color-5)","background-image":"","background-repeat":"repeat","background-position":"center center","background-size":"auto","background-attachment":"scroll","background-type":"","background-media":"","overlay-type":"","overlay-color":"","overlay-opacity":"","overlay-gradient":""},"mobile":{"background-color":"var(--ast-global-color-5)","background-image":"","background-repeat":"repeat","background-position":"center center","background-size":"auto","background-attachment":"scroll","background-type":"","background-media":"","overlay-type":"","overlay-color":"","overlay-opacity":"","overlay-gradient":""}},"footnotes":""},"class_list":["post-290","page","type-page","status-publish","hentry"],"post_mailing_queue_ids":[],"_links":{"self":[{"href":"https:\/\/agora.xtec.cat\/ceipmilagrosconsarnau\/wp-json\/wp\/v2\/pages\/290","targetHints":{"allow":["GET"]}}],"collection":[{"href":"https:\/\/agora.xtec.cat\/ceipmilagrosconsarnau\/wp-json\/wp\/v2\/pages"}],"about":[{"href":"https:\/\/agora.xtec.cat\/ceipmilagrosconsarnau\/wp-json\/wp\/v2\/types\/page"}],"author":[{"embeddable":true,"href":"https:\/\/agora.xtec.cat\/ceipmilagrosconsarnau\/wp-json\/wp\/v2\/users\/1"}],"replies":[{"embeddable":true,"href":"https:\/\/agora.xtec.cat\/ceipmilagrosconsarnau\/wp-json\/wp\/v2\/comments?post=290"}],"version-history":[{"count":6,"href":"https:\/\/agora.xtec.cat\/ceipmilagrosconsarnau\/wp-json\/wp\/v2\/pages\/290\/revisions"}],"predecessor-version":[{"id":4974,"href":"https:\/\/agora.xtec.cat\/ceipmilagrosconsarnau\/wp-json\/wp\/v2\/pages\/290\/revisions\/4974"}],"up":[{"embeddable":true,"href":"https:\/\/agora.xtec.cat\/ceipmilagrosconsarnau\/wp-json\/wp\/v2\/pages\/64"}],"wp:attachment":[{"href":"https:\/\/agora.xtec.cat\/ceipmilagrosconsarnau\/wp-json\/wp\/v2\/media?parent=290"}],"curies":[{"name":"wp","href":"https:\/\/api.w.org\/{rel}","templated":true}]}}