{"id":9938,"date":"2025-04-03T13:03:17","date_gmt":"2025-04-03T11:03:17","guid":{"rendered":"http:\/\/agora.xtec.cat\/ceipmil-lenari\/?page_id=9938"},"modified":"2025-04-03T13:03:32","modified_gmt":"2025-04-03T11:03:32","slug":"robotica-2","status":"publish","type":"page","link":"https:\/\/agora.xtec.cat\/ceipmil-lenari\/robotica-2\/","title":{"rendered":"ROB\u00d2TICA"},"content":{"rendered":"<p><span style=\"font-weight: 400;\">Durant el <\/span><b>curs escolar 2011-2012<\/b><span style=\"font-weight: 400;\"> vam iniciar la <\/span><b>Rob\u00f2tica<\/b><span style=\"font-weight: 400;\"> al nostre centre a Cicle Superior, i hem anat fent una entrada esglaonada a <\/span><b>tots els cursos d\u2019Infantil i Prim\u00e0ria<\/b><span style=\"font-weight: 400;\">, gr\u00e0cies a la formaci\u00f3 de diversos docents de l\u2019escola per poder donar continu\u00eftat a aquest projecte.\u00a0<\/span><\/p>\n<p><span style=\"font-weight: 400;\">\u00c9s a partir de l\u2019<\/span><b>any 2017<\/b><span style=\"font-weight: 400;\">, que a trav\u00e9s del <\/span><b>Pla Educatiu d\u2019Entorn<\/b><span style=\"font-weight: 400;\">, ens coordinem amb l\u2019<\/span><b>Institut Pla Marcell<\/b><span style=\"font-weight: 400;\">, perqu\u00e8 alumnes del servei comunitari vinguin a compartir amb els nostres alumnes diverses activitats.<\/span><\/p>\n<p><img loading=\"lazy\" decoding=\"async\" class=\" wp-image-9939 alignleft\" src=\"https:\/\/agora.xtec.cat\/ceipmil-lenari\/wp-content\/uploads\/usu969\/2020\/11\/Captura-de-pantalla-2020-11-14-a-las-20.09.00.png\" alt=\"\" width=\"282\" height=\"197\" srcset=\"https:\/\/agora.xtec.cat\/ceipmil-lenari\/wp-content\/uploads\/usu969\/2020\/11\/Captura-de-pantalla-2020-11-14-a-las-20.09.00.png 604w, https:\/\/agora.xtec.cat\/ceipmil-lenari\/wp-content\/uploads\/usu969\/2020\/11\/Captura-de-pantalla-2020-11-14-a-las-20.09.00-300x210.png 300w\" sizes=\"auto, (max-width: 282px) 100vw, 282px\" \/><\/p>\n<p><a href=\"http:\/\/agora.xtec.cat\/ceipmil-lenari\/introduccio-al-projecte-de-robotica\/\" target=\"_blank\" rel=\"noopener noreferrer\">INTRODUCCI\u00d3<\/a><\/p>\n<p><a href=\"http:\/\/agora.xtec.cat\/ceipmil-lenari\/robotica-a-cicle-superior\/\" target=\"_blank\" rel=\"noopener noreferrer\">PROJECTE COOPERATIU A Cicle Superior<\/a><\/p>\n<p><a href=\"http:\/\/agora.xtec.cat\/ceipmil-lenari\/robotica-a-cicle-mitja\/\" target=\"_blank\" rel=\"noopener noreferrer\">PROJECTE A Cicle Mitj\u00e0<\/a><\/p>\n<p><a href=\"http:\/\/agora.xtec.cat\/ceipmil-lenari\/robotica-a-cicle-inicial\/\" target=\"_blank\" rel=\"noopener noreferrer\">PROJECTE A Cicle Inicial<\/a><\/p>\n<p><a href=\"http:\/\/agora.xtec.cat\/ceipmil-lenari\/robotica-a-educacio-infantil\/\" target=\"_blank\" rel=\"noopener noreferrer\">PROJECTE A Educaci\u00f3 Infantil<\/a><\/p>\n\r\n\t<div class=\"slideshow_container slideshow_container_style-light\" style=\"height: 300px; \" data-slideshow-id=\"9983\" data-style-name=\"style-light\" data-style-version=\"2.3.1\" >\r\n\r\n\t\t\t\t\t<div class=\"slideshow_loading_icon\"><\/div>\r\n\t\t\r\n\t\t<div class=\"slideshow_content\" style=\"display: none;\">\r\n\r\n\t\t\t<div class=\"slideshow_view\"><div class=\"slideshow_slide slideshow_slide_image\">\n        <a href=\"https:\/\/photos.app.goo.gl\/3KwCc3qahXDSjbnC9\" target=\"_blank\">        <img src=\"https:\/\/photos.app.goo.gl\/3KwCc3qahXDSjbnC9\" alt=\"\"   \/>\n        <\/a>        <div class=\"slideshow_description_box slideshow_transparent\">\n                                        <\/div>\n<\/div>\n\t\n<div style=\"clear: both;\"><\/div><\/div>\r\n\t\t<\/div>\r\n\r\n\t\t<div class=\"slideshow_controlPanel slideshow_transparent\" style=\"display: none;\"><ul><li class=\"slideshow_togglePlay\" data-play-text=\"Visualitza\" data-pause-text=\"Pausa\"><\/li><\/ul><\/div>\r\n\r\n\t\t<div class=\"slideshow_button slideshow_previous slideshow_transparent\" role=\"button\" data-previous-text=\"Anterior\" style=\"display: none;\"><\/div>\r\n\t\t<div class=\"slideshow_button slideshow_next slideshow_transparent\" role=\"button\" data-next-text=\"Seg\u00fcent\" style=\"display: none;\"><\/div>\r\n\r\n\t\t<div class=\"slideshow_pagination\" style=\"display: none;\" data-go-to-text=\"V\u00e9s a la diapositiva\"><div class=\"slideshow_pagination_center\"><\/div><\/div>\r\n\r\n\t\t<!-- WordPress Slideshow Version 2.3.1 -->\r\n\r\n\t\t\t<\/div>\r\n\r\n\n","protected":false},"excerpt":{"rendered":"<p>Durant el curs escolar 2011-2012 vam iniciar la Rob\u00f2tica al nostre centre a Cicle Superior, i hem anat fent una entrada esglaonada a tots els cursos d\u2019Infantil i Prim\u00e0ria, gr\u00e0cies a la formaci\u00f3 de diversos docents de l\u2019escola per poder donar continu\u00eftat a aquest projecte.\u00a0<br \/>\n\u00c9s&hellip;  <a href=\"https:\/\/agora.xtec.cat\/ceipmil-lenari\/robotica-2\/\" title=\"Read ROB\u00d2TICA\">Llegeix m\u00e9s\u00bb<\/a><\/p>\n","protected":false},"author":1,"featured_media":0,"parent":0,"menu_order":0,"comment_status":"closed","ping_status":"closed","template":"","meta":{"_bbp_topic_count":0,"_bbp_reply_count":0,"_bbp_total_topic_count":0,"_bbp_total_reply_count":0,"_bbp_voice_count":0,"_bbp_anonymous_reply_count":0,"_bbp_topic_count_hidden":0,"_bbp_reply_count_hidden":0,"_bbp_forum_subforum_count":0,"footnotes":""},"class_list":["post-9938","page","type-page","status-publish","hentry"],"post_mailing_queue_ids":[],"_links":{"self":[{"href":"https:\/\/agora.xtec.cat\/ceipmil-lenari\/wp-json\/wp\/v2\/pages\/9938","targetHints":{"allow":["GET"]}}],"collection":[{"href":"https:\/\/agora.xtec.cat\/ceipmil-lenari\/wp-json\/wp\/v2\/pages"}],"about":[{"href":"https:\/\/agora.xtec.cat\/ceipmil-lenari\/wp-json\/wp\/v2\/types\/page"}],"author":[{"embeddable":true,"href":"https:\/\/agora.xtec.cat\/ceipmil-lenari\/wp-json\/wp\/v2\/users\/1"}],"replies":[{"embeddable":true,"href":"https:\/\/agora.xtec.cat\/ceipmil-lenari\/wp-json\/wp\/v2\/comments?post=9938"}],"version-history":[{"count":4,"href":"https:\/\/agora.xtec.cat\/ceipmil-lenari\/wp-json\/wp\/v2\/pages\/9938\/revisions"}],"predecessor-version":[{"id":11306,"href":"https:\/\/agora.xtec.cat\/ceipmil-lenari\/wp-json\/wp\/v2\/pages\/9938\/revisions\/11306"}],"wp:attachment":[{"href":"https:\/\/agora.xtec.cat\/ceipmil-lenari\/wp-json\/wp\/v2\/media?parent=9938"}],"curies":[{"name":"wp","href":"https:\/\/api.w.org\/{rel}","templated":true}]}}