{"id":9849,"date":"2025-03-27T13:23:40","date_gmt":"2025-03-27T12:23:40","guid":{"rendered":"http:\/\/agora.xtec.cat\/ceipmil-lenari\/?page_id=9849"},"modified":"2025-03-27T13:24:02","modified_gmt":"2025-03-27T12:24:02","slug":"secretaria","status":"publish","type":"page","link":"https:\/\/agora.xtec.cat\/ceipmil-lenari\/secretaria\/","title":{"rendered":"SECRETARIA"},"content":{"rendered":"<h1><span style=\"color: #993366;\"><strong>TR\u00c0MITS QUE PODEU REALITZAR A LA SECRETARIA <\/strong><\/span><\/h1>\n<ul>\n<li>Informacions sobre tr\u00e0mits administratius<\/li>\n<li>Informaci\u00f3 de preinscripci\u00f3 i matr\u00edcula<\/li>\n<li>Sol\u00b7licituds de certificacions (d\u2019estudis, escolaritzaci\u00f3, etc\u2026)<\/li>\n<\/ul>\n<p><strong>HORARI:<\/strong><\/p>\n<p>de dilluns a dijous de 9.00 A 13.30 i de 15.00 a 16.15h<\/p>\n<p>divendres: de 9.00 a 13.00h<\/p>\n<hr \/>\n<h6 style=\"text-align: center;\">EN CAS DE VOLER FER UNA PREINSCRIPCI\u00d3 UN COP ACABAT EL TERMINI S&#8217;HA DE FER DES D&#8217;AQUEST ENLLA\u00c7:<\/h6>\n<h6 style=\"text-align: center;\">\u00a0<a href=\"https:\/\/educacio.gencat.cat\/ca\/tramits\/tramits-temes\/admissio-centre-fora-proces-preinscripcio?category=74447ed8-a82c-11e3-a972-000c29052e2c\" target=\"_blank\" rel=\"noopener\">https:\/\/educacio.gencat.cat\/ca\/tramits\/tramits-temes\/admissio-centre-fora-proces-preinscripcio?category=74447ed8-a82c-11e3-a972-000c29052e2c<\/a><\/h6>\n","protected":false},"excerpt":{"rendered":"<p>TR\u00c0MITS QUE PODEU REALITZAR A LA SECRETARIA <\/p>\n<ul>\n<li>Informacions sobre tr\u00e0mits administratius<\/li>\n<li>Informaci\u00f3 de preinscripci\u00f3 i matr\u00edcula<\/li>\n<li>Sol\u00b7licituds de certificacions (d\u2019estudis, escolaritzaci\u00f3, etc\u2026)<\/li>\n<\/ul>\n<p>HORARI:<br \/>\nde dilluns a dijous de 9.00 A 13.30 i de 15.00 a 16.15h<br \/>\ndivendres: de 9.00 a 13.00h<\/p>\n<p>EN CAS DE VOLER FER UNA PREINSCRIPCI\u00d3 UN COP ACABAT&hellip;  <a href=\"https:\/\/agora.xtec.cat\/ceipmil-lenari\/secretaria\/\" title=\"Read SECRETARIA\">Llegeix m\u00e9s\u00bb<\/a><\/p>\n","protected":false},"author":1,"featured_media":0,"parent":0,"menu_order":0,"comment_status":"closed","ping_status":"closed","template":"","meta":{"_bbp_topic_count":0,"_bbp_reply_count":0,"_bbp_total_topic_count":0,"_bbp_total_reply_count":0,"_bbp_voice_count":0,"_bbp_anonymous_reply_count":0,"_bbp_topic_count_hidden":0,"_bbp_reply_count_hidden":0,"_bbp_forum_subforum_count":0,"footnotes":""},"class_list":["post-9849","page","type-page","status-publish","hentry"],"post_mailing_queue_ids":[],"_links":{"self":[{"href":"https:\/\/agora.xtec.cat\/ceipmil-lenari\/wp-json\/wp\/v2\/pages\/9849","targetHints":{"allow":["GET"]}}],"collection":[{"href":"https:\/\/agora.xtec.cat\/ceipmil-lenari\/wp-json\/wp\/v2\/pages"}],"about":[{"href":"https:\/\/agora.xtec.cat\/ceipmil-lenari\/wp-json\/wp\/v2\/types\/page"}],"author":[{"embeddable":true,"href":"https:\/\/agora.xtec.cat\/ceipmil-lenari\/wp-json\/wp\/v2\/users\/1"}],"replies":[{"embeddable":true,"href":"https:\/\/agora.xtec.cat\/ceipmil-lenari\/wp-json\/wp\/v2\/comments?post=9849"}],"version-history":[{"count":6,"href":"https:\/\/agora.xtec.cat\/ceipmil-lenari\/wp-json\/wp\/v2\/pages\/9849\/revisions"}],"predecessor-version":[{"id":11208,"href":"https:\/\/agora.xtec.cat\/ceipmil-lenari\/wp-json\/wp\/v2\/pages\/9849\/revisions\/11208"}],"wp:attachment":[{"href":"https:\/\/agora.xtec.cat\/ceipmil-lenari\/wp-json\/wp\/v2\/media?parent=9849"}],"curies":[{"name":"wp","href":"https:\/\/api.w.org\/{rel}","templated":true}]}}