{"id":490,"date":"2025-03-27T13:17:38","date_gmt":"2025-03-27T12:17:38","guid":{"rendered":"http:\/\/agora.xtec.cat\/ceipmil-lenari\/?page_id=490"},"modified":"2025-09-22T11:21:49","modified_gmt":"2025-09-22T09:21:49","slug":"equip-directiu-i-docent","status":"publish","type":"page","link":"https:\/\/agora.xtec.cat\/ceipmil-lenari\/lescola\/equip-directiu-i-docent\/","title":{"rendered":"Equip directiu i docent"},"content":{"rendered":"<h3><span style=\"text-decoration: underline;\">Curs 2025\/2026<\/span><\/h3>\n<h3>Equip directiu<\/h3>\n<ul>\n<li>Direcci\u00f3:\u00a0Imma Fortuny <a href=\"https:\/\/agora.xtec.cat\/ceipmil-lenari\/wp-content\/uploads\/usu969\/2020\/11\/Fitxa-perfil-Imma.pdf\">perfil i traject\u00f2ria<\/a><\/li>\n<li>Cap d&#8217;estudis: Maria Garcia <a href=\"https:\/\/agora.xtec.cat\/ceipmil-lenari\/wp-content\/uploads\/usu969\/2020\/11\/Fitxa-perfil-Maria.pdf\">perfil i traject\u00f2ria<\/a><\/li>\n<li>Secretaria: Rosa Borr\u00e0s <a href=\"https:\/\/agora.xtec.cat\/ceipmil-lenari\/wp-content\/uploads\/usu969\/2019\/06\/Rosa.pdf\" rel=\"noopener noreferrer\">perfil i traject\u00f2ria<\/a><\/li>\n<\/ul>\n<h4>Quadre pedag\u00f2gic<\/h4>\n<table style=\"width: 47.8939%; height: 553px;\">\n<tbody>\n<tr>\n<td style=\"width: 24.0196%; text-align: center;\">I3A<\/td>\n<td style=\"width: 142.647%;\">Clara Agudo<\/td>\n<\/tr>\n<tr style=\"height: 31px;\">\n<td style=\"width: 24.0196%; height: 31px; text-align: center;\">I3B<\/td>\n<td style=\"width: 142.647%; height: 31px;\">Vanessa Barber\u00e1n<\/td>\n<\/tr>\n<tr style=\"height: 31px;\">\n<td style=\"width: 24.0196%; height: 31px; text-align: center;\">I4A<\/td>\n<td style=\"width: 142.647%; height: 31px;\">Neus Cusachs<\/td>\n<\/tr>\n<tr style=\"height: 31px;\">\n<td style=\"width: 24.0196%; height: 31px; text-align: center;\">I5A<\/td>\n<td style=\"width: 142.647%; height: 31px;\">Alba Jos\u00e9<\/td>\n<\/tr>\n<tr style=\"height: 31px;\">\n<td style=\"width: 24.0196%; height: 31px; text-align: center;\">I5B<\/td>\n<td style=\"width: 142.647%; height: 31px;\">Rosa Agudo<\/td>\n<\/tr>\n<tr style=\"height: 31px;\">\n<td style=\"width: 24.0196%; height: 31px; text-align: center;\">1A<\/td>\n<td style=\"width: 142.647%; height: 31px;\">Eva Montes<\/td>\n<\/tr>\n<tr style=\"height: 31px;\">\n<td style=\"width: 24.0196%; height: 31px; text-align: center;\">1B<\/td>\n<td style=\"width: 142.647%; height: 31px;\">Maribel C\u00e1rceles<\/td>\n<\/tr>\n<tr style=\"height: 31px;\">\n<td style=\"width: 24.0196%; height: 31px; text-align: center;\">2A<\/td>\n<td style=\"width: 142.647%; height: 31px;\">Ana Mart\u00ednez<\/td>\n<\/tr>\n<tr style=\"height: 31px;\">\n<td style=\"width: 24.0196%; height: 31px; text-align: center;\">2B<\/td>\n<td style=\"width: 142.647%; height: 31px;\">Eva Rodr\u00edguez<\/td>\n<\/tr>\n<tr style=\"height: 31px;\">\n<td style=\"width: 24.0196%; height: 31px; text-align: center;\">3A<\/td>\n<td style=\"width: 142.647%; height: 31px;\">Ana Caro<\/td>\n<\/tr>\n<tr style=\"height: 31px;\">\n<td style=\"width: 24.0196%; height: 31px; text-align: center;\">3B<\/td>\n<td style=\"width: 142.647%; height: 31px;\">Eva Mar\u00edn<\/td>\n<\/tr>\n<tr style=\"height: 31px;\">\n<td style=\"width: 24.0196%; height: 31px; text-align: center;\">4A<\/td>\n<td style=\"width: 142.647%; height: 31px;\">M\u00edriam Vidal<\/td>\n<\/tr>\n<tr style=\"height: 31px;\">\n<td style=\"width: 24.0196%; height: 31px; text-align: center;\">4B<\/td>\n<td style=\"width: 142.647%; height: 31px;\">S\u00edlvia Morales<\/td>\n<\/tr>\n<tr style=\"height: 31px;\">\n<td style=\"width: 24.0196%; height: 31px; text-align: center;\">5A<\/td>\n<td style=\"width: 142.647%; height: 31px;\">Mar Lara<\/td>\n<\/tr>\n<tr style=\"height: 31px;\">\n<td style=\"width: 24.0196%; height: 31px; text-align: center;\">5B<\/td>\n<td style=\"width: 142.647%; height: 31px;\">Bego\u00f1a Hern\u00e1ndez<\/td>\n<\/tr>\n<tr style=\"height: 31px;\">\n<td style=\"width: 24.0196%; height: 31px; text-align: center;\">6A<\/td>\n<td style=\"width: 142.647%; height: 31px;\">Raquel Codina<\/td>\n<\/tr>\n<tr style=\"height: 40px;\">\n<td style=\"width: 24.0196%; text-align: center; height: 40px;\">6B<\/td>\n<td style=\"width: 142.647%; height: 40px;\">Sandra Casanovas<\/td>\n<\/tr>\n<\/tbody>\n<\/table>\n<table style=\"width: 83.7029%;\">\n<tbody>\n<tr>\n<td style=\"width: 40.9709%;\">Angl\u00e8s EI \/ CI<\/td>\n<td style=\"width: 75.6484%;\">Al\u00edcia Mandome<\/td>\n<\/tr>\n<tr>\n<td style=\"width: 40.9709%;\">M\u00fasica i refor\u00e7 EI<\/td>\n<td style=\"width: 75.6484%;\">Carina Urnicia i Alba Garcia<\/td>\n<\/tr>\n<tr>\n<td style=\"width: 40.9709%;\">M\u00fasica Prim\u00e0ria<\/td>\n<td style=\"width: 75.6484%;\">Sara S\u00e1nchez<\/td>\n<\/tr>\n<tr>\n<td style=\"width: 40.9709%;\">Ballet i dansa<\/td>\n<td style=\"width: 75.6484%;\">Susanna Suesa, Cristina Teixidor<\/td>\n<\/tr>\n<tr>\n<td style=\"width: 40.9709%;\">Educaci\u00f3 f\u00edsica i refor\u00e7<\/td>\n<td style=\"width: 75.6484%;\">Bego\u00f1a Hern\u00e1ndez, Cristina Teixidor i Gerard Ric\u00f3s<\/td>\n<\/tr>\n<tr>\n<td style=\"width: 40.9709%;\">Refor\u00e7 CI i CM<\/td>\n<td style=\"width: 75.6484%;\">\u00a0Laura Gonz\u00e1lez<\/td>\n<\/tr>\n<tr>\n<td style=\"width: 40.9709%;\">Refor\u00e7 CS<\/td>\n<td style=\"width: 75.6484%;\">Rosa Borr\u00e0s (MESI), Maria Garcia i Imma Fortuny<\/td>\n<\/tr>\n<tr>\n<td style=\"width: 40.9709%;\">MESI EI i CI<\/td>\n<td style=\"width: 75.6484%;\">Marina Burgu\u00e9s<\/td>\n<\/tr>\n<tr>\n<td style=\"width: 40.9709%;\">MALL<\/td>\n<td style=\"width: 75.6484%;\">Mireia Vidal \/ Judith Mart\u00ednez<\/td>\n<\/tr>\n<tr>\n<td style=\"width: 40.9709%;\">TEEI<\/td>\n<td style=\"width: 75.6484%;\">Esther Vila \/ Estel Coma<\/td>\n<\/tr>\n<\/tbody>\n<\/table>\n<h4><\/h4>\n<h4>Coordinadors\/es<\/h4>\n<ul>\n<li>Educaci\u00f3 Infantil: Clara Agudo<\/li>\n<li>Cicle Inicial: Eva Montes<\/li>\n<li>Cicle Mitj\u00e0: Eva Marin<\/li>\n<li>Cicle Superior: Sandra Casanovas<\/li>\n<li>Audiovisuals i inform\u00e0tica: Sara S\u00e1nchez<\/li>\n<li>Riscos Laborals i referent de salut de l&#8217;Ajuntament: Eva Rodriguez<\/li>\n<li>Coeducaci\u00f3, Conviv\u00e8ncia i Benestar de l&#8217;alumnat: Raquel Codina<\/li>\n<li>LIC: Mireia Vidal<\/li>\n<li>Biblioteca: Imma Fortuny<\/li>\n<\/ul>\n<h4>Personal d&#8217;administraci\u00f3 i serveis<\/h4>\n<ul>\n<li>Conserge: Rosa M. Buqueras<\/li>\n<li>Administrativa: \u00c0ngels G\u00fcells<\/li>\n<\/ul>\n<p>&nbsp;<\/p>\n","protected":false},"excerpt":{"rendered":"<p>Curs 2025\/2026<br \/>\nEquip directiu<\/p>\n<ul>\n<li>Direcci\u00f3:\u00a0Imma Fortuny <a href=\"https:\/\/agora.xtec.cat\/ceipmil-lenari\/wp-content\/uploads\/usu969\/2020\/11\/Fitxa-perfil-Imma.pdf\">perfil i traject\u00f2ria<\/a><\/li>\n<li>Cap d&#8217;estudis: Maria Garcia <a href=\"https:\/\/agora.xtec.cat\/ceipmil-lenari\/wp-content\/uploads\/usu969\/2020\/11\/Fitxa-perfil-Maria.pdf\">perfil i traject\u00f2ria<\/a><\/li>\n<li>Secretaria: Rosa Borr\u00e0s <a href=\"https:\/\/agora.xtec.cat\/ceipmil-lenari\/wp-content\/uploads\/usu969\/2019\/06\/Rosa.pdf\" rel=\"noopener noreferrer\">perfil i traject\u00f2ria<\/a><\/li>\n<\/ul>\n<p>Quadre pedag\u00f2gic<\/p>\n<p>I3A<br \/>\nClara Agudo<\/p>\n<p>I3B<br \/>\nVanessa Barber\u00e1n<\/p>\n<p>I4A<br \/>\nNeus Cusachs<\/p>\n<p>I5A<br \/>\nAlba Jos\u00e9<\/p>\n<p>I5B<br \/>\nRosa Agudo<\/p>\n<p>1A<br \/>\nEva Montes<\/p>\n<p>1B<br \/>\nMaribel C\u00e1rceles<\/p>\n<p>2A<br \/>\nAna Mart\u00ednez<\/p>\n<p>2B<br \/>\nEva Rodr\u00edguez<\/p>\n<p>3A<br \/>\nAna Caro<\/p>\n<p>3B<br \/>\nEva Mar\u00edn<\/p>\n<p>4A<br \/>\nM\u00edriam Vidal<\/p>\n<p>4B<br \/>\nS\u00edlvia Morales<\/p>\n<p>5A<br \/>\nMar Lara<\/p>\n<p>5B<br \/>\nBego\u00f1a Hern\u00e1ndez<\/p>\n<p>6A<br \/>\nRaquel Codina<\/p>\n<p>6B<br \/>\nSandra Casanovas<\/p>\n<p>Angl\u00e8s EI \/ CI<br \/>\nAl\u00edcia Mandome<\/p>\n<p>M\u00fasica&hellip;  <a href=\"https:\/\/agora.xtec.cat\/ceipmil-lenari\/lescola\/equip-directiu-i-docent\/\" title=\"Read Equip directiu i docent\">Llegeix m\u00e9s\u00bb<\/a><\/p>\n","protected":false},"author":1,"featured_media":0,"parent":22,"menu_order":3,"comment_status":"closed","ping_status":"closed","template":"page-templates\/side-menu.php","meta":{"_bbp_topic_count":0,"_bbp_reply_count":0,"_bbp_total_topic_count":0,"_bbp_total_reply_count":0,"_bbp_voice_count":0,"_bbp_anonymous_reply_count":0,"_bbp_topic_count_hidden":0,"_bbp_reply_count_hidden":0,"_bbp_forum_subforum_count":0,"footnotes":""},"class_list":["post-490","page","type-page","status-publish","hentry"],"post_mailing_queue_ids":[],"_links":{"self":[{"href":"https:\/\/agora.xtec.cat\/ceipmil-lenari\/wp-json\/wp\/v2\/pages\/490","targetHints":{"allow":["GET"]}}],"collection":[{"href":"https:\/\/agora.xtec.cat\/ceipmil-lenari\/wp-json\/wp\/v2\/pages"}],"about":[{"href":"https:\/\/agora.xtec.cat\/ceipmil-lenari\/wp-json\/wp\/v2\/types\/page"}],"author":[{"embeddable":true,"href":"https:\/\/agora.xtec.cat\/ceipmil-lenari\/wp-json\/wp\/v2\/users\/1"}],"replies":[{"embeddable":true,"href":"https:\/\/agora.xtec.cat\/ceipmil-lenari\/wp-json\/wp\/v2\/comments?post=490"}],"version-history":[{"count":7,"href":"https:\/\/agora.xtec.cat\/ceipmil-lenari\/wp-json\/wp\/v2\/pages\/490\/revisions"}],"predecessor-version":[{"id":11386,"href":"https:\/\/agora.xtec.cat\/ceipmil-lenari\/wp-json\/wp\/v2\/pages\/490\/revisions\/11386"}],"up":[{"embeddable":true,"href":"https:\/\/agora.xtec.cat\/ceipmil-lenari\/wp-json\/wp\/v2\/pages\/22"}],"wp:attachment":[{"href":"https:\/\/agora.xtec.cat\/ceipmil-lenari\/wp-json\/wp\/v2\/media?parent=490"}],"curies":[{"name":"wp","href":"https:\/\/api.w.org\/{rel}","templated":true}]}}