{"id":488,"date":"2025-03-27T13:13:43","date_gmt":"2025-03-27T12:13:43","guid":{"rendered":"http:\/\/agora.xtec.cat\/ceipmil-lenari\/?page_id=488"},"modified":"2026-02-19T13:58:48","modified_gmt":"2026-02-19T12:58:48","slug":"consell-escolar","status":"publish","type":"page","link":"https:\/\/agora.xtec.cat\/ceipmil-lenari\/lescola\/consell-escolar\/","title":{"rendered":"Consell Escolar"},"content":{"rendered":"<p>&nbsp;<\/p>\n<ul>\n<li style=\"text-align: justify;\"><strong style=\"font-family: inherit; font-size: 1em;\">Composici\u00f3<\/strong><\/li>\n<\/ul>\n<table style=\"width: 48.6621%;\" width=\"428\">\n<tbody>\n<tr>\n<td style=\"width: 60.533%;\" width=\"314\">\n<h5>Nom<\/h5>\n<\/td>\n<td style=\"width: 122.228%;\" width=\"113\">\n<h5>Sector<\/h5>\n<\/td>\n<\/tr>\n<tr>\n<td style=\"width: 60.533%;\" width=\"314\">Xavier Orozco Delcl\u00f2s<\/td>\n<td style=\"width: 122.228%;\" width=\"113\">Ajuntament<\/td>\n<\/tr>\n<tr>\n<td style=\"width: 60.533%;\" width=\"314\">Xavier Gr\u00e8bol Nogueras<\/td>\n<td style=\"width: 122.228%;\" width=\"113\">AFA<\/td>\n<\/tr>\n<tr>\n<td style=\"width: 60.533%;\" width=\"314\">Imma Fortuny Puig<\/td>\n<td style=\"width: 122.228%;\" width=\"113\">Directora<\/td>\n<\/tr>\n<tr>\n<td style=\"width: 60.533%;\" width=\"314\">Maria Garcia Ortiz<\/td>\n<td style=\"width: 122.228%;\" width=\"113\">Cap d\u2019estudis<\/td>\n<\/tr>\n<tr>\n<td style=\"width: 60.533%;\" width=\"314\">M. Rosa Borr\u00e0s Camp\u00e0<\/td>\n<td style=\"width: 122.228%;\" width=\"113\">Secret\u00e0ria<\/td>\n<\/tr>\n<tr>\n<td style=\"width: 60.533%;\" width=\"314\">Maribel C\u00e1rceles Guerrero<\/td>\n<td style=\"width: 122.228%;\" width=\"113\">Mestres<\/td>\n<\/tr>\n<tr>\n<td style=\"width: 60.533%;\" width=\"314\">Bego\u00f1a Hern\u00e1ndez \u00c1vila<\/td>\n<td style=\"width: 122.228%;\" width=\"113\">Mestres<\/td>\n<\/tr>\n<tr>\n<td style=\"width: 60.533%;\" width=\"314\">Eva Mar\u00edn Trujillo<\/td>\n<td style=\"width: 122.228%;\" width=\"113\">Mestres<\/td>\n<\/tr>\n<tr>\n<td style=\"width: 60.533%;\" width=\"314\">Mireia Agust\u00ed Lorenzo<\/td>\n<td style=\"width: 122.228%;\" width=\"113\">Mestres<\/td>\n<\/tr>\n<tr>\n<td style=\"width: 60.533%;\" width=\"314\">Mar Lara Padrisa<\/td>\n<td style=\"width: 122.228%;\" width=\"113\">Mestres<\/td>\n<\/tr>\n<tr>\n<td style=\"width: 60.533%;\" width=\"314\">Anna Sitjes Sala<\/td>\n<td style=\"width: 122.228%;\" width=\"113\">Pares i mares<\/td>\n<\/tr>\n<tr>\n<td style=\"width: 60.533%;\" width=\"314\">Clara M. Rojas Navarro<\/td>\n<td style=\"width: 122.228%;\" width=\"113\">Pares i mares<\/td>\n<\/tr>\n<tr>\n<td style=\"width: 60.533%;\">Sandra Iglesias Cruz<\/td>\n<td style=\"width: 122.228%;\">Pares i mares<\/td>\n<\/tr>\n<tr>\n<td style=\"width: 60.533%;\">Marc Sanjaume Calvet<\/td>\n<td style=\"width: 122.228%;\">Pares i mares<\/td>\n<\/tr>\n<tr>\n<td style=\"width: 60.533%;\" width=\"314\">\u00c0ngels G\u00fcells S\u00e0nchez<\/td>\n<td style=\"width: 122.228%;\" width=\"113\">PAS<\/td>\n<\/tr>\n<\/tbody>\n<\/table>\n<p>&nbsp;<\/p>\n","protected":false},"excerpt":{"rendered":"<p>&nbsp;<\/p>\n<ul>\n<li style=\"text-align: justify;\">Composici\u00f3<\/li>\n<\/ul>\n<p>Nom<\/p>\n<p>Sector<\/p>\n<p>Xavier Orozco Delcl\u00f2s<br \/>\nAjuntament<\/p>\n<p>Xavier Gr\u00e8bol Nogueras<br \/>\nAFA<\/p>\n<p>Imma Fortuny Puig<br \/>\nDirectora<\/p>\n<p>Maria Garcia Ortiz<br \/>\nCap d\u2019estudis<\/p>\n<p>M. Rosa Borr\u00e0s Camp\u00e0<br \/>\nSecret\u00e0ria<\/p>\n<p>Maribel C\u00e1rceles Guerrero<br \/>\nMestres<\/p>\n<p>Bego\u00f1a Hern\u00e1ndez \u00c1vila<br \/>\nMestres<\/p>\n<p>Eva Mar\u00edn Trujillo<br \/>\nMestres<\/p>\n<p>Mireia Agust\u00ed Lorenzo<br \/>\nMestres<\/p>\n<p>Mar Lara Padrisa<br \/>\nMestres<\/p>\n<p>Anna Sitjes Sala<br \/>\nPares i mares<\/p>\n<p>Clara M. Rojas Navarro<br \/>\nPares i mares<\/p>\n<p>Sandra Iglesias Cruz<br \/>\nPares i mares<\/p>\n<p>Marc Sanjaume Calvet<br \/>\nPares i mares<\/p>\n<p>\u00c0ngels G\u00fcells S\u00e0nchez<br \/>\nPAS<\/p>\n<p>&nbsp;<\/p>\n","protected":false},"author":1,"featured_media":0,"parent":22,"menu_order":4,"comment_status":"closed","ping_status":"closed","template":"page-templates\/side-menu.php","meta":{"_bbp_topic_count":0,"_bbp_reply_count":0,"_bbp_total_topic_count":0,"_bbp_total_reply_count":0,"_bbp_voice_count":0,"_bbp_anonymous_reply_count":0,"_bbp_topic_count_hidden":0,"_bbp_reply_count_hidden":0,"_bbp_forum_subforum_count":0,"footnotes":""},"class_list":["post-488","page","type-page","status-publish","hentry"],"post_mailing_queue_ids":[],"_links":{"self":[{"href":"https:\/\/agora.xtec.cat\/ceipmil-lenari\/wp-json\/wp\/v2\/pages\/488","targetHints":{"allow":["GET"]}}],"collection":[{"href":"https:\/\/agora.xtec.cat\/ceipmil-lenari\/wp-json\/wp\/v2\/pages"}],"about":[{"href":"https:\/\/agora.xtec.cat\/ceipmil-lenari\/wp-json\/wp\/v2\/types\/page"}],"author":[{"embeddable":true,"href":"https:\/\/agora.xtec.cat\/ceipmil-lenari\/wp-json\/wp\/v2\/users\/1"}],"replies":[{"embeddable":true,"href":"https:\/\/agora.xtec.cat\/ceipmil-lenari\/wp-json\/wp\/v2\/comments?post=488"}],"version-history":[{"count":6,"href":"https:\/\/agora.xtec.cat\/ceipmil-lenari\/wp-json\/wp\/v2\/pages\/488\/revisions"}],"predecessor-version":[{"id":11449,"href":"https:\/\/agora.xtec.cat\/ceipmil-lenari\/wp-json\/wp\/v2\/pages\/488\/revisions\/11449"}],"up":[{"embeddable":true,"href":"https:\/\/agora.xtec.cat\/ceipmil-lenari\/wp-json\/wp\/v2\/pages\/22"}],"wp:attachment":[{"href":"https:\/\/agora.xtec.cat\/ceipmil-lenari\/wp-json\/wp\/v2\/media?parent=488"}],"curies":[{"name":"wp","href":"https:\/\/api.w.org\/{rel}","templated":true}]}}