{"id":2,"date":"2025-03-27T13:05:47","date_gmt":"2025-03-27T12:05:47","guid":{"rendered":"http:\/\/agora.xtec.cat\/ceipmil-lenari\/?page_id=2"},"modified":"2026-04-15T09:28:33","modified_gmt":"2026-04-15T07:28:33","slug":"pagina-exemple","status":"publish","type":"page","link":"https:\/\/agora.xtec.cat\/ceipmil-lenari\/","title":{"rendered":"PORTADA"},"content":{"rendered":"<p>&nbsp;<\/p>\n<h1 style=\"text-align: center;\"><span style=\"color: #800080;\">PREINSCRIPCI\u00d3 2026-2027<\/span><\/h1>\n<p>&nbsp;<\/p>\n<p style=\"text-align: center;\"><strong>CALENDARI<\/strong><\/p>\n<p style=\"text-align: center;\">(clicant els enlla\u00e7os hi trobareu la informaci\u00f3 del dia)<\/p>\n<p><strong>\u00a0<\/strong><\/p>\n<table class=\" aligncenter\" style=\"width: 626px;\" width=\"626\">\n<tbody>\n<tr>\n<td style=\"width: 329.188px;\">\n<p style=\"text-align: left;\"><strong>Fases claus de la preinscripci\u00f3<\/strong><\/p>\n<\/td>\n<td style=\"width: 288.812px; text-align: left;\"><strong>Dates<\/strong><\/td>\n<\/tr>\n<tr>\n<td style=\"width: 329.188px;\"><a href=\"https:\/\/agora.xtec.cat\/ceipmil-lenari\/wp-content\/uploads\/usu969\/2026\/03\/INFORME_OFERTA_OME_INFORME_OFERTA.pdf\" target=\"_blank\" rel=\"noopener\">Difusi\u00f3 de l&#8217;oferta inicial<\/a><\/td>\n<td style=\"width: 288.812px;\">3 de mar\u00e7<\/td>\n<\/tr>\n<tr>\n<td style=\"width: 329.188px;\">Presentaci\u00f3 de sol\u00b7licituds<\/td>\n<td style=\"width: 288.812px;\">del 4 al 18 de mar\u00e7<\/td>\n<\/tr>\n<tr>\n<td style=\"width: 329.188px;\">Presentaci\u00f3 de documentaci\u00f3 complement\u00e0ria (si \u00e9s el cas)<\/td>\n<td style=\"width: 288.812px;\">&nbsp;<\/p>\n<p>fins al 19 de mar\u00e7<\/td>\n<\/tr>\n<tr>\n<td style=\"width: 329.188px;\"><a href=\"https:\/\/agora.xtec.cat\/ceipmil-lenari\/wp-content\/uploads\/usu969\/2026\/04\/INFORME_BAREM_PROVISIONAL_BAREM.pdf\" target=\"_blank\" rel=\"noopener\">Publicaci\u00f3 llistes amb puntuaci\u00f3 provisional<\/a><\/td>\n<td style=\"width: 288.812px;\">15 d\u2019abril<\/td>\n<\/tr>\n<tr>\n<td style=\"width: 329.188px;\">Reclamacions a la puntuaci\u00f3 provisional<\/td>\n<td style=\"width: 288.812px;\">del 15 al 20 d\u2019abril<\/td>\n<\/tr>\n<tr>\n<td style=\"width: 329.188px;\">Publicaci\u00f3 llistes amb puntuaci\u00f3 definitiva<\/td>\n<td style=\"width: 288.812px;\">23 d\u2019abril<\/td>\n<\/tr>\n<tr>\n<td style=\"width: 329.188px;\">Sorteig del n\u00famero de desempat<\/td>\n<td style=\"width: 288.812px;\">28 d\u2019abril<\/td>\n<\/tr>\n<tr>\n<td style=\"width: 329.188px;\">Publicaci\u00f3 llista ordenada<\/td>\n<td style=\"width: 288.812px;\">29 d\u2019abril<\/td>\n<\/tr>\n<tr>\n<td style=\"width: 329.188px;\">Publicaci\u00f3 de l\u2019oferta final<\/td>\n<td style=\"width: 288.812px;\">10 de juny<\/td>\n<\/tr>\n<tr>\n<td style=\"width: 329.188px;\">Publicaci\u00f3 llistes d\u2019admesos i llista d\u2019espera<\/td>\n<td style=\"width: 288.812px;\">10 de juny<\/td>\n<\/tr>\n<tr>\n<td style=\"width: 329.188px;\">Reclamacions<\/td>\n<td style=\"width: 288.812px;\">del 10 al 12 de juny<\/td>\n<\/tr>\n<tr>\n<td style=\"width: 329.188px; text-align: left;\">Matr\u00edcula<\/td>\n<td style=\"width: 288.812px;\">\n<p style=\"text-align: left;\">del 22 al 30 de juny<\/p>\n<\/td>\n<\/tr>\n<\/tbody>\n<\/table>\n<p>Podeu trobar tota la informaci\u00f3 del Departament d&#8217;Educaci\u00f3 en aquest enlla\u00e7:\u00a0<a href=\"https:\/\/preinscripcio.gencat.cat\/ca\/inici\/\" target=\"_blank\" rel=\"noopener\">web del Departament<\/a>.<\/p>\n<p>Aqu\u00ed trobareu la <a href=\"https:\/\/agora.xtec.cat\/ceipmil-lenari\/wp-content\/uploads\/usu969\/2026\/03\/Guia-preinscripcio-26-27.pdf\" target=\"_blank\" rel=\"noopener\">GUIA PER A LA PREINSCRICPI\u00d3<\/a> que ha editat el Departament d&#8217;Educaci\u00f3 i Formaci\u00f3 Professional<\/p>\n<h5 style=\"text-align: center;\"><strong>PROCEDIMENT<\/strong><\/h5>\n<p>&nbsp;<\/p>\n<p><strong>T<\/strong><strong style=\"font-family: inherit; font-size: 1em;\">otes les sol\u00b7licituds han d\u2019\u00e9sser en format telem\u00e0tic, NO HI HA LA POSSIBILITAT DE FER-LES EN SUPORT PAPER<\/strong><\/p>\n<ul>\n<li>Hi ha dos tipus de preinscripci\u00f3:\n<ul>\n<li>Electr\u00f2nica (es necessita identificador digital: certificat digital, DNI electr\u00f2nic, Cl@ve, idCAT&#8230;. (si no se\u2019n disposa es pot demanar un idCAT M\u00f2bil a l\u2019adre\u00e7a: <a href=\"https:\/\/idcatmobil.seu.cat\/\">https:\/\/idcatmobil.seu.cat\/<\/a> )<\/li>\n<li>Suport inform\u00e0tic (sense identificador digital)<\/li>\n<\/ul>\n<\/li>\n<\/ul>\n<p>En ambd\u00f3s casos s\u2019haur\u00e0 d\u2019entrar a la web del Departament: <a href=\"https:\/\/preinscripcio.gencat.cat\/ca\/inici\/\">https:\/\/preinscripcio.gencat.cat\/ca\/inici\/<\/a> , identificar-se i seguir les instruccions de la mateixa p\u00e0gina i adjuntar la documentaci\u00f3 (escanejada o fotografiada) que us demani.<\/p>\n<p><strong>Per a les sol\u00b7licitud de preinscripci\u00f3 d\u2019alumnes que ja han estat escolaritzats a Catalunya, caldr\u00e0 introduir el n\u00famero d\u2019identificaci\u00f3 de l\u2019alumne\/a<\/strong>.<\/p>\n<pre><\/pre>\n<p><strong>INFORMACIONS I\/O RECOMANACIONS:<\/strong><\/p>\n<ul>\n<li>Tenir fotografiada o escanejada la documentaci\u00f3 EN EL MATEIX DISPOSITIU DES D\u2019ON ES FA LA SOL\u00b7LICITUD. Sobretot es recomana que hi tingueu el DNI de la persona que signa la sol\u00b7licitud i el llibre de fam\u00edlia o certificat de naixement.<\/li>\n<li>El codi d\u2019aquest centre \u00e9s 08045598.<\/li>\n<li>Cenyiu-vos al calendari establert, lliurar la sol\u00b7licitud o la documentaci\u00f3 fora de termini US FA PERDRE TOTS ELS DRETS D\u2019ADMISI\u00d3<\/li>\n<\/ul>\n<p>&nbsp;<\/p>\n<p style=\"text-align: center;\"><strong>CALENDARI<\/strong><\/p>\n<p style=\"text-align: center;\">(clicant els enlla\u00e7os hi trobareu la informaci\u00f3 del dia)<\/p>\n<p><strong>\u00a0<\/strong><\/p>\n<h5><\/h5>\n<h5><\/h5>\n<h5><\/h5>\n<h5><\/h5>\n<h5 style=\"text-align: center;\"><strong>BAREMACI\u00d3<\/strong><\/h5>\n<p><strong>\u00a0<\/strong>Per tal de baremar les sol\u00b7licituds de preinscripci\u00f3 es tindran en compte els criteris seg\u00fcents:<\/p>\n<p>&nbsp;<\/p>\n<p style=\"text-align: center;\"><strong>CRITERIS GENERALS DE PRIORITAT <\/strong><\/p>\n<table class=\" aligncenter\" style=\"width: 74.9397%;\" width=\"74.9397%\">\n<tbody>\n<tr>\n<td style=\"width: 86.0391%;\" width=\"516\">Exist\u00e8ncia de <strong>germans<\/strong> escolaritzats al centre demanat en primera opci\u00f3 en el moment de presentar la sol\u00b7licitud de preinscripci\u00f3.<\/td>\n<td style=\"width: 61.9741%;\" width=\"85\">50 punts<\/td>\n<\/tr>\n<tr>\n<td style=\"width: 86.0391%;\" width=\"516\"><strong>Proximitat<\/strong> del domicili habitual al centre o, si s\u2019escau, proximitat del lloc de treball de, com a m\u00ednim, un responsables de l\u2019alumne.<\/p>\n<p>&#8211; Quan el domicili habitual es troba dins la zona educativa (Tot Cardedeu)<\/p>\n<p>&#8211; Quan, a inst\u00e0ncia de la persona sol\u00b7licitant es prengui en consideraci\u00f3, en comptes del domicili habitual, l\u2019adre\u00e7a del lloc de treball d&#8217;un d&#8217;ells, i aquest \u00e9s dins del municipi del centre<\/p>\n<p>NO ES POT ACUMULAR M\u00c9S D\u2019UNA PUNTUACI\u00d3 (no compte viure i treballar)<\/td>\n<td style=\"width: 61.9741%;\" width=\"85\">30 punts<\/p>\n<p>&nbsp;<\/p>\n<p>20 punts<\/td>\n<\/tr>\n<tr>\n<td style=\"width: 86.0391%;\" width=\"516\"><strong>Renda<\/strong> per c\u00e0pita de la unitat familiar. Quan, com a m\u00ednim, un responsable siguin beneficiaris de l&#8217;ajut de la renda garantida de ciutadania o de l\u2019ingr\u00e9s m\u00ednimital.<\/td>\n<td style=\"width: 61.9741%;\" width=\"85\">&nbsp;<\/p>\n<p>15 punts<\/td>\n<\/tr>\n<\/tbody>\n<\/table>\n<p>&nbsp;<\/p>\n<p style=\"text-align: center;\"><strong>CRITERIS COMPLEMENTARIS DE PRIORITAT (nom\u00e9s es tindran en compte en cas d&#8217;empat dels criteris generals)<\/strong><\/p>\n<pre><\/pre>\n<table class=\" aligncenter\" style=\"height: 345px; width: 75.8318%;\" width=\"75.3964%\">\n<tbody>\n<tr style=\"height: 49px;\">\n<td style=\"width: 85.5916%; height: 49px;\"><strong>Discapacitat<\/strong> en l\u2019alumne\/a, el pare, la mare o els germans (quan l\u2019alumne\/a, el pare, la mare, el tutor o la tutora, un germ\u00e0 o una germana de l&#8217;alumne\/a acreditin discapacitat igual o superior al 33%)<\/td>\n<td style=\"width: 63.5805%; height: 49px;\">15 punts<\/td>\n<\/tr>\n<tr style=\"height: 46px;\">\n<td style=\"width: 85.5916%; height: 46px;\" width=\"517\">Quan el pare, mare, tutor o tutora legal treball en el centre on se presenta la preinscripci\u00f3 en el moment de presentar-la.<\/td>\n<td style=\"width: 63.5805%; height: 46px;\" width=\"85\">10 punts<\/td>\n<\/tr>\n<tr style=\"height: 57px;\">\n<td style=\"width: 85.5916%; height: 57px;\" width=\"517\">Pel fet de formar part d\u2019una fam\u00edlia nombrosa<\/td>\n<td style=\"width: 63.5805%; height: 57px;\" width=\"85\">10 punts<\/td>\n<\/tr>\n<tr style=\"height: 57px;\">\n<td style=\"width: 85.5916%; height: 57px;\" width=\"517\">Pel fet de formar part d\u2019una fam\u00edlia monoparental<\/td>\n<td style=\"width: 63.5805%; height: 57px;\" width=\"85\">10 punts<\/td>\n<\/tr>\n<tr style=\"height: 57px;\">\n<td style=\"width: 85.5916%; height: 57px;\" width=\"517\">Quan l\u2019alumne o alumna hagi nascut en un part m\u00faltiple<\/td>\n<td style=\"width: 63.5805%; height: 57px;\" width=\"85\">10 punts<\/td>\n<\/tr>\n<tr style=\"height: 33px;\">\n<td style=\"width: 85.5916%; height: 33px;\">Pel fet que l&#8217;alumne\/a es trobi en situaci\u00f3 d&#8217;acolliment familiar.<\/td>\n<td style=\"width: 63.5805%; height: 33px;\">10 punts<\/td>\n<\/tr>\n<tr style=\"height: 46px;\">\n<td style=\"width: 85.5916%; height: 46px;\" width=\"517\">Quan s\u2019acrediti la condici\u00f3 de v\u00edctima de g\u00e8nere o terrorisme.<\/td>\n<td style=\"width: 63.5805%; height: 46px;\" width=\"85\">10 punts<\/td>\n<\/tr>\n<\/tbody>\n<\/table>\n<hr \/>\n<h4 style=\"text-align: center;\"><img loading=\"lazy\" decoding=\"async\" class=\"aligncenter size-full wp-image-11469\" src=\"https:\/\/agora.xtec.cat\/ceipmil-lenari\/wp-content\/uploads\/usu969\/2026\/04\/IMG-20260407-WA0003.jpg\" alt=\"\" width=\"864\" height=\"1225\" srcset=\"https:\/\/agora.xtec.cat\/ceipmil-lenari\/wp-content\/uploads\/usu969\/2026\/04\/IMG-20260407-WA0003.jpg 864w, https:\/\/agora.xtec.cat\/ceipmil-lenari\/wp-content\/uploads\/usu969\/2026\/04\/IMG-20260407-WA0003-212x300.jpg 212w, https:\/\/agora.xtec.cat\/ceipmil-lenari\/wp-content\/uploads\/usu969\/2026\/04\/IMG-20260407-WA0003-722x1024.jpg 722w, https:\/\/agora.xtec.cat\/ceipmil-lenari\/wp-content\/uploads\/usu969\/2026\/04\/IMG-20260407-WA0003-768x1089.jpg 768w\" sizes=\"auto, (max-width: 864px) 100vw, 864px\" \/><\/h4>\n<h4><\/h4>\n<h4><a href=\"https:\/\/drive.google.com\/file\/d\/18b2Obmvdcc2txhumgi-FOYEtW4-leQKv\/view?usp=drive_link\"><img loading=\"lazy\" decoding=\"async\" class=\"aligncenter size-full wp-image-11472\" src=\"https:\/\/agora.xtec.cat\/ceipmil-lenari\/wp-content\/uploads\/usu969\/2026\/04\/Captura.png\" alt=\"\" width=\"1629\" height=\"891\" srcset=\"https:\/\/agora.xtec.cat\/ceipmil-lenari\/wp-content\/uploads\/usu969\/2026\/04\/Captura.png 1629w, https:\/\/agora.xtec.cat\/ceipmil-lenari\/wp-content\/uploads\/usu969\/2026\/04\/Captura-300x164.png 300w, https:\/\/agora.xtec.cat\/ceipmil-lenari\/wp-content\/uploads\/usu969\/2026\/04\/Captura-1024x560.png 1024w, https:\/\/agora.xtec.cat\/ceipmil-lenari\/wp-content\/uploads\/usu969\/2026\/04\/Captura-768x420.png 768w, https:\/\/agora.xtec.cat\/ceipmil-lenari\/wp-content\/uploads\/usu969\/2026\/04\/Captura-1536x840.png 1536w\" sizes=\"auto, (max-width: 1629px) 100vw, 1629px\" \/><\/a><\/h4>\n<h4><\/h4>\n<h4><\/h4>\n<h4><\/h4>\n<h4><\/h4>\n<h4 style=\"text-align: center;\"><img loading=\"lazy\" decoding=\"async\" class=\"aligncenter wp-image-11441\" src=\"https:\/\/agora.xtec.cat\/ceipmil-lenari\/wp-content\/uploads\/usu969\/2026\/01\/WhatsApp-Image-2026-01-28-at-20.38.24.jpeg\" alt=\"\" width=\"449\" height=\"318\" srcset=\"https:\/\/agora.xtec.cat\/ceipmil-lenari\/wp-content\/uploads\/usu969\/2026\/01\/WhatsApp-Image-2026-01-28-at-20.38.24.jpeg 1600w, https:\/\/agora.xtec.cat\/ceipmil-lenari\/wp-content\/uploads\/usu969\/2026\/01\/WhatsApp-Image-2026-01-28-at-20.38.24-300x212.jpeg 300w, https:\/\/agora.xtec.cat\/ceipmil-lenari\/wp-content\/uploads\/usu969\/2026\/01\/WhatsApp-Image-2026-01-28-at-20.38.24-1024x724.jpeg 1024w, https:\/\/agora.xtec.cat\/ceipmil-lenari\/wp-content\/uploads\/usu969\/2026\/01\/WhatsApp-Image-2026-01-28-at-20.38.24-768x543.jpeg 768w, https:\/\/agora.xtec.cat\/ceipmil-lenari\/wp-content\/uploads\/usu969\/2026\/01\/WhatsApp-Image-2026-01-28-at-20.38.24-1536x1086.jpeg 1536w\" sizes=\"auto, (max-width: 449px) 100vw, 449px\" \/><\/h4>\n<p>&nbsp;<\/p>\n<h4><\/h4>\n<h4><\/h4>\n<h4 style=\"text-align: center;\"><img loading=\"lazy\" decoding=\"async\" class=\"aligncenter wp-image-11440\" src=\"https:\/\/agora.xtec.cat\/ceipmil-lenari\/wp-content\/uploads\/usu969\/2026\/01\/Cartell-PO-26-def_page-0001-2-scaled.jpg\" alt=\"\" width=\"469\" height=\"620\" srcset=\"https:\/\/agora.xtec.cat\/ceipmil-lenari\/wp-content\/uploads\/usu969\/2026\/01\/Cartell-PO-26-def_page-0001-2-scaled.jpg 1937w, https:\/\/agora.xtec.cat\/ceipmil-lenari\/wp-content\/uploads\/usu969\/2026\/01\/Cartell-PO-26-def_page-0001-2-227x300.jpg 227w, https:\/\/agora.xtec.cat\/ceipmil-lenari\/wp-content\/uploads\/usu969\/2026\/01\/Cartell-PO-26-def_page-0001-2-775x1024.jpg 775w, https:\/\/agora.xtec.cat\/ceipmil-lenari\/wp-content\/uploads\/usu969\/2026\/01\/Cartell-PO-26-def_page-0001-2-768x1015.jpg 768w, https:\/\/agora.xtec.cat\/ceipmil-lenari\/wp-content\/uploads\/usu969\/2026\/01\/Cartell-PO-26-def_page-0001-2-1162x1536.jpg 1162w, https:\/\/agora.xtec.cat\/ceipmil-lenari\/wp-content\/uploads\/usu969\/2026\/01\/Cartell-PO-26-def_page-0001-2-1549x2048.jpg 1549w\" sizes=\"auto, (max-width: 469px) 100vw, 469px\" \/><\/h4>\n<p>&nbsp;<\/p>\n<hr \/>\n<p><img loading=\"lazy\" decoding=\"async\" class=\"alignleft size-full wp-image-11384\" src=\"https:\/\/agora.xtec.cat\/ceipmil-lenari\/wp-content\/uploads\/usu969\/2025\/09\/CALENDARI.jpg\" alt=\"\" width=\"1755\" height=\"1241\" srcset=\"https:\/\/agora.xtec.cat\/ceipmil-lenari\/wp-content\/uploads\/usu969\/2025\/09\/CALENDARI.jpg 1755w, https:\/\/agora.xtec.cat\/ceipmil-lenari\/wp-content\/uploads\/usu969\/2025\/09\/CALENDARI-300x212.jpg 300w, https:\/\/agora.xtec.cat\/ceipmil-lenari\/wp-content\/uploads\/usu969\/2025\/09\/CALENDARI-1024x724.jpg 1024w, https:\/\/agora.xtec.cat\/ceipmil-lenari\/wp-content\/uploads\/usu969\/2025\/09\/CALENDARI-768x543.jpg 768w, https:\/\/agora.xtec.cat\/ceipmil-lenari\/wp-content\/uploads\/usu969\/2025\/09\/CALENDARI-1536x1086.jpg 1536w\" sizes=\"auto, (max-width: 1755px) 100vw, 1755px\" \/><\/p>\n<hr \/>\n<p>&nbsp;<\/p>\n<h1 style=\"text-align: center;\"><span style=\"color: #800080;\">MATR\u00cdCULA CURS 2025-2026<\/span><\/h1>\n<h6><strong>Dates:<\/strong><\/h6>\n<h6>Matins del 25 de juny al 3 de juliol de 2025.\u00a0Cal demanar cita pr\u00e8via trucant a l\u2019escola (93.8711667)<\/h6>\n<h6><\/h6>\n<h6><strong>Documentaci\u00f3 a presentar<\/strong><\/h6>\n<ul>\n<li>\n<h6>Fotoc\u00f2pia dels DNI de les persones responsables<\/h6>\n<\/li>\n<li>\n<h6>Fotoc\u00f2pia del llibre de fam\u00edlia<\/h6>\n<\/li>\n<li>\n<h6>Fotoc\u00f2pia de la targeta sanit\u00e0ria del nen\/a<\/h6>\n<\/li>\n<li>\n<h6>Fotoc\u00f2pia de la p\u00e0gina de les vacunes del carnet de salut del nen\/a o b\u00e9 certificat m\u00e8dic de la no\u2011vacunaci\u00f3<\/h6>\n<\/li>\n<li>\n<h6>2 fotografies tipus carnet de l\u2019alumne\/a <strong>amb el nom i cognoms escrit al darrere<\/strong><\/h6>\n<\/li>\n<li>\n<h6>Comprovant del pagament de la quota de material (125\u20ac) que haureu efectuat al n\u00fam. de compte: ES10 0081 0040 4800 0161 6963 del banc de Sabadell abans de fer la matr\u00edcula<\/h6>\n<\/li>\n<\/ul>\n<h6><strong>\u00a0<\/strong><\/h6>\n<h6><strong>Documentaci\u00f3 que cal aportar complimentada<\/strong><\/h6>\n<ul>\n<li>\n<h6><a href=\"https:\/\/agora.xtec.cat\/ceipmil-lenari\/wp-content\/uploads\/usu969\/2023\/06\/full-matricula-nou.pdf\" target=\"_blank\" rel=\"noopener\">Sol\u00b7licitud de matr\u00edcula signada<\/a><\/h6>\n<\/li>\n<li>\n<h6><a href=\"https:\/\/agora.xtec.cat\/ceipmil-lenari\/wp-content\/uploads\/usu969\/2024\/06\/carta-compromis.pdf\" target=\"_blank\" rel=\"noopener\">Carta de comprom\u00eds educatiu<\/a> (2 c\u00f2pies: una de les quals se us retornar\u00e0 segellada)<\/h6>\n<\/li>\n<li>\n<h6><a href=\"https:\/\/agora.xtec.cat\/ceipmil-lenari\/wp-content\/uploads\/usu969\/2023\/06\/autoritzacio-imatges.pdf\" target=\"_blank\" rel=\"noopener\">Autoritzaci\u00f3 de l\u2019\u00fas d\u2019imatges<\/a><\/h6>\n<\/li>\n<li>\n<h6><a href=\"https:\/\/agora.xtec.cat\/ceipmil-lenari\/wp-content\/uploads\/usu969\/2023\/06\/autoritzacio-paracetamol-i-sortides.pdf\" target=\"_blank\" rel=\"noopener\">Autoritzaci\u00f3 per administrar paracetamol i fer sortides locals<\/a><\/h6>\n<\/li>\n<li>\n<h6><a href=\"https:\/\/agora.xtec.cat\/ceipmil-lenari\/wp-content\/uploads\/usu969\/2023\/06\/autoritzacio-correu-afa.pdf\" target=\"_blank\" rel=\"noopener\">Autoritzaci\u00f3 per compartir amb l\u2019AFA l\u2019adre\u00e7a de correu electr\u00f2nic<\/a><\/h6>\n<\/li>\n<li>\n<h6>Informe escolar de l\u2019\u00faltim trimestre (a partir d&#8217;I4)<\/h6>\n<\/li>\n<\/ul>\n<hr \/>\n<h1 style=\"text-align: center;\"><\/h1>\n<hr style=\"font-size: 16px; font-weight: normal;\" \/>\n<h4 style=\"text-align: center;\">EN CAS DE VOLER FER UNA PREINSCRIPCI\u00d3 UN COP ACABAT EL TERMINI S&#8217;HA DE FER DES D&#8217;AQUEST ENLLA\u00c7:<\/h4>\n<h6 style=\"text-align: center;\">\u00a0<a href=\"https:\/\/educacio.gencat.cat\/ca\/tramits\/tramits-temes\/admissio-centre-fora-proces-preinscripcio?category=74447ed8-a82c-11e3-a972-000c29052e2c\" target=\"_blank\" rel=\"noopener\">https:\/\/educacio.gencat.cat\/ca\/tramits\/tramits-temes\/admissio-centre-fora-proces-preinscripcio?category=74447ed8-a82c-11e3-a972-000c29052e2c<\/a><\/h6>\n<hr \/>\n<p>&nbsp;<\/p>\n","protected":false},"excerpt":{"rendered":"<p>&nbsp;<br \/>\nPREINSCRIPCI\u00d3 2026-2027<br \/>\n&nbsp;<br \/>\nCALENDARI<br \/>\n(clicant els enlla\u00e7os hi trobareu la informaci\u00f3 del dia)<br \/>\n\u00a0<\/p>\n<p>Fases claus de la preinscripci\u00f3<\/p>\n<p>Dates<\/p>\n<p><a href=\"https:\/\/agora.xtec.cat\/ceipmil-lenari\/wp-content\/uploads\/usu969\/2026\/03\/INFORME_OFERTA_OME_INFORME_OFERTA.pdf\" target=\"_blank\" rel=\"noopener\">Difusi\u00f3 de l&#8217;oferta inicial<\/a><br \/>\n3 de mar\u00e7<\/p>\n<p>Presentaci\u00f3 de sol\u00b7licituds<br \/>\ndel 4 al 18 de mar\u00e7<\/p>\n<p>Presentaci\u00f3 de documentaci\u00f3 complement\u00e0ria (si \u00e9s el cas)<br \/>\n&nbsp;<br \/>\nfins al 19 de mar\u00e7<\/p>\n<p><a href=\"https:\/\/agora.xtec.cat\/ceipmil-lenari\/wp-content\/uploads\/usu969\/2026\/04\/INFORME_BAREM_PROVISIONAL_BAREM.pdf\" target=\"_blank\" rel=\"noopener\">Publicaci\u00f3 llistes amb&hellip;  <a href=\"https:\/\/agora.xtec.cat\/ceipmil-lenari\/\" title=\"Read PORTADA\">Llegeix m\u00e9s\u00bb<\/a><\/p>\n","protected":false},"author":1,"featured_media":0,"parent":0,"menu_order":1,"comment_status":"closed","ping_status":"closed","template":"page-templates\/front-page.php","meta":{"_bbp_topic_count":0,"_bbp_reply_count":0,"_bbp_total_topic_count":0,"_bbp_total_reply_count":0,"_bbp_voice_count":0,"_bbp_anonymous_reply_count":0,"_bbp_topic_count_hidden":0,"_bbp_reply_count_hidden":0,"_bbp_forum_subforum_count":0,"footnotes":""},"class_list":["post-2","page","type-page","status-publish","hentry"],"post_mailing_queue_ids":[],"_links":{"self":[{"href":"https:\/\/agora.xtec.cat\/ceipmil-lenari\/wp-json\/wp\/v2\/pages\/2","targetHints":{"allow":["GET"]}}],"collection":[{"href":"https:\/\/agora.xtec.cat\/ceipmil-lenari\/wp-json\/wp\/v2\/pages"}],"about":[{"href":"https:\/\/agora.xtec.cat\/ceipmil-lenari\/wp-json\/wp\/v2\/types\/page"}],"author":[{"embeddable":true,"href":"https:\/\/agora.xtec.cat\/ceipmil-lenari\/wp-json\/wp\/v2\/users\/1"}],"replies":[{"embeddable":true,"href":"https:\/\/agora.xtec.cat\/ceipmil-lenari\/wp-json\/wp\/v2\/comments?post=2"}],"version-history":[{"count":7,"href":"https:\/\/agora.xtec.cat\/ceipmil-lenari\/wp-json\/wp\/v2\/pages\/2\/revisions"}],"predecessor-version":[{"id":11475,"href":"https:\/\/agora.xtec.cat\/ceipmil-lenari\/wp-json\/wp\/v2\/pages\/2\/revisions\/11475"}],"wp:attachment":[{"href":"https:\/\/agora.xtec.cat\/ceipmil-lenari\/wp-json\/wp\/v2\/media?parent=2"}],"curies":[{"name":"wp","href":"https:\/\/api.w.org\/{rel}","templated":true}]}}