{"id":7,"date":"2021-09-10T15:07:41","date_gmt":"2021-09-10T13:07:41","guid":{"rendered":"http:\/\/agora.xtec.cat\/ceipmestregibert\/?page_id=7"},"modified":"2026-04-23T10:29:52","modified_gmt":"2026-04-23T08:29:52","slug":"pagines-dinici","status":"publish","type":"page","link":"https:\/\/agora.xtec.cat\/ceipmestregibert\/","title":{"rendered":"PORTADA"},"content":{"rendered":"<h1 dir=\"ltr\"><strong>CALENDARI DE LA PREINSCRIPCI\u00d3 I MATR\u00cdCULA<\/strong><\/h1>\n<p>Consulteu el proc\u00e9s de preinscripci\u00f3 dia a dia (calendari, llistats\u2026).<\/p>\n<p>M\u00e9s informaci\u00f3 a l&#8217;enlla\u00e7: <strong><a href=\"https:\/\/preinscripcio.gencat.cat\/ca\/estudis\/infantil-3-6\/inici\/\">Informacions<\/a><\/strong><\/p>\n<ul>\n<li>\n<ul>\n<li>3 de mar\u00e7:\u00a0<a href=\"https:\/\/drive.google.com\/file\/d\/1ty-4BOA2k0QPhHg37JB40EPYTv_XSFkL\/view?usp=drive_link\" target=\"_blank\" rel=\"noopener\"><strong>OFERTA INICIAL DE PLACES<\/strong><\/a><\/li>\n<li>Del 4 al 18 de mar\u00e7 (a partir de les 9 hores): presentaci\u00f3 de sol\u00b7licituds<\/li>\n<li>Fins al 19 de mar\u00e7: presentaci\u00f3 de documentaci\u00f3<\/li>\n<li>15 d\u2019abril:<a href=\"https:\/\/drive.google.com\/file\/d\/1tvAYgFKGUw1RzRZlkEfmGKa3RQ6cJnIB\/view?usp=sharing\">\u00a0<strong>LLISTA DE SOL\u00b7LICITUDS AMB LA PUNTUACI\u00d3 PROVISIONAL<\/strong><\/a><\/li>\n<li>Del 15 al 20 d\u2019abril: presentaci\u00f3 de reclamacions<\/li>\n<li>23 d\u2019abril:\u00a0<a href=\"https:\/\/drive.google.com\/file\/d\/1mnltC9shXbBRuWh5SF0FGflcJWJDobEP\/view?usp=drive_link\"><strong>LLISTA DE SOL\u00b7LICITUDS AMB LA PUNTUACI\u00d3 DEFINITIV<\/strong><strong>A<\/strong><\/a><\/li>\n<li>28 d\u2019abril a les 11 hores:\u00a0<strong>SORTEIG \u2013 N\u00daMERO DE DESEMPAT:\u00a0\u00a0<\/strong><\/li>\n<li>29 d\u2019abril:\u00a0<strong>LLISTA ORDENADA<\/strong><\/li>\n<li>Del 13 al 14 de maig: ampliaci\u00f3 de peticions de preinscripci\u00f3 per a alumnes amb\u00a0<strong>necessitats educatives espec\u00edfiques<\/strong>\u00a0derivades de situaci\u00f3 socioecon\u00f2miques desafavorides sense assignaci\u00f3 (assignaci\u00f3 d\u2019ofici)<\/li>\n<li>De l\u20191 al 3 de juny: ampliaci\u00f3 de peticions de preinscripci\u00f3 per a alumnes\u00a0<strong>sense assignaci\u00f3\u00a0<\/strong>(assignaci\u00f3 d\u2019ofici)<\/li>\n<li>10 de juny:\u00a0<strong>OFERTA FINAL DE PLACES.\u00a0<\/strong><\/li>\n<li>10 de juny:\u00a0<strong>LLISTAT D\u2019ADMESOS<\/strong>\u00a0\u2013\u00a0<strong>LLISTAT PREINSCRITS AMB CENTRE ASSIGNAT\u00a0<\/strong>\u2013\u00a0<strong>LLISTA D\u2019ESPERA<\/strong><\/li>\n<li>Del 22 al 30 de juny:\u00a0<strong>MATRICULACI\u00d3<\/strong><\/li>\n<\/ul>\n<\/li>\n<\/ul>\n<h1 dir=\"ltr\"><strong>TOT EL QUE NECESSITEU SABER SOBRE L&#8217;ESCOLA\u00a0<\/strong><\/h1>\n<p><a href=\"https:\/\/sites.google.com\/escolamestregibert.cat\/portesobertesmestregibert\/inici\"><img decoding=\"async\" src=\"https:\/\/agora.xtec.cat\/ceipmestregibert\/wp-content\/uploads\/usu791\/2022\/01\/PEC-300x164.png\" \/><\/a><\/p>\n<p class=\"CDt4Ke zfr3Q\" dir=\"ltr\">Un cop visitada la nostra p\u00e0gina de portes obertes si encara teniu alguna q\u00fcesti\u00f3 per resoldre ens podeu deixar la vostra pregunta al formulari que teniu penjat en la pestanya de preguntes freq\u00fcents del nostre SITE.<\/p>\n<p class=\"CDt4Ke zfr3Q\" dir=\"ltr\">Desitgem que aquesta p\u00e0gina sigui de la vostra ajuda.<\/p>\n<p class=\"CDt4Ke zfr3Q\" dir=\"ltr\">Si encara vols saber m\u00e9s:<\/p>\n<ul class=\"n8H08c UVNKR\">\n<li class=\"TYR86d wXCUfe zfr3Q\" dir=\"ltr\">\n<p id=\"h.7pfdlpb0erui\" class=\"CDt4Ke zfr3Q\" dir=\"ltr\"><span class=\" aw5Odc\"><a class=\"XqQF9c\" href=\"https:\/\/www.google.com\/url?q=https%3A%2F%2Fagora.xtec.cat%2Fceipmestregibert%2F&amp;sa=D&amp;sntz=1&amp;usg=AFQjCNF_tOBdZhNeq7oVflMt6xIiNCxBWQ\" target=\"_blank\" rel=\"noopener\">Segueix-nos a la nostra web.<\/a><\/span><\/p>\n<\/li>\n<li class=\"TYR86d wXCUfe zfr3Q\" dir=\"ltr\">\n<p id=\"h.r4lev67guye7\" class=\"CDt4Ke zfr3Q\" dir=\"ltr\"><span class=\" aw5Odc\"><a class=\"XqQF9c\" href=\"https:\/\/www.google.com\/url?q=https%3A%2F%2Fwww.instagram.com%2Fescolamestregibert%2F&amp;sa=D&amp;sntz=1&amp;usg=AFQjCNEEsxH0VHomE4mEyNUASfOL9vuzIA\" target=\"_blank\" rel=\"noopener\">Segueix-nos al nostre instagram.<\/a><\/span><\/p>\n<\/li>\n<li class=\"TYR86d wXCUfe zfr3Q\" dir=\"ltr\">\n<p id=\"h.4fvv9a9c1dnx\" class=\"CDt4Ke zfr3Q\" dir=\"ltr\"><span class=\" aw5Odc\"><a class=\"XqQF9c\" href=\"https:\/\/www.google.com\/url?q=https%3A%2F%2Ft.me%2Fescola_mestregibert&amp;sa=D&amp;sntz=1&amp;usg=AFQjCNFfnztZtEa_P4VfTML305Ra6-ZGLA\" target=\"_blank\" rel=\"noopener\">Subscriu-te al nostre canal de telegram.<\/a><\/span><\/p>\n<\/li>\n<\/ul>\n<p class=\"CDt4Ke zfr3Q\" dir=\"ltr\">Salutacions cordials,<\/p>\n<p class=\"CDt4Ke zfr3Q\" dir=\"ltr\">Escola Mestre Enric Gibert i Camins<\/p>\n","protected":false},"excerpt":{"rendered":"<p>CALENDARI DE LA PREINSCRIPCI\u00d3 I MATR\u00cdCULA<br \/>\nConsulteu el proc\u00e9s de preinscripci\u00f3 dia a dia (calendari, llistats\u2026).<br \/>\nM\u00e9s informaci\u00f3 a l&#8217;enlla\u00e7: <a href=\"https:\/\/preinscripcio.gencat.cat\/ca\/estudis\/infantil-3-6\/inici\/\">Informacions<\/a><\/p>\n<ul>\n<li>\n<ul>\n<li>3 de mar\u00e7:\u00a0<a href=\"https:\/\/drive.google.com\/file\/d\/1ty-4BOA2k0QPhHg37JB40EPYTv_XSFkL\/view?usp=drive_link\" target=\"_blank\" rel=\"noopener\">OFERTA INICIAL DE PLACES<\/a><\/li>\n<li>Del 4 al 18 de mar\u00e7 (a partir de les 9 hores): presentaci\u00f3 de sol\u00b7licituds<\/li>\n<li>Fins al 19 de&hellip;  <a href=\"https:\/\/agora.xtec.cat\/ceipmestregibert\/\" title=\"Read PORTADA\">Llegeix m\u00e9s\u00bb<\/a><br \/>\n","protected":false},"author":1,"featured_media":0,"parent":0,"menu_order":0,"comment_status":"closed","ping_status":"closed","template":"page-templates\/front-page.php","meta":{"_bbp_topic_count":0,"_bbp_reply_count":0,"_bbp_total_topic_count":0,"_bbp_total_reply_count":0,"_bbp_voice_count":0,"_bbp_anonymous_reply_count":0,"_bbp_topic_count_hidden":0,"_bbp_reply_count_hidden":0,"_bbp_forum_subforum_count":0,"footnotes":""},"class_list":["post-7","page","type-page","status-publish","hentry"],"post_mailing_queue_ids":[],"_links":{"self":[{"href":"https:\/\/agora.xtec.cat\/ceipmestregibert\/wp-json\/wp\/v2\/pages\/7","targetHints":{"allow":["GET"]}}],"collection":[{"href":"https:\/\/agora.xtec.cat\/ceipmestregibert\/wp-json\/wp\/v2\/pages"}],"about":[{"href":"https:\/\/agora.xtec.cat\/ceipmestregibert\/wp-json\/wp\/v2\/types\/page"}],"author":[{"embeddable":true,"href":"https:\/\/agora.xtec.cat\/ceipmestregibert\/wp-json\/wp\/v2\/users\/1"}],"replies":[{"embeddable":true,"href":"https:\/\/agora.xtec.cat\/ceipmestregibert\/wp-json\/wp\/v2\/comments?post=7"}],"version-history":[{"count":8,"href":"https:\/\/agora.xtec.cat\/ceipmestregibert\/wp-json\/wp\/v2\/pages\/7\/revisions"}],"predecessor-version":[{"id":12354,"href":"https:\/\/agora.xtec.cat\/ceipmestregibert\/wp-json\/wp\/v2\/pages\/7\/revisions\/12354"}],"wp:attachment":[{"href":"https:\/\/agora.xtec.cat\/ceipmestregibert\/wp-json\/wp\/v2\/media?parent=7"}],"curies":[{"name":"wp","href":"https:\/\/api.w.org\/{rel}","templated":true}]}}