{"id":6433,"date":"2020-01-30T13:41:41","date_gmt":"2020-01-30T12:41:41","guid":{"rendered":"http:\/\/agora.xtec.cat\/ceipmestregibert\/?page_id=6433"},"modified":"2023-11-23T15:43:05","modified_gmt":"2023-11-23T14:43:05","slug":"pla-tac","status":"publish","type":"page","link":"https:\/\/agora.xtec.cat\/ceipmestregibert\/projectes\/pla-tac\/","title":{"rendered":"EDC &#8211; Estrat\u00e8gia Digital de Centre"},"content":{"rendered":"<p><a href=\"http:\/\/sites.google.com\/escolamestregibert.cat\/estratgiadigitaldecentre\/p\u00e0gina-principal\"><img loading=\"lazy\" decoding=\"async\" class=\"aligncenter size-full wp-image-10672\" src=\"https:\/\/agora.xtec.cat\/ceipmestregibert\/wp-content\/uploads\/usu791\/2023\/11\/Sites.png\" alt=\"\" width=\"1423\" height=\"499\" srcset=\"https:\/\/agora.xtec.cat\/ceipmestregibert\/wp-content\/uploads\/usu791\/2023\/11\/Sites.png 1423w, https:\/\/agora.xtec.cat\/ceipmestregibert\/wp-content\/uploads\/usu791\/2023\/11\/Sites-300x105.png 300w, https:\/\/agora.xtec.cat\/ceipmestregibert\/wp-content\/uploads\/usu791\/2023\/11\/Sites-1024x359.png 1024w, https:\/\/agora.xtec.cat\/ceipmestregibert\/wp-content\/uploads\/usu791\/2023\/11\/Sites-768x269.png 768w\" sizes=\"auto, (max-width: 1423px) 100vw, 1423px\" \/><\/a><\/p>\n<p><a href=\"http:\/\/sites.google.com\/escolamestregibert.cat\/estratgiadigitaldecentre\/p\u00e0gina-principal\"><b>Sites de l&#8217;Estrat\u00e8gia Digital de Centre del Mestre Gibert<\/b><\/a><b><\/b><\/p>\n<p>&nbsp;<\/p>\n<p><b>Introducci\u00f3:<\/b><\/p>\n<p><span style=\"font-weight: 400;\">L\u2019Escola Mestre Enric Gibert i Camins, \u00e9s un centre p\u00fablic d\u2019Educaci\u00f3 Infantil i Prim\u00e0ria, situat al barri de Sant Andreu de Barcelona. <\/span><a href=\"https:\/\/docs.google.com\/document\/d\/160yShhb6ltdtUx9g_aygHpQZcNCJbFCrZPK-AkyWbDI\/edit\"><b>\u00a0(Veure m\u00e9s)<\/b><\/a><\/p>\n<p><span style=\"font-weight: 400;\">Intencions: El present Pla t\u00e9 una previsi\u00f3 d&#8217;execuci\u00f3 de tres cursos escolars iniciant-se al curs 2022-2023, durant aquest temps: la comissi\u00f3 digital ser\u00e0 la principal impulsora i l&#8217;encarregada de fer el seguiment d&#8217;aquest projecte per tal de fer les modificacions oportunes si s&#8217;escau.. Aquesta EDC ha passat per claustre i consell escolar per a la seva aprovaci\u00f3.<\/span><\/p>\n<p><span style=\"font-weight: 400;\">En els darrers anys s\u2019ha anat augmentant, de forma progressiva la dotaci\u00f3 inform\u00e0tica del centre, amb ordinadors, port\u00e0tils, ipads, material de rob\u00f2tica, panells digitals&#8230; Tamb\u00e9 hem desenvolupat l&#8217;EDC portant a terme les fases de diagnosi, extretes a partir d&#8217;enquestes de l&#8217;\u00e0mbit de la UE:<\/span><\/p>\n<ul>\n<li><span style=\"font-weight: 400;\">&#8220;Selfie&#8221; &#8211; Situaci\u00f3 digital de l&#8217;escola (mestres, alumnat i equip directiu)<\/span><\/li>\n<li><span style=\"font-weight: 400;\">&#8220;Selfie for teachers&#8221; &#8211; Compet\u00e8ncia digital dels mestres (mestres) <\/span><\/li>\n<\/ul>\n<p><span style=\"font-weight: 400;\">Gr\u00e0cies a aquestes enquestes, a m\u00e9s dels indicadors anuals que ja tenim dins el centre, hem detectat els punts fort i febles, a partir dels quals s\u2019han determinat actuacions dirigides a que les TAC siguin presents en tots els \u00e0mbits del centre i quedin integrades dins del PEC:<\/span><\/p>\n<p>&nbsp;<\/p>\n<p><strong>Objectius:<\/strong><\/p>\n<ul>\n<li>Planificar, seq\u00fcenciar i coordinar tot el proc\u00e9s de compet\u00e8ncia digital de l&#8217;alumnat, a totes les \u00e0rees i \u00e0mbits, tenint en compte la inclusi\u00f3 educativa i les diferents tipologies d&#8217;avaluaci\u00f3<\/li>\n<li>Organitzar la cultura digital del nostre centre<\/li>\n<li>Millorar l&#8217;acolliment digital del professorat i l&#8217;alumnat<\/li>\n<li>Vetllar per la compet\u00e8ncia digital docent<\/li>\n<\/ul>\n<p>&nbsp;<\/p>\n<p><strong>Actuacions:<\/strong><\/p>\n<p>Objectiu 1:<\/p>\n<ul>\n<li>Recollida de les activitats relacionades amb la compet\u00e8ncia digital que es realitzen a cada equip docent<\/li>\n<li>Actualitzaci\u00f3 els tallers de rob\u00f2tica (criteris d&#8217;avaluaci\u00f3 de la compet\u00e8ncia digital)<\/li>\n<li>Reflexi\u00f3 i comprovaci\u00f3 que el centre treballa totes les compet\u00e8ncia digitals del nou curr\u00edculum.<\/li>\n<li>Definici\u00f3 de la r\u00fabrica d&#8217;avaluaci\u00f3 de la compet\u00e8ncia digital per cada nivell.<\/li>\n<\/ul>\n<p>Objectiu 2:<\/p>\n<ul>\n<li>Assist\u00e8ncia a formacions sobre la seguretat, usos legals, protecci\u00f3 de dades i drets d&#8217;autor<\/li>\n<li>Canvi del sistema de publicaci\u00f3 al Noodes i a les xarxes socials del centre.<\/li>\n<li>Creaci\u00f3 d&#8217;un document\/tutorial sobre les Llic\u00e8ncies Creative Commons, per tal que el professorat les implementi a l&#8217;inici dels projectes.<\/li>\n<\/ul>\n<p>Objectiu 3:<\/p>\n<ul>\n<li>Creaci\u00f3 del document del pla d&#8217;acollida digital del professorat<\/li>\n<li>Creaci\u00f3 del document del pla d&#8217;acollida digital de l&#8217;alumnat<\/li>\n<li>Assignaci\u00f3 d&#8217;una persona de suport digital (tutor) d&#8217;aquell mestre nou al centre durant el 1r trimestre d&#8217;estada al centre.<\/li>\n<\/ul>\n<p>Objectiu 4:<\/p>\n<ul>\n<li>Creaci\u00f3 i impuls d&#8217;un sistema de recollida transversal d&#8217;apps, p\u00e0gines&#8230;<\/li>\n<li>Claustre d&#8217;inici de curs per coordinar-nos i veure bones pr\u00e0ctiques\/novetats en activitats digitals<\/li>\n<li>Incentivar la participaci\u00f3 dels docents novells del claustre en formacions digitals, metodol\u00f2giques i de noves tecnologies, tant al centre, com fora d&#8217;ell.<\/li>\n<\/ul>\n<p>&nbsp;<\/p>\n<p>&nbsp;<\/p>\n<p>&nbsp;<\/p>\n","protected":false},"excerpt":{"rendered":"<p><a href=\"http:\/\/sites.google.com\/escolamestregibert.cat\/estratgiadigitaldecentre\/p\u00e0gina-principal\"><\/a><br \/>\n<a href=\"http:\/\/sites.google.com\/escolamestregibert.cat\/estratgiadigitaldecentre\/p\u00e0gina-principal\">Sites de l&#8217;Estrat\u00e8gia Digital de Centre del Mestre Gibert<\/a><br \/>\n&nbsp;<br \/>\nIntroducci\u00f3:<br \/>\nL\u2019Escola Mestre Enric Gibert i Camins, \u00e9s un centre p\u00fablic d\u2019Educaci\u00f3 Infantil i Prim\u00e0ria, situat al barri de Sant Andreu de Barcelona. <a href=\"https:\/\/docs.google.com\/document\/d\/160yShhb6ltdtUx9g_aygHpQZcNCJbFCrZPK-AkyWbDI\/edit\">\u00a0(Veure m\u00e9s)<\/a><br \/>\nIntencions: El present Pla t\u00e9 una previsi\u00f3 d&#8217;execuci\u00f3 de tres cursos&hellip;  <a href=\"https:\/\/agora.xtec.cat\/ceipmestregibert\/projectes\/pla-tac\/\" title=\"Read EDC &#8211; Estrat\u00e8gia Digital de Centre\">Llegeix m\u00e9s\u00bb<\/a><\/p>\n","protected":false},"author":10,"featured_media":0,"parent":1025,"menu_order":5,"comment_status":"closed","ping_status":"closed","template":"page-templates\/side-menu.php","meta":{"_bbp_topic_count":0,"_bbp_reply_count":0,"_bbp_total_topic_count":0,"_bbp_total_reply_count":0,"_bbp_voice_count":0,"_bbp_anonymous_reply_count":0,"_bbp_topic_count_hidden":0,"_bbp_reply_count_hidden":0,"_bbp_forum_subforum_count":0,"footnotes":""},"class_list":["post-6433","page","type-page","status-publish","hentry"],"post_mailing_queue_ids":[],"_links":{"self":[{"href":"https:\/\/agora.xtec.cat\/ceipmestregibert\/wp-json\/wp\/v2\/pages\/6433","targetHints":{"allow":["GET"]}}],"collection":[{"href":"https:\/\/agora.xtec.cat\/ceipmestregibert\/wp-json\/wp\/v2\/pages"}],"about":[{"href":"https:\/\/agora.xtec.cat\/ceipmestregibert\/wp-json\/wp\/v2\/types\/page"}],"author":[{"embeddable":true,"href":"https:\/\/agora.xtec.cat\/ceipmestregibert\/wp-json\/wp\/v2\/users\/10"}],"replies":[{"embeddable":true,"href":"https:\/\/agora.xtec.cat\/ceipmestregibert\/wp-json\/wp\/v2\/comments?post=6433"}],"version-history":[{"count":6,"href":"https:\/\/agora.xtec.cat\/ceipmestregibert\/wp-json\/wp\/v2\/pages\/6433\/revisions"}],"predecessor-version":[{"id":10673,"href":"https:\/\/agora.xtec.cat\/ceipmestregibert\/wp-json\/wp\/v2\/pages\/6433\/revisions\/10673"}],"up":[{"embeddable":true,"href":"https:\/\/agora.xtec.cat\/ceipmestregibert\/wp-json\/wp\/v2\/pages\/1025"}],"wp:attachment":[{"href":"https:\/\/agora.xtec.cat\/ceipmestregibert\/wp-json\/wp\/v2\/media?parent=6433"}],"curies":[{"name":"wp","href":"https:\/\/api.w.org\/{rel}","templated":true}]}}