{"id":64,"date":"2014-09-18T12:39:08","date_gmt":"2014-09-18T11:39:08","guid":{"rendered":"http:\/\/agora.xtec.cat\/ceipmestregibert\/?page_id=64"},"modified":"2024-02-05T16:44:35","modified_gmt":"2024-02-05T15:44:35","slug":"projecte-educatiu","status":"publish","type":"page","link":"https:\/\/agora.xtec.cat\/ceipmestregibert\/lescola\/projecte-educatiu\/","title":{"rendered":"Projecte educatiu"},"content":{"rendered":"<p>PEC Explicaci\u00f3 fam\u00edlies &#8211; Portes obertes<\/p>\n<p>Cliqueu a la imatge per con\u00e8ixer el nostre Projecte Educatiu.<\/p>\n<p><a href=\"https:\/\/sites.google.com\/escolamestregibert.cat\/portesobertesmestregibert\/inici\"><img decoding=\"async\" src=\"https:\/\/agora.xtec.cat\/ceipmestregibert\/wp-content\/uploads\/usu791\/2021\/01\/Portes-obertes-1024x503.jpg\" \/><\/a><\/p>\n<p>El Projecte Educatiu de Centre (PEC) \u00e9s el document on s\u2019expliquen la identitat de l\u2019escola i els seus objectius. Orienta l\u2019activitat educativa i impulsa la col\u00b7laboraci\u00f3\u00a0 dels diferents membres de la comunitat educativa i la relaci\u00f3 amb l\u2019entorn. \u00c9s un document viu i que admet modificacions\u00a0 a c\u00e0rrec de l\u2019Equip Directiu.<\/p>\n<p>&#8211; Una escola basada en el respecte, la toler\u00e0ncia i amb el convenciment que tots hi tenim del nostre lloc.<\/p>\n<p>&#8211; Una escola que transmet valors per arribar a ser ciutadans cr\u00edtics, responsables, capa\u00e7os d\u2019actuar en el seu entorn.<\/p>\n<p>&#8211; Una escola que pot\u00e8ncia la seva llengua vehicular i es planteja millorar el domini del castell\u00e0 i l\u2019angl\u00e8s en finalitzar l\u2019Educaci\u00f3 Prim\u00e0ria, entenent prioritari l\u2019assoliment d\u2019un bon nivell ling\u00fc\u00edstic dins el curr\u00edculum.<\/p>\n<p>&#8211; Una escola que basa els seus principis educatius en la inclusivitat. Entendre la diversitat de l\u2019escola forma part d\u2019un dels objectius de la nostra comunitat educativa. Ens cal comprendre que tots som diferents per poder acceptar i aprendre la realitat de tothom.<\/p>\n<p>&#8211; Una escola que estimula i incentiva els aprenentatges a partir de l\u2019experimentaci\u00f3 encaminada cap a un aprenentatge cient\u00edfic.<\/p>\n<p>&#8211; Una escola que s\u2019adapta als canvis tecnol\u00f2gics i els inclou en la seva organitzaci\u00f3 i el seu curr\u00edculum.<\/p>\n<p>&#8211; Una escola amb un curr\u00edculum obert i adaptat a l\u2019adquisici\u00f3 de les compet\u00e8ncies b\u00e0siques. Un curr\u00edculum que ha de ser coherent i organitzat des d\u2019Educaci\u00f3 Infantil a Cicle Superior.<\/p>\n<p>&#8211; Una escola adaptada a les necessitats actuals, capa\u00e7 d\u2019assumir canvis i acceptar noves realitats.<\/p>\n<p>&#8211; Una escola amb un equip de mestres que ent\u00e9n la seva tasca com un proc\u00e9s formatiu continu i per aquest motiu participa en cursos de formaci\u00f3 interna, externa i apr\u00e8n entre iguals.<\/p>\n<p>&#8211; Una escola que vol avan\u00e7ar en el treball en equip i en xarxa que pot\u00e8ncia el treball i les decisions curriculars i organitzatives dels seus equips de cicle.<\/p>\n<p>&#8211; Una escola que educa a partir de la cultura de l\u2019esfor\u00e7 i valora els progressos fets pels seus alumnes, aix\u00ed com tamb\u00e9 la participaci\u00f3 de les fam\u00edlies en el proc\u00e9s d\u2019aprendre.<\/p>\n<p>&#8211; Una escola que creu en la complicitat amb les fam\u00edlies per assolir la tasca d\u2019educar.<\/p>\n<table style=\"border-collapse: collapse; width: 100%;\" border=\"1\">\n<tbody>\n<tr>\n<td style=\"width: 50%; text-align: center;\"><a style=\"color: #2795b6; font-size: 16px;\" href=\"https:\/\/drive.google.com\/open?id=1Tvlpbi16MvdJaYOvcRLQtyd2dwAfvAmV\"><img loading=\"lazy\" decoding=\"async\" class=\"alignnone wp-image-5057\" src=\"https:\/\/agora.xtec.cat\/ceipmestregibert\/wp-content\/uploads\/usu791\/2019\/01\/simbol-pdf.jpg\" alt=\"\" width=\"98\" height=\"115\" \/><\/a><span style=\"font-size: 16px;\">\u00a0<\/span><\/p>\n<p><a href=\"https:\/\/drive.google.com\/file\/d\/1BNxv_6j4IGD_Jly9TC3QGad16jHw8EeF\/view?usp=sharing\"><strong><span style=\"color: #0000ff;\">PEC<\/span><\/strong><\/a><\/td>\n<td style=\"width: 50%; text-align: center;\">\n<h4><\/h4>\n<\/td>\n<\/tr>\n<\/tbody>\n<\/table>\n<table class=\" aligncenter\" style=\"height: 174px; width: 396px; background-color: #f2ea05;\" border=\"0\" width=\"396\">\n<tbody>\n<tr style=\"height: 174px;\">\n<td style=\"width: 268.571px; height: 174px;\"><a href=\"https:\/\/docs.google.com\/presentation\/d\/1Kjtrx52x_ybJbXp26NYGceTWcpu7yyY18lTMHkjju9E\/edit?usp=sharing\"><img loading=\"lazy\" decoding=\"async\" class=\"alignnone wp-image-5055\" src=\"https:\/\/agora.xtec.cat\/ceipmestregibert\/wp-content\/uploads\/usu791\/2019\/01\/PEC-presentacio-x-a-portes-obertes-1819-Captura.jpg\" alt=\"\" width=\"280\" height=\"157\" srcset=\"https:\/\/agora.xtec.cat\/ceipmestregibert\/wp-content\/uploads\/usu791\/2019\/01\/PEC-presentacio-x-a-portes-obertes-1819-Captura.jpg 794w, https:\/\/agora.xtec.cat\/ceipmestregibert\/wp-content\/uploads\/usu791\/2019\/01\/PEC-presentacio-x-a-portes-obertes-1819-Captura-300x169.jpg 300w, https:\/\/agora.xtec.cat\/ceipmestregibert\/wp-content\/uploads\/usu791\/2019\/01\/PEC-presentacio-x-a-portes-obertes-1819-Captura-768x431.jpg 768w\" sizes=\"auto, (max-width: 280px) 100vw, 280px\" \/><\/a><\/td>\n<td style=\"width: 120px; height: 174px;\">\n<h3><strong><span style=\"color: #ff6600;\">PEC<\/span><\/strong><\/h3>\n<p><strong><span style=\"color: #0000ff;\"><em>PRESENTACI\u00d3<\/em><\/span><\/strong><\/p>\n<p><strong><span style=\"color: #0000ff;\"><em>MULTIM\u00c8DIA<\/em><\/span><\/strong><\/td>\n<\/tr>\n<\/tbody>\n<\/table>\n<p>PEC Explicaci\u00f3 fam\u00edlies &#8211; Portes obertes<\/p>\n<p>&nbsp;<\/p>\n","protected":false},"excerpt":{"rendered":"<p>PEC Explicaci\u00f3 fam\u00edlies &#8211; Portes obertes<br \/>\nCliqueu a la imatge per con\u00e8ixer el nostre Projecte Educatiu.<br \/>\n<a href=\"https:\/\/sites.google.com\/escolamestregibert.cat\/portesobertesmestregibert\/inici\"><\/a><br \/>\nEl Projecte Educatiu de Centre (PEC) \u00e9s el document on s\u2019expliquen la identitat de l\u2019escola i els seus objectius. Orienta l\u2019activitat educativa i impulsa la col\u00b7laboraci\u00f3\u00a0 dels diferents membres de&hellip;  <a href=\"https:\/\/agora.xtec.cat\/ceipmestregibert\/lescola\/projecte-educatiu\/\" title=\"Read Projecte educatiu\">Llegeix m\u00e9s\u00bb<\/a><\/p>\n","protected":false},"author":1,"featured_media":0,"parent":22,"menu_order":30,"comment_status":"closed","ping_status":"closed","template":"page-templates\/side-menu.php","meta":{"_bbp_topic_count":0,"_bbp_reply_count":0,"_bbp_total_topic_count":0,"_bbp_total_reply_count":0,"_bbp_voice_count":0,"_bbp_anonymous_reply_count":0,"_bbp_topic_count_hidden":0,"_bbp_reply_count_hidden":0,"_bbp_forum_subforum_count":0,"footnotes":""},"class_list":["post-64","page","type-page","status-publish","hentry"],"post_mailing_queue_ids":[],"_links":{"self":[{"href":"https:\/\/agora.xtec.cat\/ceipmestregibert\/wp-json\/wp\/v2\/pages\/64","targetHints":{"allow":["GET"]}}],"collection":[{"href":"https:\/\/agora.xtec.cat\/ceipmestregibert\/wp-json\/wp\/v2\/pages"}],"about":[{"href":"https:\/\/agora.xtec.cat\/ceipmestregibert\/wp-json\/wp\/v2\/types\/page"}],"author":[{"embeddable":true,"href":"https:\/\/agora.xtec.cat\/ceipmestregibert\/wp-json\/wp\/v2\/users\/1"}],"replies":[{"embeddable":true,"href":"https:\/\/agora.xtec.cat\/ceipmestregibert\/wp-json\/wp\/v2\/comments?post=64"}],"version-history":[{"count":5,"href":"https:\/\/agora.xtec.cat\/ceipmestregibert\/wp-json\/wp\/v2\/pages\/64\/revisions"}],"predecessor-version":[{"id":8555,"href":"https:\/\/agora.xtec.cat\/ceipmestregibert\/wp-json\/wp\/v2\/pages\/64\/revisions\/8555"}],"up":[{"embeddable":true,"href":"https:\/\/agora.xtec.cat\/ceipmestregibert\/wp-json\/wp\/v2\/pages\/22"}],"wp:attachment":[{"href":"https:\/\/agora.xtec.cat\/ceipmestregibert\/wp-json\/wp\/v2\/media?parent=64"}],"curies":[{"name":"wp","href":"https:\/\/api.w.org\/{rel}","templated":true}]}}