{"id":6051,"date":"2019-06-05T18:18:16","date_gmt":"2019-06-05T16:18:16","guid":{"rendered":"http:\/\/agora.xtec.cat\/ceipmestregibert\/?page_id=6051"},"modified":"2026-03-10T13:52:24","modified_gmt":"2026-03-10T12:52:24","slug":"documents-descola","status":"publish","type":"page","link":"https:\/\/agora.xtec.cat\/ceipmestregibert\/lescola\/documents-descola\/","title":{"rendered":"Documents d&#8217;escola"},"content":{"rendered":"<ol>\n<li><a href=\"https:\/\/docs.google.com\/document\/d\/1nK_jg7KZX5CtxFFA7xrBubcGQa58vT-9Uf15H8NSG5s\/edit\">Acords del Consell Escolar<\/a><\/li>\n<li><a href=\"https:\/\/docs.google.com\/document\/d\/1oeKrGge73zGOn3aaEndUwPvAPFlouUHx6LQmzRvwIcA\/edit\">Canals de comunicaci\u00f3 Mestres-Fam\u00edlies \u00e0mbit de la conviv\u00e8ncia<\/a><\/li>\n<li><a href=\"https:\/\/docs.google.com\/document\/d\/1zTPldHDqBkzk1lZVXhqcOszsDbBE2vKe1me13VwT4ZE\/edit\">Carta de comprom\u00eds educatiu<\/a><\/li>\n<li><a href=\"https:\/\/docs.google.com\/document\/d\/1xG-U7K54sr8J87sKsn-SdIS_li3aadyJRfJ480-04S0\/edit#\">Criteris per l&#8217;organitzaci\u00f3 de l&#8217;alumnat.<\/a><\/li>\n<li><a href=\"https:\/\/sites.google.com\/escolamestregibert.cat\/estratgiadigitaldecentre\/p%C3%A0gina-principal\">Estrat\u00e8gia Digital de Centre<\/a><\/li>\n<li><a href=\"https:\/\/docs.google.com\/document\/d\/1as3Fynl085BrK1Qn8zkB2coSA5EE5QA__Ui84_5QSuU\/edit\" target=\"_blank\" rel=\"noopener noreferrer\">Reglament d\u2019\u00fas del servei GSuite de centre.<\/a><\/li>\n<li><a href=\"https:\/\/docs.google.com\/document\/d\/1oWVfe51LiCazBudnW7AY5A9Jn1jsnZqNrLfm8YRGS5Q\/edit?usp=sharing\">NOFC. T\u00edtol I. Introducci\u00f3.<\/a><\/li>\n<li><a href=\"https:\/\/docs.google.com\/document\/d\/1e12IRsXwkUcdyJSrx7XDniWTXZMcNAM5DIVzPhEJqNs\/edit?usp=sharing\">NOFC. T\u00edtol II. Concreci\u00f3 de les previsions del PEC.<\/a><\/li>\n<li><a href=\"https:\/\/docs.google.com\/document\/d\/13GiHhsiUFUMcGKPaQqMBCJ3ouKrq0h-CweuI4jmCQDA\/edit?usp=sharing\">NOFC. T\u00edtol III. Estructura organitzativa de govern, coordinaci\u00f3 i participaci\u00f3<\/a>.<\/li>\n<li><a href=\"https:\/\/docs.google.com\/document\/d\/1UrrnHPLteRo9jJljuIGUs07W1y2O27GS412sI7Qu2J8\/edit?tab=t.0\">NOFC. T\u00edtol IV. Organitzaci\u00f3 pedag\u00f2gica del centre.<\/a><\/li>\n<li><a href=\"https:\/\/docs.google.com\/document\/d\/18zPhgZIaaoYXQ6LocgXmB-FlgRFqOBIoNdUbFPdmfaQ\/edit?tab=t.0\">NOFC. T\u00edtol V. La comunitat educativa.\u00a0<\/a><\/li>\n<li><a href=\"https:\/\/docs.google.com\/document\/d\/19gbXV43S2BtG2LDs2FCtKr88E0Lazg8NiB_JSLpAf9k\/edit?usp=sharing\">NOFC. T\u00edtol VI. De la Conviv\u00e8ncia en el centre.<\/a><\/li>\n<li><a href=\"https:\/\/docs.google.com\/document\/d\/1iHDUtOFbd-Y-1bfH_wtJyO-eW-7PSBSk7iEu-7FeLX8\/edit?usp=sharing\">NOFC T\u00edtol VII. Col\u00b7laboraci\u00f3 i participaci\u00f3 de la comunitat educativa.\u00a0<\/a><\/li>\n<li><a href=\"https:\/\/docs.google.com\/document\/d\/18MIliBpky_JXcPYie8EigXs83ty-d1PiV3IWS6y4zEU\/edit?usp=drive_link\">NOFC T\u00edtol VIII. Funcionament del centre. <\/a><\/li>\n<li><a href=\"https:\/\/drive.google.com\/file\/d\/185VJsipTyU2xmRQCP8kaKLksasuEfweH\/view?usp=share_link\">Pla d&#8217;adequaci\u00f3 al canvi clim\u00e0tic<\/a><\/li>\n<li><a href=\"https:\/\/docs.google.com\/document\/d\/1FiLNv6uAyrQnol8lde4E40IUdJTqN7HE\/edit\">Pla de funcionament del menjador escolar i acollida. <\/a><\/li>\n<li><a href=\"https:\/\/drive.google.com\/file\/d\/1ThzyY0mv6MzAN2t1R8GYIXWy6MI_MEqX\/view?usp=drive_link\">Procediment d&#8217;intervenci\u00f3 en cas de faltes greument perjudicials per a la conviv\u00e8ncia<\/a><\/li>\n<li><a href=\"https:\/\/docs.google.com\/document\/d\/1uH_UScSZRKhm8DezemjGUrOSlk-qChiGjeR29U93_Sc\/edit?usp=sharing\" target=\"_blank\" rel=\"noopener noreferrer\">Projecte ling\u00fc\u00edstic<\/a><\/li>\n<li><a href=\"https:\/\/docs.google.com\/document\/d\/18eDVV6iXOZ2-GbKYvSokl-wsuc1fNLf5\/edit\">Projecte Pedag\u00f2gic Menjador<\/a><\/li>\n<li><a href=\"https:\/\/drive.google.com\/file\/d\/1mLhIifyjK2ns3Xab1oxWlJccDeP159oz\/view?usp=drive_link\">Protocols prevenci\u00f3 viol\u00e8ncia CEB.<\/a><\/li>\n<li><a href=\"https:\/\/drive.google.com\/file\/d\/1N4smedqf1rL_RhjPkc0srhpvZyIWTtRM\/view?usp=drive_link\">Protocol d&#8217;actuaci\u00f3 davant de qualsevol tipus de viol\u00e8ncia en l&#8217;\u00e0mbit educatiu GENERALITAT<\/a><\/li>\n<li><a href=\"https:\/\/docs.google.com\/document\/d\/193r4JdIqE2hMqvXkw0j8XGcxrJe9u_Ri2rPIvi3s_zs\/edit\">Relaci\u00f3 de convenis vigents<\/a><\/li>\n<li><a href=\"https:\/\/tramits.gencat.cat\/ca\/tramits\/tramits-temes\/22181-reclamacio-responsabilitat-patrimonial?category=724be274-a82c-11e3-a972-000c29052e2c\"><b>Tr\u00e0mit: Aplicatiu de reclamaci\u00f3 patrimonial<\/b><\/a><\/li>\n<\/ol>\n","protected":false},"excerpt":{"rendered":"<ol>\n<li><a href=\"https:\/\/docs.google.com\/document\/d\/1nK_jg7KZX5CtxFFA7xrBubcGQa58vT-9Uf15H8NSG5s\/edit\">Acords del Consell Escolar<\/a><\/li>\n<li><a href=\"https:\/\/docs.google.com\/document\/d\/1oeKrGge73zGOn3aaEndUwPvAPFlouUHx6LQmzRvwIcA\/edit\">Canals de comunicaci\u00f3 Mestres-Fam\u00edlies \u00e0mbit de la conviv\u00e8ncia<\/a><\/li>\n<li><a href=\"https:\/\/docs.google.com\/document\/d\/1zTPldHDqBkzk1lZVXhqcOszsDbBE2vKe1me13VwT4ZE\/edit\">Carta de comprom\u00eds educatiu<\/a><\/li>\n<li><a href=\"https:\/\/docs.google.com\/document\/d\/1xG-U7K54sr8J87sKsn-SdIS_li3aadyJRfJ480-04S0\/edit#\">Criteris per l&#8217;organitzaci\u00f3 de l&#8217;alumnat.<\/a><\/li>\n<li><a href=\"https:\/\/sites.google.com\/escolamestregibert.cat\/estratgiadigitaldecentre\/p%C3%A0gina-principal\">Estrat\u00e8gia Digital de Centre<\/a><\/li>\n<li><a href=\"https:\/\/docs.google.com\/document\/d\/1as3Fynl085BrK1Qn8zkB2coSA5EE5QA__Ui84_5QSuU\/edit\" target=\"_blank\" rel=\"noopener noreferrer\">Reglament d\u2019\u00fas del servei GSuite de centre.<\/a><\/li>\n<li><a href=\"https:\/\/docs.google.com\/document\/d\/1oWVfe51LiCazBudnW7AY5A9Jn1jsnZqNrLfm8YRGS5Q\/edit?usp=sharing\">NOFC. T\u00edtol I. Introducci\u00f3.<\/a><\/li>\n<li><a href=\"https:\/\/docs.google.com\/document\/d\/1e12IRsXwkUcdyJSrx7XDniWTXZMcNAM5DIVzPhEJqNs\/edit?usp=sharing\">NOFC. T\u00edtol II. Concreci\u00f3 de&hellip;  <a href=\"https:\/\/agora.xtec.cat\/ceipmestregibert\/lescola\/documents-descola\/\" title=\"Read Documents d&#8217;escola\">Llegeix m\u00e9s\u00bb<\/a><br \/>\n","protected":false},"author":9,"featured_media":0,"parent":22,"menu_order":31,"comment_status":"closed","ping_status":"closed","template":"","meta":{"_bbp_topic_count":0,"_bbp_reply_count":0,"_bbp_total_topic_count":0,"_bbp_total_reply_count":0,"_bbp_voice_count":0,"_bbp_anonymous_reply_count":0,"_bbp_topic_count_hidden":0,"_bbp_reply_count_hidden":0,"_bbp_forum_subforum_count":0,"footnotes":""},"class_list":["post-6051","page","type-page","status-publish","hentry"],"post_mailing_queue_ids":[],"_links":{"self":[{"href":"https:\/\/agora.xtec.cat\/ceipmestregibert\/wp-json\/wp\/v2\/pages\/6051","targetHints":{"allow":["GET"]}}],"collection":[{"href":"https:\/\/agora.xtec.cat\/ceipmestregibert\/wp-json\/wp\/v2\/pages"}],"about":[{"href":"https:\/\/agora.xtec.cat\/ceipmestregibert\/wp-json\/wp\/v2\/types\/page"}],"author":[{"embeddable":true,"href":"https:\/\/agora.xtec.cat\/ceipmestregibert\/wp-json\/wp\/v2\/users\/9"}],"replies":[{"embeddable":true,"href":"https:\/\/agora.xtec.cat\/ceipmestregibert\/wp-json\/wp\/v2\/comments?post=6051"}],"version-history":[{"count":7,"href":"https:\/\/agora.xtec.cat\/ceipmestregibert\/wp-json\/wp\/v2\/pages\/6051\/revisions"}],"predecessor-version":[{"id":12279,"href":"https:\/\/agora.xtec.cat\/ceipmestregibert\/wp-json\/wp\/v2\/pages\/6051\/revisions\/12279"}],"up":[{"embeddable":true,"href":"https:\/\/agora.xtec.cat\/ceipmestregibert\/wp-json\/wp\/v2\/pages\/22"}],"wp:attachment":[{"href":"https:\/\/agora.xtec.cat\/ceipmestregibert\/wp-json\/wp\/v2\/media?parent=6051"}],"curies":[{"name":"wp","href":"https:\/\/api.w.org\/{rel}","templated":true}]}}