{"id":26,"date":"2014-09-18T12:24:32","date_gmt":"2014-09-18T11:24:32","guid":{"rendered":"http:\/\/agora.xtec.cat\/ceipmestregibert\/?page_id=26"},"modified":"2021-04-13T10:10:47","modified_gmt":"2021-04-13T08:10:47","slug":"historia","status":"publish","type":"page","link":"https:\/\/agora.xtec.cat\/ceipmestregibert\/lescola\/historia\/","title":{"rendered":"Hist\u00f2ria"},"content":{"rendered":"<p style=\"text-align: justify;\">L&#8217;Escola Mestre Enric Gibert i Camins va comen\u00e7ar a funcionar l&#8217;octubre de 1987. Nasqu\u00e9 com a resultat de la fusi\u00f3 dels col\u00b7legis p\u00fablics Agrupaci\u00f3 Sant Andreu i Atenea.<\/p>\n<p style=\"text-align: justify;\">Els col\u00b7lectius d&#8217;ambd\u00f3s col\u00b7legis foren capa\u00e7os de crear una via de di\u00e0leg que garant\u00ed el comen\u00e7ament del nou Centre amb una base s\u00f2lida. Els respectius Claustres de mestres, en v\u00e0ries sessions de treball, van crear els fonaments del que seria la l\u00ednia del nou Centre.<\/p>\n<p style=\"text-align: justify;\">Aquest Col\u00b7legi tingu\u00e9 dues l\u00ednies des de p\u00e0rvuls de quatre anys a vuit\u00e9 d&#8217;EGB fins l&#8217;any 1995, durant l&#8217;estiu del qual es feren les adequacions pertinents per acollir-hi alumnes de tres anys. Aix\u00ed el curs 95-96 s&#8217;obriren dues aules de p\u00e0rvuls de tres anys.<\/p>\n<p><a href=\"http:\/\/blocs.xtec.cat\/mestregibert\/files\/2012\/02\/Mvc-001s.jpg\"><img loading=\"lazy\" decoding=\"async\" class=\"aligncenter wp-image-25\" src=\"http:\/\/blocs.xtec.cat\/mestregibert\/files\/2012\/02\/Mvc-001s.jpg\" alt=\"\" width=\"463\" height=\"334\" \/><\/a><\/p>\n","protected":false},"excerpt":{"rendered":"<p>L&#8217;Escola Mestre Enric Gibert i Camins va comen\u00e7ar a funcionar l&#8217;octubre de 1987. Nasqu\u00e9 com a resultat de la fusi\u00f3 dels col\u00b7legis p\u00fablics Agrupaci\u00f3 Sant Andreu i Atenea.<br \/>\nEls col\u00b7lectius d&#8217;ambd\u00f3s col\u00b7legis foren capa\u00e7os de crear una via de di\u00e0leg que garant\u00ed el comen\u00e7ament del nou&hellip;  <a href=\"https:\/\/agora.xtec.cat\/ceipmestregibert\/lescola\/historia\/\" title=\"Read Hist\u00f2ria\">Llegeix m\u00e9s\u00bb<\/a><\/p>\n","protected":false},"author":1,"featured_media":0,"parent":22,"menu_order":20,"comment_status":"closed","ping_status":"closed","template":"page-templates\/side-menu.php","meta":{"_bbp_topic_count":0,"_bbp_reply_count":0,"_bbp_total_topic_count":0,"_bbp_total_reply_count":0,"_bbp_voice_count":0,"_bbp_anonymous_reply_count":0,"_bbp_topic_count_hidden":0,"_bbp_reply_count_hidden":0,"_bbp_forum_subforum_count":0,"footnotes":""},"class_list":["post-26","page","type-page","status-publish","hentry"],"post_mailing_queue_ids":[],"_links":{"self":[{"href":"https:\/\/agora.xtec.cat\/ceipmestregibert\/wp-json\/wp\/v2\/pages\/26","targetHints":{"allow":["GET"]}}],"collection":[{"href":"https:\/\/agora.xtec.cat\/ceipmestregibert\/wp-json\/wp\/v2\/pages"}],"about":[{"href":"https:\/\/agora.xtec.cat\/ceipmestregibert\/wp-json\/wp\/v2\/types\/page"}],"author":[{"embeddable":true,"href":"https:\/\/agora.xtec.cat\/ceipmestregibert\/wp-json\/wp\/v2\/users\/1"}],"replies":[{"embeddable":true,"href":"https:\/\/agora.xtec.cat\/ceipmestregibert\/wp-json\/wp\/v2\/comments?post=26"}],"version-history":[{"count":3,"href":"https:\/\/agora.xtec.cat\/ceipmestregibert\/wp-json\/wp\/v2\/pages\/26\/revisions"}],"predecessor-version":[{"id":8444,"href":"https:\/\/agora.xtec.cat\/ceipmestregibert\/wp-json\/wp\/v2\/pages\/26\/revisions\/8444"}],"up":[{"embeddable":true,"href":"https:\/\/agora.xtec.cat\/ceipmestregibert\/wp-json\/wp\/v2\/pages\/22"}],"wp:attachment":[{"href":"https:\/\/agora.xtec.cat\/ceipmestregibert\/wp-json\/wp\/v2\/media?parent=26"}],"curies":[{"name":"wp","href":"https:\/\/api.w.org\/{rel}","templated":true}]}}