{"id":22,"date":"2014-09-18T12:19:57","date_gmt":"2014-09-18T11:19:57","guid":{"rendered":"http:\/\/agora.xtec.cat\/ceipmestregibert\/?page_id=22"},"modified":"2018-02-24T16:22:14","modified_gmt":"2018-02-24T15:22:14","slug":"lescola","status":"publish","type":"page","link":"https:\/\/agora.xtec.cat\/ceipmestregibert\/lescola\/","title":{"rendered":"L&#8217;ESCOLA"},"content":{"rendered":"<p style=\"text-align: justify;\"><img loading=\"lazy\" decoding=\"async\" class=\"wp-image-1195 aligncenter\" src=\"http:\/\/agora.xtec.cat\/ceipmestregibert\/wp-content\/uploads\/usu791\/2014\/09\/escola1-767x1024.png\" alt=\"escola1\" width=\"293\" height=\"391\" srcset=\"https:\/\/agora.xtec.cat\/ceipmestregibert\/wp-content\/uploads\/usu791\/2014\/09\/escola1-767x1024.png 767w, https:\/\/agora.xtec.cat\/ceipmestregibert\/wp-content\/uploads\/usu791\/2014\/09\/escola1-225x300.png 225w, https:\/\/agora.xtec.cat\/ceipmestregibert\/wp-content\/uploads\/usu791\/2014\/09\/escola1.png 900w\" sizes=\"auto, (max-width: 293px) 100vw, 293px\" \/><\/p>\n<p style=\"text-align: justify;\">-Som una escola p\u00fablica, catalana, familiar i arrelada al barri.<\/p>\n<p style=\"text-align: justify;\">-Basem la nostra tasca educativa\u00a0 en l\u2019estima, el respecte i la motivaci\u00f3.<\/p>\n<p style=\"text-align: justify;\">-Treballem per potenciar les capacitats i compet\u00e8ncies\u00a0 dels nostres alumnes, a partir del di\u00e0leg, l\u2019aprenentatge cooperatiu, l\u2019experimentaci\u00f3 i el joc.<\/p>\n<p style=\"text-align: justify;\">\u00a0-Fomentem actituds i valors que els ajudin a cr\u00e9ixer com a persones respectuoses, tolerants i solid\u00e0ries.<\/p>\n<p style=\"text-align: justify;\">&#8211; Volem respondre als reptes del segle XXI.<\/p>\n<p style=\"text-align: justify;\">Organitzem l\u2019ensenyament-aprenentatge a trav\u00e9s de:<\/p>\n<p style=\"text-align: justify;\">A l\u2019Educaci\u00f3 Infantil a partir de racons, espais d\u2019aprenentatge i \u00a0el treball en gran grup dins l\u2019aula.<\/p>\n<p style=\"text-align: justify;\">A l\u2019Educaci\u00f3 Prim\u00e0ria a partir del treball en grup dins l\u2019aula; dels desdoblaments per a incidir en l\u2019expressi\u00f3 escrita, expressi\u00f3 oral i manipulaci\u00f3 matem\u00e0tica; dels \u00a0projectes, tallers art\u00edstics inter-nivells; i la utilitzaci\u00f3 de les eines 2.0.<\/p>\n<p style=\"text-align: justify;\"><img loading=\"lazy\" decoding=\"async\" class=\" wp-image-1252 aligncenter\" src=\"http:\/\/agora.xtec.cat\/ceipmestregibert\/wp-content\/uploads\/usu791\/2014\/09\/1.jpg\" alt=\"1\" width=\"329\" height=\"247\" srcset=\"https:\/\/agora.xtec.cat\/ceipmestregibert\/wp-content\/uploads\/usu791\/2014\/09\/1.jpg 498w, https:\/\/agora.xtec.cat\/ceipmestregibert\/wp-content\/uploads\/usu791\/2014\/09\/1-300x225.jpg 300w, https:\/\/agora.xtec.cat\/ceipmestregibert\/wp-content\/uploads\/usu791\/2014\/09\/1-200x150.jpg 200w\" sizes=\"auto, (max-width: 329px) 100vw, 329px\" \/><\/p>\n<p style=\"text-align: justify;\"><em><strong>Racons<\/strong><\/em><\/p>\n<p style=\"text-align: justify;\">S\u00f3n la metodologia\u00a0 en que basem l\u2019atenci\u00f3 a la diversitat. Treballem de forma manipulativa i cooperativa el llenguatge matem\u00e0tic i verbal.\u00a0 Sempre hi ha 2 mestres a l\u2019aula\u00a0 donant suport al treball que en aquell moment realitzen els nens i nenes.<\/p>\n<p style=\"text-align: justify;\"><strong><img loading=\"lazy\" decoding=\"async\" class=\"wp-image-1255 alignnone\" src=\"http:\/\/agora.xtec.cat\/ceipmestregibert\/wp-content\/uploads\/usu791\/2014\/09\/3.jpg\" alt=\"3\" width=\"193\" height=\"121\" srcset=\"https:\/\/agora.xtec.cat\/ceipmestregibert\/wp-content\/uploads\/usu791\/2014\/09\/3.jpg 592w, https:\/\/agora.xtec.cat\/ceipmestregibert\/wp-content\/uploads\/usu791\/2014\/09\/3-300x189.jpg 300w\" sizes=\"auto, (max-width: 193px) 100vw, 193px\" \/><\/strong><strong>\u00a0\u00a0 \u00a0 \u00a0\u00a0 \u00a0 \u00a0 \u00a0<img loading=\"lazy\" decoding=\"async\" class=\"wp-image-1254 alignleft\" src=\"http:\/\/agora.xtec.cat\/ceipmestregibert\/wp-content\/uploads\/usu791\/2014\/09\/2.jpg\" alt=\"2\" width=\"182\" height=\"115\" srcset=\"https:\/\/agora.xtec.cat\/ceipmestregibert\/wp-content\/uploads\/usu791\/2014\/09\/2.jpg 587w, https:\/\/agora.xtec.cat\/ceipmestregibert\/wp-content\/uploads\/usu791\/2014\/09\/2-300x190.jpg 300w\" sizes=\"auto, (max-width: 182px) 100vw, 182px\" \/><\/strong><\/p>\n<p style=\"text-align: justify;\"><em><strong>Espais<\/strong><\/em><\/p>\n<p style=\"text-align: justify;\">Treballem en grups heterogenis de cicle, amb el repte de:<\/p>\n<ul style=\"text-align: justify;\">\n<li>Respondre a una diversitat m\u00e9s gran.<\/li>\n<li>Estimular a tots els nens i nenes ens els seus processos individuals.<\/li>\n<li>Respectar els diferents ritmes i interessos.<\/li>\n<\/ul>\n<p style=\"text-align: justify;\">Hem dissenyat els espais a partir de les intel\u00b7lig\u00e8ncies m\u00faltiples. Cada setmana els nens i les nenes escullen a quin espai volen anar entre les seg\u00fcents propostes: l\u00f2gico-matem\u00e0tic, visual-espacial,\u00a0 cinest\u00e8sica, experimental, art\u00edstica, ling\u00fc\u00edstica , joc simb\u00f2lic&#8230;<\/p>\n<p style=\"text-align: justify;\">\u00a0 <a href=\"http:\/\/agora.xtec.cat\/ceipmestregibert\/wp-content\/uploads\/usu791\/2014\/09\/4.jpg\"><img loading=\"lazy\" decoding=\"async\" class=\"wp-image-1256 alignnone\" src=\"http:\/\/agora.xtec.cat\/ceipmestregibert\/wp-content\/uploads\/usu791\/2014\/09\/4.jpg\" alt=\"4\" width=\"141\" height=\"105\" srcset=\"https:\/\/agora.xtec.cat\/ceipmestregibert\/wp-content\/uploads\/usu791\/2014\/09\/4.jpg 431w, https:\/\/agora.xtec.cat\/ceipmestregibert\/wp-content\/uploads\/usu791\/2014\/09\/4-300x225.jpg 300w, https:\/\/agora.xtec.cat\/ceipmestregibert\/wp-content\/uploads\/usu791\/2014\/09\/4-200x150.jpg 200w\" sizes=\"auto, (max-width: 141px) 100vw, 141px\" \/><\/a>\u00a0\u00a0<a href=\"http:\/\/agora.xtec.cat\/ceipmestregibert\/wp-content\/uploads\/usu791\/2014\/09\/5.jpg\"><img loading=\"lazy\" decoding=\"async\" class=\"alignnone wp-image-1257\" src=\"http:\/\/agora.xtec.cat\/ceipmestregibert\/wp-content\/uploads\/usu791\/2014\/09\/5.jpg\" alt=\"5\" width=\"144\" height=\"108\" srcset=\"https:\/\/agora.xtec.cat\/ceipmestregibert\/wp-content\/uploads\/usu791\/2014\/09\/5.jpg 426w, https:\/\/agora.xtec.cat\/ceipmestregibert\/wp-content\/uploads\/usu791\/2014\/09\/5-300x225.jpg 300w, https:\/\/agora.xtec.cat\/ceipmestregibert\/wp-content\/uploads\/usu791\/2014\/09\/5-200x150.jpg 200w\" sizes=\"auto, (max-width: 144px) 100vw, 144px\" \/><\/a>\u00a0\u00a0<a href=\"http:\/\/agora.xtec.cat\/ceipmestregibert\/wp-content\/uploads\/usu791\/2014\/09\/6.jpg\"><img loading=\"lazy\" decoding=\"async\" class=\"wp-image-1258 alignnone\" src=\"http:\/\/agora.xtec.cat\/ceipmestregibert\/wp-content\/uploads\/usu791\/2014\/09\/6.jpg\" alt=\"6\" width=\"144\" height=\"108\" srcset=\"https:\/\/agora.xtec.cat\/ceipmestregibert\/wp-content\/uploads\/usu791\/2014\/09\/6.jpg 426w, https:\/\/agora.xtec.cat\/ceipmestregibert\/wp-content\/uploads\/usu791\/2014\/09\/6-300x225.jpg 300w, https:\/\/agora.xtec.cat\/ceipmestregibert\/wp-content\/uploads\/usu791\/2014\/09\/6-200x150.jpg 200w\" sizes=\"auto, (max-width: 144px) 100vw, 144px\" \/><\/a><\/p>\n<p style=\"text-align: justify;\"><em><strong>Projectes<\/strong><\/em><\/p>\n<p style=\"text-align: justify;\">Desenvolupem \u00a0projectes interdisciplinaris\u00a0 al llarg del curs. Aquests poden ser proposats pels alumnes o pels mestres. Treballant amb projectes aconseguim que l\u2019alumnat q\u00fcestioni, indagui, faci recerca, tregui conclusions, connecti diferents aprenentatges, i aprengui a desenvolupar les seves capacitats de manera m\u00e9s aut\u00f2noma, i tamb\u00e9 a treballar amb els companys de forma cooperativa.<\/p>\n<p style=\"text-align: justify;\"><img loading=\"lazy\" decoding=\"async\" class=\" wp-image-1261 alignnone\" src=\"http:\/\/agora.xtec.cat\/ceipmestregibert\/wp-content\/uploads\/usu791\/2014\/09\/8.jpg\" alt=\"8\" width=\"183\" height=\"229\" srcset=\"https:\/\/agora.xtec.cat\/ceipmestregibert\/wp-content\/uploads\/usu791\/2014\/09\/8.jpg 282w, https:\/\/agora.xtec.cat\/ceipmestregibert\/wp-content\/uploads\/usu791\/2014\/09\/8-239x300.jpg 239w\" sizes=\"auto, (max-width: 183px) 100vw, 183px\" \/>\u00a0 \u00a0<img loading=\"lazy\" decoding=\"async\" class=\"wp-image-1260 alignnone\" src=\"http:\/\/agora.xtec.cat\/ceipmestregibert\/wp-content\/uploads\/usu791\/2014\/09\/7.jpg\" alt=\"7\" width=\"278\" height=\"208\" srcset=\"https:\/\/agora.xtec.cat\/ceipmestregibert\/wp-content\/uploads\/usu791\/2014\/09\/7.jpg 406w, https:\/\/agora.xtec.cat\/ceipmestregibert\/wp-content\/uploads\/usu791\/2014\/09\/7-300x225.jpg 300w, https:\/\/agora.xtec.cat\/ceipmestregibert\/wp-content\/uploads\/usu791\/2014\/09\/7-200x150.jpg 200w\" sizes=\"auto, (max-width: 278px) 100vw, 278px\" \/><\/p>\n<p style=\"text-align: justify;\"><em><strong>Tallers de pl\u00e0stica<\/strong><\/em><\/p>\n<p style=\"text-align: justify;\">A la Prim\u00e0ria desenvolupem tota la part art\u00edstica dels infants, a partir de tallers intercicles i a l\u2019entorn de diferents blocs tem\u00e0tics: art ef\u00edmer, volum, dibuix, color, Expresart &#8230;<\/p>\n<p style=\"text-align: justify;\">\u00a0<a href=\"http:\/\/agora.xtec.cat\/ceipmestregibert\/wp-content\/uploads\/usu791\/2014\/09\/1-1.jpg\"><img loading=\"lazy\" decoding=\"async\" class=\"alignnone wp-image-2430\" src=\"http:\/\/agora.xtec.cat\/ceipmestregibert\/wp-content\/uploads\/usu791\/2014\/09\/1-1.jpg\" alt=\"1\" width=\"228\" height=\"171\" srcset=\"https:\/\/agora.xtec.cat\/ceipmestregibert\/wp-content\/uploads\/usu791\/2014\/09\/1-1.jpg 346w, https:\/\/agora.xtec.cat\/ceipmestregibert\/wp-content\/uploads\/usu791\/2014\/09\/1-1-300x225.jpg 300w, https:\/\/agora.xtec.cat\/ceipmestregibert\/wp-content\/uploads\/usu791\/2014\/09\/1-1-200x150.jpg 200w\" sizes=\"auto, (max-width: 228px) 100vw, 228px\" \/><\/a>\u00a0\u00a0<a href=\"http:\/\/agora.xtec.cat\/ceipmestregibert\/wp-content\/uploads\/usu791\/2014\/09\/2-1.jpg\"><img loading=\"lazy\" decoding=\"async\" class=\"alignnone wp-image-2431\" src=\"http:\/\/agora.xtec.cat\/ceipmestregibert\/wp-content\/uploads\/usu791\/2014\/09\/2-1.jpg\" alt=\"2\" width=\"230\" height=\"172\" srcset=\"https:\/\/agora.xtec.cat\/ceipmestregibert\/wp-content\/uploads\/usu791\/2014\/09\/2-1.jpg 432w, https:\/\/agora.xtec.cat\/ceipmestregibert\/wp-content\/uploads\/usu791\/2014\/09\/2-1-300x225.jpg 300w, https:\/\/agora.xtec.cat\/ceipmestregibert\/wp-content\/uploads\/usu791\/2014\/09\/2-1-200x150.jpg 200w\" sizes=\"auto, (max-width: 230px) 100vw, 230px\" \/><\/a><\/p>\n<p style=\"text-align: justify;\"><em><strong>Noves tecnologies<\/strong><\/em><\/p>\n<p style=\"text-align: justify;\">Potenciem un tractament transversal i instrumental de la compet\u00e8ncia digital. \u00a0El nostre objectiu \u00e9s que els nostres alumnes aprenguin\u00a0 amb i sobre tecnologia i siguin competents digitalment. Utilitzem ordinadors, IPAD\u2019s, PDI i c\u00e0meres, per treballar eines 2.0, rob\u00f2tica, Google apps&#8230;.<\/p>\n<p style=\"text-align: justify;\"><strong><a href=\"http:\/\/agora.xtec.cat\/ceipmestregibert\/wp-content\/uploads\/usu791\/2014\/09\/9.jpg\"><img loading=\"lazy\" decoding=\"async\" class=\"wp-image-1262 alignnone\" src=\"http:\/\/agora.xtec.cat\/ceipmestregibert\/wp-content\/uploads\/usu791\/2014\/09\/9.jpg\" alt=\"9\" width=\"190\" height=\"143\" srcset=\"https:\/\/agora.xtec.cat\/ceipmestregibert\/wp-content\/uploads\/usu791\/2014\/09\/9.jpg 463w, https:\/\/agora.xtec.cat\/ceipmestregibert\/wp-content\/uploads\/usu791\/2014\/09\/9-300x225.jpg 300w, https:\/\/agora.xtec.cat\/ceipmestregibert\/wp-content\/uploads\/usu791\/2014\/09\/9-200x150.jpg 200w\" sizes=\"auto, (max-width: 190px) 100vw, 190px\" \/><\/a>\u00a0<\/strong><strong><a href=\"http:\/\/agora.xtec.cat\/ceipmestregibert\/wp-content\/uploads\/usu791\/2014\/09\/IMG_1063-1.jpg\"><img loading=\"lazy\" decoding=\"async\" class=\"alignnone wp-image-2435\" src=\"http:\/\/agora.xtec.cat\/ceipmestregibert\/wp-content\/uploads\/usu791\/2014\/09\/IMG_1063-1-1024x765.jpg\" alt=\"img_1063\" width=\"192\" height=\"143\" srcset=\"https:\/\/agora.xtec.cat\/ceipmestregibert\/wp-content\/uploads\/usu791\/2014\/09\/IMG_1063-1-1024x765.jpg 1024w, https:\/\/agora.xtec.cat\/ceipmestregibert\/wp-content\/uploads\/usu791\/2014\/09\/IMG_1063-1-300x224.jpg 300w, https:\/\/agora.xtec.cat\/ceipmestregibert\/wp-content\/uploads\/usu791\/2014\/09\/IMG_1063-1-768x574.jpg 768w, https:\/\/agora.xtec.cat\/ceipmestregibert\/wp-content\/uploads\/usu791\/2014\/09\/IMG_1063-1-200x150.jpg 200w\" sizes=\"auto, (max-width: 192px) 100vw, 192px\" \/><\/a>\u00a0\u00a0<a href=\"http:\/\/agora.xtec.cat\/ceipmestregibert\/wp-content\/uploads\/usu791\/2014\/09\/10.jpg\"><img loading=\"lazy\" decoding=\"async\" class=\" alignnone wp-image-1263\" src=\"http:\/\/agora.xtec.cat\/ceipmestregibert\/wp-content\/uploads\/usu791\/2014\/09\/10.jpg\" alt=\"10\" width=\"229\" height=\"142\" srcset=\"https:\/\/agora.xtec.cat\/ceipmestregibert\/wp-content\/uploads\/usu791\/2014\/09\/10.jpg 547w, https:\/\/agora.xtec.cat\/ceipmestregibert\/wp-content\/uploads\/usu791\/2014\/09\/10-300x186.jpg 300w\" sizes=\"auto, (max-width: 229px) 100vw, 229px\" \/><\/a><\/strong><\/p>\n<p style=\"text-align: justify;\"><em><strong>Biblioteca<\/strong><\/em><\/p>\n<p style=\"text-align: justify;\">Potenciem l\u2019h\u00e0bit i el gust per llegir des de totes les \u00e0rees i dinamitzant des de la biblioteca activitats engrescadores pels nens, fent d\u2019ella un espai d\u2019aprenentatge\u00a0 i de recursos a l\u2019abast de tota la comunitat.<\/p>\n<p style=\"text-align: center;\">\u00a0 \u00a0 \u00a0 \u00a0 \u00a0 \u00a0 \u00a0\u00a0<img loading=\"lazy\" decoding=\"async\" class=\"wp-image-1264 alignnone\" src=\"http:\/\/agora.xtec.cat\/ceipmestregibert\/wp-content\/uploads\/usu791\/2014\/09\/11.jpg\" alt=\"11\" width=\"291\" height=\"218\" srcset=\"https:\/\/agora.xtec.cat\/ceipmestregibert\/wp-content\/uploads\/usu791\/2014\/09\/11.jpg 431w, https:\/\/agora.xtec.cat\/ceipmestregibert\/wp-content\/uploads\/usu791\/2014\/09\/11-300x225.jpg 300w, https:\/\/agora.xtec.cat\/ceipmestregibert\/wp-content\/uploads\/usu791\/2014\/09\/11-200x150.jpg 200w\" sizes=\"auto, (max-width: 291px) 100vw, 291px\" \/><\/p>\n<p style=\"text-align: justify;\"><em><strong>Psicomotricitat i educaci\u00f3 f\u00edsica<\/strong><\/em><\/p>\n<p style=\"text-align: justify;\">A les sessions de psicomotricitat en l\u2019Educaci\u00f3 Infantil treballem seguint la metodologia Aucouturier, i als cursos de P4 i P5 les sessions es duen a terme en angl\u00e8s.<\/p>\n<p style=\"text-align: justify;\">El nen apr\u00e8n jugant i movent-se, com vulgui i amb qui vulgui, respectant unes normes de conviv\u00e8ncia b\u00e0siques, on cada un pot jugar al seu ritme i segons les seves motivacions.<\/p>\n<p style=\"text-align: justify;\">A les sessions d\u2019educaci\u00f3 f\u00edsica desenvolupem les habilitats motrius, socials i expressives dels alumnes, afavorint al m\u00e0xim el coneixement sobre el propi cos i les seves possibilitats. \u00a0Utilitzem diferents metodologies com els reptes cooperatius, m\u00e8tode puzle, tasques multinivell i el treball per racons.<\/p>\n<p style=\"text-align: justify;\"><strong><a href=\"http:\/\/agora.xtec.cat\/ceipmestregibert\/wp-content\/uploads\/usu791\/2014\/09\/12.jpg\"><img loading=\"lazy\" decoding=\"async\" class=\"wp-image-1266 alignnone\" src=\"http:\/\/agora.xtec.cat\/ceipmestregibert\/wp-content\/uploads\/usu791\/2014\/09\/12.jpg\" alt=\"12\" width=\"228\" height=\"171\" srcset=\"https:\/\/agora.xtec.cat\/ceipmestregibert\/wp-content\/uploads\/usu791\/2014\/09\/12.jpg 461w, https:\/\/agora.xtec.cat\/ceipmestregibert\/wp-content\/uploads\/usu791\/2014\/09\/12-300x225.jpg 300w, https:\/\/agora.xtec.cat\/ceipmestregibert\/wp-content\/uploads\/usu791\/2014\/09\/12-200x150.jpg 200w\" sizes=\"auto, (max-width: 228px) 100vw, 228px\" \/><\/a>\u00a0 \u00a0<\/strong><strong>\u00a0<a href=\"http:\/\/agora.xtec.cat\/ceipmestregibert\/wp-content\/uploads\/usu791\/2014\/09\/13.jpg\"><img loading=\"lazy\" decoding=\"async\" class=\"alignnone wp-image-1267\" src=\"http:\/\/agora.xtec.cat\/ceipmestregibert\/wp-content\/uploads\/usu791\/2014\/09\/13.jpg\" alt=\"13\" width=\"170\" height=\"180\" srcset=\"https:\/\/agora.xtec.cat\/ceipmestregibert\/wp-content\/uploads\/usu791\/2014\/09\/13.jpg 328w, https:\/\/agora.xtec.cat\/ceipmestregibert\/wp-content\/uploads\/usu791\/2014\/09\/13-284x300.jpg 284w\" sizes=\"auto, (max-width: 170px) 100vw, 170px\" \/><\/a><\/strong><\/p>\n<p style=\"text-align: justify;\"><em><strong>Les lleng\u00fces estrangeres<\/strong><\/em><\/p>\n<p style=\"text-align: justify;\">L\u2019aprenentatge de l\u2019angl\u00e8s comen\u00e7a a l\u2019 Educaci\u00f3 Infantil, de manera l\u00fadica, activa i comunicativa.<\/p>\n<p style=\"text-align: justify;\">A partir de la Prim\u00e0ria augmentem el nombre de sessions i fem desdoblaments per a treballar speaking (expressi\u00f3 oral). Tamb\u00e9 portem a terme un projecte d\u2019innovaci\u00f3 educativa, AICLE, on tots els alumnes \u00a0de 3r a 6\u00e8 fan SCIENCE. Es treballa el curr\u00edculum de medi natural en angl\u00e8s, de forma experimental, manipulativa i amb un enfocament comunicatiu, on prenen rellev\u00e0ncia la investigaci\u00f3 cient\u00edfica i el treball cooperatiu.<\/p>\n<p style=\"text-align: justify;\">\u00a0<a href=\"http:\/\/agora.xtec.cat\/ceipmestregibert\/wp-content\/uploads\/usu791\/2014\/09\/14.jpg\"><img loading=\"lazy\" decoding=\"async\" class=\"alignnone wp-image-1268\" src=\"http:\/\/agora.xtec.cat\/ceipmestregibert\/wp-content\/uploads\/usu791\/2014\/09\/14.jpg\" alt=\"14\" width=\"152\" height=\"114\" srcset=\"https:\/\/agora.xtec.cat\/ceipmestregibert\/wp-content\/uploads\/usu791\/2014\/09\/14.jpg 403w, https:\/\/agora.xtec.cat\/ceipmestregibert\/wp-content\/uploads\/usu791\/2014\/09\/14-300x225.jpg 300w, https:\/\/agora.xtec.cat\/ceipmestregibert\/wp-content\/uploads\/usu791\/2014\/09\/14-200x150.jpg 200w\" sizes=\"auto, (max-width: 152px) 100vw, 152px\" \/><\/a>\u00a0<a href=\"http:\/\/agora.xtec.cat\/ceipmestregibert\/wp-content\/uploads\/usu791\/2014\/09\/15.jpg\"><img loading=\"lazy\" decoding=\"async\" class=\"alignnone wp-image-1269\" src=\"http:\/\/agora.xtec.cat\/ceipmestregibert\/wp-content\/uploads\/usu791\/2014\/09\/15.jpg\" alt=\"15\" width=\"162\" height=\"111\" srcset=\"https:\/\/agora.xtec.cat\/ceipmestregibert\/wp-content\/uploads\/usu791\/2014\/09\/15.jpg 442w, https:\/\/agora.xtec.cat\/ceipmestregibert\/wp-content\/uploads\/usu791\/2014\/09\/15-300x206.jpg 300w\" sizes=\"auto, (max-width: 162px) 100vw, 162px\" \/><\/a>\u00a0<a href=\"http:\/\/agora.xtec.cat\/ceipmestregibert\/wp-content\/uploads\/usu791\/2014\/09\/16.jpg\"><img loading=\"lazy\" decoding=\"async\" class=\"alignnone wp-image-1270\" src=\"http:\/\/agora.xtec.cat\/ceipmestregibert\/wp-content\/uploads\/usu791\/2014\/09\/16.jpg\" alt=\"16\" width=\"137\" height=\"165\" srcset=\"https:\/\/agora.xtec.cat\/ceipmestregibert\/wp-content\/uploads\/usu791\/2014\/09\/16.jpg 325w, https:\/\/agora.xtec.cat\/ceipmestregibert\/wp-content\/uploads\/usu791\/2014\/09\/16-250x300.jpg 250w\" sizes=\"auto, (max-width: 137px) 100vw, 137px\" \/><\/a><\/p>\n<p style=\"text-align: justify;\"><em><strong>La m\u00fasica<\/strong><\/em><\/p>\n<p style=\"text-align: justify;\">A l\u2019aula de m\u00fasica els nens i nenes entren en contacte amb la can\u00e7\u00f3, l\u2019audici\u00f3, l\u2019educaci\u00f3 de l\u2019o\u00efda, del ritme, el moviment, la pr\u00e0ctica instrumental i el llenguatge musical. L\u2019alumne va aprenent (individualment o en grup) a percebre, per\u00f2 tamb\u00e9 a produir i a tenir cura en la interpretaci\u00f3, en l\u2019\u00fas dels instruments i dels materials.<\/p>\n<p style=\"text-align: justify;\"><a href=\"http:\/\/agora.xtec.cat\/ceipmestregibert\/wp-content\/uploads\/usu791\/2014\/09\/17.jpg\"><img loading=\"lazy\" decoding=\"async\" class=\"alignnone wp-image-1273 aligncenter\" src=\"http:\/\/agora.xtec.cat\/ceipmestregibert\/wp-content\/uploads\/usu791\/2014\/09\/17.jpg\" alt=\"17\" width=\"384\" height=\"240\" srcset=\"https:\/\/agora.xtec.cat\/ceipmestregibert\/wp-content\/uploads\/usu791\/2014\/09\/17.jpg 523w, https:\/\/agora.xtec.cat\/ceipmestregibert\/wp-content\/uploads\/usu791\/2014\/09\/17-300x188.jpg 300w\" sizes=\"auto, (max-width: 384px) 100vw, 384px\" \/><\/a><\/p>\n<p style=\"text-align: justify;\"><em><strong>La dansa<\/strong><\/em><\/p>\n<p style=\"text-align: justify;\">A la nostra escola la dansa\u00a0 \u00e9s present al llarg de tota l\u2019escolaritat, formant part de la \u00a0formaci\u00f3 educativa i personal dels nostres alumnes. La dansa \u00e9s present en\u00a0 l\u2019horari setmanal dels alumnes de 1r a 3r, en\u00a0 les sessions d\u2019educaci\u00f3 f\u00edsica de 4t a 6\u00e8,\u00a0 en les activitats complement\u00e0ries\u00a0 i en les celebracions de l\u2019escola. Es treballa \u00a0una unitat transversal de dansa en angl\u00e8s a tota la Prim\u00e0ria, on Cicle Inicial apr\u00e8n balls africans, Cicle Mitj\u00e0 les coreografies de musicals de Hollywood i Cicle Superior la dansa tradicional escocesa (Ceilidh).<\/p>\n<p style=\"text-align: justify;\"><a href=\"http:\/\/agora.xtec.cat\/ceipmestregibert\/wp-content\/uploads\/usu791\/2014\/09\/18.jpg\"><img loading=\"lazy\" decoding=\"async\" class=\"alignnone wp-image-1274 aligncenter\" src=\"http:\/\/agora.xtec.cat\/ceipmestregibert\/wp-content\/uploads\/usu791\/2014\/09\/18.jpg\" alt=\"18\" width=\"412\" height=\"239\" srcset=\"https:\/\/agora.xtec.cat\/ceipmestregibert\/wp-content\/uploads\/usu791\/2014\/09\/18.jpg 523w, https:\/\/agora.xtec.cat\/ceipmestregibert\/wp-content\/uploads\/usu791\/2014\/09\/18-300x174.jpg 300w\" sizes=\"auto, (max-width: 412px) 100vw, 412px\" \/><\/a><\/p>\n<p style=\"text-align: justify;\"><em><strong>Tractament de la diversitat<\/strong><\/em><\/p>\n<p style=\"text-align: justify;\">\u00c9s viscuda com una realitat, una riquesa i una oportunitat de viure i compartir experi\u00e8ncies enriquidores tots plegats. Ens organitzem per donar la millor resposta possible al nostre alumnat, partint de la base que tots, alumnes i mestres, podem aprendre junts. Som un centre inclusiu i obert a la diversitat. Vetllem perqu\u00e8 l\u2019atenci\u00f3 a la diversitat s\u2019atengui des de dins del grup classe.<\/p>\n<p style=\"text-align: justify;\"><a href=\"http:\/\/agora.xtec.cat\/ceipmestregibert\/wp-content\/uploads\/usu791\/2014\/09\/191.jpg\"><img loading=\"lazy\" decoding=\"async\" class=\"alignnone wp-image-1276 aligncenter\" src=\"http:\/\/agora.xtec.cat\/ceipmestregibert\/wp-content\/uploads\/usu791\/2014\/09\/191.jpg\" alt=\"19\" width=\"391\" height=\"254\" srcset=\"https:\/\/agora.xtec.cat\/ceipmestregibert\/wp-content\/uploads\/usu791\/2014\/09\/191.jpg 419w, https:\/\/agora.xtec.cat\/ceipmestregibert\/wp-content\/uploads\/usu791\/2014\/09\/191-300x195.jpg 300w\" sizes=\"auto, (max-width: 391px) 100vw, 391px\" \/><\/a><\/p>\n<p style=\"text-align: justify;\">Per contribuir en el seu desenvolupament de la millor manera possible, adoptem diferents mesures:<\/p>\n<ul style=\"text-align: justify;\">\n<li>Intervenci\u00f3 de dos mestres a l\u2019aula, agrupaments flexibles i desdoblaments de grups.<\/li>\n<li>Suport Escolar Personalitzat (SEP) i refor\u00e7.<\/li>\n<li>Atenci\u00f3 inclusiva de les professionals de la unitat USEE, mestres d\u2019educaci\u00f3 especial, educadora d&#8217;educaci\u00f3 especial, auxiliar d&#8217;educaci\u00f3 especial i personal extern de suport socioeducatiu.<\/li>\n<\/ul>\n<p style=\"text-align: justify;\">La Comissi\u00f3 d\u2019Atenci\u00f3 a la Diversitat (CAD) planifica i fa el seguiment de la diversitat del centre.<\/p>\n<p style=\"text-align: justify;\"><em>\u201cEl bosc seria massa silenci\u00f3s si nom\u00e9s cantessin els ocells que millor ho fan.\u201d <\/em>Henry Van Dyke<\/p>\n","protected":false},"excerpt":{"rendered":"<p>-Som una escola p\u00fablica, catalana, familiar i arrelada al barri.<br \/>\n-Basem la nostra tasca educativa\u00a0 en l\u2019estima, el respecte i la motivaci\u00f3.<br \/>\n-Treballem per potenciar les capacitats i compet\u00e8ncies\u00a0 dels nostres alumnes, a partir del di\u00e0leg, l\u2019aprenentatge cooperatiu, l\u2019experimentaci\u00f3 i el joc.<br \/>\n\u00a0-Fomentem actituds i valors que els&hellip;  <a href=\"https:\/\/agora.xtec.cat\/ceipmestregibert\/lescola\/\" title=\"Read L&#8217;ESCOLA\">Llegeix m\u00e9s\u00bb<\/a><\/p>\n","protected":false},"author":1,"featured_media":0,"parent":0,"menu_order":0,"comment_status":"closed","ping_status":"closed","template":"page-templates\/side-menu.php","meta":{"_bbp_topic_count":0,"_bbp_reply_count":0,"_bbp_total_topic_count":0,"_bbp_total_reply_count":0,"_bbp_voice_count":0,"_bbp_anonymous_reply_count":0,"_bbp_topic_count_hidden":0,"_bbp_reply_count_hidden":0,"_bbp_forum_subforum_count":0,"footnotes":""},"class_list":["post-22","page","type-page","status-publish","hentry"],"post_mailing_queue_ids":[],"_links":{"self":[{"href":"https:\/\/agora.xtec.cat\/ceipmestregibert\/wp-json\/wp\/v2\/pages\/22","targetHints":{"allow":["GET"]}}],"collection":[{"href":"https:\/\/agora.xtec.cat\/ceipmestregibert\/wp-json\/wp\/v2\/pages"}],"about":[{"href":"https:\/\/agora.xtec.cat\/ceipmestregibert\/wp-json\/wp\/v2\/types\/page"}],"author":[{"embeddable":true,"href":"https:\/\/agora.xtec.cat\/ceipmestregibert\/wp-json\/wp\/v2\/users\/1"}],"replies":[{"embeddable":true,"href":"https:\/\/agora.xtec.cat\/ceipmestregibert\/wp-json\/wp\/v2\/comments?post=22"}],"version-history":[{"count":4,"href":"https:\/\/agora.xtec.cat\/ceipmestregibert\/wp-json\/wp\/v2\/pages\/22\/revisions"}],"predecessor-version":[{"id":4009,"href":"https:\/\/agora.xtec.cat\/ceipmestregibert\/wp-json\/wp\/v2\/pages\/22\/revisions\/4009"}],"wp:attachment":[{"href":"https:\/\/agora.xtec.cat\/ceipmestregibert\/wp-json\/wp\/v2\/media?parent=22"}],"curies":[{"name":"wp","href":"https:\/\/api.w.org\/{rel}","templated":true}]}}