{"id":1409,"date":"2016-02-29T16:22:13","date_gmt":"2016-02-29T15:22:13","guid":{"rendered":"http:\/\/agora.xtec.cat\/ceipmestregibert\/?page_id=1409"},"modified":"2016-02-29T16:23:15","modified_gmt":"2016-02-29T15:23:15","slug":"xarxes-educatives","status":"publish","type":"page","link":"https:\/\/agora.xtec.cat\/ceipmestregibert\/projectes\/xarxes-educatives\/","title":{"rendered":"Xarxes educatives"},"content":{"rendered":"<p style=\"text-align: justify;\">Treball de col\u00b7laboraci\u00f3 amb diferents entitats del districte per promoure activitats d\u2019enriquiment personal dels nostres nens\/es.<\/p>\n<p style=\"text-align: justify;\">&#8211;<strong>AREP<\/strong>: Jardins un projecte compartit: \u00a0<a href=\"http:\/\/agora.xtec.cat\/ceipmestregibert\/wp-content\/uploads\/usu791\/2016\/02\/1.jpg\"><img loading=\"lazy\" decoding=\"async\" class=\"  wp-image-1410 alignright\" src=\"http:\/\/agora.xtec.cat\/ceipmestregibert\/wp-content\/uploads\/usu791\/2016\/02\/1.jpg\" alt=\"1\" width=\"172\" height=\"129\" srcset=\"https:\/\/agora.xtec.cat\/ceipmestregibert\/wp-content\/uploads\/usu791\/2016\/02\/1.jpg 370w, https:\/\/agora.xtec.cat\/ceipmestregibert\/wp-content\/uploads\/usu791\/2016\/02\/1-300x225.jpg 300w, https:\/\/agora.xtec.cat\/ceipmestregibert\/wp-content\/uploads\/usu791\/2016\/02\/1-200x150.jpg 200w\" sizes=\"auto, (max-width: 172px) 100vw, 172px\" \/><\/a><\/p>\n<ul style=\"text-align: justify;\">\n<li>Sensibilitazaci\u00f3 envers\u00a0 els malalts mentals . Trencar tab\u00fas.<\/li>\n<li>Treball cooperatiu i d\u2019aprenentatge-servei<\/li>\n<\/ul>\n<p style=\"text-align: justify;\">&#8211;<strong>Amputats Sant Jordi<\/strong>:<\/p>\n<ul style=\"text-align: justify;\">\n<li>Sensibilitzaci\u00f3 envers la discapacitat funcional<\/li>\n<li>Detecci\u00f3 de barreres arquitect\u00f2niques dins del centre<\/li>\n<\/ul>\n<p style=\"text-align: justify;\">&#8211; <strong>Llotja:<\/strong><\/p>\n<ul style=\"text-align: justify;\">\n<li>Apropar els alumnes a l\u2019art que es produeix al barri\u00a0<img loading=\"lazy\" decoding=\"async\" class=\"  wp-image-1411 alignright\" src=\"http:\/\/agora.xtec.cat\/ceipmestregibert\/wp-content\/uploads\/usu791\/2016\/02\/22.jpg\" alt=\"2\" width=\"187\" height=\"141\" srcset=\"https:\/\/agora.xtec.cat\/ceipmestregibert\/wp-content\/uploads\/usu791\/2016\/02\/22.jpg 521w, https:\/\/agora.xtec.cat\/ceipmestregibert\/wp-content\/uploads\/usu791\/2016\/02\/22-300x225.jpg 300w, https:\/\/agora.xtec.cat\/ceipmestregibert\/wp-content\/uploads\/usu791\/2016\/02\/22-200x150.jpg 200w\" sizes=\"auto, (max-width: 187px) 100vw, 187px\" \/><\/li>\n<li>Con\u00e8ixer diferents arts pl\u00e0stiques<\/li>\n<li>Potenciar la creativitat art\u00edstica i el disseny<\/li>\n<\/ul>\n<p style=\"text-align: justify;\">&#8211;<strong>CRP<\/strong>:<\/p>\n<ul style=\"text-align: justify;\">\n<li>Col\u00b7laborem activament amb el CRP en l\u2019organitzaci\u00f3 i muntatge de 3 diades esportives intercentres del districte, Jugatl\u00f3 (2n Prim\u00e0ria), Esports a 4t (4t de Prim\u00e0ria) i Hambolada (6\u00e8 de Prim\u00e0ria)<\/li>\n<\/ul>\n<p style=\"text-align: justify;\">&#8211;<strong>Ajuntament del Districte<\/strong>: Ciutadania activa, participaci\u00f3 en un ple de l\u2019Ajuntament.<\/p>\n<p style=\"text-align: justify;\">&#8211;<strong>Cam\u00ed escolar<\/strong><\/p>\n<p style=\"text-align: justify;\">\u00a0 \u00a0<a href=\"http:\/\/agora.xtec.cat\/ceipmestregibert\/wp-content\/uploads\/usu791\/2016\/02\/31.jpg\"><img loading=\"lazy\" decoding=\"async\" class=\"alignnone  wp-image-1412\" src=\"http:\/\/agora.xtec.cat\/ceipmestregibert\/wp-content\/uploads\/usu791\/2016\/02\/31.jpg\" alt=\"3\" width=\"160\" height=\"213\" srcset=\"https:\/\/agora.xtec.cat\/ceipmestregibert\/wp-content\/uploads\/usu791\/2016\/02\/31.jpg 431w, https:\/\/agora.xtec.cat\/ceipmestregibert\/wp-content\/uploads\/usu791\/2016\/02\/31-225x300.jpg 225w\" sizes=\"auto, (max-width: 160px) 100vw, 160px\" \/><\/a>\u00a0 \u00a0 \u00a0 \u00a0 \u00a0\u00a0\u00a0\u00a0<a href=\"http:\/\/agora.xtec.cat\/ceipmestregibert\/wp-content\/uploads\/usu791\/2016\/02\/42.jpg\"><img loading=\"lazy\" decoding=\"async\" class=\"alignnone  wp-image-1413\" src=\"http:\/\/agora.xtec.cat\/ceipmestregibert\/wp-content\/uploads\/usu791\/2016\/02\/42.jpg\" alt=\"4\" width=\"226\" height=\"170\" srcset=\"https:\/\/agora.xtec.cat\/ceipmestregibert\/wp-content\/uploads\/usu791\/2016\/02\/42.jpg 639w, https:\/\/agora.xtec.cat\/ceipmestregibert\/wp-content\/uploads\/usu791\/2016\/02\/42-300x225.jpg 300w, https:\/\/agora.xtec.cat\/ceipmestregibert\/wp-content\/uploads\/usu791\/2016\/02\/42-200x150.jpg 200w\" sizes=\"auto, (max-width: 226px) 100vw, 226px\" \/><\/a><\/p>\n","protected":false},"excerpt":{"rendered":"<p>Treball de col\u00b7laboraci\u00f3 amb diferents entitats del districte per promoure activitats d\u2019enriquiment personal dels nostres nens\/es.<br \/>\n&#8211;AREP: Jardins un projecte compartit: \u00a0<a href=\"http:\/\/agora.xtec.cat\/ceipmestregibert\/wp-content\/uploads\/usu791\/2016\/02\/1.jpg\"><\/a><\/p>\n<ul style=\"text-align: justify;\">\n<li>Sensibilitazaci\u00f3 envers\u00a0 els malalts mentals . Trencar tab\u00fas.<\/li>\n<li>Treball cooperatiu i d\u2019aprenentatge-servei<\/li>\n<\/ul>\n<p>&#8211;Amputats Sant Jordi:<\/p>\n<ul style=\"text-align: justify;\">\n<li>Sensibilitzaci\u00f3 envers la discapacitat funcional<\/li>\n<li>Detecci\u00f3 de barreres arquitect\u00f2niques&hellip;  <a href=\"https:\/\/agora.xtec.cat\/ceipmestregibert\/projectes\/xarxes-educatives\/\" title=\"Read Xarxes educatives\">Llegeix m\u00e9s\u00bb<\/a><br \/>\n","protected":false},"author":4,"featured_media":0,"parent":1025,"menu_order":50,"comment_status":"closed","ping_status":"closed","template":"page-templates\/side-menu.php","meta":{"_bbp_topic_count":0,"_bbp_reply_count":0,"_bbp_total_topic_count":0,"_bbp_total_reply_count":0,"_bbp_voice_count":0,"_bbp_anonymous_reply_count":0,"_bbp_topic_count_hidden":0,"_bbp_reply_count_hidden":0,"_bbp_forum_subforum_count":0,"footnotes":""},"class_list":["post-1409","page","type-page","status-publish","hentry"],"post_mailing_queue_ids":[],"_links":{"self":[{"href":"https:\/\/agora.xtec.cat\/ceipmestregibert\/wp-json\/wp\/v2\/pages\/1409","targetHints":{"allow":["GET"]}}],"collection":[{"href":"https:\/\/agora.xtec.cat\/ceipmestregibert\/wp-json\/wp\/v2\/pages"}],"about":[{"href":"https:\/\/agora.xtec.cat\/ceipmestregibert\/wp-json\/wp\/v2\/types\/page"}],"author":[{"embeddable":true,"href":"https:\/\/agora.xtec.cat\/ceipmestregibert\/wp-json\/wp\/v2\/users\/4"}],"replies":[{"embeddable":true,"href":"https:\/\/agora.xtec.cat\/ceipmestregibert\/wp-json\/wp\/v2\/comments?post=1409"}],"version-history":[{"count":2,"href":"https:\/\/agora.xtec.cat\/ceipmestregibert\/wp-json\/wp\/v2\/pages\/1409\/revisions"}],"predecessor-version":[{"id":1415,"href":"https:\/\/agora.xtec.cat\/ceipmestregibert\/wp-json\/wp\/v2\/pages\/1409\/revisions\/1415"}],"up":[{"embeddable":true,"href":"https:\/\/agora.xtec.cat\/ceipmestregibert\/wp-json\/wp\/v2\/pages\/1025"}],"wp:attachment":[{"href":"https:\/\/agora.xtec.cat\/ceipmestregibert\/wp-json\/wp\/v2\/media?parent=1409"}],"curies":[{"name":"wp","href":"https:\/\/api.w.org\/{rel}","templated":true}]}}