{"id":1351,"date":"2016-02-22T15:57:34","date_gmt":"2016-02-22T14:57:34","guid":{"rendered":"http:\/\/agora.xtec.cat\/ceipmestregibert\/?page_id=1351"},"modified":"2020-03-27T14:19:29","modified_gmt":"2020-03-27T13:19:29","slug":"puntedu-biblioteca-escolar","status":"publish","type":"page","link":"https:\/\/agora.xtec.cat\/ceipmestregibert\/projectes\/puntedu-biblioteca-escolar\/","title":{"rendered":"Puntedu-Biblioteca escolar"},"content":{"rendered":"<p>&nbsp;<\/p>\n<p><strong>LA LECTURA, FONT DE PLAER I CONEIXEMENT<\/strong><\/p>\n<p style=\"text-align: justify;\">La nostra escola porta el distintiu de centre innovador pel projecte<a href=\"http:\/\/agora.xtec.cat\/ceipmestregibert\/wp-content\/uploads\/usu791\/2016\/02\/1.png\"><img loading=\"lazy\" decoding=\"async\" class=\" wp-image-1352 alignright\" src=\"http:\/\/agora.xtec.cat\/ceipmestregibert\/wp-content\/uploads\/usu791\/2016\/02\/1.png\" alt=\"1\" width=\"95\" height=\"139\" srcset=\"https:\/\/agora.xtec.cat\/ceipmestregibert\/wp-content\/uploads\/usu791\/2016\/02\/1.png 269w, https:\/\/agora.xtec.cat\/ceipmestregibert\/wp-content\/uploads\/usu791\/2016\/02\/1-205x300.png 205w\" sizes=\"auto, (max-width: 95px) 100vw, 95px\" \/><\/a>\u201cPunt-edu biblioteca escolar\u201d. Aquest projecte es\u00a0 duu a terme des del curs 2006-07 i \u00a0pretenem:<\/p>\n<ul style=\"text-align: justify;\">\n<li>Potenciar el gust per la lectura.<\/li>\n<li>Fer de la biblioteca de l\u2019escola un espai d\u2019aprenentatge i de recursos a l\u2019abast de tota la comunitat. Tenim catalogats m\u00e9s de 6000 documents (llibres, CD, l\u00e0mines&#8230;)<\/li>\n<li><span style=\"font-weight: 400;\">Implementem el <\/span><a href=\"https:\/\/drive.google.com\/file\/d\/0Bzc-YoN4OeMqbkdGajZMaDJKTEV1bzAxNW5pUjUtSUQzMjUw\/view?usp=sharing\"><span style=\"font-weight: 400;\">PROJECTE MANENO<\/span><\/a><span style=\"font-weight: 400;\">. <\/span><span style=\"font-weight: 400;\">Podeu veure les\u00a0 activitats de mediaci\u00f3 lectora\u00a0 a la nostra web:<\/span> <a href=\"https:\/\/agora.xtec.cat\/ceipmestregibert\/?s=MANENO\"><span style=\"font-weight: 400;\">Cliqueu a l\u2019enlla\u00e7<\/span><\/a><span style=\"font-weight: 400;\">,<\/span><span style=\"font-weight: 400;\"> aquesta activitat la realitza una experta, podeu accedir a la seva web a trav\u00e9s del seg\u00fcent enlla\u00e7:<\/span> <a href=\"https:\/\/manenoassociacio.wordpress.com\/\"><span style=\"font-weight: 400;\">MANENO<\/span><\/a><\/li>\n<\/ul>\n<p style=\"text-align: justify;\"><a href=\"http:\/\/agora.xtec.cat\/ceipmestregibert\/wp-content\/uploads\/usu791\/2016\/02\/2.png\"><img loading=\"lazy\" decoding=\"async\" class=\" wp-image-1353 alignleft\" src=\"http:\/\/agora.xtec.cat\/ceipmestregibert\/wp-content\/uploads\/usu791\/2016\/02\/2.png\" alt=\"2\" width=\"202\" height=\"151\" srcset=\"https:\/\/agora.xtec.cat\/ceipmestregibert\/wp-content\/uploads\/usu791\/2016\/02\/2.png 420w, https:\/\/agora.xtec.cat\/ceipmestregibert\/wp-content\/uploads\/usu791\/2016\/02\/2-300x224.png 300w, https:\/\/agora.xtec.cat\/ceipmestregibert\/wp-content\/uploads\/usu791\/2016\/02\/2-200x150.png 200w\" sizes=\"auto, (max-width: 202px) 100vw, 202px\" \/><\/a>\u00a0L\u2019horari dels alumnes contempla \u00a0 \u00a0 \u00a0 \u00a0sessions de lectura di\u00e0ria a la \u00a0 \u00a0 \u00a0 \u00a0 \u00a0 \u00a0biblioteca o \u00a0a la classe.<\/p>\n<p style=\"text-align: justify;\">\u00a0Hi ha servei de pr\u00e9stec dins i fora de \u00a0 \u00a0l\u2019horari lectiu. Per aix\u00f2 tots els alumnes \u00a0disposen d\u2019un carnet de la biblioteca.<\/p>\n<p style=\"text-align: justify;\">L\u2019 AFA organitza la biblioteca\u00a0 perqu\u00e8\u00a0 estigui oberta di\u00e0riament\u00a0 per\u00a0 a tots els alumnes de 16:30 a 18:30h.<\/p>\n<p style=\"text-align: justify;\">Des de la Biblioteca s\u2019organitzen un seguit d\u2019activitats\u00a0 per dinamitzar el plaer per la lectura:<\/p>\n<ul style=\"text-align: justify;\">\n<li>Maletes viatgeres ( P3, P4 i P5) i Maletes de l\u2019Alfi (1r, 2n i 3r) \u00a0\u00a0<a href=\"http:\/\/agora.xtec.cat\/ceipmestregibert\/wp-content\/uploads\/usu791\/2016\/02\/3.png\"><img loading=\"lazy\" decoding=\"async\" class=\" wp-image-1354 alignright\" src=\"http:\/\/agora.xtec.cat\/ceipmestregibert\/wp-content\/uploads\/usu791\/2016\/02\/3.png\" alt=\"3\" width=\"262\" height=\"195\" srcset=\"https:\/\/agora.xtec.cat\/ceipmestregibert\/wp-content\/uploads\/usu791\/2016\/02\/3.png 459w, https:\/\/agora.xtec.cat\/ceipmestregibert\/wp-content\/uploads\/usu791\/2016\/02\/3-300x224.png 300w, https:\/\/agora.xtec.cat\/ceipmestregibert\/wp-content\/uploads\/usu791\/2016\/02\/3-200x150.png 200w\" sizes=\"auto, (max-width: 262px) 100vw, 262px\" \/><\/a><\/li>\n<li>Rodallibres ( 4t)<\/li>\n<li>Concurs \u201cNosaltres \u00a0 preguntem, nosaltres \u00a0 responem\u201d (5\u00e8 i 6\u00e8)<\/li>\n<li>Ximixesca: portal per al \u00a0 foment de la lectura i la\u00a0\u00a0comprensi\u00f3 lectora.<\/li>\n<li>Apadrinament lector.<\/li>\n<li>Exposicions tem\u00e0tiques i recomanacions de llibres.\u00a0<a href=\"http:\/\/agora.xtec.cat\/ceipmestregibert\/wp-content\/uploads\/usu791\/2016\/02\/41.jpg\"><img loading=\"lazy\" decoding=\"async\" class=\" wp-image-1355 alignright\" src=\"http:\/\/agora.xtec.cat\/ceipmestregibert\/wp-content\/uploads\/usu791\/2016\/02\/41.jpg\" alt=\"4\" width=\"260\" height=\"195\" srcset=\"https:\/\/agora.xtec.cat\/ceipmestregibert\/wp-content\/uploads\/usu791\/2016\/02\/41.jpg 466w, https:\/\/agora.xtec.cat\/ceipmestregibert\/wp-content\/uploads\/usu791\/2016\/02\/41-300x225.jpg 300w, https:\/\/agora.xtec.cat\/ceipmestregibert\/wp-content\/uploads\/usu791\/2016\/02\/41-200x150.jpg 200w\" sizes=\"auto, (max-width: 260px) 100vw, 260px\" \/><\/a><\/li>\n<li>Documentaci\u00f3 de projectes.<\/li>\n<li>L\u2019autor ens visita&#8230;( Lola \u00a0 Casas, Care Santos, \u00a0 Ricard Bonmat\u00ed, Pere \u00a0 Marti, Carles Sala,<\/li>\n<li>Enric Lluch, Merc\u00e8 Ar\u00e0nega, Pilar\u00edn Bayes, &#8230;.)<\/li>\n<li>P\u00e0gina web amb acc\u00e9s al cat\u00e0leg, novetats, recomanacions i guies de lectura.<\/li>\n<\/ul>\n<p style=\"text-align: justify;\"><a href=\"http:\/\/aplitic.xtec.cat\/epergam\/web\/biblioteca.jsp\">http:\/\/aplitic.xtec.cat\/epergam\/web\/biblioteca.jsp<\/a><\/p>\n<p>&nbsp;<\/p>\n<h1 dir=\"ltr\">30 minuts de lectura diaris<\/h1>\n<p dir=\"ltr\">Al curs 2018-19 es van actualitzar les biblioteques d\u2019aula per a tota la Prim\u00e0ria. Durant mitja hora di\u00e0ria de lectura, tots els infants tenen l\u2019oportunitat de mirar, tocar, remenar, llegir i gaudir d\u2019una selecci\u00f3 de llibres del fons de la biblioteca: c\u00f2mics, poesia, contes\u2026..i una acurada tria de nous llibres de coneixements!!!<\/p>\n<p dir=\"ltr\">A continuaci\u00f3 teniu un article de la nostra web on es veuen les nostres biblioteques d&#8217;aula: <a href=\"https:\/\/agora.xtec.cat\/ceipmestregibert\/general\/biblioteques-daula\/\">Cliqueu a l&#8217;enlla\u00e7<\/a><\/p>\n","protected":false},"excerpt":{"rendered":"<p>&nbsp;<br \/>\nLA LECTURA, FONT DE PLAER I CONEIXEMENT<br \/>\nLa nostra escola porta el distintiu de centre innovador pel projecte<a href=\"http:\/\/agora.xtec.cat\/ceipmestregibert\/wp-content\/uploads\/usu791\/2016\/02\/1.png\"><\/a>\u201cPunt-edu biblioteca escolar\u201d. Aquest projecte es\u00a0 duu a terme des del curs 2006-07 i \u00a0pretenem:<\/p>\n<ul style=\"text-align: justify;\">\n<li>Potenciar el gust per la lectura.<\/li>\n<li>Fer de la biblioteca de l\u2019escola un&hellip;  <a href=\"https:\/\/agora.xtec.cat\/ceipmestregibert\/projectes\/puntedu-biblioteca-escolar\/\" title=\"Read Puntedu-Biblioteca escolar\">Llegeix m\u00e9s\u00bb<\/a><br \/>\n","protected":false},"author":4,"featured_media":0,"parent":1025,"menu_order":40,"comment_status":"closed","ping_status":"closed","template":"page-templates\/side-menu.php","meta":{"_bbp_topic_count":0,"_bbp_reply_count":0,"_bbp_total_topic_count":0,"_bbp_total_reply_count":0,"_bbp_voice_count":0,"_bbp_anonymous_reply_count":0,"_bbp_topic_count_hidden":0,"_bbp_reply_count_hidden":0,"_bbp_forum_subforum_count":0,"footnotes":""},"class_list":["post-1351","page","type-page","status-publish","hentry"],"post_mailing_queue_ids":[],"_links":{"self":[{"href":"https:\/\/agora.xtec.cat\/ceipmestregibert\/wp-json\/wp\/v2\/pages\/1351","targetHints":{"allow":["GET"]}}],"collection":[{"href":"https:\/\/agora.xtec.cat\/ceipmestregibert\/wp-json\/wp\/v2\/pages"}],"about":[{"href":"https:\/\/agora.xtec.cat\/ceipmestregibert\/wp-json\/wp\/v2\/types\/page"}],"author":[{"embeddable":true,"href":"https:\/\/agora.xtec.cat\/ceipmestregibert\/wp-json\/wp\/v2\/users\/4"}],"replies":[{"embeddable":true,"href":"https:\/\/agora.xtec.cat\/ceipmestregibert\/wp-json\/wp\/v2\/comments?post=1351"}],"version-history":[{"count":3,"href":"https:\/\/agora.xtec.cat\/ceipmestregibert\/wp-json\/wp\/v2\/pages\/1351\/revisions"}],"predecessor-version":[{"id":7111,"href":"https:\/\/agora.xtec.cat\/ceipmestregibert\/wp-json\/wp\/v2\/pages\/1351\/revisions\/7111"}],"up":[{"embeddable":true,"href":"https:\/\/agora.xtec.cat\/ceipmestregibert\/wp-json\/wp\/v2\/pages\/1025"}],"wp:attachment":[{"href":"https:\/\/agora.xtec.cat\/ceipmestregibert\/wp-json\/wp\/v2\/media?parent=1351"}],"curies":[{"name":"wp","href":"https:\/\/api.w.org\/{rel}","templated":true}]}}