{"id":1316,"date":"2016-02-16T00:47:36","date_gmt":"2016-02-15T23:47:36","guid":{"rendered":"http:\/\/agora.xtec.cat\/ceipmestregibert\/?page_id=1316"},"modified":"2021-12-21T12:39:29","modified_gmt":"2021-12-21T11:39:29","slug":"llengua-anglesa","status":"publish","type":"page","link":"https:\/\/agora.xtec.cat\/ceipmestregibert\/projectes\/llengua-anglesa\/","title":{"rendered":"Tractament de la Llengua anglesa"},"content":{"rendered":"<p dir=\"ltr\">L\u2019ensenyament de l\u2019angl\u00e8s com a llengua estrangera \u00e9s una de les prioritats de l\u2019escola, que s\u2019inicia a P3 i continua al llarg de tota l\u2019Educaci\u00f3 Prim\u00e0ria, augmentant l\u2019exposici\u00f3 a la llengua de manera gradual.<\/p>\n<p dir=\"ltr\">Som escola GEP (Grup d\u2019experimentaci\u00f3 del pluriling\u00fcisme) i per tant, no nom\u00e9s s\u2019ensenya la llengua anglesa com una \u00e0rea en s\u00ed mateixa, sin\u00f3 que s\u2019imparteixen altres \u00e0rees en llengua anglesa. Fem AICLE (aprenentatge integrat de continguts i llengua estrangera) des de P3 fins a 6\u00e8, a les \u00e0rees de psicomotricitat, pl\u00e0stica i coneixement del medi natural.<\/p>\n<p dir=\"ltr\">L\u2019aprenentatge de l\u2019angl\u00e8s es refor\u00e7a tamb\u00e9 amb activitats complement\u00e0ries de dansa, teatre, col\u00f2nies\u2026 amb referents nadius,\u00a0 sempre que sigui possible. Els darrers dos anys hem pogut gaudir d\u2019auxiliars ling\u00fc\u00edstiques dels Estats Units, per a realitzar grups redu\u00efts de conversa.<\/p>\n<p>&nbsp;<\/p>\n<p style=\"text-align: justify;\"><strong>EDUCACI\u00d3 INFANTIL<\/strong><\/p>\n<p><strong>Llengua anglesa:<\/strong><\/p>\n<p dir=\"ltr\">L\u2019objectiu principal \u00e9s desenvolupar la compet\u00e8ncia oral, com a eina de comunicaci\u00f3. Per tant, la llengua anglesa esdev\u00e9 un instrument de comunicaci\u00f3, on els\/les alumnes s\u2019hi familiaritzen amb la llengua, i l\u2019utilitzen per a fer petites produccions orals i senzilles, relacionades amb el seu entorn m\u00e9s proper, i amb els projectes\u00a0 d\u2019aula. Els alumnes van descobrint les paraules i les estructures d\u2019una manera global i significativa.<\/p>\n<p>Es fan sessions amb tot el grup, i sessions amb mig grup, per poder atendre millor les necessitats de cadasc\u00fa.\u00a0 L\u2019aprenentatge de la llengua anglesa es fa de forma activa i vivencial, a trav\u00e9s de les <strong>rutines<\/strong> di\u00e0ries, l\u2019explicaci\u00f3 de <strong>contes<\/strong> i <strong>hist\u00f2ries<\/strong>, els <strong>jocs<\/strong>, les <strong>can\u00e7ons<\/strong>, les <strong>rimes<\/strong>, els <strong>roleplays<\/strong> senzills, <strong>total physical response<\/strong>.<\/p>\n<p><strong>Espais d&#8217;aprenentatge:<\/strong><\/p>\n<p>S&#8217;organitzen tamb\u00e9,\u00a0 dos cops per setmana, <strong>espais d&#8217;aprenentatge<\/strong> ,\u00a0 on els alumnes de tot infantil treballen barrejats. Aquests espais\u00a0 s\u00f3n:<\/p>\n<p dir=\"ltr\">\u00a0\u00a0\u00a0\u00a0\u00a0\u00a0\u00a0\u00a0&#8211;<strong>Let\u2019s move:<\/strong> aprenen vocabulari b\u00e0sic de les accions, les parts del cos, la roba, les rutines a trav\u00e9s del joc, la m\u00fasica\u00a0 i el moviment.<\/p>\n<p>\u00a0\u00a0\u00a0\u00a0\u00a0\u00a0\u00a0&#8211;<strong>Let\u2019s play:<\/strong> interaccionen oralment i aprenen formes b\u00e0siques de comunicaci\u00f3 a trav\u00e9s del joc simb\u00f2lic a la ludoteca.<\/p>\n<p><b>Aicle -Clil (Psicomotricitat)<\/b><\/p>\n<p dir=\"ltr\">Per acabar de completar l\u2019aprenentatge de l\u2019angl\u00e8s, un cop per setmana, cada grup-classe\u00a0 fa una sessi\u00f3 de<strong> Psicomotricity,<\/strong> on es treballen les formes de salutaci\u00f3, les rutines, l\u2019escalfament, el joc,\u00a0 el moviment, la creativitat, la imaginaci\u00f3, el respecte pels materials, les relacions i les emocions.<\/p>\n<p>&nbsp;<\/p>\n<p><strong>EDUCACI\u00d3 PRIM\u00c0RIA<\/strong><\/p>\n<p><strong>\u00c0rea de llengua anglesa:<\/strong><\/p>\n<p dir=\"ltr\">A l\u2019Educaci\u00f3 Prim\u00e0ria es desenvolupen les destreses comunicatives a partir d\u2019un context significatiu on es potenci\u00ef la interacci\u00f3 oral entre l\u2019alumnat. Fem\u00a0 sessions en gran grup i amb grups desdoblats de <strong>listening and speaking<\/strong>, per a treballar l\u2019expressi\u00f3 i la comprensi\u00f3 oral.<\/p>\n<p dir=\"ltr\">La metodologia que s\u2019utilitza \u00e9s mitjan\u00e7ant l\u2019\u00fas de <strong>jocs, re\u00e0lia, flashcards, role plays, audicions,\u00a0 can\u00e7ons, di\u00e0legs, v\u00eddeos, representacions, hist\u00f2ries, lectures, tauletes i aplicacions digitals<\/strong> engrescadores\u2026 La din\u00e0mica \u00e9s molt activa i participativa.<\/p>\n<p dir=\"ltr\">Per a l&#8217;alumnat m\u00e9s gran, a mesura que van tenint un domini m\u00e9s ampli de la llengua, s\u2019organitzen tamb\u00e9 sessions per a treballar la comprensi\u00f3 i l\u2019expressi\u00f3 escrita.<\/p>\n<p style=\"text-align: justify;\">A l\u2019Educaci\u00f3 Prim\u00e0ria es desenvolupen les destreses comunicatives a partir d\u2019un context significatiu on es potenci\u00ef la interacci\u00f3 oral entre l\u2019alumnat.\u00a0Fem\u00a0 sessions en gran grup i amb <strong>\u00a0<\/strong>grups desdoblats de <strong>listening and speaking<\/strong>, per a treballar l&#8217;expressi\u00f3 i la comprensi\u00f3 oral.<\/p>\n<p><strong>Gust per la lectura:<\/strong><\/p>\n<p dir=\"ltr\">Setmanalment fem una sessi\u00f3 de 30 minuts on els alumnes trien i remenen llibres i revistes en angl\u00e8s, per gaudir de la lectura. Aquestes sessions van variant al llarg del curs entre, lectura individual, lectura col.lectiva, lectura d\u2019experts, i comentari de llibres.<\/p>\n<p><strong>Aicle-Clil ( Art &#8211; Science &#8211; Physical Education)<\/strong><\/p>\n<p dir=\"ltr\">Entenem que la llengua estrangera s\u2019apr\u00e8n millor quan s\u2019utilitza de forma contextualitzada, per tant ja fa anys que\u00a0 al llarg de tota la Prim\u00e0ria, les \u00e0rees de pl\u00e0stica i coneixement del medi natural s\u2019imparteixen en angl\u00e8s (AICLE-CLIL)<\/p>\n<ul>\n<li><strong>Tallers de pl\u00e0stica<\/strong> :\u00a0<span style=\"font-family: inherit; font-size: 1em;\">De primer a sis\u00e8,\u00a0 setmanalment l&#8217;alumnat del cicle es barreja per\u00a0 anar a diferents tallers de pl\u00e0stica . Es treballa el volum, el color, el dibuix i la rob\u00f2tica.\u00a0 Dos d\u2019aquests tallers s\u00f3n en llengua anglesa. Al llarg de la Prim\u00e0ria els\/les alumnes faran sis tallers diferents de pl\u00e0stica en angl\u00e8s.\u00a0<\/span><\/li>\n<li><strong>Physical Education: <\/strong>Els alumnes de 1r i 2n, realitzen dues sessions setmanals d&#8217;educaci\u00f3 f\u00edsica.\n<p dir=\"ltr\">L\u2019objectiu de l\u2019escola \u00e9s fomentar l\u2019\u00fas d\u2019aquesta llengua en una situaci\u00f3 molt diversa a la que es viu a l\u2019aula d\u2019angl\u00e8s, on els nens i nenes es familiaritzen amb expressions i vocabulari propi de les sessions d\u2019educaci\u00f3 f\u00edsica (parts del cos, normes i estrat\u00e8gies, els noms dels materials, jocs i esports practicats, etc).\u00a0 El segon objectiu \u00e9s donar continu\u00eftat a la psicomotricity que fan a l&#8217;etapa d&#8217;educaci\u00f3 infantil.<\/p>\n<\/li>\n<li>\n<p dir=\"ltr\"><strong style=\"font-family: inherit; font-size: 1em;\"><strong>Science :\u00a0<\/strong><\/strong><span style=\"font-family: inherit; font-size: 1em;\">Els alumnes de 3r a 6\u00e8\u00a0 treballen unitats de medi natural en angl\u00e8s, setmanalment, i en grups redu\u00efts.\u00a0 Aprenen de forma contextualitzada i pr\u00e0ctica, ja que hi ha la necessitat d\u2019utilitzar l\u2019angl\u00e8s per a comunicar-se, \u00a0<strong>investigar,<\/strong> fer <strong>experiments<\/strong>,<strong> descobrir,<\/strong> fer <strong>hip\u00f2tesis<\/strong>, prendre decisions\u2026 cosa que provoca que l\u2019aprenentatge sigui\u00a0 m\u00e9s proper i significatiu, donant-li un valor afegit. Se li d\u00f3na m\u00e0xima import\u00e0ncia al <strong>treball cooperatiu<\/strong> i en grup, a l\u2019<strong>expressi\u00f3 oral<\/strong>, a l\u2019<strong>experiementaci\u00f3<\/strong>, l\u2019<strong>observaci\u00f3<\/strong>, la recollida de <strong>dades<\/strong> i la formulaci\u00f3 de <strong>conclusions<\/strong>, seguint el <strong>m\u00e8tode cient\u00edfic<\/strong>.<\/span><\/p>\n<\/li>\n<\/ul>\n<p dir=\"ltr\">Les unitats que es treballen s\u00f3n:<\/p>\n<ul>\n<li dir=\"ltr\">\n<p dir=\"ltr\" role=\"presentation\">Tercer: Water in Nature- Plants- Food and Nutrition<\/p>\n<\/li>\n<li dir=\"ltr\">\n<p dir=\"ltr\" role=\"presentation\">Quart: Organs and Systems in the Body- Materials and Properties- The Solar System<\/p>\n<\/li>\n<li dir=\"ltr\">\n<p dir=\"ltr\" role=\"presentation\">Cinqu\u00e8: Extreme Earth- Meteorology- Vertebrates and Invertebrates<\/p>\n<\/li>\n<li dir=\"ltr\">\n<p dir=\"ltr\" role=\"presentation\">Sis\u00e8: Electricity and Energy- Flowering Plants- Matter and Substances.<\/p>\n<\/li>\n<\/ul>\n","protected":false},"excerpt":{"rendered":"<p>L\u2019ensenyament de l\u2019angl\u00e8s com a llengua estrangera \u00e9s una de les prioritats de l\u2019escola, que s\u2019inicia a P3 i continua al llarg de tota l\u2019Educaci\u00f3 Prim\u00e0ria, augmentant l\u2019exposici\u00f3 a la llengua de manera gradual.<br \/>\nSom escola GEP (Grup d\u2019experimentaci\u00f3 del pluriling\u00fcisme) i per tant, no nom\u00e9s&hellip;  <a href=\"https:\/\/agora.xtec.cat\/ceipmestregibert\/projectes\/llengua-anglesa\/\" title=\"Read Tractament de la Llengua anglesa\">Llegeix m\u00e9s\u00bb<\/a><\/p>\n","protected":false},"author":4,"featured_media":0,"parent":1025,"menu_order":30,"comment_status":"closed","ping_status":"closed","template":"page-templates\/side-menu.php","meta":{"_bbp_topic_count":0,"_bbp_reply_count":0,"_bbp_total_topic_count":0,"_bbp_total_reply_count":0,"_bbp_voice_count":0,"_bbp_anonymous_reply_count":0,"_bbp_topic_count_hidden":0,"_bbp_reply_count_hidden":0,"_bbp_forum_subforum_count":0,"footnotes":""},"class_list":["post-1316","page","type-page","status-publish","hentry"],"post_mailing_queue_ids":[],"_links":{"self":[{"href":"https:\/\/agora.xtec.cat\/ceipmestregibert\/wp-json\/wp\/v2\/pages\/1316","targetHints":{"allow":["GET"]}}],"collection":[{"href":"https:\/\/agora.xtec.cat\/ceipmestregibert\/wp-json\/wp\/v2\/pages"}],"about":[{"href":"https:\/\/agora.xtec.cat\/ceipmestregibert\/wp-json\/wp\/v2\/types\/page"}],"author":[{"embeddable":true,"href":"https:\/\/agora.xtec.cat\/ceipmestregibert\/wp-json\/wp\/v2\/users\/4"}],"replies":[{"embeddable":true,"href":"https:\/\/agora.xtec.cat\/ceipmestregibert\/wp-json\/wp\/v2\/comments?post=1316"}],"version-history":[{"count":4,"href":"https:\/\/agora.xtec.cat\/ceipmestregibert\/wp-json\/wp\/v2\/pages\/1316\/revisions"}],"predecessor-version":[{"id":9218,"href":"https:\/\/agora.xtec.cat\/ceipmestregibert\/wp-json\/wp\/v2\/pages\/1316\/revisions\/9218"}],"up":[{"embeddable":true,"href":"https:\/\/agora.xtec.cat\/ceipmestregibert\/wp-json\/wp\/v2\/pages\/1025"}],"wp:attachment":[{"href":"https:\/\/agora.xtec.cat\/ceipmestregibert\/wp-json\/wp\/v2\/media?parent=1316"}],"curies":[{"name":"wp","href":"https:\/\/api.w.org\/{rel}","templated":true}]}}