{"id":1285,"date":"2016-02-15T23:21:27","date_gmt":"2016-02-15T22:21:27","guid":{"rendered":"http:\/\/agora.xtec.cat\/ceipmestregibert\/?page_id=1285"},"modified":"2016-02-22T16:14:21","modified_gmt":"2016-02-22T15:14:21","slug":"convivim","status":"publish","type":"page","link":"https:\/\/agora.xtec.cat\/ceipmestregibert\/projectes\/convivim\/","title":{"rendered":"Convivim"},"content":{"rendered":"<p style=\"text-align: justify;\">Per aconseguir un clima de conviv\u00e8ncia positiu a l\u2019escola, \u00e9s necessari el comprom\u00eds i l\u2019acci\u00f3 coherent de tota la comunitat educativa.<\/p>\n<p style=\"text-align: justify;\">El nostre projecte gira al voltant de 3 eixos, a trav\u00e9s\u00a0 dels quals potenciem \u00a0valors i actituds personals de \u00a0respecte,\u00a0 superaci\u00f3,\u00a0 responsabilitat, sinceritat i solidaritat.<\/p>\n<p style=\"text-align: justify;\">\r\n\t<div class=\"slideshow_container slideshow_container_style-light\" style=\"height: 300px; \" data-slideshow-id=\"1287\" data-style-name=\"style-light\" data-style-version=\"2.3.1\" >\r\n\r\n\t\t\t\t\t<div class=\"slideshow_loading_icon\"><\/div>\r\n\t\t\r\n\t\t<div class=\"slideshow_content\" style=\"display: none;\">\r\n\r\n\t\t\t<div class=\"slideshow_view\">\r\n\t\t\t\t<div class=\"slideshow_slide slideshow_slide_image\">\r\n\t\t\t\t\t\t\t\t\t\t\t<img src=\"https:\/\/agora.xtec.cat\/ceipmestregibert\/wp-content\/uploads\/usu791\/2016\/02\/6.jpg\" alt=\"6\" width=\"410\" height=\"389\" \/>\r\n\t\t\t\t\t\t\t\t\t\t<div class=\"slideshow_description_box slideshow_transparent\">\r\n\t\t\t\t\t\t\t\t\t\t\t\t\t\t\t\t\t<\/div>\r\n\t\t\t\t<\/div>\r\n\r\n\t\t\t\t\t\t<div style=\"clear: both;\"><\/div><\/div><div class=\"slideshow_view\">\r\n\t\t\t\t<div class=\"slideshow_slide slideshow_slide_image\">\r\n\t\t\t\t\t\t\t\t\t\t\t<img src=\"https:\/\/agora.xtec.cat\/ceipmestregibert\/wp-content\/uploads\/usu791\/2016\/02\/5.jpg\" alt=\"5\" width=\"426\" height=\"324\" \/>\r\n\t\t\t\t\t\t\t\t\t\t<div class=\"slideshow_description_box slideshow_transparent\">\r\n\t\t\t\t\t\t\t\t\t\t\t\t\t\t\t\t\t<\/div>\r\n\t\t\t\t<\/div>\r\n\r\n\t\t\t\t\t\t<div style=\"clear: both;\"><\/div><\/div><div class=\"slideshow_view\">\r\n\t\t\t\t<div class=\"slideshow_slide slideshow_slide_image\">\r\n\t\t\t\t\t\t\t\t\t\t\t<img src=\"https:\/\/agora.xtec.cat\/ceipmestregibert\/wp-content\/uploads\/usu791\/2016\/02\/4.jpg\" alt=\"4\" width=\"374\" height=\"438\" \/>\r\n\t\t\t\t\t\t\t\t\t\t<div class=\"slideshow_description_box slideshow_transparent\">\r\n\t\t\t\t\t\t\t\t\t\t\t\t\t\t\t\t\t<\/div>\r\n\t\t\t\t<\/div>\r\n\r\n\t\t\t\t\t\t<div style=\"clear: both;\"><\/div><\/div><div class=\"slideshow_view\">\r\n\t\t\t\t<div class=\"slideshow_slide slideshow_slide_image\">\r\n\t\t\t\t\t\t\t\t\t\t\t<img src=\"https:\/\/agora.xtec.cat\/ceipmestregibert\/wp-content\/uploads\/usu791\/2016\/02\/3.jpg\" alt=\"3\" width=\"486\" height=\"352\" \/>\r\n\t\t\t\t\t\t\t\t\t\t<div class=\"slideshow_description_box slideshow_transparent\">\r\n\t\t\t\t\t\t\t\t\t\t\t\t\t\t\t\t\t<\/div>\r\n\t\t\t\t<\/div>\r\n\r\n\t\t\t\t\t\t<div style=\"clear: both;\"><\/div><\/div><div class=\"slideshow_view\">\r\n\t\t\t\t<div class=\"slideshow_slide slideshow_slide_image\">\r\n\t\t\t\t\t\t\t\t\t\t\t<img src=\"https:\/\/agora.xtec.cat\/ceipmestregibert\/wp-content\/uploads\/usu791\/2016\/02\/2.jpg\" alt=\"2\" width=\"442\" height=\"332\" \/>\r\n\t\t\t\t\t\t\t\t\t\t<div class=\"slideshow_description_box slideshow_transparent\">\r\n\t\t\t\t\t\t\t\t\t\t\t\t\t\t\t\t\t<\/div>\r\n\t\t\t\t<\/div>\r\n\r\n\t\t\t\t\t\t<div style=\"clear: both;\"><\/div><\/div><div class=\"slideshow_view\">\r\n\t\t\t\t<div class=\"slideshow_slide slideshow_slide_image\">\r\n\t\t\t\t\t\t\t\t\t\t\t<img src=\"https:\/\/agora.xtec.cat\/ceipmestregibert\/wp-content\/uploads\/usu791\/2016\/02\/convivim-1.jpg\" alt=\"convivim 1\" width=\"454\" height=\"351\" \/>\r\n\t\t\t\t\t\t\t\t\t\t<div class=\"slideshow_description_box slideshow_transparent\">\r\n\t\t\t\t\t\t\t\t\t\t\t\t\t\t\t\t\t<\/div>\r\n\t\t\t\t<\/div>\r\n\r\n\t\t\t\t\t\t<div style=\"clear: both;\"><\/div><\/div>\r\n\t\t<\/div>\r\n\r\n\t\t<div class=\"slideshow_controlPanel slideshow_transparent\" style=\"display: none;\"><ul><li class=\"slideshow_togglePlay\" data-play-text=\"Visualitza\" data-pause-text=\"Pausa\"><\/li><\/ul><\/div>\r\n\r\n\t\t<div class=\"slideshow_button slideshow_previous slideshow_transparent\" role=\"button\" data-previous-text=\"Anterior\" style=\"display: none;\"><\/div>\r\n\t\t<div class=\"slideshow_button slideshow_next slideshow_transparent\" role=\"button\" data-next-text=\"Seg\u00fcent\" style=\"display: none;\"><\/div>\r\n\r\n\t\t<div class=\"slideshow_pagination\" style=\"display: none;\" data-go-to-text=\"V\u00e9s a la diapositiva\"><div class=\"slideshow_pagination_center\"><\/div><\/div>\r\n\r\n\t\t<!-- WordPress Slideshow Version 2.3.1 -->\r\n\r\n\t\t\t<\/div>\r\n\r\n<\/p>\n<ul style=\"text-align: justify;\">\n<li><strong>Eix de la identitat<\/strong>: L\u2019educaci\u00f3 com a projecte personal.<\/li>\n<\/ul>\n<p style=\"text-align: justify;\">Ajudar en el progr\u00e9s personal i col\u00b7lectiu del nostre alumnat.<\/p>\n<ul style=\"text-align: justify;\">\n<li><strong>Eix de la relaci\u00f3<\/strong>: Saber relacionar-se amb els altres i amb l\u2019entorn.<\/li>\n<li><strong>Eix de la Solidaritat:<\/strong> L\u2019educaci\u00f3 com a projecte hum\u00e0. Actuar solid\u00e0riament.<\/li>\n<\/ul>\n<p style=\"text-align: justify;\">Comportar-se d\u2019acord amb unes pautes de conviv\u00e8ncia que portin als nostres alumnes cap al respecte i la col\u00b7laboraci\u00f3 amb les persones i l\u2019entorn que els envolten.<\/p>\n<p style=\"text-align: justify;\">Algunes de les activitats \u00a0que fem s\u00f3n:<\/p>\n<ul>\n<li style=\"text-align: justify;\">\u201cJardins: un projecte compartit\u201d: els alumnes de 4t, col\u00b7laboren en el manteniment dels jardins de l\u2019escola, treballant conjuntament amb l\u2019AREP (Associaci\u00f3 per a la Rehabilitaci\u00f3 de\u00a0 Persones amb malaltia mental). L\u2019any 2015 vam guanyar el Premi Garci com a projecte d\u2019inserci\u00f3 socio-comunit\u00e0ria<\/li>\n<li style=\"text-align: justify;\">\u201cReunions de delegats\u201d: els delegats de 2n a 6\u00e8 es reuneixen un cop al mes amb la direcci\u00f3 de l\u2019escola, planifiquen i busquen solucions a temes que els afecten.<\/li>\n<li style=\"text-align: justify;\">\u201cApadrinament lector\u201d: els alumnes de 6\u00e8 acompanyen emocionalment als alumnes de P5 en el seu proc\u00e9s de la lectura.<\/li>\n<li style=\"text-align: justify;\">\u201cEntre tots ho farem tot\u201d: potenciem la responsabilitat i l\u2019autonomia amb els c\u00e0rrecs de classe<\/li>\n<li style=\"text-align: justify;\">\u201cTractem-nos b\u00e9\u201d i \u201c Saber ser i estar\u201d: Prevenci\u00f3, resoluci\u00f3 de conflictes i normes de conviv\u00e8ncia.<\/li>\n<\/ul>\n","protected":false},"excerpt":{"rendered":"<p>Per aconseguir un clima de conviv\u00e8ncia positiu a l\u2019escola, \u00e9s necessari el comprom\u00eds i l\u2019acci\u00f3 coherent de tota la comunitat educativa.<br \/>\nEl nostre projecte gira al voltant de 3 eixos, a trav\u00e9s\u00a0 dels quals potenciem \u00a0valors i actituds personals de \u00a0respecte,\u00a0 superaci\u00f3,\u00a0 responsabilitat, sinceritat i solidaritat.<\/p>\n<ul><li&hellip;  <a href=\"https:\/\/agora.xtec.cat\/ceipmestregibert\/projectes\/convivim\/\" title=\"Read Convivim\">Llegeix m\u00e9s\u00bb<\/a><\/p>\n","protected":false},"author":4,"featured_media":0,"parent":1025,"menu_order":20,"comment_status":"closed","ping_status":"closed","template":"page-templates\/side-menu.php","meta":{"_bbp_topic_count":0,"_bbp_reply_count":0,"_bbp_total_topic_count":0,"_bbp_total_reply_count":0,"_bbp_voice_count":0,"_bbp_anonymous_reply_count":0,"_bbp_topic_count_hidden":0,"_bbp_reply_count_hidden":0,"_bbp_forum_subforum_count":0,"footnotes":""},"class_list":["post-1285","page","type-page","status-publish","hentry"],"post_mailing_queue_ids":[],"_links":{"self":[{"href":"https:\/\/agora.xtec.cat\/ceipmestregibert\/wp-json\/wp\/v2\/pages\/1285","targetHints":{"allow":["GET"]}}],"collection":[{"href":"https:\/\/agora.xtec.cat\/ceipmestregibert\/wp-json\/wp\/v2\/pages"}],"about":[{"href":"https:\/\/agora.xtec.cat\/ceipmestregibert\/wp-json\/wp\/v2\/types\/page"}],"author":[{"embeddable":true,"href":"https:\/\/agora.xtec.cat\/ceipmestregibert\/wp-json\/wp\/v2\/users\/4"}],"replies":[{"embeddable":true,"href":"https:\/\/agora.xtec.cat\/ceipmestregibert\/wp-json\/wp\/v2\/comments?post=1285"}],"version-history":[{"count":3,"href":"https:\/\/agora.xtec.cat\/ceipmestregibert\/wp-json\/wp\/v2\/pages\/1285\/revisions"}],"predecessor-version":[{"id":1361,"href":"https:\/\/agora.xtec.cat\/ceipmestregibert\/wp-json\/wp\/v2\/pages\/1285\/revisions\/1361"}],"up":[{"embeddable":true,"href":"https:\/\/agora.xtec.cat\/ceipmestregibert\/wp-json\/wp\/v2\/pages\/1025"}],"wp:attachment":[{"href":"https:\/\/agora.xtec.cat\/ceipmestregibert\/wp-json\/wp\/v2\/media?parent=1285"}],"curies":[{"name":"wp","href":"https:\/\/api.w.org\/{rel}","templated":true}]}}