{"id":12108,"date":"2025-11-10T13:22:12","date_gmt":"2025-11-10T12:22:12","guid":{"rendered":"https:\/\/agora.xtec.cat\/ceipmestregibert\/?page_id=12108"},"modified":"2025-11-10T13:22:12","modified_gmt":"2025-11-10T12:22:12","slug":"radio-escolar","status":"publish","type":"page","link":"https:\/\/agora.xtec.cat\/ceipmestregibert\/radio-escolar\/","title":{"rendered":"R\u00e0dio escolar"},"content":{"rendered":"<p>El curs 2025\/2026 hem volgut iniciar un nou projecte escolar amb l&#8217;alumnat de 6\u00e8, la <strong>r\u00e0dio escolar<\/strong>. De forma peri\u00f2dica, l&#8217;alumnat participar\u00e0 en un podcast de r\u00e0dio, en el qual parlen de diversos temes d&#8217;actualitat i que els genera inter\u00e8s o inquietuds.<\/p>\n<p>Anirem publicant a la web cada podcast que l&#8217;alumant de 6\u00e8 faci. Estigueu atents i atentes.<\/p>\n","protected":false},"excerpt":{"rendered":"<p>El curs 2025\/2026 hem volgut iniciar un nou projecte escolar amb l&#8217;alumnat de 6\u00e8, la r\u00e0dio escolar. De forma peri\u00f2dica, l&#8217;alumnat participar\u00e0 en un podcast de r\u00e0dio, en el qual parlen de diversos temes d&#8217;actualitat i que els genera inter\u00e8s o inquietuds.<br \/>\nAnirem publicant a la&hellip;  <a href=\"https:\/\/agora.xtec.cat\/ceipmestregibert\/radio-escolar\/\" title=\"Read R\u00e0dio escolar\">Llegeix m\u00e9s\u00bb<\/a><\/p>\n","protected":false},"author":8,"featured_media":0,"parent":0,"menu_order":0,"comment_status":"closed","ping_status":"closed","template":"","meta":{"_bbp_topic_count":0,"_bbp_reply_count":0,"_bbp_total_topic_count":0,"_bbp_total_reply_count":0,"_bbp_voice_count":0,"_bbp_anonymous_reply_count":0,"_bbp_topic_count_hidden":0,"_bbp_reply_count_hidden":0,"_bbp_forum_subforum_count":0,"footnotes":""},"class_list":["post-12108","page","type-page","status-publish","hentry"],"post_mailing_queue_ids":[],"_links":{"self":[{"href":"https:\/\/agora.xtec.cat\/ceipmestregibert\/wp-json\/wp\/v2\/pages\/12108","targetHints":{"allow":["GET"]}}],"collection":[{"href":"https:\/\/agora.xtec.cat\/ceipmestregibert\/wp-json\/wp\/v2\/pages"}],"about":[{"href":"https:\/\/agora.xtec.cat\/ceipmestregibert\/wp-json\/wp\/v2\/types\/page"}],"author":[{"embeddable":true,"href":"https:\/\/agora.xtec.cat\/ceipmestregibert\/wp-json\/wp\/v2\/users\/8"}],"replies":[{"embeddable":true,"href":"https:\/\/agora.xtec.cat\/ceipmestregibert\/wp-json\/wp\/v2\/comments?post=12108"}],"version-history":[{"count":1,"href":"https:\/\/agora.xtec.cat\/ceipmestregibert\/wp-json\/wp\/v2\/pages\/12108\/revisions"}],"predecessor-version":[{"id":12109,"href":"https:\/\/agora.xtec.cat\/ceipmestregibert\/wp-json\/wp\/v2\/pages\/12108\/revisions\/12109"}],"wp:attachment":[{"href":"https:\/\/agora.xtec.cat\/ceipmestregibert\/wp-json\/wp\/v2\/media?parent=12108"}],"curies":[{"name":"wp","href":"https:\/\/api.w.org\/{rel}","templated":true}]}}