{"id":1207,"date":"2016-02-01T13:04:52","date_gmt":"2016-02-01T12:04:52","guid":{"rendered":"http:\/\/agora.xtec.cat\/ceipmestregibert\/?page_id=1207"},"modified":"2016-03-16T13:07:58","modified_gmt":"2016-03-16T12:07:58","slug":"agenda-21","status":"publish","type":"page","link":"https:\/\/agora.xtec.cat\/ceipmestregibert\/projectes\/agenda-21\/","title":{"rendered":"Agenda 21"},"content":{"rendered":"<p style=\"text-align: justify;\">El curs 2008 \/ 09\u00a0 la nostra escola s\u2019incorpora al programa de l\u2019Ajuntament \u00a0\u00a0Barcelona Escoles + Sostenibles ( abans agenda 21 escolar ) pensat per facilitar \u00a0la \u00a0implicaci\u00f3 dels centres educatius en l\u2019ambici\u00f3s projecte d\u2019imaginar i construir un m\u00f3n millor i m\u00e9s sostenible.<\/p>\n<p style=\"text-align: justify;\">Des d\u2019aleshores hem anat elaborant diversos projectes en els que s\u2019ha implicat tota l\u2019escola i que ens han portat a:<\/p>\n<ul style=\"text-align: justify;\">\n<li>Tenir un hort on plantem, observem i experimentem.<\/li>\n<li>Ampliar la diversitat de les plantes i arbres del pati i millorar el seu estat.<\/li>\n<li>Desenvolupar un projecte de col\u00b7laboraci\u00f3 amb la fundaci\u00f3 AREP. Alguns dels seus membres\u00a0 i els alumnes de 4t tenen cura del jard\u00ed.<\/li>\n<li>Fer un petit jard\u00ed al terrat que cuiden els nens d\u2019Educaci\u00f3 Infantil.<\/li>\n<li>Conscienciar-nos de la necessitat de no malbaratar l\u2019aigua.<\/li>\n<li>Reduir residus i fer-ne la recollida selectiva per reciclar-los. Per aix\u00f2:<\/li>\n<\/ul>\n<p style=\"text-align: justify;\">\u00a0\u00a0 Utilitzem carmanyoles o boc\u2019n roll\u2019s per portar l\u2019esmorzar.<\/p>\n<p style=\"text-align: justify;\">\u00a0\u00a0\u00a0\u00a0\u00a0\u00a0\u00a0\u00a0\u00a0\u00a0\u00a0 No\u00a0 portem\u00a0 a\u00a0 l\u2019escola\u00a0 paper d\u2019alumini.<\/p>\n<p style=\"text-align: justify;\">\u00a0\u00a0\u00a0\u00a0\u00a0\u00a0\u00a0\u00a0\u00a0\u00a0\u00a0 Evitem els\u00a0 envasos i embolcalls innecessaris.<\/p>\n<p style=\"text-align: justify;\">\u00a0\u00a0\u00a0\u00a0\u00a0\u00a0\u00a0\u00a0\u00a0\u00a0\u00a0 Separem paper, pl\u00e0stic i mat\u00e8ria org\u00e0nica.<\/p>\n<ul style=\"text-align: justify;\">\n<li>Fer un consum responsable i sostenible.<\/li>\n<li>Cam\u00ed escolar.<\/li>\n<\/ul>\n<p style=\"text-align: justify;\"><iframe loading=\"lazy\" src=\"\/\/player.vimeo.com\/video\/155362394?title=0&amp;amp;byline=0\" width=\"500\" height=\"281\" frameborder=\"0\" allowfullscreen=\"allowfullscreen\"><\/iframe><\/p>\n<p><a href=\"https:\/\/vimeo.com\/155362394\">BONES PR\u00c0CTIQUES CAM\u00cd ESCOLAR CAM\u00cd ESCOLAR BARRI SANT ANDREU<\/a>.<\/p>\n<p style=\"text-align: justify;\">Projecte impulsat per l\u2019Ajuntament amb l\u2019objectiu de recuperar el barri com \u00a0espai de conviv\u00e8ncia, on els nens i nenes puguin circular\u00a0 pel carrer d\u2019una manera aut\u00f2noma i segura.<\/p>\n<p style=\"text-align: justify;\">Intentem anar incorporant noves actuacions sense deixar de banda el que hem anat aconseguint. Visites, tallers i activitats de sensibilitzaci\u00f3 ens ajuden a recordar i reflexionar sobre el que estem fent i el m\u00f3n que volem.<\/p>\n<p style=\"text-align: justify;\">\r\n\t<div class=\"slideshow_container slideshow_container_style-light\" style=\" \" data-slideshow-id=\"1298\" data-style-name=\"style-light\" data-style-version=\"2.3.1\" >\r\n\r\n\t\t\t\t\t<div class=\"slideshow_loading_icon\"><\/div>\r\n\t\t\r\n\t\t<div class=\"slideshow_content\" style=\"display: none;\">\r\n\r\n\t\t\t<div class=\"slideshow_view\">\r\n\t\t\t\t<div class=\"slideshow_slide slideshow_slide_image\">\r\n\t\t\t\t\t\t\t\t\t\t\t<img src=\"https:\/\/agora.xtec.cat\/ceipmestregibert\/wp-content\/uploads\/usu791\/2016\/02\/Agenda-21-8.jpg\" alt=\"Agenda 21 (8)\" width=\"542\" height=\"406\" \/>\r\n\t\t\t\t\t\t\t\t\t\t<div class=\"slideshow_description_box slideshow_transparent\">\r\n\t\t\t\t\t\t<div class=\"slideshow_title\">Agenda 21 (8)<\/div>\t\t\t\t\t\t\t\t\t\t\t<\/div>\r\n\t\t\t\t<\/div>\r\n\r\n\t\t\t\t\t\t<div style=\"clear: both;\"><\/div><\/div><div class=\"slideshow_view\">\r\n\t\t\t\t<div class=\"slideshow_slide slideshow_slide_image\">\r\n\t\t\t\t\t\t\t\t\t\t\t<img src=\"https:\/\/agora.xtec.cat\/ceipmestregibert\/wp-content\/uploads\/usu791\/2016\/02\/Agenda-21-7.jpg\" alt=\"Agenda 21 (7)\" width=\"407\" height=\"541\" \/>\r\n\t\t\t\t\t\t\t\t\t\t<div class=\"slideshow_description_box slideshow_transparent\">\r\n\t\t\t\t\t\t<div class=\"slideshow_title\">Agenda 21 (7)<\/div>\t\t\t\t\t\t\t\t\t\t\t<\/div>\r\n\t\t\t\t<\/div>\r\n\r\n\t\t\t\t\t\t<div style=\"clear: both;\"><\/div><\/div><div class=\"slideshow_view\">\r\n\t\t\t\t<div class=\"slideshow_slide slideshow_slide_image\">\r\n\t\t\t\t\t\t\t\t\t\t\t<img src=\"https:\/\/agora.xtec.cat\/ceipmestregibert\/wp-content\/uploads\/usu791\/2016\/02\/Agenda-21-6.jpg\" alt=\"Agenda 21 (6)\" width=\"562\" height=\"422\" \/>\r\n\t\t\t\t\t\t\t\t\t\t<div class=\"slideshow_description_box slideshow_transparent\">\r\n\t\t\t\t\t\t<div class=\"slideshow_title\">Agenda 21 (6)<\/div>\t\t\t\t\t\t\t\t\t\t\t<\/div>\r\n\t\t\t\t<\/div>\r\n\r\n\t\t\t\t\t\t<div style=\"clear: both;\"><\/div><\/div><div class=\"slideshow_view\">\r\n\t\t\t\t<div class=\"slideshow_slide slideshow_slide_image\">\r\n\t\t\t\t\t\t\t\t\t\t\t<img src=\"https:\/\/agora.xtec.cat\/ceipmestregibert\/wp-content\/uploads\/usu791\/2016\/02\/Agenda-21-5.jpg\" alt=\"Agenda 21 (5)\" width=\"283\" height=\"350\" \/>\r\n\t\t\t\t\t\t\t\t\t\t<div class=\"slideshow_description_box slideshow_transparent\">\r\n\t\t\t\t\t\t<div class=\"slideshow_title\">Agenda 21 (5)<\/div>\t\t\t\t\t\t\t\t\t\t\t<\/div>\r\n\t\t\t\t<\/div>\r\n\r\n\t\t\t\t\t\t<div style=\"clear: both;\"><\/div><\/div><div class=\"slideshow_view\">\r\n\t\t\t\t<div class=\"slideshow_slide slideshow_slide_image\">\r\n\t\t\t\t\t\t\t\t\t\t\t<img src=\"https:\/\/agora.xtec.cat\/ceipmestregibert\/wp-content\/uploads\/usu791\/2016\/02\/Agenda-21-4.jpg\" alt=\"Agenda 21 (4)\" width=\"502\" height=\"376\" \/>\r\n\t\t\t\t\t\t\t\t\t\t<div class=\"slideshow_description_box slideshow_transparent\">\r\n\t\t\t\t\t\t<div class=\"slideshow_title\">Agenda 21 (4)<\/div>\t\t\t\t\t\t\t\t\t\t\t<\/div>\r\n\t\t\t\t<\/div>\r\n\r\n\t\t\t\t\t\t<div style=\"clear: both;\"><\/div><\/div><div class=\"slideshow_view\">\r\n\t\t\t\t<div class=\"slideshow_slide slideshow_slide_image\">\r\n\t\t\t\t\t\t\t\t\t\t\t<img src=\"https:\/\/agora.xtec.cat\/ceipmestregibert\/wp-content\/uploads\/usu791\/2016\/02\/Agenda-21-3.jpg\" alt=\"Agenda 21 (3)\" width=\"515\" height=\"345\" \/>\r\n\t\t\t\t\t\t\t\t\t\t<div class=\"slideshow_description_box slideshow_transparent\">\r\n\t\t\t\t\t\t<div class=\"slideshow_title\">Agenda 21 (3)<\/div>\t\t\t\t\t\t\t\t\t\t\t<\/div>\r\n\t\t\t\t<\/div>\r\n\r\n\t\t\t\t\t\t<div style=\"clear: both;\"><\/div><\/div><div class=\"slideshow_view\">\r\n\t\t\t\t<div class=\"slideshow_slide slideshow_slide_image\">\r\n\t\t\t\t\t\t\t\t\t\t\t<img src=\"https:\/\/agora.xtec.cat\/ceipmestregibert\/wp-content\/uploads\/usu791\/2016\/02\/Agenda-21-2.jpg\" alt=\"Agenda 21 (2)\" width=\"517\" height=\"345\" \/>\r\n\t\t\t\t\t\t\t\t\t\t<div class=\"slideshow_description_box slideshow_transparent\">\r\n\t\t\t\t\t\t<div class=\"slideshow_title\">Agenda 21 (2)<\/div>\t\t\t\t\t\t\t\t\t\t\t<\/div>\r\n\t\t\t\t<\/div>\r\n\r\n\t\t\t\t\t\t<div style=\"clear: both;\"><\/div><\/div><div class=\"slideshow_view\">\r\n\t\t\t\t<div class=\"slideshow_slide slideshow_slide_image\">\r\n\t\t\t\t\t\t\t\t\t\t\t<img src=\"https:\/\/agora.xtec.cat\/ceipmestregibert\/wp-content\/uploads\/usu791\/2016\/02\/Agenda-21-1.jpg\" alt=\"Agenda 21 (1)\" width=\"588\" height=\"442\" \/>\r\n\t\t\t\t\t\t\t\t\t\t<div class=\"slideshow_description_box slideshow_transparent\">\r\n\t\t\t\t\t\t<div class=\"slideshow_title\">Agenda 21 (1)<\/div>\t\t\t\t\t\t\t\t\t\t\t<\/div>\r\n\t\t\t\t<\/div>\r\n\r\n\t\t\t\t\t\t<div style=\"clear: both;\"><\/div><\/div><div class=\"slideshow_view\">\r\n\t\t\t\t<div class=\"slideshow_slide slideshow_slide_image\">\r\n\t\t\t\t\t\t\t\t\t\t\t<img src=\"https:\/\/agora.xtec.cat\/ceipmestregibert\/wp-content\/uploads\/usu791\/2016\/02\/Agenda-21.jpg\" alt=\"Agenda 21\" width=\"348\" height=\"491\" \/>\r\n\t\t\t\t\t\t\t\t\t\t<div class=\"slideshow_description_box slideshow_transparent\">\r\n\t\t\t\t\t\t<div class=\"slideshow_title\">Agenda 21<\/div>\t\t\t\t\t\t\t\t\t\t\t<\/div>\r\n\t\t\t\t<\/div>\r\n\r\n\t\t\t\t\t\t<div style=\"clear: both;\"><\/div><\/div>\r\n\t\t<\/div>\r\n\r\n\t\t<div class=\"slideshow_controlPanel slideshow_transparent\" style=\"display: none;\"><ul><li class=\"slideshow_togglePlay\" data-play-text=\"Visualitza\" data-pause-text=\"Pausa\"><\/li><\/ul><\/div>\r\n\r\n\t\t<div class=\"slideshow_button slideshow_previous slideshow_transparent\" role=\"button\" data-previous-text=\"Anterior\" style=\"display: none;\"><\/div>\r\n\t\t<div class=\"slideshow_button slideshow_next slideshow_transparent\" role=\"button\" data-next-text=\"Seg\u00fcent\" style=\"display: none;\"><\/div>\r\n\r\n\t\t<div class=\"slideshow_pagination\" style=\"display: none;\" data-go-to-text=\"V\u00e9s a la diapositiva\"><div class=\"slideshow_pagination_center\"><\/div><\/div>\r\n\r\n\t\t<!-- WordPress Slideshow Version 2.3.1 -->\r\n\r\n\t\t\t<\/div>\r\n\r\n<\/p>\n","protected":false},"excerpt":{"rendered":"<p>El curs 2008 \/ 09\u00a0 la nostra escola s\u2019incorpora al programa de l\u2019Ajuntament \u00a0\u00a0Barcelona Escoles + Sostenibles ( abans agenda 21 escolar ) pensat per facilitar \u00a0la \u00a0implicaci\u00f3 dels centres educatius en l\u2019ambici\u00f3s projecte d\u2019imaginar i construir un m\u00f3n millor i m\u00e9s sostenible.<br \/>\nDes d\u2019aleshores hem&hellip;  <a href=\"https:\/\/agora.xtec.cat\/ceipmestregibert\/projectes\/agenda-21\/\" title=\"Read Agenda 21\">Llegeix m\u00e9s\u00bb<\/a><\/p>\n","protected":false},"author":4,"featured_media":0,"parent":1025,"menu_order":10,"comment_status":"closed","ping_status":"closed","template":"page-templates\/side-menu.php","meta":{"_bbp_topic_count":0,"_bbp_reply_count":0,"_bbp_total_topic_count":0,"_bbp_total_reply_count":0,"_bbp_voice_count":0,"_bbp_anonymous_reply_count":0,"_bbp_topic_count_hidden":0,"_bbp_reply_count_hidden":0,"_bbp_forum_subforum_count":0,"footnotes":""},"class_list":["post-1207","page","type-page","status-publish","hentry"],"post_mailing_queue_ids":[],"_links":{"self":[{"href":"https:\/\/agora.xtec.cat\/ceipmestregibert\/wp-json\/wp\/v2\/pages\/1207","targetHints":{"allow":["GET"]}}],"collection":[{"href":"https:\/\/agora.xtec.cat\/ceipmestregibert\/wp-json\/wp\/v2\/pages"}],"about":[{"href":"https:\/\/agora.xtec.cat\/ceipmestregibert\/wp-json\/wp\/v2\/types\/page"}],"author":[{"embeddable":true,"href":"https:\/\/agora.xtec.cat\/ceipmestregibert\/wp-json\/wp\/v2\/users\/4"}],"replies":[{"embeddable":true,"href":"https:\/\/agora.xtec.cat\/ceipmestregibert\/wp-json\/wp\/v2\/comments?post=1207"}],"version-history":[{"count":3,"href":"https:\/\/agora.xtec.cat\/ceipmestregibert\/wp-json\/wp\/v2\/pages\/1207\/revisions"}],"predecessor-version":[{"id":1434,"href":"https:\/\/agora.xtec.cat\/ceipmestregibert\/wp-json\/wp\/v2\/pages\/1207\/revisions\/1434"}],"up":[{"embeddable":true,"href":"https:\/\/agora.xtec.cat\/ceipmestregibert\/wp-json\/wp\/v2\/pages\/1025"}],"wp:attachment":[{"href":"https:\/\/agora.xtec.cat\/ceipmestregibert\/wp-json\/wp\/v2\/media?parent=1207"}],"curies":[{"name":"wp","href":"https:\/\/api.w.org\/{rel}","templated":true}]}}