{"id":64,"date":"2014-09-18T12:39:08","date_gmt":"2014-09-18T11:39:08","guid":{"rendered":"http:\/\/agora.xtec.cat\/ceipmestral\/?page_id=64"},"modified":"2024-04-12T10:53:06","modified_gmt":"2024-04-12T08:53:06","slug":"projecte-educatiu","status":"publish","type":"page","link":"https:\/\/agora.xtec.cat\/ceipmestral\/projecte-educatiu\/","title":{"rendered":"FESTES"},"content":{"rendered":"<p>Les activitats d&#8217;\u00e0mbit escolar de car\u00e0cter extra-curricular s\u00f3n les que a continuaci\u00f3 es relacionen:<\/p>\n<ul>\n<li>La Castanyada<\/li>\n<li>El Nadal<\/li>\n<li>Jornades Culturals<\/li>\n<li>Jornades liter\u00e0ries<\/li>\n<li>Sant Jordi<\/li>\n<li>El dia de l&#8217;arbre<\/li>\n<li>Fi de curs<\/li>\n<\/ul>\n","protected":false},"excerpt":{"rendered":"<p>Les activitats d&#8217;\u00e0mbit escolar de car\u00e0cter extra-curricular s\u00f3n les que a continuaci\u00f3 es relacionen:<\/p>\n<ul>\n<li>La Castanyada<\/li>\n<li>El Nadal<\/li>\n<li>Jornades Culturals<\/li>\n<li>Jornades liter\u00e0ries<\/li>\n<li>Sant Jordi<\/li>\n<li>El dia de l&#8217;arbre<\/li>\n<li>Fi de curs<\/li>\n<\/ul>\n","protected":false},"author":1,"featured_media":0,"parent":0,"menu_order":11,"comment_status":"closed","ping_status":"closed","template":"page-templates\/side-menu.php","meta":{"_bbp_topic_count":0,"_bbp_reply_count":0,"_bbp_total_topic_count":0,"_bbp_total_reply_count":0,"_bbp_voice_count":0,"_bbp_anonymous_reply_count":0,"_bbp_topic_count_hidden":0,"_bbp_reply_count_hidden":0,"_bbp_forum_subforum_count":0,"footnotes":""},"class_list":["post-64","page","type-page","status-publish","hentry"],"post_mailing_queue_ids":[],"_links":{"self":[{"href":"https:\/\/agora.xtec.cat\/ceipmestral\/wp-json\/wp\/v2\/pages\/64","targetHints":{"allow":["GET"]}}],"collection":[{"href":"https:\/\/agora.xtec.cat\/ceipmestral\/wp-json\/wp\/v2\/pages"}],"about":[{"href":"https:\/\/agora.xtec.cat\/ceipmestral\/wp-json\/wp\/v2\/types\/page"}],"author":[{"embeddable":true,"href":"https:\/\/agora.xtec.cat\/ceipmestral\/wp-json\/wp\/v2\/users\/1"}],"replies":[{"embeddable":true,"href":"https:\/\/agora.xtec.cat\/ceipmestral\/wp-json\/wp\/v2\/comments?post=64"}],"version-history":[{"count":4,"href":"https:\/\/agora.xtec.cat\/ceipmestral\/wp-json\/wp\/v2\/pages\/64\/revisions"}],"predecessor-version":[{"id":5637,"href":"https:\/\/agora.xtec.cat\/ceipmestral\/wp-json\/wp\/v2\/pages\/64\/revisions\/5637"}],"wp:attachment":[{"href":"https:\/\/agora.xtec.cat\/ceipmestral\/wp-json\/wp\/v2\/media?parent=64"}],"curies":[{"name":"wp","href":"https:\/\/api.w.org\/{rel}","templated":true}]}}