{"id":5005,"date":"2018-10-23T10:15:32","date_gmt":"2018-10-23T08:15:32","guid":{"rendered":"http:\/\/agora.xtec.cat\/ceipmestral\/?page_id=5005"},"modified":"2024-04-12T10:54:05","modified_gmt":"2024-04-12T08:54:05","slug":"gep","status":"publish","type":"page","link":"https:\/\/agora.xtec.cat\/ceipmestral\/gep\/","title":{"rendered":"GEP"},"content":{"rendered":"<p>El GEP (Generaci\u00f3 Pluriling\u00fce), \u00e9s un programa d\u2019innovaci\u00f3 pedag\u00f2gica que t\u00e9 com a finalitat millorar la compet\u00e8ncia en lleng\u00fces estrangeres de l\u2019alumnat mitjan\u00e7ant l\u2019aplicaci\u00f3 de metodologies per a l\u2019aprenentatge integrat de continguts i llengua estrangera. Al nostre centre el programa es va engegar el curs 2016-17 i aquest \u00e9s el tercer any que el duem a terme.<\/p>\n<p>Actualment, la llengua anglesa s\u2019utilitza com a llengua vehicular a 1r de prim\u00e0ria, en qu\u00e8 es realitza una sessi\u00f3 setmanal de l\u2019\u00e0rea de visual i pl\u00e0stica; a 2n, en qu\u00e8 es realitza una sessi\u00f3 setmanal de l\u2019\u00e0rea de medi i una sessi\u00f3 quinzenal d\u2019inform\u00e0tica; a 3r i 4t, en qu\u00e8 tamb\u00e9 es realitza una sessi\u00f3 setmanal de medi i finalment a 5\u00e8 i 6\u00e8, en qu\u00e8 es realitza una hora setmanal d\u2019inform\u00e0tica.<\/p>\n<p>La llengua francesa s\u2019introdueix a partir de tercer a l\u2019\u00e0rea d\u2019educaci\u00f3 Visual i Pl\u00e0stica. Es realitza una hora setmanal en la que la llengua francesa es treballa a partir de l\u2019\u00e0rea de pl\u00e0stica.<\/p>\n","protected":false},"excerpt":{"rendered":"<p>El GEP (Generaci\u00f3 Pluriling\u00fce), \u00e9s un programa d\u2019innovaci\u00f3 pedag\u00f2gica que t\u00e9 com a finalitat millorar la compet\u00e8ncia en lleng\u00fces estrangeres de l\u2019alumnat mitjan\u00e7ant l\u2019aplicaci\u00f3 de metodologies per a l\u2019aprenentatge integrat de continguts i llengua estrangera. Al nostre centre el programa es va engegar el curs&hellip;  <a href=\"https:\/\/agora.xtec.cat\/ceipmestral\/gep\/\" title=\"Read GEP\">Llegeix m\u00e9s\u00bb<\/a><\/p>\n","protected":false},"author":1,"featured_media":0,"parent":0,"menu_order":15,"comment_status":"closed","ping_status":"closed","template":"","meta":{"_bbp_topic_count":0,"_bbp_reply_count":0,"_bbp_total_topic_count":0,"_bbp_total_reply_count":0,"_bbp_voice_count":0,"_bbp_anonymous_reply_count":0,"_bbp_topic_count_hidden":0,"_bbp_reply_count_hidden":0,"_bbp_forum_subforum_count":0,"footnotes":""},"class_list":["post-5005","page","type-page","status-publish","hentry"],"post_mailing_queue_ids":[],"_links":{"self":[{"href":"https:\/\/agora.xtec.cat\/ceipmestral\/wp-json\/wp\/v2\/pages\/5005","targetHints":{"allow":["GET"]}}],"collection":[{"href":"https:\/\/agora.xtec.cat\/ceipmestral\/wp-json\/wp\/v2\/pages"}],"about":[{"href":"https:\/\/agora.xtec.cat\/ceipmestral\/wp-json\/wp\/v2\/types\/page"}],"author":[{"embeddable":true,"href":"https:\/\/agora.xtec.cat\/ceipmestral\/wp-json\/wp\/v2\/users\/1"}],"replies":[{"embeddable":true,"href":"https:\/\/agora.xtec.cat\/ceipmestral\/wp-json\/wp\/v2\/comments?post=5005"}],"version-history":[{"count":3,"href":"https:\/\/agora.xtec.cat\/ceipmestral\/wp-json\/wp\/v2\/pages\/5005\/revisions"}],"predecessor-version":[{"id":5069,"href":"https:\/\/agora.xtec.cat\/ceipmestral\/wp-json\/wp\/v2\/pages\/5005\/revisions\/5069"}],"wp:attachment":[{"href":"https:\/\/agora.xtec.cat\/ceipmestral\/wp-json\/wp\/v2\/media?parent=5005"}],"curies":[{"name":"wp","href":"https:\/\/api.w.org\/{rel}","templated":true}]}}