{"id":4999,"date":"2018-10-23T10:08:02","date_gmt":"2018-10-23T08:08:02","guid":{"rendered":"http:\/\/agora.xtec.cat\/ceipmestral\/?page_id=4999"},"modified":"2024-04-12T10:53:50","modified_gmt":"2024-04-12T08:53:50","slug":"erasmus","status":"publish","type":"page","link":"https:\/\/agora.xtec.cat\/ceipmestral\/erasmus\/","title":{"rendered":"ERASMUS"},"content":{"rendered":"<p><a href=\"https:\/\/agora.xtec.cat\/ceipmestral\/wp-content\/uploads\/usu794\/2018\/11\/descarga.png\"><img loading=\"lazy\" decoding=\"async\" class=\"size-full wp-image-5106 aligncenter\" src=\"https:\/\/agora.xtec.cat\/ceipmestral\/wp-content\/uploads\/usu794\/2018\/11\/descarga.png\" alt=\"\" width=\"266\" height=\"189\" \/><\/a><\/p>\n<p style=\"text-align: justify;\">L\u2019objectiu dels programes Erasmus + \u00e9s millorar la qualitat de l\u2019ensenyament de les diferents etapes d\u2019Infantil, Prim\u00e0ria i Secund\u00e0ria de tot Europa.<\/p>\n<p style=\"text-align: justify;\">Aix\u00ed mateix, ofereix als professionals d\u2019aquests nivell l\u2019oportunitat de Mobilitats per l\u2019Aprenentatge, amb l\u2019objectiu d\u2019ampliar i millorar el seu desenvolupament professional, a m\u00e9s de possibilitar la col\u00b7laboraci\u00f3 amb els seus homol\u00e8gs d\u2019altres pa\u00efsos d\u2019Europa.<\/p>\n<p style=\"text-align: justify;\">La cooperaci\u00f3 entre centres escolar t\u00e9 com a finalitat millorar el nivell i la qualitat de l\u2019ensenyament.<\/p>\n<p style=\"text-align: justify;\">En el nostre cas, l\u2019escola participa en una Associaci\u00f3 Estrat\u00e9gica Internacional per afavorir temes d\u2019inter\u00e8s com\u00fa que permeten a les institucions participants colaborar durant dos o tres anys per tal d\u2019introduir pr\u00e0ctiques innovadores i noves formes de cooperaci\u00f3 amb professionals de diversos \u00e0mbits.<\/p>\n<p>&nbsp;<\/p>\n","protected":false},"excerpt":{"rendered":"<p><a href=\"https:\/\/agora.xtec.cat\/ceipmestral\/wp-content\/uploads\/usu794\/2018\/11\/descarga.png\"><\/a><br \/>\nL\u2019objectiu dels programes Erasmus + \u00e9s millorar la qualitat de l\u2019ensenyament de les diferents etapes d\u2019Infantil, Prim\u00e0ria i Secund\u00e0ria de tot Europa.<br \/>\nAix\u00ed mateix, ofereix als professionals d\u2019aquests nivell l\u2019oportunitat de Mobilitats per l\u2019Aprenentatge, amb l\u2019objectiu d\u2019ampliar i millorar el seu desenvolupament professional, a m\u00e9s&hellip;  <a href=\"https:\/\/agora.xtec.cat\/ceipmestral\/erasmus\/\" title=\"Read ERASMUS\">Llegeix m\u00e9s\u00bb<\/a><\/p>\n","protected":false},"author":1,"featured_media":0,"parent":0,"menu_order":14,"comment_status":"closed","ping_status":"closed","template":"","meta":{"_bbp_topic_count":0,"_bbp_reply_count":0,"_bbp_total_topic_count":0,"_bbp_total_reply_count":0,"_bbp_voice_count":0,"_bbp_anonymous_reply_count":0,"_bbp_topic_count_hidden":0,"_bbp_reply_count_hidden":0,"_bbp_forum_subforum_count":0,"footnotes":""},"class_list":["post-4999","page","type-page","status-publish","hentry"],"post_mailing_queue_ids":[],"_links":{"self":[{"href":"https:\/\/agora.xtec.cat\/ceipmestral\/wp-json\/wp\/v2\/pages\/4999","targetHints":{"allow":["GET"]}}],"collection":[{"href":"https:\/\/agora.xtec.cat\/ceipmestral\/wp-json\/wp\/v2\/pages"}],"about":[{"href":"https:\/\/agora.xtec.cat\/ceipmestral\/wp-json\/wp\/v2\/types\/page"}],"author":[{"embeddable":true,"href":"https:\/\/agora.xtec.cat\/ceipmestral\/wp-json\/wp\/v2\/users\/1"}],"replies":[{"embeddable":true,"href":"https:\/\/agora.xtec.cat\/ceipmestral\/wp-json\/wp\/v2\/comments?post=4999"}],"version-history":[{"count":4,"href":"https:\/\/agora.xtec.cat\/ceipmestral\/wp-json\/wp\/v2\/pages\/4999\/revisions"}],"predecessor-version":[{"id":8259,"href":"https:\/\/agora.xtec.cat\/ceipmestral\/wp-json\/wp\/v2\/pages\/4999\/revisions\/8259"}],"wp:attachment":[{"href":"https:\/\/agora.xtec.cat\/ceipmestral\/wp-json\/wp\/v2\/media?parent=4999"}],"curies":[{"name":"wp","href":"https:\/\/api.w.org\/{rel}","templated":true}]}}