{"id":73,"date":"2014-09-18T14:01:51","date_gmt":"2014-09-18T13:01:51","guid":{"rendered":"http:\/\/agora.xtec.cat\/ceipmescolacasas\/?page_id=73"},"modified":"2019-11-27T00:10:13","modified_gmt":"2019-11-26T23:10:13","slug":"menjador-escolar","status":"publish","type":"page","link":"https:\/\/agora.xtec.cat\/ceipmescolacasas\/serveis\/menjador-escolar\/","title":{"rendered":"Espai de migdia"},"content":{"rendered":"<div class=\"vc_row wpb_row vc_row-fluid\">\n<div class=\"wpb_column vc_column_container vc_col-sm-12\">\n<div class=\"vc_column-inner \">\n<div class=\"wpb_wrapper\">\n<div class=\"wpb_single_image wpb_content_element vc_align_center\">\n<figure class=\"wpb_wrapper vc_figure\">\n<h4><\/h4>\n<h4><a href=\"https:\/\/agora.xtec.cat\/ceipmescolacasas\/wp-content\/uploads\/usu1999\/2019\/09\/natural-cuina-.png\"><img loading=\"lazy\" decoding=\"async\" class=\"size-medium wp-image-2352 alignleft\" src=\"https:\/\/agora.xtec.cat\/ceipmescolacasas\/wp-content\/uploads\/usu1999\/2019\/09\/natural-cuina--300x108.png\" alt=\"\" width=\"300\" height=\"108\" \/><\/a><\/h4>\n<blockquote>\n<h2 class=\"vc_single_image-wrapper vc_box_border_grey\"><em>&#8220;Menjar sa, menjar de prop&#8221;<\/em><\/h2>\n<\/blockquote>\n<\/figure>\n<\/div>\n<\/div>\n<div class=\"wpb_wrapper\">\n<div class=\"wpb_single_image wpb_content_element vc_align_center\">\n<figure class=\"wpb_wrapper vc_figure\">\n<div>\n<div class=\"vc_row wpb_row vc_row-fluid\">\n<div class=\"wpb_column vc_column_container vc_col-sm-12\">\n<div class=\"vc_column-inner \">\n<div class=\"wpb_wrapper\">\n<div class=\"wpb_single_image wpb_content_element vc_align_center\">\n<figure class=\"wpb_wrapper vc_figure\">\n<h6><\/h6>\n<h6 style=\"text-align: left;\"><span style=\"font-family: inherit; font-size: 1em;\">L\u2019Escola Casas gaudeix de cuina pr\u00f2pia i d\u2019un equip que treballa cada dia, amb productes de proximitat i qualitat, per oferir-nos un menjar variat i equilibrat.<\/span><\/h6>\n<\/figure>\n<\/div>\n<\/div>\n<\/div>\n<\/div>\n<\/div>\n<div><\/div>\n<\/div>\n<div><\/div>\n<\/figure>\n<\/div>\n<\/div>\n<\/div>\n<\/div>\n<\/div>\n<div>\n<hr \/>\n<\/div>\n<div class=\"vc_row wpb_row vc_row-fluid\">\n<div class=\"wpb_column vc_column_container vc_col-sm-12\">\n<div class=\"vc_column-inner \">\n<div class=\"wpb_wrapper\">\n<div class=\"wpb_single_image wpb_content_element vc_align_center\">\n<figure class=\"wpb_wrapper vc_figure\">\n<div><\/div>\n<\/figure>\n<\/div>\n<\/div>\n<\/div>\n<\/div>\n<\/div>\n<div class=\"vc_row wpb_row vc_row-fluid\">\n<div class=\"wpb_column vc_column_container vc_col-sm-12\">\n<div class=\"vc_column-inner \">\n<div class=\"wpb_wrapper\">\n<div class=\"wpb_single_image wpb_content_element vc_align_center\">\n<figure class=\"wpb_wrapper vc_figure\">\n<div class=\"vc_single_image-wrapper vc_box_border_grey\"><strong style=\"font-size: 1.6875em;\">Criteris i beneficis dels nostres men\u00fas:<\/strong><\/div>\n<\/figure>\n<\/div>\n<\/div>\n<\/div>\n<\/div>\n<\/div>\n<div class=\"vc_row wpb_row vc_row-fluid\">\n<div class=\"wpb_column vc_column_container vc_col-sm-12\">\n<div class=\"vc_column-inner \">\n<div class=\"wpb_wrapper\">\n<div class=\"wpb_text_column wpb_content_element \">\n<div class=\"wpb_wrapper\">\n<ul>\n<li style=\"text-align: left;\"><strong>No hi ha cap pre-cuinat<\/strong><\/li>\n<li style=\"text-align: left;\"><strong>Fomentem el consum de peix<\/strong>, 2 cops a la setmana, consensuat amb l\u2019escola<\/li>\n<li style=\"text-align: left;\"><strong>Varietat de peix<\/strong>: llu\u00e7, bacall\u00e0, calamars, maira.<\/li>\n<li style=\"text-align: left;\"><strong>No hi ha varetes ni crestes.<\/strong><\/li>\n<li style=\"text-align: left;\"><strong>No hi ha peixos grossos<\/strong>: tonyina, mussola, emperador, tintorera\u2026<\/li>\n<li style=\"text-align: left;\"><strong>Els peixos no s\u00f3n de piscifactoria<\/strong>, s\u00f3n ultragongelats, desespinats i filatejats.<\/li>\n<li style=\"text-align: left;\">Un cop cada tres setmanes utilitzem peix fresc.<\/li>\n<li style=\"text-align: left;\"><strong>L\u2019ou \u00e9s ecol\u00f2gic<\/strong>, pasteuritzat de primera posta i el cuinem a l\u2019escola.<\/li>\n<li style=\"text-align: left;\"><strong>Verdura crua<\/strong>: m\u00ednim 3 cops a la setmana en forma d\u2019amanida<\/li>\n<li style=\"text-align: left;\"><strong>Verdura cuita<\/strong>: acompanyament dels plats i cremes<\/li>\n<li style=\"text-align: left;\"><strong>Cereals:<\/strong>\u00a0pres\u00e8ncia de m\u00e9s cereals a part del blat: el s\u00e8sam i el mill.<\/li>\n<li style=\"text-align: left;\">Pres\u00e8ncia de\u00a0<strong>cereals integrals, arr\u00f2s i pasta \u00e9s opcional<\/strong>.<\/li>\n<li style=\"text-align: left;\"><strong>Productes frescos i de Temporada<\/strong>, no treballem amb productes congelats<\/li>\n<li style=\"text-align: left;\"><strong>Men\u00fas de 6 setmanes<\/strong>: d\u2019aquesta manera donem molta m\u00e9s varietat.<\/li>\n<li style=\"text-align: left;\"><strong>Coccions<\/strong>: coccions m\u00e9s sanes: forn, vapor, guisats i planxes..<\/li>\n<li style=\"text-align: left;\"><strong>Derivacions<\/strong>: tractament cur\u00f3s de les possibles dietes i al\u00b7l\u00e8rgies<\/li>\n<li style=\"text-align: left;\"><strong>Sopars<\/strong>: orientacions dels sopars.<\/li>\n<li style=\"text-align: left;\"><strong>Estacionalitat<\/strong>: utilitzem productes de proximitat , estacionaris i ecol\u00f2gics<\/li>\n<li style=\"text-align: left;\"><strong>Ecol\u00f2gic<\/strong>: fruita, verdura, hortalisses, arr\u00f2s, cereals, pasta, llegums, l\u00e0ctics.<\/li>\n<li style=\"text-align: left;\"><strong>Carn:<\/strong>\u00a0vedella, pollastre i porc<\/li>\n<li style=\"text-align: left;\"><strong>Certificaci\u00f3 CCPAE<\/strong><\/li>\n<\/ul>\n<\/div>\n<\/div>\n<\/div>\n<\/div>\n<\/div>\n<\/div>\n<div class=\"entry-content\">\n<h3><\/h3>\n<p>&nbsp;<\/p>\n<\/div>\n","protected":false},"excerpt":{"rendered":"<p>&#8220;Menjar sa, menjar de prop&#8221; L\u2019Escola Casas gaudeix de cuina pr\u00f2pia i d\u2019un equip que treballa cada dia, amb productes de proximitat i qualitat, per oferir-nos un menjar variat i equilibrat. Criteris i beneficis dels nostres men\u00fas: No hi ha cap pre-cuinat Fomentem el consum de peix, 2 cops a la setmana, consensuat amb l\u2019escola [&hellip;]<\/p>\n","protected":false},"author":1,"featured_media":0,"parent":66,"menu_order":30,"comment_status":"closed","ping_status":"closed","template":"page-templates\/side-menu.php","meta":{"_bbp_topic_count":0,"_bbp_reply_count":0,"_bbp_total_topic_count":0,"_bbp_total_reply_count":0,"_bbp_voice_count":0,"_bbp_anonymous_reply_count":0,"_bbp_topic_count_hidden":0,"_bbp_reply_count_hidden":0,"_bbp_forum_subforum_count":0,"site-sidebar-layout":"default","site-content-layout":"","ast-site-content-layout":"","site-content-style":"default","site-sidebar-style":"default","ast-global-header-display":"","ast-banner-title-visibility":"","ast-main-header-display":"","ast-hfb-above-header-display":"","ast-hfb-below-header-display":"","ast-hfb-mobile-header-display":"","site-post-title":"","ast-breadcrumbs-content":"","ast-featured-img":"","footer-sml-layout":"","theme-transparent-header-meta":"","adv-header-id-meta":"","stick-header-meta":"","header-above-stick-meta":"","header-main-stick-meta":"","header-below-stick-meta":"","astra-migrate-meta-layouts":"default","ast-page-background-enabled":"default","ast-page-background-meta":{"desktop":{"background-color":"var(--ast-global-color-4)","background-image":"","background-repeat":"repeat","background-position":"center center","background-size":"auto","background-attachment":"scroll","background-type":"","background-media":"","overlay-type":"","overlay-color":"","overlay-opacity":"","overlay-gradient":""},"tablet":{"background-color":"","background-image":"","background-repeat":"repeat","background-position":"center center","background-size":"auto","background-attachment":"scroll","background-type":"","background-media":"","overlay-type":"","overlay-color":"","overlay-opacity":"","overlay-gradient":""},"mobile":{"background-color":"","background-image":"","background-repeat":"repeat","background-position":"center center","background-size":"auto","background-attachment":"scroll","background-type":"","background-media":"","overlay-type":"","overlay-color":"","overlay-opacity":"","overlay-gradient":""}},"ast-content-background-meta":{"desktop":{"background-color":"var(--ast-global-color-5)","background-image":"","background-repeat":"repeat","background-position":"center center","background-size":"auto","background-attachment":"scroll","background-type":"","background-media":"","overlay-type":"","overlay-color":"","overlay-opacity":"","overlay-gradient":""},"tablet":{"background-color":"var(--ast-global-color-5)","background-image":"","background-repeat":"repeat","background-position":"center center","background-size":"auto","background-attachment":"scroll","background-type":"","background-media":"","overlay-type":"","overlay-color":"","overlay-opacity":"","overlay-gradient":""},"mobile":{"background-color":"var(--ast-global-color-5)","background-image":"","background-repeat":"repeat","background-position":"center center","background-size":"auto","background-attachment":"scroll","background-type":"","background-media":"","overlay-type":"","overlay-color":"","overlay-opacity":"","overlay-gradient":""}},"footnotes":""},"class_list":["post-73","page","type-page","status-publish","hentry"],"post_mailing_queue_ids":[],"_links":{"self":[{"href":"https:\/\/agora.xtec.cat\/ceipmescolacasas\/wp-json\/wp\/v2\/pages\/73","targetHints":{"allow":["GET"]}}],"collection":[{"href":"https:\/\/agora.xtec.cat\/ceipmescolacasas\/wp-json\/wp\/v2\/pages"}],"about":[{"href":"https:\/\/agora.xtec.cat\/ceipmescolacasas\/wp-json\/wp\/v2\/types\/page"}],"author":[{"embeddable":true,"href":"https:\/\/agora.xtec.cat\/ceipmescolacasas\/wp-json\/wp\/v2\/users\/1"}],"replies":[{"embeddable":true,"href":"https:\/\/agora.xtec.cat\/ceipmescolacasas\/wp-json\/wp\/v2\/comments?post=73"}],"version-history":[{"count":3,"href":"https:\/\/agora.xtec.cat\/ceipmescolacasas\/wp-json\/wp\/v2\/pages\/73\/revisions"}],"predecessor-version":[{"id":3867,"href":"https:\/\/agora.xtec.cat\/ceipmescolacasas\/wp-json\/wp\/v2\/pages\/73\/revisions\/3867"}],"up":[{"embeddable":true,"href":"https:\/\/agora.xtec.cat\/ceipmescolacasas\/wp-json\/wp\/v2\/pages\/66"}],"wp:attachment":[{"href":"https:\/\/agora.xtec.cat\/ceipmescolacasas\/wp-json\/wp\/v2\/media?parent=73"}],"curies":[{"name":"wp","href":"https:\/\/api.w.org\/{rel}","templated":true}]}}