{"id":640,"date":"2019-03-28T12:30:51","date_gmt":"2019-03-28T11:30:51","guid":{"rendered":"https:\/\/agora.xtec.cat\/ceipmescolacasas\/?page_id=640"},"modified":"2026-04-09T13:29:03","modified_gmt":"2026-04-09T11:29:03","slug":"relacio-escola-families","status":"publish","type":"page","link":"https:\/\/agora.xtec.cat\/ceipmescolacasas\/lescola\/relacio-escola-families\/","title":{"rendered":"Informacions rellevants"},"content":{"rendered":"<p><b>1.-COMUNICACI\u00d3 FAM\u00cdLIA &#8211; ESCOLA<\/b><\/p>\n<p><span style=\"font-weight: 400;\">La comunicaci\u00f3 entre l&#8217;escola i les fam\u00edlies \u00e9s un aspecte essencial per al desenvolupament de l&#8217;alumnat aix\u00ed com pel bon funcionament de les activitats que es porten a terme a l&#8217;escola. Els diversos canals de comunicaci\u00f3 s\u00f3n:<\/span><\/p>\n<ul>\n<li style=\"font-weight: 400;\" aria-level=\"1\"><span style=\"font-weight: 400;\">Dinantia<\/span><\/li>\n<li style=\"font-weight: 400;\" aria-level=\"1\"><span style=\"font-weight: 400;\">Agenda escolar i\/o llibreta d&#8217;avisos<\/span><\/li>\n<li style=\"font-weight: 400;\" aria-level=\"1\"><span style=\"font-weight: 400;\">Tel\u00e8fon escola (93 300 45 65)<\/span><\/li>\n<li style=\"font-weight: 400;\" aria-level=\"1\"><span style=\"font-weight: 400;\">Adre\u00e7a electr\u00f2nica escola (a8009171@xtec.cat)<\/span><\/li>\n<li style=\"font-weight: 400;\" aria-level=\"1\"><span style=\"font-weight: 400;\">Delegats\/es de curs. Cada curs compta amb un delegat\/da que es reunir\u00e0 a inici i final de curs amb la resta de delegats\/des i l\u2019equip directiu, i durant el 1r trimestre amb el tutor\/a del curs. Aquesta figura \u00e9s l&#8217;encarregada de fer arribar els neguits, dubtes, propostes&#8230; al tutor\/a com a representant del grup-classe<\/span><\/li>\n<li style=\"font-weight: 400;\" aria-level=\"1\"><span style=\"font-weight: 400;\">Reunions fam\u00edlies. Com b\u00e9 sabeu, cada curs escolar est\u00e0 estipulat fer un m\u00ednim de reunions tutor\/a- fam\u00edlia. Aquestes reunions les podeu sol\u00b7licitar vosaltres o el mateix tutor\/a. Hem unificat l\u2019horari de reunions individuals de fam\u00edlia -tutors\/es i es realitzaran tots els cursos els DIMECRES DE 12:30 A 13:30. En el cas que vulgueu parlar amb algun especialista, aquest tamb\u00e9 disposar\u00e0 d\u2019aquest horari. Si voleu parlar amb l\u2019equip directiu podeu concretar dia i hora enviant un e-mail a l\u2019escola.<\/span><\/li>\n<\/ul>\n<p><b>2.- REUNIONS DE FAM\u00cdLIES\u00a0<\/b><\/p>\n<p><span style=\"font-weight: 400;\">A inici de curs, per tal de con\u00e8ixer el tutor\/a i poder proporcionar-vos informaci\u00f3 sobre el funcionament del curs, es realizaran les reunions amb tot el grup classe.<\/span><\/p>\n<p><span style=\"font-weight: 400;\">I3: 6 d\u2019octubre<\/span><\/p>\n<p><span style=\"font-weight: 400;\">1r: 29 de setembre<\/span><\/p>\n<p><span style=\"font-weight: 400;\">4t: 18 setembre<\/span><\/p>\n<p><span style=\"font-weight: 400;\">I4:\u00a0 30 de setembre<\/span><\/p>\n<p><span style=\"font-weight: 400;\">2n:\u00a0 1 d\u2019octubre<\/span><\/p>\n<p><span style=\"font-weight: 400;\">5\u00e8: 3 d\u2019octubre<\/span><\/p>\n<p><span style=\"font-weight: 400;\">I5: 30 de setembre<\/span><\/p>\n<p><span style=\"font-weight: 400;\">3r: 29\u00a0 setembre<\/span><\/p>\n<p><span style=\"font-weight: 400;\">6\u00e8: 2 d\u2019octubre<\/span><\/p>\n<p><span style=\"font-weight: 400;\">Durant el mes de setembre es realitzar\u00e0 una reuni\u00f3 per presentar-vos el nou projecte d\u2019espai migdia.<\/span><\/p>\n<p><span style=\"font-weight: 400;\">Durant les reunions amb fam\u00edlies l\u2019AFA proporciona servei d\u2019acollida per aquelles fam\u00edlies que ho requereixin.<\/span><\/p>\n<p><b>3.- CALENDARI ESCOLAR\u00a0<\/b><\/p>\n<p><b>1r trimestre:<\/b><span style=\"font-weight: 400;\"> del 8 de setembre al 19 de desembre<\/span><\/p>\n<p><b>2n trimestre:<\/b><span style=\"font-weight: 400;\"> del 8 de gener\u00a0 al 27 de mar\u00e7<\/span><\/p>\n<p><b>3r trimestre:<\/b><span style=\"font-weight: 400;\"> del 7 d\u2019abril\u00a0 al 19 de juny\u00a0<\/span><\/p>\n<p><b>Jornada compactada:<\/b><span style=\"font-weight: 400;\"> 19 de desembre i del 8 al 19 de juny<\/span><\/p>\n<p><b>Festes locals:<\/b><span style=\"font-weight: 400;\"> dimecres 24 de setembre (la Merc\u00e8)<\/span><\/p>\n<p><span style=\"font-weight: 400;\">\u00a0\u00a0\u00a0\u00a0\u00a0\u00a0\u00a0\u00a0\u00a0\u00a0\u00a0\u00a0\u00a0\u00a0\u00a0\u00a0\u00a0\u00a0\u00a0\u00a0\u00a0\u00a0\u00a0\u00a0\u00a0dilluns 25 de maig (segona Pasqua)<\/span><\/p>\n<p><b>Festes de lliure disposici\u00f3:<\/b><\/p>\n<p><span style=\"font-weight: 400;\">\u00a0\u00a0\u00a0\u00a0\u00a0\u00a0\u00a0\u00a0\u00a0dilluns 3 de novembre<\/span><\/p>\n<p><span style=\"font-weight: 400;\">\u00a0\u00a0\u00a0\u00a0\u00a0\u00a0\u00a0\u00a0\u00a0dimarts 9 de desembre<\/span><\/p>\n<p><span style=\"font-weight: 400;\">\u00a0\u00a0\u00a0\u00a0\u00a0\u00a0\u00a0\u00a0\u00a0dilluns 16 febrer<\/span><\/p>\n<p><span style=\"font-weight: 400;\">\u00a0\u00a0\u00a0\u00a0\u00a0\u00a0\u00a0\u00a0\u00a0divendres 22 de maig<\/span><\/p>\n<p><b>Obrirem l\u2019escola <\/b><span style=\"font-weight: 400;\">per tal de compartir diferents activitats amb vosaltres. Us avancem les dates que per ara tenim tancades, per tal que pugueu organitzar-vos i guardar-vos el dia per poder assistir i acompanyar-nos. En el cas que hi hagi algun canvi o que\u00a0 fem altres activitats obertes a fam\u00edlies, us anirem informant.\u00a0<\/span><\/p>\n<p><b>7 novembre 16:30 h.:<\/b><span style=\"font-weight: 400;\"> Exposici\u00f3 sobre Can Framis<\/span><\/p>\n<p><b>6 febrer 16:30 h.: <\/b><span style=\"font-weight: 400;\">\u00a0Exposici\u00f3 sobre Can Framis<\/span><\/p>\n<p><b>24 abril de 15 a 16:30 h: <\/b><span style=\"font-weight: 400;\">Festa de Sant Jordi<\/span><\/p>\n<p><b>29 de maig a les 16:30 h: <\/b><span style=\"font-weight: 400;\">Exposici\u00f3 sobre Can Framis<\/span><\/p>\n<p><b>19 de juny a les 16:30 h: <\/b><span style=\"font-weight: 400;\">festa final de curs.<\/span><\/p>\n<p><b>15 octubre 16:45 h:<\/b><span style=\"font-weight: 400;\"> Xerrada per a fam\u00edlies i mestres per part de la\u00a0 Montse Freixanet \u201cL&#8217;impacte de les pantalles en la salut mental dels nostres infants\u201d.<\/span><\/p>\n<p><b>4.- ORGANITZACI\u00d3 GENERAL\u00a0<\/b><\/p>\n<ul>\n<li style=\"font-weight: 400;\" aria-level=\"1\"><span style=\"font-weight: 400;\">Les sortides pedag\u00f2giques planificades pel centre s\u00f3n de car\u00e0cter obligatori, ja que les entenem com una eina m\u00e9s del proc\u00e9s d&#8217;ensenyament-aprenentatge. Us farem arribar un llistat de les sortides planificades, i tamb\u00e9 estaran anotades a l&#8217;agenda i\/o a la llibreta d&#8217;avisos.<\/span><\/li>\n<li style=\"font-weight: 400;\" aria-level=\"1\"><span style=\"font-weight: 400;\">Recordeu que cap alumne pot sortir del centre sol o sola sense l&#8217;autoritzaci\u00f3 pertinent.<\/span><\/li>\n<li style=\"font-weight: 400;\" aria-level=\"1\"><span style=\"font-weight: 400;\">Es lliuraran dos informes a Educaci\u00f3 Infantil; un al febrer i l&#8217;altre al juny. I tres a Prim\u00e0ria, coincidint amb el final de cada trimestre.<\/span><\/li>\n<li style=\"font-weight: 400;\" aria-level=\"1\"><span style=\"font-weight: 400;\">Les fotografies que es vagin fent al llarg del curs, d&#8217;aquell alumnat que t\u00e9 autoritzaci\u00f3, estan compartides amb el grup-classe a trav\u00e9s del Drive.\u00a0<\/span><\/li>\n<li style=\"font-weight: 400;\" aria-level=\"1\"><span style=\"font-weight: 400;\">Cada final de trimestre es publica a la web de l&#8217;escola la revista Som Casas, elaborada per tot l&#8217;alumnat de l&#8217;escola.<\/span><\/li>\n<li style=\"font-weight: 400;\" aria-level=\"1\"><span style=\"font-weight: 400;\">Recordem que tal com diu la normativa, en el cas que els alumnes portin m\u00f2bils o rellotges intel\u00b7ligents els hauran de deixar a secretaria a l\u2019entrada i recollir-los a la sortida.\u00a0<\/span><\/li>\n<li style=\"font-weight: 400;\" aria-level=\"1\"><span style=\"font-weight: 400;\">En el cas que el vostre fill\/a hagi de prendre algun medicament puntual, aplicant normativa, \u00e9s necessari que proporcioneu la recepta m\u00e8dica i l&#8217;autoritzaci\u00f3 de la fam\u00edlia per tal d&#8217;autoritzar el medicament. En el cas de medicacions de rescat, es requereixen els mateixos documents que s&#8217;han de proporcionar al centre a l&#8217;inici de cada curs escolar.<\/span><\/li>\n<\/ul>\n<p><span style=\"font-weight: 400;\">El Departament de Salut i la Societat Catalana de pediatria han recomanat introduir el paracetamol a la farmaciola dels centres educatius de Catalunya. Aquest ser\u00e0 subministrat en cas de presentar febre superior a 38\u00b0 de temperatura mentre s&#8217;espera l&#8217;arribada d&#8217;un familiar que el pugui portar a casa. Es donar\u00e0 el paracetamol sempre que l&#8217;escola tingui l&#8217;autoritzaci\u00f3 signada per aquest cas amb la dosi corresponent.<\/span><\/p>\n<p><span style=\"font-weight: 400;\"><br \/>\n<\/span><span style=\"font-weight: 400;\">Cal ser molt cur\u00f3s amb el tema alimentari, per tant, tots aquells infants que presentin al\u00b7l\u00e8rgies i\/o intoler\u00e0ncies cal que informin l\u2019escola a trav\u00e9s de la coordinadora de menjador. Han de portar l\u2019informe m\u00e8dic per tal que s\u2019adaptin els men\u00fas.\u00a0 Aquells nens i nenes que per motius culturals i religiosos necessitin una adaptaci\u00f3 del men\u00fa, cal que ho informin tamb\u00e9 de la mateixa manera.\u00a0<\/span><\/p>\n<p><span style=\"font-weight: 400;\">Es poden celebrar els <\/span><b>aniversaris <\/b><span style=\"font-weight: 400;\">portant aliments per compartir preparats a casa o b\u00e9 comprats. Des de l&#8217;Ag\u00e8ncia de Salut P\u00fablica de Catalunya juntament amb el Departament es recomana que els pastissos siguin tan senzills com sigui possible, que no duguin nata ni crema ni gominoles o altres llaminadures. Abans de portar qualsevol aliment, consulteu amb el delegat\/da i\/o el tutor\/a de classe pel tema de les intoler\u00e0ncies aliment\u00e0ries que hi pot haver en el grup classe.<\/span><\/p>\n<ul>\n<li style=\"font-weight: 400;\" aria-level=\"1\"><span style=\"font-weight: 400;\">\u00c9s important que els<\/span><b> esmorzars siguin saludables i sostenibles<\/b><span style=\"font-weight: 400;\">, recordeu que des de l&#8217;escola apostem per la utilitzaci\u00f3 de carmanyola i\/o envasos reutilitzables per tal d&#8217;evitar el consum de pl\u00e0stics. Tamb\u00e9 eduquem en la import\u00e0ncia d&#8217;una alimentaci\u00f3 saludable i variada.<\/span><\/li>\n<li style=\"font-weight: 400;\" aria-level=\"1\"><b>El servei de menjador<\/b><span style=\"font-weight: 400;\"> continua gestionant des del Consell Escolar del centre, a trav\u00e9s d&#8217;una comissi\u00f3 de fam\u00edlies i mestres que es cuiden d&#8217;organitzar-lo i fer-ne el seguiment. Tenim dues empreses que fan la gesti\u00f3 del temps de migdia: CET 10 i 9Natural Cuina. La coordinadora del temps de migdia continua sent l&#8217;Elisenda Rivero.<\/span><\/li>\n<\/ul>\n","protected":false},"excerpt":{"rendered":"<p>1.-COMUNICACI\u00d3 FAM\u00cdLIA &#8211; ESCOLA La comunicaci\u00f3 entre l&#8217;escola i les fam\u00edlies \u00e9s un aspecte essencial per al desenvolupament de l&#8217;alumnat aix\u00ed com pel bon funcionament de les activitats que es porten a terme a l&#8217;escola. Els diversos canals de comunicaci\u00f3 s\u00f3n: Dinantia Agenda escolar i\/o llibreta d&#8217;avisos Tel\u00e8fon escola (93 300 45 65) Adre\u00e7a electr\u00f2nica [&hellip;]<\/p>\n","protected":false},"author":1,"featured_media":0,"parent":22,"menu_order":70,"comment_status":"closed","ping_status":"closed","template":"","meta":{"_bbp_topic_count":0,"_bbp_reply_count":0,"_bbp_total_topic_count":0,"_bbp_total_reply_count":0,"_bbp_voice_count":0,"_bbp_anonymous_reply_count":0,"_bbp_topic_count_hidden":0,"_bbp_reply_count_hidden":0,"_bbp_forum_subforum_count":0,"site-sidebar-layout":"default","site-content-layout":"","ast-site-content-layout":"default","site-content-style":"default","site-sidebar-style":"default","ast-global-header-display":"","ast-banner-title-visibility":"","ast-main-header-display":"","ast-hfb-above-header-display":"","ast-hfb-below-header-display":"","ast-hfb-mobile-header-display":"","site-post-title":"","ast-breadcrumbs-content":"","ast-featured-img":"","footer-sml-layout":"","theme-transparent-header-meta":"","adv-header-id-meta":"","stick-header-meta":"","header-above-stick-meta":"","header-main-stick-meta":"","header-below-stick-meta":"","astra-migrate-meta-layouts":"set","ast-page-background-enabled":"default","ast-page-background-meta":{"desktop":{"background-color":"var(--ast-global-color-4)","background-image":"","background-repeat":"repeat","background-position":"center center","background-size":"auto","background-attachment":"scroll","background-type":"","background-media":"","overlay-type":"","overlay-color":"","overlay-opacity":"","overlay-gradient":""},"tablet":{"background-color":"","background-image":"","background-repeat":"repeat","background-position":"center center","background-size":"auto","background-attachment":"scroll","background-type":"","background-media":"","overlay-type":"","overlay-color":"","overlay-opacity":"","overlay-gradient":""},"mobile":{"background-color":"","background-image":"","background-repeat":"repeat","background-position":"center center","background-size":"auto","background-attachment":"scroll","background-type":"","background-media":"","overlay-type":"","overlay-color":"","overlay-opacity":"","overlay-gradient":""}},"ast-content-background-meta":{"desktop":{"background-color":"var(--ast-global-color-5)","background-image":"","background-repeat":"repeat","background-position":"center center","background-size":"auto","background-attachment":"scroll","background-type":"","background-media":"","overlay-type":"","overlay-color":"","overlay-opacity":"","overlay-gradient":""},"tablet":{"background-color":"var(--ast-global-color-5)","background-image":"","background-repeat":"repeat","background-position":"center center","background-size":"auto","background-attachment":"scroll","background-type":"","background-media":"","overlay-type":"","overlay-color":"","overlay-opacity":"","overlay-gradient":""},"mobile":{"background-color":"var(--ast-global-color-5)","background-image":"","background-repeat":"repeat","background-position":"center center","background-size":"auto","background-attachment":"scroll","background-type":"","background-media":"","overlay-type":"","overlay-color":"","overlay-opacity":"","overlay-gradient":""}},"footnotes":""},"class_list":["post-640","page","type-page","status-publish","hentry"],"post_mailing_queue_ids":[],"_links":{"self":[{"href":"https:\/\/agora.xtec.cat\/ceipmescolacasas\/wp-json\/wp\/v2\/pages\/640","targetHints":{"allow":["GET"]}}],"collection":[{"href":"https:\/\/agora.xtec.cat\/ceipmescolacasas\/wp-json\/wp\/v2\/pages"}],"about":[{"href":"https:\/\/agora.xtec.cat\/ceipmescolacasas\/wp-json\/wp\/v2\/types\/page"}],"author":[{"embeddable":true,"href":"https:\/\/agora.xtec.cat\/ceipmescolacasas\/wp-json\/wp\/v2\/users\/1"}],"replies":[{"embeddable":true,"href":"https:\/\/agora.xtec.cat\/ceipmescolacasas\/wp-json\/wp\/v2\/comments?post=640"}],"version-history":[{"count":6,"href":"https:\/\/agora.xtec.cat\/ceipmescolacasas\/wp-json\/wp\/v2\/pages\/640\/revisions"}],"predecessor-version":[{"id":20215,"href":"https:\/\/agora.xtec.cat\/ceipmescolacasas\/wp-json\/wp\/v2\/pages\/640\/revisions\/20215"}],"up":[{"embeddable":true,"href":"https:\/\/agora.xtec.cat\/ceipmescolacasas\/wp-json\/wp\/v2\/pages\/22"}],"wp:attachment":[{"href":"https:\/\/agora.xtec.cat\/ceipmescolacasas\/wp-json\/wp\/v2\/media?parent=640"}],"curies":[{"name":"wp","href":"https:\/\/api.w.org\/{rel}","templated":true}]}}