{"id":562,"date":"2019-03-14T12:10:35","date_gmt":"2019-03-14T11:10:35","guid":{"rendered":"https:\/\/agora.xtec.cat\/ceipmescolacasas\/?page_id=562"},"modified":"2026-04-09T13:33:17","modified_gmt":"2026-04-09T11:33:17","slug":"activitats","status":"publish","type":"page","link":"https:\/\/agora.xtec.cat\/ceipmescolacasas\/lescola\/activitats\/","title":{"rendered":"Activitats"},"content":{"rendered":"<h4><\/h4>\n<h4 style=\"font-weight: 400;\"><span style=\"color: #000000;\"><strong>SORTIDES<\/strong><\/span><\/h4>\n<p style=\"font-weight: 400;\">Durant el curs escolar i lligades a les diferents \u00e0rees del Curr\u00edculum tots els grups d&#8217;alumnes realitzen sortides pedag\u00f2giques per tal de poder vivenciar i observar els continguts que es plantegen dins els programes dels diferents nivells.<\/p>\n<p><a href=\"https:\/\/agora.xtec.cat\/ceipmescolacasas\/wp-content\/uploads\/usu1999\/2019\/03\/20181113_124003.jpg\"><img loading=\"lazy\" decoding=\"async\" class=\"wp-image-583 aligncenter\" src=\"https:\/\/agora.xtec.cat\/ceipmescolacasas\/wp-content\/uploads\/usu1999\/2019\/03\/20181113_124003-1024x576.jpg\" alt=\"\" width=\"430\" height=\"242\" srcset=\"https:\/\/agora.xtec.cat\/ceipmescolacasas\/wp-content\/uploads\/usu1999\/2019\/03\/20181113_124003-1024x576.jpg 1024w, https:\/\/agora.xtec.cat\/ceipmescolacasas\/wp-content\/uploads\/usu1999\/2019\/03\/20181113_124003-300x169.jpg 300w, https:\/\/agora.xtec.cat\/ceipmescolacasas\/wp-content\/uploads\/usu1999\/2019\/03\/20181113_124003-768x432.jpg 768w, https:\/\/agora.xtec.cat\/ceipmescolacasas\/wp-content\/uploads\/usu1999\/2019\/03\/20181113_124003.jpg 1025w\" sizes=\"auto, (max-width: 430px) 100vw, 430px\" \/><\/a><\/p>\n<p><a href=\"https:\/\/agora.xtec.cat\/ceipmescolacasas\/wp-content\/uploads\/usu1999\/2019\/03\/IMG_4369.jpg\"><img loading=\"lazy\" decoding=\"async\" class=\" wp-image-592 aligncenter\" src=\"https:\/\/agora.xtec.cat\/ceipmescolacasas\/wp-content\/uploads\/usu1999\/2019\/03\/IMG_4369-1024x768.jpg\" alt=\"\" width=\"443\" height=\"332\" srcset=\"https:\/\/agora.xtec.cat\/ceipmescolacasas\/wp-content\/uploads\/usu1999\/2019\/03\/IMG_4369.jpg 1024w, https:\/\/agora.xtec.cat\/ceipmescolacasas\/wp-content\/uploads\/usu1999\/2019\/03\/IMG_4369-300x225.jpg 300w, https:\/\/agora.xtec.cat\/ceipmescolacasas\/wp-content\/uploads\/usu1999\/2019\/03\/IMG_4369-768x576.jpg 768w, https:\/\/agora.xtec.cat\/ceipmescolacasas\/wp-content\/uploads\/usu1999\/2019\/03\/IMG_4369-200x150.jpg 200w\" sizes=\"auto, (max-width: 443px) 100vw, 443px\" \/><\/a><\/p>\n<p><a href=\"https:\/\/agora.xtec.cat\/ceipmescolacasas\/wp-content\/uploads\/usu1999\/2019\/03\/Imagen1-1.jpg\"><img loading=\"lazy\" decoding=\"async\" class=\"wp-image-588 aligncenter\" src=\"https:\/\/agora.xtec.cat\/ceipmescolacasas\/wp-content\/uploads\/usu1999\/2019\/03\/Imagen1-1-1024x947.jpg\" alt=\"\" width=\"446\" height=\"413\" srcset=\"https:\/\/agora.xtec.cat\/ceipmescolacasas\/wp-content\/uploads\/usu1999\/2019\/03\/Imagen1-1-1024x947.jpg 1024w, https:\/\/agora.xtec.cat\/ceipmescolacasas\/wp-content\/uploads\/usu1999\/2019\/03\/Imagen1-1-300x277.jpg 300w, https:\/\/agora.xtec.cat\/ceipmescolacasas\/wp-content\/uploads\/usu1999\/2019\/03\/Imagen1-1-768x710.jpg 768w, https:\/\/agora.xtec.cat\/ceipmescolacasas\/wp-content\/uploads\/usu1999\/2019\/03\/Imagen1-1.jpg 1116w\" sizes=\"auto, (max-width: 446px) 100vw, 446px\" \/><\/a><\/p>\n<p><a href=\"https:\/\/agora.xtec.cat\/ceipmescolacasas\/wp-content\/uploads\/usu1999\/2019\/03\/IMG_1908.jpg\"><img loading=\"lazy\" decoding=\"async\" class=\" wp-image-589 aligncenter\" src=\"https:\/\/agora.xtec.cat\/ceipmescolacasas\/wp-content\/uploads\/usu1999\/2019\/03\/IMG_1908.jpg\" alt=\"\" width=\"430\" height=\"465\" srcset=\"https:\/\/agora.xtec.cat\/ceipmescolacasas\/wp-content\/uploads\/usu1999\/2019\/03\/IMG_1908.jpg 768w, https:\/\/agora.xtec.cat\/ceipmescolacasas\/wp-content\/uploads\/usu1999\/2019\/03\/IMG_1908-278x300.jpg 278w\" sizes=\"auto, (max-width: 430px) 100vw, 430px\" \/><\/a><\/p>\n<h4><span style=\"color: #000000;\"><strong>COL\u00d2NIES<\/strong><\/span><\/h4>\n<p style=\"font-weight: 400;\">Tots els nivells de Prim\u00e0ria realitzen estades de Col\u00f2nies bianualment (un cop al Cicle). A Educaci\u00f3 Infantil es fan \u00fanicament en finalitzar el Cicle quan els alumnes estan a P5.<\/p>\n<p style=\"font-weight: 400;\">L&#8217;organitzaci\u00f3 preveu l&#8217;assist\u00e8ncia de tot l&#8217;alumnat aix\u00ed com la de tot el professorat. La programaci\u00f3 s&#8217;adequa a les diferents edats, tenint present assolir tant els aspectes del Curr\u00edculum que es treballa com els relatius als aspectes actitudinals implicats (autonomia, companyerisme, respecte a la natura&#8230;)<\/p>\n<p><a href=\"https:\/\/agora.xtec.cat\/ceipmescolacasas\/wp-content\/uploads\/usu1999\/2019\/03\/IMG_2424.jpg\"><img loading=\"lazy\" decoding=\"async\" class=\"wp-image-605 aligncenter\" src=\"https:\/\/agora.xtec.cat\/ceipmescolacasas\/wp-content\/uploads\/usu1999\/2019\/03\/IMG_2424-1024x679.jpg\" alt=\"\" width=\"488\" height=\"323\" srcset=\"https:\/\/agora.xtec.cat\/ceipmescolacasas\/wp-content\/uploads\/usu1999\/2019\/03\/IMG_2424-1024x679.jpg 1024w, https:\/\/agora.xtec.cat\/ceipmescolacasas\/wp-content\/uploads\/usu1999\/2019\/03\/IMG_2424-300x199.jpg 300w, https:\/\/agora.xtec.cat\/ceipmescolacasas\/wp-content\/uploads\/usu1999\/2019\/03\/IMG_2424-768x509.jpg 768w\" sizes=\"auto, (max-width: 488px) 100vw, 488px\" \/><\/a><\/p>\n<p><a href=\"https:\/\/agora.xtec.cat\/ceipmescolacasas\/wp-content\/uploads\/usu1999\/2019\/03\/Imagen1.jpg\"><img loading=\"lazy\" decoding=\"async\" class=\"wp-image-602 aligncenter\" src=\"https:\/\/agora.xtec.cat\/ceipmescolacasas\/wp-content\/uploads\/usu1999\/2019\/03\/Imagen1-1024x695.jpg\" alt=\"\" width=\"520\" height=\"353\" srcset=\"https:\/\/agora.xtec.cat\/ceipmescolacasas\/wp-content\/uploads\/usu1999\/2019\/03\/Imagen1-1024x695.jpg 1024w, https:\/\/agora.xtec.cat\/ceipmescolacasas\/wp-content\/uploads\/usu1999\/2019\/03\/Imagen1-300x204.jpg 300w, https:\/\/agora.xtec.cat\/ceipmescolacasas\/wp-content\/uploads\/usu1999\/2019\/03\/Imagen1-768x521.jpg 768w, https:\/\/agora.xtec.cat\/ceipmescolacasas\/wp-content\/uploads\/usu1999\/2019\/03\/Imagen1.jpg 1498w\" sizes=\"auto, (max-width: 520px) 100vw, 520px\" \/><\/a><\/p>\n<p><a href=\"https:\/\/agora.xtec.cat\/ceipmescolacasas\/wp-content\/uploads\/usu1999\/2019\/03\/Imagen2.jpg\"><img loading=\"lazy\" decoding=\"async\" class=\"wp-image-603 aligncenter\" src=\"https:\/\/agora.xtec.cat\/ceipmescolacasas\/wp-content\/uploads\/usu1999\/2019\/03\/Imagen2-1024x768.jpg\" alt=\"\" width=\"454\" height=\"340\" srcset=\"https:\/\/agora.xtec.cat\/ceipmescolacasas\/wp-content\/uploads\/usu1999\/2019\/03\/Imagen2-1024x768.jpg 1024w, https:\/\/agora.xtec.cat\/ceipmescolacasas\/wp-content\/uploads\/usu1999\/2019\/03\/Imagen2-300x225.jpg 300w, https:\/\/agora.xtec.cat\/ceipmescolacasas\/wp-content\/uploads\/usu1999\/2019\/03\/Imagen2-768x576.jpg 768w, https:\/\/agora.xtec.cat\/ceipmescolacasas\/wp-content\/uploads\/usu1999\/2019\/03\/Imagen2-200x150.jpg 200w, https:\/\/agora.xtec.cat\/ceipmescolacasas\/wp-content\/uploads\/usu1999\/2019\/03\/Imagen2.jpg 1500w\" sizes=\"auto, (max-width: 454px) 100vw, 454px\" \/><\/a><\/p>\n<p><a href=\"https:\/\/agora.xtec.cat\/ceipmescolacasas\/wp-content\/uploads\/usu1999\/2019\/03\/Imagen5.jpg\"><img loading=\"lazy\" decoding=\"async\" class=\" wp-image-604 aligncenter\" src=\"https:\/\/agora.xtec.cat\/ceipmescolacasas\/wp-content\/uploads\/usu1999\/2019\/03\/Imagen5.jpg\" alt=\"\" width=\"460\" height=\"345\" srcset=\"https:\/\/agora.xtec.cat\/ceipmescolacasas\/wp-content\/uploads\/usu1999\/2019\/03\/Imagen5.jpg 640w, https:\/\/agora.xtec.cat\/ceipmescolacasas\/wp-content\/uploads\/usu1999\/2019\/03\/Imagen5-300x225.jpg 300w, https:\/\/agora.xtec.cat\/ceipmescolacasas\/wp-content\/uploads\/usu1999\/2019\/03\/Imagen5-200x150.jpg 200w\" sizes=\"auto, (max-width: 460px) 100vw, 460px\" \/><\/a><\/p>\n<h4><\/h4>\n<h4><strong><span style=\"color: #000000;\">FESTES<\/span><\/strong><\/h4>\n<p>Al llarg del curs a l&#8217;escola es celebren la majoria de les festes tradicionals, algunes d&#8217;elles en r\u00e8gim intern nom\u00e9s per l&#8217;alumnat, altres de manera oberta amb participaci\u00f3 de les fam\u00edlies. La Castanyada, el Nadal, Carnestoltes, Sant Jordi&#8230;<\/p>\n<p>Amb car\u00e0cter eminentment obert es fa una festa de fi de curs en la que s&#8217;acomiada els alumnes\u00a0m\u00e9s grans i es convida a les fam\u00edlies que s&#8217;incorporen el curs vinent a l&#8217;escola, etc.<\/p>\n<p><a href=\"https:\/\/agora.xtec.cat\/ceipmescolacasas\/wp-content\/uploads\/usu1999\/2019\/03\/IMG_6480.jpg\"><img loading=\"lazy\" decoding=\"async\" class=\" wp-image-609 aligncenter\" src=\"https:\/\/agora.xtec.cat\/ceipmescolacasas\/wp-content\/uploads\/usu1999\/2019\/03\/IMG_6480.jpg\" alt=\"\" width=\"411\" height=\"424\" srcset=\"https:\/\/agora.xtec.cat\/ceipmescolacasas\/wp-content\/uploads\/usu1999\/2019\/03\/IMG_6480.jpg 768w, https:\/\/agora.xtec.cat\/ceipmescolacasas\/wp-content\/uploads\/usu1999\/2019\/03\/IMG_6480-291x300.jpg 291w\" sizes=\"auto, (max-width: 411px) 100vw, 411px\" \/><\/a><\/p>\n<p><a href=\"https:\/\/agora.xtec.cat\/ceipmescolacasas\/wp-content\/uploads\/usu1999\/2019\/03\/P1130005.jpg\"><img loading=\"lazy\" decoding=\"async\" class=\"wp-image-608 aligncenter\" src=\"https:\/\/agora.xtec.cat\/ceipmescolacasas\/wp-content\/uploads\/usu1999\/2019\/03\/P1130005-1024x768.jpg\" alt=\"\" width=\"415\" height=\"311\" srcset=\"https:\/\/agora.xtec.cat\/ceipmescolacasas\/wp-content\/uploads\/usu1999\/2019\/03\/P1130005-1024x768.jpg 1024w, https:\/\/agora.xtec.cat\/ceipmescolacasas\/wp-content\/uploads\/usu1999\/2019\/03\/P1130005-300x225.jpg 300w, https:\/\/agora.xtec.cat\/ceipmescolacasas\/wp-content\/uploads\/usu1999\/2019\/03\/P1130005-768x576.jpg 768w, https:\/\/agora.xtec.cat\/ceipmescolacasas\/wp-content\/uploads\/usu1999\/2019\/03\/P1130005-200x150.jpg 200w\" sizes=\"auto, (max-width: 415px) 100vw, 415px\" \/><\/a><\/p>\n<p><a href=\"https:\/\/agora.xtec.cat\/ceipmescolacasas\/wp-content\/uploads\/usu1999\/2019\/03\/IMG_2880.jpg\"><img loading=\"lazy\" decoding=\"async\" class=\" wp-image-610 aligncenter\" src=\"https:\/\/agora.xtec.cat\/ceipmescolacasas\/wp-content\/uploads\/usu1999\/2019\/03\/IMG_2880-1024x768.jpg\" alt=\"\" width=\"415\" height=\"312\" srcset=\"https:\/\/agora.xtec.cat\/ceipmescolacasas\/wp-content\/uploads\/usu1999\/2019\/03\/IMG_2880.jpg 1024w, https:\/\/agora.xtec.cat\/ceipmescolacasas\/wp-content\/uploads\/usu1999\/2019\/03\/IMG_2880-300x225.jpg 300w, https:\/\/agora.xtec.cat\/ceipmescolacasas\/wp-content\/uploads\/usu1999\/2019\/03\/IMG_2880-768x576.jpg 768w, https:\/\/agora.xtec.cat\/ceipmescolacasas\/wp-content\/uploads\/usu1999\/2019\/03\/IMG_2880-200x150.jpg 200w\" sizes=\"auto, (max-width: 415px) 100vw, 415px\" \/><\/a><\/p>\n<p><a href=\"https:\/\/agora.xtec.cat\/ceipmescolacasas\/wp-content\/uploads\/usu1999\/2019\/03\/IMG_5629.jpg\"><img loading=\"lazy\" decoding=\"async\" class=\" wp-image-611 aligncenter\" src=\"https:\/\/agora.xtec.cat\/ceipmescolacasas\/wp-content\/uploads\/usu1999\/2019\/03\/IMG_5629.jpg\" alt=\"\" width=\"419\" height=\"332\" srcset=\"https:\/\/agora.xtec.cat\/ceipmescolacasas\/wp-content\/uploads\/usu1999\/2019\/03\/IMG_5629.jpg 968w, https:\/\/agora.xtec.cat\/ceipmescolacasas\/wp-content\/uploads\/usu1999\/2019\/03\/IMG_5629-300x238.jpg 300w, https:\/\/agora.xtec.cat\/ceipmescolacasas\/wp-content\/uploads\/usu1999\/2019\/03\/IMG_5629-768x609.jpg 768w\" sizes=\"auto, (max-width: 419px) 100vw, 419px\" \/><\/a><\/p>\n<p><a href=\"https:\/\/agora.xtec.cat\/ceipmescolacasas\/wp-content\/uploads\/usu1999\/2019\/03\/IMG_1231.jpg\"><img loading=\"lazy\" decoding=\"async\" class=\"wp-image-612 aligncenter\" src=\"https:\/\/agora.xtec.cat\/ceipmescolacasas\/wp-content\/uploads\/usu1999\/2019\/03\/IMG_1231-1024x768.jpg\" alt=\"\" width=\"419\" height=\"314\" srcset=\"https:\/\/agora.xtec.cat\/ceipmescolacasas\/wp-content\/uploads\/usu1999\/2019\/03\/IMG_1231-1024x768.jpg 1024w, https:\/\/agora.xtec.cat\/ceipmescolacasas\/wp-content\/uploads\/usu1999\/2019\/03\/IMG_1231-300x225.jpg 300w, https:\/\/agora.xtec.cat\/ceipmescolacasas\/wp-content\/uploads\/usu1999\/2019\/03\/IMG_1231-768x576.jpg 768w, https:\/\/agora.xtec.cat\/ceipmescolacasas\/wp-content\/uploads\/usu1999\/2019\/03\/IMG_1231-200x150.jpg 200w, https:\/\/agora.xtec.cat\/ceipmescolacasas\/wp-content\/uploads\/usu1999\/2019\/03\/IMG_1231.jpg 2048w\" sizes=\"auto, (max-width: 419px) 100vw, 419px\" \/><\/a><\/p>\n<p><a href=\"https:\/\/agora.xtec.cat\/ceipmescolacasas\/wp-content\/uploads\/usu1999\/2019\/03\/IMG_1904.jpg\"><img loading=\"lazy\" decoding=\"async\" class=\"wp-image-613 aligncenter\" src=\"https:\/\/agora.xtec.cat\/ceipmescolacasas\/wp-content\/uploads\/usu1999\/2019\/03\/IMG_1904-1024x768.jpg\" alt=\"\" width=\"426\" height=\"319\" srcset=\"https:\/\/agora.xtec.cat\/ceipmescolacasas\/wp-content\/uploads\/usu1999\/2019\/03\/IMG_1904.jpg 1024w, https:\/\/agora.xtec.cat\/ceipmescolacasas\/wp-content\/uploads\/usu1999\/2019\/03\/IMG_1904-300x225.jpg 300w, https:\/\/agora.xtec.cat\/ceipmescolacasas\/wp-content\/uploads\/usu1999\/2019\/03\/IMG_1904-768x576.jpg 768w, https:\/\/agora.xtec.cat\/ceipmescolacasas\/wp-content\/uploads\/usu1999\/2019\/03\/IMG_1904-200x150.jpg 200w\" sizes=\"auto, (max-width: 426px) 100vw, 426px\" \/><\/a><\/p>\n<h4><strong><span style=\"color: #000000;\">LES OLIMP\u00cdADES<\/span><br \/>\n<\/strong><\/h4>\n<p>Com a element motivador de les activitats de l&#8217;\u00e0rea d&#8217;Educaci\u00f3 F\u00edsica, cada segon o tercer trimestre s&#8217;organitza una Jornada Ol\u00edmpica en un estadi municipal en la que tots els alumnes passen per diferents proves i activitats segons sigui l&#8217;edat i les seves capacitats.<\/p>\n<p>Aquesta jornada comporta una gran participaci\u00f3 de les fam\u00edlies, no \u00fanicament com a espectadors sin\u00f3 tamb\u00e9 com a col\u00b7laboradors en les tasques de control i organitzaci\u00f3 de les diferents proves i activitats que es duen a terme.<\/p>\n<p><a href=\"https:\/\/agora.xtec.cat\/ceipmescolacasas\/wp-content\/uploads\/usu1999\/2019\/03\/IMG_7808.jpg\"><img loading=\"lazy\" decoding=\"async\" class=\" wp-image-614 aligncenter\" src=\"https:\/\/agora.xtec.cat\/ceipmescolacasas\/wp-content\/uploads\/usu1999\/2019\/03\/IMG_7808.jpg\" alt=\"\" width=\"393\" height=\"295\" srcset=\"https:\/\/agora.xtec.cat\/ceipmescolacasas\/wp-content\/uploads\/usu1999\/2019\/03\/IMG_7808.jpg 1024w, https:\/\/agora.xtec.cat\/ceipmescolacasas\/wp-content\/uploads\/usu1999\/2019\/03\/IMG_7808-300x225.jpg 300w, https:\/\/agora.xtec.cat\/ceipmescolacasas\/wp-content\/uploads\/usu1999\/2019\/03\/IMG_7808-768x576.jpg 768w, https:\/\/agora.xtec.cat\/ceipmescolacasas\/wp-content\/uploads\/usu1999\/2019\/03\/IMG_7808-200x150.jpg 200w\" sizes=\"auto, (max-width: 393px) 100vw, 393px\" \/><\/a><\/p>\n<p><a href=\"https:\/\/agora.xtec.cat\/ceipmescolacasas\/wp-content\/uploads\/usu1999\/2019\/03\/OLIMPIA-152.jpg\"><img loading=\"lazy\" decoding=\"async\" class=\"wp-image-622 aligncenter\" src=\"https:\/\/agora.xtec.cat\/ceipmescolacasas\/wp-content\/uploads\/usu1999\/2019\/03\/OLIMPIA-152.jpg\" alt=\"\" width=\"397\" height=\"223\" srcset=\"https:\/\/agora.xtec.cat\/ceipmescolacasas\/wp-content\/uploads\/usu1999\/2019\/03\/OLIMPIA-152.jpg 5906w, https:\/\/agora.xtec.cat\/ceipmescolacasas\/wp-content\/uploads\/usu1999\/2019\/03\/OLIMPIA-152-300x169.jpg 300w, https:\/\/agora.xtec.cat\/ceipmescolacasas\/wp-content\/uploads\/usu1999\/2019\/03\/OLIMPIA-152-768x432.jpg 768w, https:\/\/agora.xtec.cat\/ceipmescolacasas\/wp-content\/uploads\/usu1999\/2019\/03\/OLIMPIA-152-1024x576.jpg 1024w\" sizes=\"auto, (max-width: 397px) 100vw, 397px\" \/><\/a><\/p>\n<p><a href=\"https:\/\/agora.xtec.cat\/ceipmescolacasas\/wp-content\/uploads\/usu1999\/2019\/03\/OLIMPIA-112.jpg\"><img loading=\"lazy\" decoding=\"async\" class=\" wp-image-621 aligncenter\" src=\"https:\/\/agora.xtec.cat\/ceipmescolacasas\/wp-content\/uploads\/usu1999\/2019\/03\/OLIMPIA-112.jpg\" alt=\"\" width=\"398\" height=\"224\" srcset=\"https:\/\/agora.xtec.cat\/ceipmescolacasas\/wp-content\/uploads\/usu1999\/2019\/03\/OLIMPIA-112.jpg 6000w, https:\/\/agora.xtec.cat\/ceipmescolacasas\/wp-content\/uploads\/usu1999\/2019\/03\/OLIMPIA-112-300x169.jpg 300w, https:\/\/agora.xtec.cat\/ceipmescolacasas\/wp-content\/uploads\/usu1999\/2019\/03\/OLIMPIA-112-768x432.jpg 768w, https:\/\/agora.xtec.cat\/ceipmescolacasas\/wp-content\/uploads\/usu1999\/2019\/03\/OLIMPIA-112-1024x576.jpg 1024w\" sizes=\"auto, (max-width: 398px) 100vw, 398px\" \/><\/a><\/p>\n<p><a href=\"https:\/\/agora.xtec.cat\/ceipmescolacasas\/wp-content\/uploads\/usu1999\/2019\/03\/OLIMPIA-163-1.jpg\"><img loading=\"lazy\" decoding=\"async\" class=\" wp-image-625 aligncenter\" src=\"https:\/\/agora.xtec.cat\/ceipmescolacasas\/wp-content\/uploads\/usu1999\/2019\/03\/OLIMPIA-163-1.jpg\" alt=\"\" width=\"402\" height=\"189\" srcset=\"https:\/\/agora.xtec.cat\/ceipmescolacasas\/wp-content\/uploads\/usu1999\/2019\/03\/OLIMPIA-163-1.jpg 4256w, https:\/\/agora.xtec.cat\/ceipmescolacasas\/wp-content\/uploads\/usu1999\/2019\/03\/OLIMPIA-163-1-300x141.jpg 300w, https:\/\/agora.xtec.cat\/ceipmescolacasas\/wp-content\/uploads\/usu1999\/2019\/03\/OLIMPIA-163-1-768x362.jpg 768w, https:\/\/agora.xtec.cat\/ceipmescolacasas\/wp-content\/uploads\/usu1999\/2019\/03\/OLIMPIA-163-1-1024x482.jpg 1024w\" sizes=\"auto, (max-width: 402px) 100vw, 402px\" \/><\/a><\/p>\n<p><a href=\"https:\/\/agora.xtec.cat\/ceipmescolacasas\/wp-content\/uploads\/usu1999\/2019\/03\/OLIMPIA-17.jpg\"><img loading=\"lazy\" decoding=\"async\" class=\"wp-image-627 aligncenter\" src=\"https:\/\/agora.xtec.cat\/ceipmescolacasas\/wp-content\/uploads\/usu1999\/2019\/03\/OLIMPIA-17.jpg\" alt=\"\" width=\"405\" height=\"270\" srcset=\"https:\/\/agora.xtec.cat\/ceipmescolacasas\/wp-content\/uploads\/usu1999\/2019\/03\/OLIMPIA-17.jpg 3410w, https:\/\/agora.xtec.cat\/ceipmescolacasas\/wp-content\/uploads\/usu1999\/2019\/03\/OLIMPIA-17-300x200.jpg 300w, https:\/\/agora.xtec.cat\/ceipmescolacasas\/wp-content\/uploads\/usu1999\/2019\/03\/OLIMPIA-17-768x512.jpg 768w, https:\/\/agora.xtec.cat\/ceipmescolacasas\/wp-content\/uploads\/usu1999\/2019\/03\/OLIMPIA-17-1024x683.jpg 1024w\" sizes=\"auto, (max-width: 405px) 100vw, 405px\" \/><\/a><\/p>\n<p><a href=\"https:\/\/agora.xtec.cat\/ceipmescolacasas\/wp-content\/uploads\/usu1999\/2019\/03\/OLIMPIA-13.jpg\"><img loading=\"lazy\" decoding=\"async\" class=\" wp-image-620 aligncenter\" src=\"https:\/\/agora.xtec.cat\/ceipmescolacasas\/wp-content\/uploads\/usu1999\/2019\/03\/OLIMPIA-13.jpg\" alt=\"\" width=\"419\" height=\"226\" srcset=\"https:\/\/agora.xtec.cat\/ceipmescolacasas\/wp-content\/uploads\/usu1999\/2019\/03\/OLIMPIA-13.jpg 3300w, https:\/\/agora.xtec.cat\/ceipmescolacasas\/wp-content\/uploads\/usu1999\/2019\/03\/OLIMPIA-13-300x162.jpg 300w, https:\/\/agora.xtec.cat\/ceipmescolacasas\/wp-content\/uploads\/usu1999\/2019\/03\/OLIMPIA-13-768x414.jpg 768w, https:\/\/agora.xtec.cat\/ceipmescolacasas\/wp-content\/uploads\/usu1999\/2019\/03\/OLIMPIA-13-1024x553.jpg 1024w\" sizes=\"auto, (max-width: 419px) 100vw, 419px\" \/><\/a><\/p>\n","protected":false},"excerpt":{"rendered":"<p>SORTIDES Durant el curs escolar i lligades a les diferents \u00e0rees del Curr\u00edculum tots els grups d&#8217;alumnes realitzen sortides pedag\u00f2giques per tal de poder vivenciar i observar els continguts que es plantegen dins els programes dels diferents nivells. COL\u00d2NIES Tots els nivells de Prim\u00e0ria realitzen estades de Col\u00f2nies bianualment (un cop al Cicle). A Educaci\u00f3 [&hellip;]<\/p>\n","protected":false},"author":1,"featured_media":0,"parent":22,"menu_order":45,"comment_status":"closed","ping_status":"closed","template":"","meta":{"_bbp_topic_count":0,"_bbp_reply_count":0,"_bbp_total_topic_count":0,"_bbp_total_reply_count":0,"_bbp_voice_count":0,"_bbp_anonymous_reply_count":0,"_bbp_topic_count_hidden":0,"_bbp_reply_count_hidden":0,"_bbp_forum_subforum_count":0,"site-sidebar-layout":"default","site-content-layout":"","ast-site-content-layout":"default","site-content-style":"default","site-sidebar-style":"default","ast-global-header-display":"","ast-banner-title-visibility":"","ast-main-header-display":"","ast-hfb-above-header-display":"","ast-hfb-below-header-display":"","ast-hfb-mobile-header-display":"","site-post-title":"","ast-breadcrumbs-content":"","ast-featured-img":"","footer-sml-layout":"","theme-transparent-header-meta":"","adv-header-id-meta":"","stick-header-meta":"","header-above-stick-meta":"","header-main-stick-meta":"","header-below-stick-meta":"","astra-migrate-meta-layouts":"set","ast-page-background-enabled":"default","ast-page-background-meta":{"desktop":{"background-color":"var(--ast-global-color-4)","background-image":"","background-repeat":"repeat","background-position":"center center","background-size":"auto","background-attachment":"scroll","background-type":"","background-media":"","overlay-type":"","overlay-color":"","overlay-opacity":"","overlay-gradient":""},"tablet":{"background-color":"","background-image":"","background-repeat":"repeat","background-position":"center center","background-size":"auto","background-attachment":"scroll","background-type":"","background-media":"","overlay-type":"","overlay-color":"","overlay-opacity":"","overlay-gradient":""},"mobile":{"background-color":"","background-image":"","background-repeat":"repeat","background-position":"center center","background-size":"auto","background-attachment":"scroll","background-type":"","background-media":"","overlay-type":"","overlay-color":"","overlay-opacity":"","overlay-gradient":""}},"ast-content-background-meta":{"desktop":{"background-color":"var(--ast-global-color-5)","background-image":"","background-repeat":"repeat","background-position":"center center","background-size":"auto","background-attachment":"scroll","background-type":"","background-media":"","overlay-type":"","overlay-color":"","overlay-opacity":"","overlay-gradient":""},"tablet":{"background-color":"var(--ast-global-color-5)","background-image":"","background-repeat":"repeat","background-position":"center center","background-size":"auto","background-attachment":"scroll","background-type":"","background-media":"","overlay-type":"","overlay-color":"","overlay-opacity":"","overlay-gradient":""},"mobile":{"background-color":"var(--ast-global-color-5)","background-image":"","background-repeat":"repeat","background-position":"center center","background-size":"auto","background-attachment":"scroll","background-type":"","background-media":"","overlay-type":"","overlay-color":"","overlay-opacity":"","overlay-gradient":""}},"footnotes":""},"class_list":["post-562","page","type-page","status-publish","hentry"],"post_mailing_queue_ids":[],"_links":{"self":[{"href":"https:\/\/agora.xtec.cat\/ceipmescolacasas\/wp-json\/wp\/v2\/pages\/562","targetHints":{"allow":["GET"]}}],"collection":[{"href":"https:\/\/agora.xtec.cat\/ceipmescolacasas\/wp-json\/wp\/v2\/pages"}],"about":[{"href":"https:\/\/agora.xtec.cat\/ceipmescolacasas\/wp-json\/wp\/v2\/types\/page"}],"author":[{"embeddable":true,"href":"https:\/\/agora.xtec.cat\/ceipmescolacasas\/wp-json\/wp\/v2\/users\/1"}],"replies":[{"embeddable":true,"href":"https:\/\/agora.xtec.cat\/ceipmescolacasas\/wp-json\/wp\/v2\/comments?post=562"}],"version-history":[{"count":3,"href":"https:\/\/agora.xtec.cat\/ceipmescolacasas\/wp-json\/wp\/v2\/pages\/562\/revisions"}],"predecessor-version":[{"id":20214,"href":"https:\/\/agora.xtec.cat\/ceipmescolacasas\/wp-json\/wp\/v2\/pages\/562\/revisions\/20214"}],"up":[{"embeddable":true,"href":"https:\/\/agora.xtec.cat\/ceipmescolacasas\/wp-json\/wp\/v2\/pages\/22"}],"wp:attachment":[{"href":"https:\/\/agora.xtec.cat\/ceipmescolacasas\/wp-json\/wp\/v2\/media?parent=562"}],"curies":[{"name":"wp","href":"https:\/\/api.w.org\/{rel}","templated":true}]}}