{"id":5536,"date":"2020-03-15T21:28:28","date_gmt":"2020-03-15T20:28:28","guid":{"rendered":"https:\/\/agora.xtec.cat\/ceipmescolacasas\/?page_id=5536"},"modified":"2021-01-21T14:03:16","modified_gmt":"2021-01-21T13:03:16","slug":"trets-didentitat","status":"publish","type":"page","link":"https:\/\/agora.xtec.cat\/ceipmescolacasas\/trets-didentitat\/","title":{"rendered":"Trets d&#8217;identitat"},"content":{"rendered":"<p><strong>TRETS D\u2019IDENTITAT:<\/strong><\/p>\n<p>Som una escola p\u00fablica\u00a0catalana que ens definim com a\u00a0inclusiva,\u00a0laica i respectuosa amb la pluralitat.<\/p>\n<p>Els trets d&#8217;identitat diferencials del nostre centre \u00a0s\u00f3n:<\/p>\n<ul>\n<li>Treball dels ensenyaments art\u00edstics.<\/li>\n<li>Utilitzaci\u00f3 de les noves tecnologies.<\/li>\n<li>Tractament globalitzat i funcional dels aprenentatges.<\/li>\n<li>Centre d&#8217;agrupament d&#8217;alumnes amb d\u00e8ficit auditiu, modalitat oral.<\/li>\n<li>\u00c8mfasi en la formaci\u00f3 humana i social.<\/li>\n<li>Participaci\u00f3 en diferents projectes d&#8217;innovaci\u00f3 educativa.<\/li>\n<\/ul>\n<p><strong><span class=\"ng-scope\">PILARS PEDAG\u00d2GICS \/ BASES DEL MODEL EDUCATIU:<\/span><\/strong><\/p>\n<p>La l\u00ednia metodol\u00f2gica del centre promou el desenvolupament integral de l&#8217;alumne.<\/p>\n<p>Fa \u00e8mfasi en la formaci\u00f3 humana i social tot treballant els valors com el respecte, la solidaritat, la responsabilitat i la sostenibilitat, fomentant un bon clima de conviv\u00e8ncia.<\/p>\n<p>Parteix dels coneixements previs dels alumnes, motivant-los i fent activitats vivencials\u00a0mitjan\u00e7ant l&#8217;observaci\u00f3 i l&#8217;experimentaci\u00f3 per aconseguir un aprenentatge significatiu.<\/p>\n<p>Valora l&#8217;esfor\u00e7 dels alumnes\u00a0ajustant-lo als diferents ritmes i difer\u00e8ncies individuals.<\/p>\n<p>Fa un treball globalitzat entre les \u00e0rees incidint amb l&#8217;entorn natural i social i els ensenyaments art\u00edstics (pl\u00e0stica, m\u00fasica, dansa i teatre).<\/p>\n<p><span class=\"ng-scope\"><strong>OBJECTIUS EDUCATIUS PRIORITARIS:<\/strong><br \/>\n<\/span><\/p>\n<ul>\n<li>Desenvolupar les capacitats personals i habilitats socials per aprendre a conviure en societat..<\/li>\n<li>Adquirir i desenvolupar les compet\u00e8ncies comunicatives, matem\u00e0tiques, art\u00edstiques i digitals.<\/li>\n<li>Desenvolupar la capacitat d&#8217;aprendre a aprendre i promoure la cultura de l&#8217;esfor\u00e7.<\/li>\n<li>Potenciar i afavorir el desenvolupament i l&#8217;expressi\u00f3 del sentit art\u00edstic, la creativitat i l&#8217;afectivitat.<\/li>\n<li>Prendre consci\u00e8ncia de la import\u00e0ncia del medi ambient i de la necessitat de preservar-lo, afavorint conductes sostenibles.<\/li>\n<li>Fomentar el coneixement de les tradicions, els costums i la cultura de l&#8217;entorn.<\/li>\n<li>Promoure la participaci\u00f3 dels alumnes en la gesti\u00f3 i organitzaci\u00f3 del centre.<\/li>\n<li>Organitzar els recursos que permetin l&#8217;atenci\u00f3 a la diversitat de l&#8217;alumnat.<\/li>\n<\/ul>\n<p><span class=\"ng-scope\"><strong>CRITERIS D\u2019ORGANITZACI\u00d3 PEDAG\u00d2GICA:<\/strong><\/span><\/p>\n<p>L&#8217;Escola Casas \u00e9s un centre d&#8217;una sola l\u00ednia dividit en dues etapes: educaci\u00f3 infantil i prim\u00e0ria. El claustre est\u00e0 format per mestres tutors, de suport i especialistes que intervenen en les dues etapes. Compta amb la implicaci\u00f3 d&#8217;un equip de mestres estable per tirar endavant els diferents projectes.<\/p>\n<p>El centre treballa des de la reflexi\u00f3 que ens aporten els diferents moviments de renovaci\u00f3 pedag\u00f3gica. Actualment, participa en un proc\u00e9s de debat per adaptar-nos als canvis culturals i socials del segle XXI.<\/p>\n<p>S&#8217;afavoreix el treball interactiu i col\u00b7laboratiu en les diferents activitats d&#8217;ensenyament i aprenentatge afavorint desdoblaments i agrupacions flexibles en les dues etapes.<\/p>\n<p>Es parteix del coneixement i l&#8217;atenci\u00f3 personalitzada dels alumnes per valorar la seva evoluci\u00f3.<\/p>\n<p>A l&#8217;etapa d&#8217;Educaci\u00f3 Infantil s&#8217;organitzen activitats pedag\u00f2giques per treballar les capacitats i a Prim\u00e0ria, <span style=\"font-family: inherit; font-size: 1em;\">les compet\u00e8ncies b\u00e0siques .<\/span><\/p>\n<p><span class=\"ng-scope\"><strong>PROJECTES I ACTIVITATS DESTACADES DEL CENTRE:<\/strong><\/span><\/p>\n<div>Activitats d&#8217;ensenyament i aprenentatges destacades:<\/div>\n<ul>\n<li>El treball per racons a educaci\u00f3 infantil.<\/li>\n<li>Els tallers de llengua.<\/li>\n<li>Els tallers de teatre.<\/li>\n<li>Participaci\u00f3 en la xarxa &#8220;Escoles sostenibles&#8221;.<\/li>\n<li>Projecte pati.<\/li>\n<li>Sortides pedag\u00f2giques i col\u00f2nies escolars.<\/li>\n<li>Jornada esportiva: les olimp\u00edades.<\/li>\n<li>Setmana de la solidaritat.<\/li>\n<li>Projecte de conviv\u00e8ncia.<\/li>\n<li>Participaci\u00f3 en les &#8220;Xarxes pel canvi&#8221;.<\/li>\n<\/ul>\n<p><span class=\"ng-scope\"><strong>\u00c0MBITS DE PARTICIPACI\u00d3 I COL\u00b7LABORACI\u00d3:<\/strong><\/span><\/p>\n<p>L&#8217;escola promou la participaci\u00f3 de tots els col\u00b7lectius que en formen part (alumnes, pares, mestres i personal no docent),\u00a0en l&#8217;organitzaci\u00f3 i gesti\u00f3 de la mateixa,\u00a0a trav\u00e9s dels diferents canals establerts: Consell escolar, Comissions de treball, AFA, Claustre de mestres, etc.<\/p>\n<p>L&#8217;AFA participa, col\u00b7labora i d\u00f3na suport a les diferents activitats que es deriven del Projecte Educatiu d&#8217;Escola\u00a0\u00a0mitjan\u00e7ant diferents activitats com: les olimp\u00edades, els dilluns en fam\u00edlia, les xerrades promogudes per l&#8217;AFA i l&#8217;escola, les festes d&#8217;escola,\u00a0etc.<\/p>\n<p>La participaci\u00f3 dels alumnes s&#8217;afavoreix mitjan\u00e7ant els c\u00e0rrecs de responsabilitat, les assemblees de classe, els delegats de nivell de curs, formant part d&#8217;algunes de les comissions de treball juntament amb els mestres.<\/p>\n","protected":false},"excerpt":{"rendered":"<p>TRETS D\u2019IDENTITAT: Som una escola p\u00fablica\u00a0catalana que ens definim com a\u00a0inclusiva,\u00a0laica i respectuosa amb la pluralitat. Els trets d&#8217;identitat diferencials del nostre centre \u00a0s\u00f3n: Treball dels ensenyaments art\u00edstics. Utilitzaci\u00f3 de les noves tecnologies. Tractament globalitzat i funcional dels aprenentatges. Centre d&#8217;agrupament d&#8217;alumnes amb d\u00e8ficit auditiu, modalitat oral. \u00c8mfasi en la formaci\u00f3 humana i social. Participaci\u00f3 [&hellip;]<\/p>\n","protected":false},"author":1,"featured_media":0,"parent":0,"menu_order":0,"comment_status":"closed","ping_status":"closed","template":"","meta":{"_bbp_topic_count":0,"_bbp_reply_count":0,"_bbp_total_topic_count":0,"_bbp_total_reply_count":0,"_bbp_voice_count":0,"_bbp_anonymous_reply_count":0,"_bbp_topic_count_hidden":0,"_bbp_reply_count_hidden":0,"_bbp_forum_subforum_count":0,"site-sidebar-layout":"default","site-content-layout":"","ast-site-content-layout":"","site-content-style":"default","site-sidebar-style":"default","ast-global-header-display":"","ast-banner-title-visibility":"","ast-main-header-display":"","ast-hfb-above-header-display":"","ast-hfb-below-header-display":"","ast-hfb-mobile-header-display":"","site-post-title":"","ast-breadcrumbs-content":"","ast-featured-img":"","footer-sml-layout":"","theme-transparent-header-meta":"","adv-header-id-meta":"","stick-header-meta":"","header-above-stick-meta":"","header-main-stick-meta":"","header-below-stick-meta":"","astra-migrate-meta-layouts":"default","ast-page-background-enabled":"default","ast-page-background-meta":{"desktop":{"background-color":"var(--ast-global-color-4)","background-image":"","background-repeat":"repeat","background-position":"center center","background-size":"auto","background-attachment":"scroll","background-type":"","background-media":"","overlay-type":"","overlay-color":"","overlay-opacity":"","overlay-gradient":""},"tablet":{"background-color":"","background-image":"","background-repeat":"repeat","background-position":"center center","background-size":"auto","background-attachment":"scroll","background-type":"","background-media":"","overlay-type":"","overlay-color":"","overlay-opacity":"","overlay-gradient":""},"mobile":{"background-color":"","background-image":"","background-repeat":"repeat","background-position":"center center","background-size":"auto","background-attachment":"scroll","background-type":"","background-media":"","overlay-type":"","overlay-color":"","overlay-opacity":"","overlay-gradient":""}},"ast-content-background-meta":{"desktop":{"background-color":"var(--ast-global-color-5)","background-image":"","background-repeat":"repeat","background-position":"center center","background-size":"auto","background-attachment":"scroll","background-type":"","background-media":"","overlay-type":"","overlay-color":"","overlay-opacity":"","overlay-gradient":""},"tablet":{"background-color":"var(--ast-global-color-5)","background-image":"","background-repeat":"repeat","background-position":"center center","background-size":"auto","background-attachment":"scroll","background-type":"","background-media":"","overlay-type":"","overlay-color":"","overlay-opacity":"","overlay-gradient":""},"mobile":{"background-color":"var(--ast-global-color-5)","background-image":"","background-repeat":"repeat","background-position":"center center","background-size":"auto","background-attachment":"scroll","background-type":"","background-media":"","overlay-type":"","overlay-color":"","overlay-opacity":"","overlay-gradient":""}},"footnotes":""},"class_list":["post-5536","page","type-page","status-publish","hentry"],"post_mailing_queue_ids":[],"_links":{"self":[{"href":"https:\/\/agora.xtec.cat\/ceipmescolacasas\/wp-json\/wp\/v2\/pages\/5536","targetHints":{"allow":["GET"]}}],"collection":[{"href":"https:\/\/agora.xtec.cat\/ceipmescolacasas\/wp-json\/wp\/v2\/pages"}],"about":[{"href":"https:\/\/agora.xtec.cat\/ceipmescolacasas\/wp-json\/wp\/v2\/types\/page"}],"author":[{"embeddable":true,"href":"https:\/\/agora.xtec.cat\/ceipmescolacasas\/wp-json\/wp\/v2\/users\/1"}],"replies":[{"embeddable":true,"href":"https:\/\/agora.xtec.cat\/ceipmescolacasas\/wp-json\/wp\/v2\/comments?post=5536"}],"version-history":[{"count":3,"href":"https:\/\/agora.xtec.cat\/ceipmescolacasas\/wp-json\/wp\/v2\/pages\/5536\/revisions"}],"predecessor-version":[{"id":9495,"href":"https:\/\/agora.xtec.cat\/ceipmescolacasas\/wp-json\/wp\/v2\/pages\/5536\/revisions\/9495"}],"wp:attachment":[{"href":"https:\/\/agora.xtec.cat\/ceipmescolacasas\/wp-json\/wp\/v2\/media?parent=5536"}],"curies":[{"name":"wp","href":"https:\/\/api.w.org\/{rel}","templated":true}]}}