{"id":5531,"date":"2020-03-15T21:37:48","date_gmt":"2020-03-15T20:37:48","guid":{"rendered":"https:\/\/agora.xtec.cat\/ceipmescolacasas\/?page_id=5531"},"modified":"2026-04-09T13:29:52","modified_gmt":"2026-04-09T11:29:52","slug":"consell-escolar","status":"publish","type":"page","link":"https:\/\/agora.xtec.cat\/ceipmescolacasas\/lescola\/consell-escolar\/","title":{"rendered":"Consell Escolar"},"content":{"rendered":"<p><strong>Consell Escolar<br \/>\n<\/strong>\u00c9s qui pren els acords i les decisions que marquen el funcionament general de l\u2019escola. Hi ha representants de les fam\u00edlies, dels mestres, de l\u2019AFA, de l\u2019Ajuntament i del personal no docent. Corresponen al consell escolar les funcions establertes a la Llei 12\/2009, de 10 de juliol, d\u2019educaci\u00f3.<\/p>\n<p><strong>Participaci\u00f3 de les fam\u00edlies: <\/strong>Les fam\u00edlies\u00a0formen part de la din\u00e0mica de l\u2019escola participant activament en el proc\u00e9s educatiu dels seus fills a trav\u00e9s del Consell Escolar, de l\u2019AFA i sobretot amb el contacte peri\u00f2dic amb els\/les mestres dels seus fills i filles.<\/p>\n<p><strong>Funcions del consell escolar dels centres p\u00fablics:<\/strong><\/p>\n<ul>\n<li>Aprovar el projecte educatiu (PEC) i les seves modificacions. El consell escolar ha de ser consultat pel director de manera preceptiva per valorar la proposta del projecte educatiu i manifestar el seu suport amb una majoria de les tres cinquenes parts dels membres.<\/li>\n<li>Aprovar la programaci\u00f3 general anual (PGA), les normes de funcionament i la gesti\u00f3 econ\u00f2mica del centre. El consell escolar ha de ser consultat de manera preceptiva per valorar cada una de les propostes i manifestar el seu suport per majoria simple dels membres.<\/li>\n<li>Avaluar l&#8217;aplicaci\u00f3 del projecte educatiu i de les seves modificacions aix\u00ed com de la resta de documents de gesti\u00f3 del centre.<\/li>\n<li>Aprovar les propostes d&#8217;acords de coresponsabilitat, convenis i altres acords de col\u00b7laboraci\u00f3 del centre amb entitats i institucions.<\/li>\n<li>Intervenir en el procediment d&#8217;admissi\u00f3 d&#8217;alumnes.<\/li>\n<li>Participar en el procediment de selecci\u00f3 i en la proposta de cessament del director o directora.<\/li>\n<li>Intervenir en la resoluci\u00f3 dels conflictes i, si escau, revisar les sancions als alumnes.<\/li>\n<li>Aprovar les directrius per a la programaci\u00f3 d&#8217;activitats escolars complement\u00e0ries i d&#8217;activitats extraescolars, i avaluar-ne el desenvolupament.<\/li>\n<li>Participar en les an\u00e0lisis i les avaluacions del funcionament general del centre i con\u00e8ixer l&#8217;evoluci\u00f3 del rendiment escolar.<\/li>\n<li>Aprovar els criteris de col\u00b7laboraci\u00f3 amb altres centres i amb l&#8217;entorn.<\/li>\n<li>Qualsevol altre que li sigui atribu\u00efda per les normes legals o reglament\u00e0ries.<\/li>\n<\/ul>\n<p><strong>Composici\u00f3 Consell Escolar\u00a0<\/strong><\/p>\n<ul>\n<li>Equip Directiu : Laura Rodr\u00edguez D\u00edez (Directora), Roser Gonz\u00e1lez Vidal (Cap d\u2019Estudis), Laura Muncunill Conesa (Secret\u00e0ria Acad\u00e8mica)<\/li>\n<li>Representants dels mestres: Andrea Alba Mu\u00f1oz, Anna Lacambra Marco, Anna Barbancho Cabedo, Laura Fern\u00e1ndez Trenzano, N\u00faria Luna P\u00e9rez<\/li>\n<li>Representant del PND : Judith Soldevila Sams\u00f3<\/li>\n<li>Representants de les fam\u00edlies: Gonzalo Calvo Berdejo, S\u00edlvia L\u00f3pez Torres, Oriol Ledesma Alabern, S\u00f2nia Pons Garc\u00eda<\/li>\n<li>Representant de l\u2019AFA : Yesly Carlos M\u00e1rquez<\/li>\n<li>Representant Municipal : Al\u00edcia G\u00f3mez Blanco<\/li>\n<\/ul>\n<p><strong>ACORDS DEL CONSELL ESCOLAR<\/strong><\/p>\n<p>Curs 25-26<\/p>\n<ul>\n<li><a href=\"https:\/\/agora.xtec.cat\/ceipmescolacasas\/wp-content\/uploads\/usu1999\/2025\/11\/Certificat-acords-CE.-1-1.pdf\">Certificat acords CE 1<\/a><\/li>\n<li><a href=\"https:\/\/agora.xtec.cat\/ceipmescolacasas\/wp-content\/uploads\/usu1999\/2025\/12\/Certificat-acords-CE.-2.pdf\">Certificat acords CE 2<\/a><\/li>\n<li><a href=\"https:\/\/agora.xtec.cat\/ceipmescolacasas\/wp-content\/uploads\/usu1999\/2026\/01\/Certificat-acords-CE.-economic-1.pdf\">Certificat acords CE econ. 1<\/a><\/li>\n<li><a href=\"https:\/\/agora.xtec.cat\/ceipmescolacasas\/wp-content\/uploads\/usu1999\/2026\/03\/Certificat-acords-CE.-economic-2.pdf\">Certificat acords CE econ. 2<\/a><\/li>\n<\/ul>\n<p>Curs 24-25<\/p>\n<ul>\n<li><a href=\"https:\/\/agora.xtec.cat\/ceipmescolacasas\/wp-content\/uploads\/usu1999\/2024\/10\/Certificat-acords-CE.-1.pdf\">Certificat acords CE 1<\/a><\/li>\n<li><a href=\"https:\/\/agora.xtec.cat\/ceipmescolacasas\/wp-content\/uploads\/usu1999\/2025\/02\/Certificat-acords-CE.-2.pdf\">Certificat acords CE 2<\/a><\/li>\n<li><a href=\"https:\/\/agora.xtec.cat\/ceipmescolacasas\/wp-content\/uploads\/usu1999\/2025\/07\/Certificat-acords-CE.-economic.pdf\">Certificat acords CE 3<\/a><\/li>\n<li><a href=\"https:\/\/agora.xtec.cat\/ceipmescolacasas\/wp-content\/uploads\/usu1999\/2025\/07\/Certificat-acords-CE.-3.pdf\">Certificat acords CE 4<\/a><\/li>\n<li><a href=\"https:\/\/agora.xtec.cat\/ceipmescolacasas\/wp-content\/uploads\/usu1999\/2025\/07\/Certificat-acords-CE.-4.pdf\" target=\"_blank\" rel=\"noopener\">Certificat acords CE 5<\/a><\/li>\n<li><a href=\"https:\/\/agora.xtec.cat\/ceipmescolacasas\/wp-content\/uploads\/usu1999\/2025\/07\/Certificat-acords-CE.-5.pdf\">Certificat acords CE 6<\/a><\/li>\n<\/ul>\n<p>Curs 23-24<\/p>\n<ul>\n<li><a href=\"https:\/\/agora.xtec.cat\/ceipmescolacasas\/wp-content\/uploads\/usu1999\/2023\/10\/Certificat-acords-CE-1.pdf\">Certificat acords CE 1<\/a><\/li>\n<li><a href=\"https:\/\/agora.xtec.cat\/ceipmescolacasas\/wp-content\/uploads\/usu1999\/2023\/12\/Certificat-acords-CE-2.pdf\">Certificat acords CE 2<\/a><\/li>\n<li><a href=\"https:\/\/agora.xtec.cat\/ceipmescolacasas\/wp-content\/uploads\/usu1999\/2023\/12\/Certificat-acords-CE-3.pdf\">Certificat acords CE 3<\/a><\/li>\n<li><a href=\"https:\/\/agora.xtec.cat\/ceipmescolacasas\/wp-content\/uploads\/usu1999\/2024\/01\/Certificat-acords-CE-4-.pdf\">Certificat acords CE 4<\/a><\/li>\n<li><a href=\"https:\/\/agora.xtec.cat\/ceipmescolacasas\/wp-content\/uploads\/usu1999\/2024\/03\/Certificat-acords-CE-5-.pdf\">Certificat acords CE 5<\/a><\/li>\n<li><a href=\"https:\/\/agora.xtec.cat\/ceipmescolacasas\/wp-content\/uploads\/usu1999\/2024\/04\/Certificat-acords-CE-6-.pdf\">Certificat acords CE 6<\/a><\/li>\n<li><a href=\"https:\/\/agora.xtec.cat\/ceipmescolacasas\/wp-content\/uploads\/usu1999\/2024\/06\/Certificat-acords-CE-7-.pdf\">Certificat acords CE 7<\/a><\/li>\n<\/ul>\n<p>Curs 22-23<\/p>\n<ul>\n<li><a href=\"https:\/\/agora.xtec.cat\/ceipmescolacasas\/wp-content\/uploads\/usu1999\/2022\/07\/Certificat-acords-CE1.pdf\">Certificat acords CE1<\/a><\/li>\n<li><a href=\"https:\/\/agora.xtec.cat\/ceipmescolacasas\/wp-content\/uploads\/usu1999\/2022\/11\/Certificat-acords-CE-2.pdf\">Certificat acords CE 2<\/a><\/li>\n<li><a href=\"https:\/\/agora.xtec.cat\/ceipmescolacasas\/wp-content\/uploads\/usu1999\/2022\/11\/Certificat-acords-CE3-EXTRA.pdf\">Certificat acords CE3<\/a><\/li>\n<li><a href=\"https:\/\/agora.xtec.cat\/ceipmescolacasas\/wp-content\/uploads\/usu1999\/2023\/01\/Certificat-acords-CE4.pdf\">Certificat acords CE4<\/a><\/li>\n<li><a href=\"https:\/\/agora.xtec.cat\/ceipmescolacasas\/wp-content\/uploads\/usu1999\/2023\/01\/Certificat-acords-CE-5-.pdf\">Certificat acords CE5<\/a><\/li>\n<li><a href=\"https:\/\/agora.xtec.cat\/ceipmescolacasas\/wp-content\/uploads\/usu1999\/2023\/05\/Certificat-acords-CE-6-.pdf\">Certificat acords CE 6<\/a><\/li>\n<li><a href=\"https:\/\/agora.xtec.cat\/ceipmescolacasas\/wp-content\/uploads\/usu1999\/2023\/05\/Certificat-acords-CE-7.pdf\">Certificat acords CE 7<\/a><\/li>\n<li><a href=\"https:\/\/agora.xtec.cat\/ceipmescolacasas\/wp-content\/uploads\/usu1999\/2023\/06\/Certificat-acords-CE-8.pdf\">Certificat acords CE 8<\/a><\/li>\n<\/ul>\n<p>Curs 21-22<\/p>\n<ul>\n<li><a href=\"https:\/\/agora.xtec.cat\/ceipmescolacasas\/wp-content\/uploads\/usu1999\/2021\/12\/Certificat-acords-CE1.pdf\">Certificat acords CE1<\/a><\/li>\n<li><a style=\"color: #2795b6;\" href=\"https:\/\/agora.xtec.cat\/ceipmescolacasas\/wp-content\/uploads\/usu1999\/2021\/12\/Certificat-acords-CE-2-2.pdf\">Certificat acords CE2<\/a><\/li>\n<li><a href=\"https:\/\/agora.xtec.cat\/ceipmescolacasas\/wp-content\/uploads\/usu1999\/2021\/12\/Certificat-acords-CE3.pdf\">Certificat acords CE3<\/a><\/li>\n<li><a style=\"color: #2795b6;\" href=\"https:\/\/agora.xtec.cat\/ceipmescolacasas\/wp-content\/uploads\/usu1999\/2022\/01\/Certificat-acords-CE-4.pdf\">Certificat acords CE 4<\/a><\/li>\n<li><a href=\"https:\/\/agora.xtec.cat\/ceipmescolacasas\/wp-content\/uploads\/usu1999\/2022\/01\/Certificat-acords-CE-5.pdf\">Certificat acords CE 5<\/a><\/li>\n<li><a href=\"https:\/\/agora.xtec.cat\/ceipmescolacasas\/wp-content\/uploads\/usu1999\/2022\/05\/Certificat-acords-CE-6-EXTRA.pdf\" target=\"_blank\" rel=\"noopener\">Certificat acords CE 6<\/a><\/li>\n<li><a href=\"https:\/\/agora.xtec.cat\/ceipmescolacasas\/wp-content\/uploads\/usu1999\/2022\/05\/Certificat-acords-CE-7.pdf\" target=\"_blank\" rel=\"noopener\">Certificat acords CE 7<\/a><\/li>\n<li><a href=\"https:\/\/agora.xtec.cat\/ceipmescolacasas\/wp-content\/uploads\/usu1999\/2022\/07\/Certificat-acords-CE-8.pdf\" target=\"_blank\" rel=\"noopener\">Certificat acords CE 8<\/a><\/li>\n<\/ul>\n<p>Curs 20-21<\/p>\n<ul>\n<li><a href=\"https:\/\/agora.xtec.cat\/ceipmescolacasas\/wp-content\/uploads\/usu1999\/2021\/12\/Certificat-acords-CE-1-1.pdf\">Certificat acords CE 1<\/a><\/li>\n<li><a href=\"https:\/\/agora.xtec.cat\/ceipmescolacasas\/wp-content\/uploads\/usu1999\/2021\/12\/Certificat-acords-CE-2-1.pdf\">Certificat acords CE 2<\/a><\/li>\n<li><a href=\"https:\/\/agora.xtec.cat\/ceipmescolacasas\/wp-content\/uploads\/usu1999\/2021\/12\/Certificat-acords-CE-3-1.pdf\">Certificat acords CE 3<\/a><\/li>\n<li><a href=\"https:\/\/agora.xtec.cat\/ceipmescolacasas\/wp-content\/uploads\/usu1999\/2021\/12\/Certificat-acords-CE-4-1.pdf\">Certificat acords CE 4<\/a><\/li>\n<li><a href=\"https:\/\/agora.xtec.cat\/ceipmescolacasas\/wp-content\/uploads\/usu1999\/2021\/12\/Certificat-acords-CE-5-1.pdf\">Certificat acords CE 5<\/a><\/li>\n<li><a href=\"https:\/\/agora.xtec.cat\/ceipmescolacasas\/wp-content\/uploads\/usu1999\/2021\/12\/Certificat-acords-CE-6-1.pdf\">Certificat acords CE 6<\/a><\/li>\n<li><a href=\"https:\/\/agora.xtec.cat\/ceipmescolacasas\/wp-content\/uploads\/usu1999\/2021\/12\/Certificat-acords-CE-7.pdf\">Certificat acords CE 7<\/a><\/li>\n<\/ul>\n<p>Curs 19-20<\/p>\n<ul>\n<li><a href=\"https:\/\/agora.xtec.cat\/ceipmescolacasas\/wp-content\/uploads\/usu1999\/2021\/12\/Certificat-acords-CE-1.pdf\">Certificat acords CE 1<\/a><\/li>\n<li><a href=\"https:\/\/agora.xtec.cat\/ceipmescolacasas\/wp-content\/uploads\/usu1999\/2021\/12\/Certificat-acords-CE-2.pdf\">Certificat acords CE 2<\/a><\/li>\n<li><a href=\"https:\/\/agora.xtec.cat\/ceipmescolacasas\/wp-content\/uploads\/usu1999\/2021\/12\/Certificat-acords-CE-3.pdf\">Certificat acords CE 3<\/a><\/li>\n<li><a href=\"https:\/\/agora.xtec.cat\/ceipmescolacasas\/wp-content\/uploads\/usu1999\/2021\/12\/Certificat-acords-CE-4.pdf\">Certificat acords CE 4<\/a><\/li>\n<li><a href=\"https:\/\/agora.xtec.cat\/ceipmescolacasas\/wp-content\/uploads\/usu1999\/2021\/12\/Certificat-acords-CE-5.pdf\">Certificat acords CE 5<\/a><\/li>\n<li><a href=\"https:\/\/agora.xtec.cat\/ceipmescolacasas\/wp-content\/uploads\/usu1999\/2021\/12\/Certificat-acords-CE-6.pdf\">Certificat acords CE 6<\/a><\/li>\n<\/ul>\n","protected":false},"excerpt":{"rendered":"<p>Consell Escolar \u00c9s qui pren els acords i les decisions que marquen el funcionament general de l\u2019escola. Hi ha representants de les fam\u00edlies, dels mestres, de l\u2019AFA, de l\u2019Ajuntament i del personal no docent. Corresponen al consell escolar les funcions establertes a la Llei 12\/2009, de 10 de juliol, d\u2019educaci\u00f3. Participaci\u00f3 de les fam\u00edlies: Les [&hellip;]<\/p>\n","protected":false},"author":1,"featured_media":0,"parent":22,"menu_order":80,"comment_status":"closed","ping_status":"closed","template":"","meta":{"_bbp_topic_count":0,"_bbp_reply_count":0,"_bbp_total_topic_count":0,"_bbp_total_reply_count":0,"_bbp_voice_count":0,"_bbp_anonymous_reply_count":0,"_bbp_topic_count_hidden":0,"_bbp_reply_count_hidden":0,"_bbp_forum_subforum_count":0,"site-sidebar-layout":"default","site-content-layout":"","ast-site-content-layout":"default","site-content-style":"default","site-sidebar-style":"default","ast-global-header-display":"","ast-banner-title-visibility":"","ast-main-header-display":"","ast-hfb-above-header-display":"","ast-hfb-below-header-display":"","ast-hfb-mobile-header-display":"","site-post-title":"","ast-breadcrumbs-content":"","ast-featured-img":"","footer-sml-layout":"","theme-transparent-header-meta":"","adv-header-id-meta":"","stick-header-meta":"","header-above-stick-meta":"","header-main-stick-meta":"","header-below-stick-meta":"","astra-migrate-meta-layouts":"set","ast-page-background-enabled":"default","ast-page-background-meta":{"desktop":{"background-color":"var(--ast-global-color-4)","background-image":"","background-repeat":"repeat","background-position":"center center","background-size":"auto","background-attachment":"scroll","background-type":"","background-media":"","overlay-type":"","overlay-color":"","overlay-opacity":"","overlay-gradient":""},"tablet":{"background-color":"","background-image":"","background-repeat":"repeat","background-position":"center center","background-size":"auto","background-attachment":"scroll","background-type":"","background-media":"","overlay-type":"","overlay-color":"","overlay-opacity":"","overlay-gradient":""},"mobile":{"background-color":"","background-image":"","background-repeat":"repeat","background-position":"center center","background-size":"auto","background-attachment":"scroll","background-type":"","background-media":"","overlay-type":"","overlay-color":"","overlay-opacity":"","overlay-gradient":""}},"ast-content-background-meta":{"desktop":{"background-color":"var(--ast-global-color-5)","background-image":"","background-repeat":"repeat","background-position":"center center","background-size":"auto","background-attachment":"scroll","background-type":"","background-media":"","overlay-type":"","overlay-color":"","overlay-opacity":"","overlay-gradient":""},"tablet":{"background-color":"var(--ast-global-color-5)","background-image":"","background-repeat":"repeat","background-position":"center center","background-size":"auto","background-attachment":"scroll","background-type":"","background-media":"","overlay-type":"","overlay-color":"","overlay-opacity":"","overlay-gradient":""},"mobile":{"background-color":"var(--ast-global-color-5)","background-image":"","background-repeat":"repeat","background-position":"center center","background-size":"auto","background-attachment":"scroll","background-type":"","background-media":"","overlay-type":"","overlay-color":"","overlay-opacity":"","overlay-gradient":""}},"footnotes":""},"class_list":["post-5531","page","type-page","status-publish","hentry"],"post_mailing_queue_ids":[],"_links":{"self":[{"href":"https:\/\/agora.xtec.cat\/ceipmescolacasas\/wp-json\/wp\/v2\/pages\/5531","targetHints":{"allow":["GET"]}}],"collection":[{"href":"https:\/\/agora.xtec.cat\/ceipmescolacasas\/wp-json\/wp\/v2\/pages"}],"about":[{"href":"https:\/\/agora.xtec.cat\/ceipmescolacasas\/wp-json\/wp\/v2\/types\/page"}],"author":[{"embeddable":true,"href":"https:\/\/agora.xtec.cat\/ceipmescolacasas\/wp-json\/wp\/v2\/users\/1"}],"replies":[{"embeddable":true,"href":"https:\/\/agora.xtec.cat\/ceipmescolacasas\/wp-json\/wp\/v2\/comments?post=5531"}],"version-history":[{"count":6,"href":"https:\/\/agora.xtec.cat\/ceipmescolacasas\/wp-json\/wp\/v2\/pages\/5531\/revisions"}],"predecessor-version":[{"id":20193,"href":"https:\/\/agora.xtec.cat\/ceipmescolacasas\/wp-json\/wp\/v2\/pages\/5531\/revisions\/20193"}],"up":[{"embeddable":true,"href":"https:\/\/agora.xtec.cat\/ceipmescolacasas\/wp-json\/wp\/v2\/pages\/22"}],"wp:attachment":[{"href":"https:\/\/agora.xtec.cat\/ceipmescolacasas\/wp-json\/wp\/v2\/media?parent=5531"}],"curies":[{"name":"wp","href":"https:\/\/api.w.org\/{rel}","templated":true}]}}