{"id":5418,"date":"2020-03-05T15:34:33","date_gmt":"2020-03-05T14:34:33","guid":{"rendered":"https:\/\/agora.xtec.cat\/ceipmescolacasas\/?page_id=5418"},"modified":"2026-01-29T13:39:31","modified_gmt":"2026-01-29T12:39:31","slug":"escolessostenibles","status":"publish","type":"page","link":"https:\/\/agora.xtec.cat\/ceipmescolacasas\/projecte-educatiu\/escolessostenibles\/","title":{"rendered":"Escoles+sostenibles"},"content":{"rendered":"<h1>Som Escola Sostenible<\/h1>\n<div dir=\"auto\">\n<p>Formem part de la Xarxa d\u2019Escoles+Sostenibles de Barcelona, un projecte\u00a0 <strong>amb l\u2019objectiu de contribuir a la sostenibilitat des de l\u2019educaci\u00f3 i amb el reconeixement de les escoles com a agents de canvi a la ciutat.<\/strong> El programa posa a l&#8217;abast dels centres els seus recursos: subvencions,\u00a0<span style=\"font-family: inherit; font-size: 1em;\">cursos, seminaris i tallers de formaci\u00f3 pel professorat, adquisici\u00f3 de materials i altres recursos d&#8217;educaci\u00f3 ambiental <\/span>per complementar les activitats relacionades amb els projectes dels centres .<\/p>\n<p>Hi som des de l&#8217;any 2002 i durant tots aquests anys, hem desenvolupat un ventall d&#8217;accions que han anat canviant els nostres h\u00e0bits i impulsant la <strong>cultura de la sostenibilitat<\/strong><span style=\"font-family: inherit; font-size: 1em;\">\u00a0a l\u2019escola. Algunes de les <\/span>iniciatives de millora de la pr\u00f2pia escola i de l&#8217;entorn han estat el r<span style=\"font-family: inherit; font-size: 1em;\">eciclatge i reducci\u00f3 de residus generats, la reutilitzaci\u00f3 del material escolar, el foment de l\u2019\u00fas de la carmanyola per portar l\u2019esmorzar<\/span><span style=\"font-family: inherit;\"><span style=\"font-size: 1em;\">, l\u2019enriquiment de l\u2019espai exterior amb elements que milloren la biodiversitat (l\u2019hort, el compostador, els arbres, els arbustos, les enfiladisses, les plantes arom\u00e0tiques,&#8230;). Totes aquestes iniciatives les <\/span><\/span>introdu\u00efm<span style=\"font-family: inherit;\"><span style=\"font-size: 1em;\"> en el treball curricular amb els nostres alumnes.<\/span><\/span><\/p>\n<p>El darrer projecte triennal en el qual hem participat tota l&#8217;escola es va iniciar el curs 22-23 amb l&#8217;objectiu de realitzar dieferents accions per tal de renovar l&#8217;hort de l&#8217;escola.<\/p>\n<p>Compartim amb la tota comunitat educativa<span style=\"font-family: inherit; font-size: 1em;\">\u00a0 el <\/span><a style=\"font-family: inherit; font-size: 1em;\" href=\"http:\/\/lameva.barcelona.cat\/barcelonasostenible\/sites\/default\/files\/compromis_22_redicio.pdf\">Comprom\u00eds Ciutad\u00e0 per la Sostenibilitat<\/a><span style=\"font-family: inherit; font-size: 1em;\"> i els objectius del programa <\/span><a style=\"font-family: inherit; font-size: 1em;\" href=\"https:\/\/www.barcelona.cat\/barcelonasostenible\/ca\/escoles-sostenibles\/pginabsicaambdesplegables\/que-es-escoles-sostenibles\">Escoles + Sostenibles<\/a><span style=\"font-family: inherit; font-size: 1em;\">.\u00a0<\/span><\/p>\n<\/div>\n","protected":false},"excerpt":{"rendered":"<p>Som Escola Sostenible Formem part de la Xarxa d\u2019Escoles+Sostenibles de Barcelona, un projecte\u00a0 amb l\u2019objectiu de contribuir a la sostenibilitat des de l\u2019educaci\u00f3 i amb el reconeixement de les escoles com a agents de canvi a la ciutat. El programa posa a l&#8217;abast dels centres els seus recursos: subvencions,\u00a0cursos, seminaris i tallers de formaci\u00f3 pel [&hellip;]<\/p>\n","protected":false},"author":1,"featured_media":0,"parent":64,"menu_order":30,"comment_status":"closed","ping_status":"closed","template":"","meta":{"_bbp_topic_count":0,"_bbp_reply_count":0,"_bbp_total_topic_count":0,"_bbp_total_reply_count":0,"_bbp_voice_count":0,"_bbp_anonymous_reply_count":0,"_bbp_topic_count_hidden":0,"_bbp_reply_count_hidden":0,"_bbp_forum_subforum_count":0,"site-sidebar-layout":"default","site-content-layout":"","ast-site-content-layout":"default","site-content-style":"default","site-sidebar-style":"default","ast-global-header-display":"","ast-banner-title-visibility":"","ast-main-header-display":"","ast-hfb-above-header-display":"","ast-hfb-below-header-display":"","ast-hfb-mobile-header-display":"","site-post-title":"","ast-breadcrumbs-content":"","ast-featured-img":"","footer-sml-layout":"","theme-transparent-header-meta":"","adv-header-id-meta":"","stick-header-meta":"","header-above-stick-meta":"","header-main-stick-meta":"","header-below-stick-meta":"","astra-migrate-meta-layouts":"set","ast-page-background-enabled":"default","ast-page-background-meta":{"desktop":{"background-color":"var(--ast-global-color-4)","background-image":"","background-repeat":"repeat","background-position":"center center","background-size":"auto","background-attachment":"scroll","background-type":"","background-media":"","overlay-type":"","overlay-color":"","overlay-opacity":"","overlay-gradient":""},"tablet":{"background-color":"","background-image":"","background-repeat":"repeat","background-position":"center center","background-size":"auto","background-attachment":"scroll","background-type":"","background-media":"","overlay-type":"","overlay-color":"","overlay-opacity":"","overlay-gradient":""},"mobile":{"background-color":"","background-image":"","background-repeat":"repeat","background-position":"center center","background-size":"auto","background-attachment":"scroll","background-type":"","background-media":"","overlay-type":"","overlay-color":"","overlay-opacity":"","overlay-gradient":""}},"ast-content-background-meta":{"desktop":{"background-color":"var(--ast-global-color-5)","background-image":"","background-repeat":"repeat","background-position":"center center","background-size":"auto","background-attachment":"scroll","background-type":"","background-media":"","overlay-type":"","overlay-color":"","overlay-opacity":"","overlay-gradient":""},"tablet":{"background-color":"var(--ast-global-color-5)","background-image":"","background-repeat":"repeat","background-position":"center center","background-size":"auto","background-attachment":"scroll","background-type":"","background-media":"","overlay-type":"","overlay-color":"","overlay-opacity":"","overlay-gradient":""},"mobile":{"background-color":"var(--ast-global-color-5)","background-image":"","background-repeat":"repeat","background-position":"center center","background-size":"auto","background-attachment":"scroll","background-type":"","background-media":"","overlay-type":"","overlay-color":"","overlay-opacity":"","overlay-gradient":""}},"footnotes":""},"class_list":["post-5418","page","type-page","status-publish","hentry"],"post_mailing_queue_ids":[],"_links":{"self":[{"href":"https:\/\/agora.xtec.cat\/ceipmescolacasas\/wp-json\/wp\/v2\/pages\/5418","targetHints":{"allow":["GET"]}}],"collection":[{"href":"https:\/\/agora.xtec.cat\/ceipmescolacasas\/wp-json\/wp\/v2\/pages"}],"about":[{"href":"https:\/\/agora.xtec.cat\/ceipmescolacasas\/wp-json\/wp\/v2\/types\/page"}],"author":[{"embeddable":true,"href":"https:\/\/agora.xtec.cat\/ceipmescolacasas\/wp-json\/wp\/v2\/users\/1"}],"replies":[{"embeddable":true,"href":"https:\/\/agora.xtec.cat\/ceipmescolacasas\/wp-json\/wp\/v2\/comments?post=5418"}],"version-history":[{"count":5,"href":"https:\/\/agora.xtec.cat\/ceipmescolacasas\/wp-json\/wp\/v2\/pages\/5418\/revisions"}],"predecessor-version":[{"id":20132,"href":"https:\/\/agora.xtec.cat\/ceipmescolacasas\/wp-json\/wp\/v2\/pages\/5418\/revisions\/20132"}],"up":[{"embeddable":true,"href":"https:\/\/agora.xtec.cat\/ceipmescolacasas\/wp-json\/wp\/v2\/pages\/64"}],"wp:attachment":[{"href":"https:\/\/agora.xtec.cat\/ceipmescolacasas\/wp-json\/wp\/v2\/media?parent=5418"}],"curies":[{"name":"wp","href":"https:\/\/api.w.org\/{rel}","templated":true}]}}