{"id":34,"date":"2014-09-18T12:32:18","date_gmt":"2014-09-18T11:32:18","guid":{"rendered":"http:\/\/agora.xtec.cat\/ceipmescolacasas\/?page_id=34"},"modified":"2024-10-15T13:55:43","modified_gmt":"2024-10-15T11:55:43","slug":"serveis","status":"publish","type":"page","link":"https:\/\/agora.xtec.cat\/ceipmescolacasas\/lescola\/serveis\/","title":{"rendered":"Serveis"},"content":{"rendered":"<p><strong><span style=\"color: #000000;\">TEMPS DE MIGDIA<\/span><\/strong><\/p>\n<p>Per tal de cobrir al m\u00e0xim les necessitats de les fam\u00edlies es compta amb diferents serveis:<\/p>\n<p>L&#8217;organitzaci\u00f3 de l&#8217;espai de temps compr\u00e9s entre les 12&#8217;30 i les 15&#8217;00h. per a l&#8217;Educaci\u00f3 Infantil i per a l&#8217;Educaci\u00f3 Prim\u00e0ria, en el qual est\u00e0 incl\u00f2s el menjador, es programa en funci\u00f3 de l&#8217;edat i les caracter\u00edstiques de l&#8217;alumnat.<\/p>\n<p>En el cas dels nens i nenes m\u00e9s petits (I3) aquest espai de temps s&#8217;ocupa amb el dinar i la migdiada. La resta d&#8217;alumnes de I4 i I5 i Educaci\u00f3 Prim\u00e0ria realitzen diferents activitats que complementen l&#8217;espai dedicat pr\u00f2piament a menjador.<\/p>\n<p>Es fan c\u00e0rrec del temps de migdia un equip de monitors, que peri\u00f2dicament fan reunions de preparaci\u00f3 de tallers i de coordinaci\u00f3 amb els responsables de la Comissi\u00f3 de Menjador del Consell Escolar, i de l&#8217;empresa de temps de migdia. La contractaci\u00f3 i gesti\u00f3 econ\u00f2mica d&#8217;aquest servei la realitza l&#8217;escola cuidant-se de l&#8217;organitzaci\u00f3 i control del mateix.<\/p>\n<p>El menjar s&#8217;elabora di\u00e0riament al centre, que compta amb cuina pr\u00f2pia i amb totes les instal\u00b7lacions necess\u00e0ries.<br \/>\nLa capacitat del menjador permet que cada grup d&#8217;alumnes pugui comptar amb espais diferenciats, la qual cosa facilita la continu\u00eftat educativa entre l&#8217;espai lectiu i no lectiu.<\/p>\n<p>Malgrat que la utilitzaci\u00f3 del servei \u00e9s mensual, en casos de necessitat es pot fer servir puntualment sempre que s&#8217;avisi a secretaria a primera hora del mat\u00ed.<\/p>\n<p><strong><span style=\"color: #000000;\">ACOLLIDA<\/span><\/strong><\/p>\n<p>L&#8217;AFA es cuida d&#8217;organitzar aquest servei entre les 8 i les 9h del mat\u00ed, el qual es pot fer servir de forma continuada o espor\u00e0dica.<\/p>\n<p>Com tamb\u00e9 s&#8217;oferta el servei de tardes entre les 16:30 i les 17:30 hores, el qual es dur a terme sempre i quan hi ha un nombre m\u00ednim de sol\u00b7licituds.<\/p>\n<p><strong><span style=\"color: #000000;\">ACTIVITATS EXTRAESCOLARS<\/span><\/strong><\/p>\n<p>Estretament lligades amb el projecte educatiu de l&#8217;Escola, l&#8217;AFA oferta activitats extraescolars pels diferents grups d&#8217;alumnes. Aquestes s&#8217;organitzen a partir de les 16:30h. de la tarda o en l&#8217;espai del migdia. L&#8217;oferta es fa anualment a partir de les demandes de les fam\u00edlies.<\/p>\n<p><strong><span style=\"color: #000000;\">CASAL D&#8217;ESTIU<\/span><\/strong><\/p>\n<p>Des de l&#8217;inici de les vacances fins a finals de juliol, l&#8217;escola resta oberta perqu\u00e8 s&#8217;hi puguin realitzar activitats de lleure, l&#8217;organitzaci\u00f3 de les quals dep\u00e8n tamb\u00e9 l&#8217;AFA de l&#8217;Escola.<\/p>\n<p>Tamb\u00e9 en els per\u00edodes de jornada continuada i en funci\u00f3 de la demanda, l&#8217;AFA organitza algunes activitats per complementar l&#8217;horari.<\/p>\n<p>&nbsp;<\/p>\n","protected":false},"excerpt":{"rendered":"<p>TEMPS DE MIGDIA Per tal de cobrir al m\u00e0xim les necessitats de les fam\u00edlies es compta amb diferents serveis: L&#8217;organitzaci\u00f3 de l&#8217;espai de temps compr\u00e9s entre les 12&#8217;30 i les 15&#8217;00h. per a l&#8217;Educaci\u00f3 Infantil i per a l&#8217;Educaci\u00f3 Prim\u00e0ria, en el qual est\u00e0 incl\u00f2s el menjador, es programa en funci\u00f3 de l&#8217;edat i les [&hellip;]<\/p>\n","protected":false},"author":1,"featured_media":0,"parent":22,"menu_order":60,"comment_status":"closed","ping_status":"closed","template":"page-templates\/side-menu.php","meta":{"_bbp_topic_count":0,"_bbp_reply_count":0,"_bbp_total_topic_count":0,"_bbp_total_reply_count":0,"_bbp_voice_count":0,"_bbp_anonymous_reply_count":0,"_bbp_topic_count_hidden":0,"_bbp_reply_count_hidden":0,"_bbp_forum_subforum_count":0,"site-sidebar-layout":"default","site-content-layout":"","ast-site-content-layout":"","site-content-style":"default","site-sidebar-style":"default","ast-global-header-display":"","ast-banner-title-visibility":"","ast-main-header-display":"","ast-hfb-above-header-display":"","ast-hfb-below-header-display":"","ast-hfb-mobile-header-display":"","site-post-title":"","ast-breadcrumbs-content":"","ast-featured-img":"","footer-sml-layout":"","theme-transparent-header-meta":"","adv-header-id-meta":"","stick-header-meta":"","header-above-stick-meta":"","header-main-stick-meta":"","header-below-stick-meta":"","astra-migrate-meta-layouts":"default","ast-page-background-enabled":"default","ast-page-background-meta":{"desktop":{"background-color":"var(--ast-global-color-4)","background-image":"","background-repeat":"repeat","background-position":"center center","background-size":"auto","background-attachment":"scroll","background-type":"","background-media":"","overlay-type":"","overlay-color":"","overlay-opacity":"","overlay-gradient":""},"tablet":{"background-color":"","background-image":"","background-repeat":"repeat","background-position":"center center","background-size":"auto","background-attachment":"scroll","background-type":"","background-media":"","overlay-type":"","overlay-color":"","overlay-opacity":"","overlay-gradient":""},"mobile":{"background-color":"","background-image":"","background-repeat":"repeat","background-position":"center center","background-size":"auto","background-attachment":"scroll","background-type":"","background-media":"","overlay-type":"","overlay-color":"","overlay-opacity":"","overlay-gradient":""}},"ast-content-background-meta":{"desktop":{"background-color":"var(--ast-global-color-5)","background-image":"","background-repeat":"repeat","background-position":"center center","background-size":"auto","background-attachment":"scroll","background-type":"","background-media":"","overlay-type":"","overlay-color":"","overlay-opacity":"","overlay-gradient":""},"tablet":{"background-color":"var(--ast-global-color-5)","background-image":"","background-repeat":"repeat","background-position":"center center","background-size":"auto","background-attachment":"scroll","background-type":"","background-media":"","overlay-type":"","overlay-color":"","overlay-opacity":"","overlay-gradient":""},"mobile":{"background-color":"var(--ast-global-color-5)","background-image":"","background-repeat":"repeat","background-position":"center center","background-size":"auto","background-attachment":"scroll","background-type":"","background-media":"","overlay-type":"","overlay-color":"","overlay-opacity":"","overlay-gradient":""}},"footnotes":""},"class_list":["post-34","page","type-page","status-publish","hentry"],"post_mailing_queue_ids":[],"_links":{"self":[{"href":"https:\/\/agora.xtec.cat\/ceipmescolacasas\/wp-json\/wp\/v2\/pages\/34","targetHints":{"allow":["GET"]}}],"collection":[{"href":"https:\/\/agora.xtec.cat\/ceipmescolacasas\/wp-json\/wp\/v2\/pages"}],"about":[{"href":"https:\/\/agora.xtec.cat\/ceipmescolacasas\/wp-json\/wp\/v2\/types\/page"}],"author":[{"embeddable":true,"href":"https:\/\/agora.xtec.cat\/ceipmescolacasas\/wp-json\/wp\/v2\/users\/1"}],"replies":[{"embeddable":true,"href":"https:\/\/agora.xtec.cat\/ceipmescolacasas\/wp-json\/wp\/v2\/comments?post=34"}],"version-history":[{"count":4,"href":"https:\/\/agora.xtec.cat\/ceipmescolacasas\/wp-json\/wp\/v2\/pages\/34\/revisions"}],"predecessor-version":[{"id":19282,"href":"https:\/\/agora.xtec.cat\/ceipmescolacasas\/wp-json\/wp\/v2\/pages\/34\/revisions\/19282"}],"up":[{"embeddable":true,"href":"https:\/\/agora.xtec.cat\/ceipmescolacasas\/wp-json\/wp\/v2\/pages\/22"}],"wp:attachment":[{"href":"https:\/\/agora.xtec.cat\/ceipmescolacasas\/wp-json\/wp\/v2\/media?parent=34"}],"curies":[{"name":"wp","href":"https:\/\/api.w.org\/{rel}","templated":true}]}}