{"id":20017,"date":"2026-01-22T13:36:39","date_gmt":"2026-01-22T12:36:39","guid":{"rendered":"https:\/\/agora.xtec.cat\/ceipmescolacasas\/?page_id=20017"},"modified":"2026-01-29T12:54:24","modified_gmt":"2026-01-29T11:54:24","slug":"som-afa","status":"publish","type":"page","link":"https:\/\/agora.xtec.cat\/ceipmescolacasas\/coneix-la-nostra-escola\/som-afa\/","title":{"rendered":"Som AFA som Casas"},"content":{"rendered":"\n<p>L\u2019AFA \u00e9s el nucli de la relaci\u00f3 entre fam\u00edlies i l\u2019Escola.<br><\/p>\n\n\n\n<p>Som fam\u00edlies que treballem de manera volunt\u00e0ria i juntament amb l\u2019escola, per ajudar durant el proc\u00e9s educatiu dels nostres infants i, a la vegada, fomentar activitats per crear un vincle entre tots els que formen l\u2019Escola Casas. L\u2019AFA impulsa a les fam\u00edlies a participar en totes les activitats que proposa i, tanmateix, poder formar part del Projecte Educatiu del centre mitjan\u00e7ant el Consell Escolar, aix\u00ed com la participaci\u00f3 en les Comissions mixtes (Escola + fam\u00edlies) de temes concrets.<\/p>\n\n\n\n<figure class=\"wp-block-image aligncenter is-resized\"><img loading=\"lazy\" decoding=\"async\" width=\"1284\" height=\"900\" src=\"https:\/\/agora.xtec.cat\/ceipmescolacasas\/wp-content\/uploads\/usu1999\/2026\/01\/AFA-JPG.jpg\" alt=\"\" class=\"wp-image-20123\" style=\"width:657px;height:auto\" srcset=\"https:\/\/agora.xtec.cat\/ceipmescolacasas\/wp-content\/uploads\/usu1999\/2026\/01\/AFA-JPG.jpg 1284w, https:\/\/agora.xtec.cat\/ceipmescolacasas\/wp-content\/uploads\/usu1999\/2026\/01\/AFA-JPG-300x210.jpg 300w, https:\/\/agora.xtec.cat\/ceipmescolacasas\/wp-content\/uploads\/usu1999\/2026\/01\/AFA-JPG-1024x718.jpg 1024w, https:\/\/agora.xtec.cat\/ceipmescolacasas\/wp-content\/uploads\/usu1999\/2026\/01\/AFA-JPG-768x538.jpg 768w\" sizes=\"auto, (max-width: 1284px) 100vw, 1284px\" \/><\/figure>\n\n\n\n<p><\/p>\n","protected":false},"excerpt":{"rendered":"<p>L\u2019AFA \u00e9s el nucli de la relaci\u00f3 entre fam\u00edlies i l\u2019Escola. Som fam\u00edlies que treballem de manera volunt\u00e0ria i juntament amb l\u2019escola, per ajudar durant el proc\u00e9s educatiu dels nostres infants i, a la vegada, fomentar activitats per crear un vincle entre tots els que formen l\u2019Escola Casas. L\u2019AFA impulsa a les fam\u00edlies a participar [&hellip;]<\/p>\n","protected":false},"author":1,"featured_media":0,"parent":19883,"menu_order":80,"comment_status":"closed","ping_status":"closed","template":"","meta":{"_bbp_topic_count":0,"_bbp_reply_count":0,"_bbp_total_topic_count":0,"_bbp_total_reply_count":0,"_bbp_voice_count":0,"_bbp_anonymous_reply_count":0,"_bbp_topic_count_hidden":0,"_bbp_reply_count_hidden":0,"_bbp_forum_subforum_count":0,"site-sidebar-layout":"default","site-content-layout":"","ast-site-content-layout":"default","site-content-style":"default","site-sidebar-style":"default","ast-global-header-display":"","ast-banner-title-visibility":"","ast-main-header-display":"","ast-hfb-above-header-display":"","ast-hfb-below-header-display":"","ast-hfb-mobile-header-display":"","site-post-title":"","ast-breadcrumbs-content":"","ast-featured-img":"","footer-sml-layout":"","theme-transparent-header-meta":"","adv-header-id-meta":"","stick-header-meta":"","header-above-stick-meta":"","header-main-stick-meta":"","header-below-stick-meta":"","astra-migrate-meta-layouts":"set","ast-page-background-enabled":"default","ast-page-background-meta":{"desktop":{"background-color":"var(--ast-global-color-4)","background-image":"","background-repeat":"repeat","background-position":"center center","background-size":"auto","background-attachment":"scroll","background-type":"","background-media":"","overlay-type":"","overlay-color":"","overlay-opacity":"","overlay-gradient":""},"tablet":{"background-color":"","background-image":"","background-repeat":"repeat","background-position":"center center","background-size":"auto","background-attachment":"scroll","background-type":"","background-media":"","overlay-type":"","overlay-color":"","overlay-opacity":"","overlay-gradient":""},"mobile":{"background-color":"","background-image":"","background-repeat":"repeat","background-position":"center center","background-size":"auto","background-attachment":"scroll","background-type":"","background-media":"","overlay-type":"","overlay-color":"","overlay-opacity":"","overlay-gradient":""}},"ast-content-background-meta":{"desktop":{"background-color":"var(--ast-global-color-5)","background-image":"","background-repeat":"repeat","background-position":"center center","background-size":"auto","background-attachment":"scroll","background-type":"","background-media":"","overlay-type":"","overlay-color":"","overlay-opacity":"","overlay-gradient":""},"tablet":{"background-color":"var(--ast-global-color-5)","background-image":"","background-repeat":"repeat","background-position":"center center","background-size":"auto","background-attachment":"scroll","background-type":"","background-media":"","overlay-type":"","overlay-color":"","overlay-opacity":"","overlay-gradient":""},"mobile":{"background-color":"var(--ast-global-color-5)","background-image":"","background-repeat":"repeat","background-position":"center center","background-size":"auto","background-attachment":"scroll","background-type":"","background-media":"","overlay-type":"","overlay-color":"","overlay-opacity":"","overlay-gradient":""}},"footnotes":""},"class_list":["post-20017","page","type-page","status-publish","hentry"],"post_mailing_queue_ids":[],"_links":{"self":[{"href":"https:\/\/agora.xtec.cat\/ceipmescolacasas\/wp-json\/wp\/v2\/pages\/20017","targetHints":{"allow":["GET"]}}],"collection":[{"href":"https:\/\/agora.xtec.cat\/ceipmescolacasas\/wp-json\/wp\/v2\/pages"}],"about":[{"href":"https:\/\/agora.xtec.cat\/ceipmescolacasas\/wp-json\/wp\/v2\/types\/page"}],"author":[{"embeddable":true,"href":"https:\/\/agora.xtec.cat\/ceipmescolacasas\/wp-json\/wp\/v2\/users\/1"}],"replies":[{"embeddable":true,"href":"https:\/\/agora.xtec.cat\/ceipmescolacasas\/wp-json\/wp\/v2\/comments?post=20017"}],"version-history":[{"count":5,"href":"https:\/\/agora.xtec.cat\/ceipmescolacasas\/wp-json\/wp\/v2\/pages\/20017\/revisions"}],"predecessor-version":[{"id":20125,"href":"https:\/\/agora.xtec.cat\/ceipmescolacasas\/wp-json\/wp\/v2\/pages\/20017\/revisions\/20125"}],"up":[{"embeddable":true,"href":"https:\/\/agora.xtec.cat\/ceipmescolacasas\/wp-json\/wp\/v2\/pages\/19883"}],"wp:attachment":[{"href":"https:\/\/agora.xtec.cat\/ceipmescolacasas\/wp-json\/wp\/v2\/media?parent=20017"}],"curies":[{"name":"wp","href":"https:\/\/api.w.org\/{rel}","templated":true}]}}