{"id":20016,"date":"2026-01-22T13:36:39","date_gmt":"2026-01-22T12:36:39","guid":{"rendered":"https:\/\/agora.xtec.cat\/ceipmescolacasas\/?page_id=20016"},"modified":"2026-01-28T13:40:05","modified_gmt":"2026-01-28T12:40:05","slug":"pensament-critic","status":"publish","type":"page","link":"https:\/\/agora.xtec.cat\/ceipmescolacasas\/coneix-la-nostra-escola\/pensament-critic\/","title":{"rendered":"Pensament cr\u00edtic i empatia"},"content":{"rendered":"\n<p>Un dels nostres objectius \u00e9s ajudar a formar persones cr\u00edtiques i concienciades amb el medi ambient i amb les desigualtats per tal de formar una societat i un futur millor. Per aquest motiu, considerem que el treball de les emocions, el respecte i la toler\u00e0ncia a la diversitat i a les diferents maneres de pensar, aix\u00ed com les ODS (Objectius de desenvolupament sostenible), s\u00f3n essencials a la vida de l\u2019escola.<\/p>\n\n\n\n<figure class=\"wp-block-image aligncenter\"><img loading=\"lazy\" decoding=\"async\" width=\"490\" height=\"231\" src=\"https:\/\/agora.xtec.cat\/ceipmescolacasas\/wp-content\/uploads\/usu1999\/2026\/01\/teixit-aula-hort.png\" alt=\"\" class=\"wp-image-20097\" srcset=\"https:\/\/agora.xtec.cat\/ceipmescolacasas\/wp-content\/uploads\/usu1999\/2026\/01\/teixit-aula-hort.png 490w, https:\/\/agora.xtec.cat\/ceipmescolacasas\/wp-content\/uploads\/usu1999\/2026\/01\/teixit-aula-hort-300x141.png 300w\" sizes=\"auto, (max-width: 490px) 100vw, 490px\" \/><\/figure>\n\n\n\n<figure class=\"wp-block-image aligncenter\"><img loading=\"lazy\" decoding=\"async\" width=\"579\" height=\"301\" src=\"https:\/\/agora.xtec.cat\/ceipmescolacasas\/wp-content\/uploads\/usu1999\/2026\/01\/solidaritat-valors.png\" alt=\"\" class=\"wp-image-20096\" srcset=\"https:\/\/agora.xtec.cat\/ceipmescolacasas\/wp-content\/uploads\/usu1999\/2026\/01\/solidaritat-valors.png 579w, https:\/\/agora.xtec.cat\/ceipmescolacasas\/wp-content\/uploads\/usu1999\/2026\/01\/solidaritat-valors-300x156.png 300w\" sizes=\"auto, (max-width: 579px) 100vw, 579px\" \/><\/figure>\n\n\n\n<p><\/p>\n","protected":false},"excerpt":{"rendered":"<p>Un dels nostres objectius \u00e9s ajudar a formar persones cr\u00edtiques i concienciades amb el medi ambient i amb les desigualtats per tal de formar una societat i un futur millor. Per aquest motiu, considerem que el treball de les emocions, el respecte i la toler\u00e0ncia a la diversitat i a les diferents maneres de pensar, [&hellip;]<\/p>\n","protected":false},"author":1,"featured_media":0,"parent":19883,"menu_order":40,"comment_status":"closed","ping_status":"closed","template":"","meta":{"_bbp_topic_count":0,"_bbp_reply_count":0,"_bbp_total_topic_count":0,"_bbp_total_reply_count":0,"_bbp_voice_count":0,"_bbp_anonymous_reply_count":0,"_bbp_topic_count_hidden":0,"_bbp_reply_count_hidden":0,"_bbp_forum_subforum_count":0,"site-sidebar-layout":"default","site-content-layout":"","ast-site-content-layout":"default","site-content-style":"default","site-sidebar-style":"default","ast-global-header-display":"","ast-banner-title-visibility":"","ast-main-header-display":"","ast-hfb-above-header-display":"","ast-hfb-below-header-display":"","ast-hfb-mobile-header-display":"","site-post-title":"","ast-breadcrumbs-content":"","ast-featured-img":"","footer-sml-layout":"","theme-transparent-header-meta":"","adv-header-id-meta":"","stick-header-meta":"","header-above-stick-meta":"","header-main-stick-meta":"","header-below-stick-meta":"","astra-migrate-meta-layouts":"set","ast-page-background-enabled":"default","ast-page-background-meta":{"desktop":{"background-color":"var(--ast-global-color-4)","background-image":"","background-repeat":"repeat","background-position":"center center","background-size":"auto","background-attachment":"scroll","background-type":"","background-media":"","overlay-type":"","overlay-color":"","overlay-opacity":"","overlay-gradient":""},"tablet":{"background-color":"","background-image":"","background-repeat":"repeat","background-position":"center center","background-size":"auto","background-attachment":"scroll","background-type":"","background-media":"","overlay-type":"","overlay-color":"","overlay-opacity":"","overlay-gradient":""},"mobile":{"background-color":"","background-image":"","background-repeat":"repeat","background-position":"center center","background-size":"auto","background-attachment":"scroll","background-type":"","background-media":"","overlay-type":"","overlay-color":"","overlay-opacity":"","overlay-gradient":""}},"ast-content-background-meta":{"desktop":{"background-color":"var(--ast-global-color-5)","background-image":"","background-repeat":"repeat","background-position":"center center","background-size":"auto","background-attachment":"scroll","background-type":"","background-media":"","overlay-type":"","overlay-color":"","overlay-opacity":"","overlay-gradient":""},"tablet":{"background-color":"var(--ast-global-color-5)","background-image":"","background-repeat":"repeat","background-position":"center center","background-size":"auto","background-attachment":"scroll","background-type":"","background-media":"","overlay-type":"","overlay-color":"","overlay-opacity":"","overlay-gradient":""},"mobile":{"background-color":"var(--ast-global-color-5)","background-image":"","background-repeat":"repeat","background-position":"center center","background-size":"auto","background-attachment":"scroll","background-type":"","background-media":"","overlay-type":"","overlay-color":"","overlay-opacity":"","overlay-gradient":""}},"footnotes":""},"class_list":["post-20016","page","type-page","status-publish","hentry"],"post_mailing_queue_ids":[],"_links":{"self":[{"href":"https:\/\/agora.xtec.cat\/ceipmescolacasas\/wp-json\/wp\/v2\/pages\/20016","targetHints":{"allow":["GET"]}}],"collection":[{"href":"https:\/\/agora.xtec.cat\/ceipmescolacasas\/wp-json\/wp\/v2\/pages"}],"about":[{"href":"https:\/\/agora.xtec.cat\/ceipmescolacasas\/wp-json\/wp\/v2\/types\/page"}],"author":[{"embeddable":true,"href":"https:\/\/agora.xtec.cat\/ceipmescolacasas\/wp-json\/wp\/v2\/users\/1"}],"replies":[{"embeddable":true,"href":"https:\/\/agora.xtec.cat\/ceipmescolacasas\/wp-json\/wp\/v2\/comments?post=20016"}],"version-history":[{"count":4,"href":"https:\/\/agora.xtec.cat\/ceipmescolacasas\/wp-json\/wp\/v2\/pages\/20016\/revisions"}],"predecessor-version":[{"id":20098,"href":"https:\/\/agora.xtec.cat\/ceipmescolacasas\/wp-json\/wp\/v2\/pages\/20016\/revisions\/20098"}],"up":[{"embeddable":true,"href":"https:\/\/agora.xtec.cat\/ceipmescolacasas\/wp-json\/wp\/v2\/pages\/19883"}],"wp:attachment":[{"href":"https:\/\/agora.xtec.cat\/ceipmescolacasas\/wp-json\/wp\/v2\/media?parent=20016"}],"curies":[{"name":"wp","href":"https:\/\/api.w.org\/{rel}","templated":true}]}}