{"id":18155,"date":"2024-01-09T12:43:35","date_gmt":"2024-01-09T11:43:35","guid":{"rendered":"https:\/\/agora.xtec.cat\/ceipmescolacasas\/?page_id=18155"},"modified":"2026-01-29T13:38:04","modified_gmt":"2026-01-29T12:38:04","slug":"atencio-a-la-diversitat","status":"publish","type":"page","link":"https:\/\/agora.xtec.cat\/ceipmescolacasas\/projecte-educatiu\/atencio-a-la-diversitat\/","title":{"rendered":"Atenci\u00f3 a la diversitat"},"content":{"rendered":"<div class=\"entry-content\">\n<p>L\u2019Escola Casas treballa per una educaci\u00f3 inclusiva, entenen que aquest \u00e9s el cam\u00ed per promoure la inclusi\u00f3 social de totes les persones al llarg de la vida<\/p>\n<p>Per a assegurar la inclusi\u00f3 a l\u2019Escola Casas comptem amb els seg\u00fcents recursos:<\/p>\n<ul>\n<li>Mestre Especialista de Suport a la Inclusi\u00f3.<\/li>\n<li>Psicopedagoga de l\u2019EAP.<\/li>\n<li>Comissi\u00f3 d\u2019Atenci\u00f3 a la Diversitat.<\/li>\n<\/ul>\n<\/div>\n<p>Quan l&#8217;alumnat ho requereix el Consorci tamb\u00e9 assigna:<\/p>\n<ul>\n<li>Vetllador o vetlladora<\/li>\n<li>Logopeda del CREDA (Centre de Recursos educatius per a Deficients Auditius)<\/li>\n<li>Assessorament CRETDIC (Centre de Recursos educations per a transtorns del desenvolupament i conducta)<\/li>\n<li>Assessorament CEEPSIR (Centre d&#8217;educaci\u00f3 especial proveidor de serveis i recursos)<\/li>\n<\/ul>\n<p><a href=\"https:\/\/agora.xtec.cat\/ceipmescolacasas\/wp-content\/uploads\/usu1999\/2024\/01\/PLA-DATENCIO-A-LA-DIVERSITAT.pdf\">PLA D&#8217;ATENCIO A LA DIVERSITAT<\/a><\/p>\n","protected":false},"excerpt":{"rendered":"<p>L\u2019Escola Casas treballa per una educaci\u00f3 inclusiva, entenen que aquest \u00e9s el cam\u00ed per promoure la inclusi\u00f3 social de totes les persones al llarg de la vida Per a assegurar la inclusi\u00f3 a l\u2019Escola Casas comptem amb els seg\u00fcents recursos: Mestre Especialista de Suport a la Inclusi\u00f3. Psicopedagoga de l\u2019EAP. Comissi\u00f3 d\u2019Atenci\u00f3 a la Diversitat. [&hellip;]<\/p>\n","protected":false},"author":1,"featured_media":0,"parent":64,"menu_order":20,"comment_status":"closed","ping_status":"closed","template":"","meta":{"_bbp_topic_count":0,"_bbp_reply_count":0,"_bbp_total_topic_count":0,"_bbp_total_reply_count":0,"_bbp_voice_count":0,"_bbp_anonymous_reply_count":0,"_bbp_topic_count_hidden":0,"_bbp_reply_count_hidden":0,"_bbp_forum_subforum_count":0,"site-sidebar-layout":"default","site-content-layout":"","ast-site-content-layout":"default","site-content-style":"default","site-sidebar-style":"default","ast-global-header-display":"","ast-banner-title-visibility":"","ast-main-header-display":"","ast-hfb-above-header-display":"","ast-hfb-below-header-display":"","ast-hfb-mobile-header-display":"","site-post-title":"","ast-breadcrumbs-content":"","ast-featured-img":"","footer-sml-layout":"","theme-transparent-header-meta":"","adv-header-id-meta":"","stick-header-meta":"","header-above-stick-meta":"","header-main-stick-meta":"","header-below-stick-meta":"","astra-migrate-meta-layouts":"set","ast-page-background-enabled":"default","ast-page-background-meta":{"desktop":{"background-color":"var(--ast-global-color-4)","background-image":"","background-repeat":"repeat","background-position":"center center","background-size":"auto","background-attachment":"scroll","background-type":"","background-media":"","overlay-type":"","overlay-color":"","overlay-opacity":"","overlay-gradient":""},"tablet":{"background-color":"","background-image":"","background-repeat":"repeat","background-position":"center center","background-size":"auto","background-attachment":"scroll","background-type":"","background-media":"","overlay-type":"","overlay-color":"","overlay-opacity":"","overlay-gradient":""},"mobile":{"background-color":"","background-image":"","background-repeat":"repeat","background-position":"center center","background-size":"auto","background-attachment":"scroll","background-type":"","background-media":"","overlay-type":"","overlay-color":"","overlay-opacity":"","overlay-gradient":""}},"ast-content-background-meta":{"desktop":{"background-color":"var(--ast-global-color-5)","background-image":"","background-repeat":"repeat","background-position":"center center","background-size":"auto","background-attachment":"scroll","background-type":"","background-media":"","overlay-type":"","overlay-color":"","overlay-opacity":"","overlay-gradient":""},"tablet":{"background-color":"var(--ast-global-color-5)","background-image":"","background-repeat":"repeat","background-position":"center center","background-size":"auto","background-attachment":"scroll","background-type":"","background-media":"","overlay-type":"","overlay-color":"","overlay-opacity":"","overlay-gradient":""},"mobile":{"background-color":"var(--ast-global-color-5)","background-image":"","background-repeat":"repeat","background-position":"center center","background-size":"auto","background-attachment":"scroll","background-type":"","background-media":"","overlay-type":"","overlay-color":"","overlay-opacity":"","overlay-gradient":""}},"footnotes":""},"class_list":["post-18155","page","type-page","status-publish","hentry"],"post_mailing_queue_ids":[],"_links":{"self":[{"href":"https:\/\/agora.xtec.cat\/ceipmescolacasas\/wp-json\/wp\/v2\/pages\/18155","targetHints":{"allow":["GET"]}}],"collection":[{"href":"https:\/\/agora.xtec.cat\/ceipmescolacasas\/wp-json\/wp\/v2\/pages"}],"about":[{"href":"https:\/\/agora.xtec.cat\/ceipmescolacasas\/wp-json\/wp\/v2\/types\/page"}],"author":[{"embeddable":true,"href":"https:\/\/agora.xtec.cat\/ceipmescolacasas\/wp-json\/wp\/v2\/users\/1"}],"replies":[{"embeddable":true,"href":"https:\/\/agora.xtec.cat\/ceipmescolacasas\/wp-json\/wp\/v2\/comments?post=18155"}],"version-history":[{"count":4,"href":"https:\/\/agora.xtec.cat\/ceipmescolacasas\/wp-json\/wp\/v2\/pages\/18155\/revisions"}],"predecessor-version":[{"id":20131,"href":"https:\/\/agora.xtec.cat\/ceipmescolacasas\/wp-json\/wp\/v2\/pages\/18155\/revisions\/20131"}],"up":[{"embeddable":true,"href":"https:\/\/agora.xtec.cat\/ceipmescolacasas\/wp-json\/wp\/v2\/pages\/64"}],"wp:attachment":[{"href":"https:\/\/agora.xtec.cat\/ceipmescolacasas\/wp-json\/wp\/v2\/media?parent=18155"}],"curies":[{"name":"wp","href":"https:\/\/api.w.org\/{rel}","templated":true}]}}