{"id":1561,"date":"2019-05-29T12:53:11","date_gmt":"2019-05-29T10:53:11","guid":{"rendered":"https:\/\/agora.xtec.cat\/ceipmescolacasas\/?page_id=1561"},"modified":"2026-04-09T13:31:35","modified_gmt":"2026-04-09T11:31:35","slug":"comunicats","status":"publish","type":"page","link":"https:\/\/agora.xtec.cat\/ceipmescolacasas\/lescola\/comunicats\/","title":{"rendered":"Autoritzacions"},"content":{"rendered":"<p>A continuaci\u00f3 adjuntem les autoritzacions de l&#8217;escola que cal imprimir-les per realitzar qualsevol canvi:<\/p>\n<ol>\n<li><a href=\"https:\/\/drive.google.com\/open?id=14Azimnu57kV7jWPfypqoWxWugUXWaN_M\" target=\"_blank\" rel=\"noopener noreferrer\">AUTORITZACI\u00d3 PER L&#8217;ADMINISTRACI\u00d3 DE PARACETAMOL<\/a><\/li>\n<li><a href=\"https:\/\/drive.google.com\/open?id=1zsLW-phqMTigJxiyuh8_IS6qUha6fFis\" target=\"_blank\" rel=\"noopener noreferrer\">AUTORITZACI\u00d3 PER L&#8217;ADMINISTRACI\u00d3 DE MEDICAMENTS<\/a><\/li>\n<li><a href=\"https:\/\/drive.google.com\/open?id=1fdFCRUrqTkswHzAYjygE5CKCunSPyF7E\" target=\"_blank\" rel=\"noopener noreferrer\">COMUNICACI\u00d3 DESPLA\u00c7AMENT FAMILIAR TEMPORAL<\/a><\/li>\n<li><a href=\"https:\/\/drive.google.com\/file\/d\/15F2i428N_fZtasiBOwxrGAO-GgJ2rv7y\/view?usp=drive_link\" target=\"_blank\" rel=\"noopener noreferrer\">AUTORITZACI\u00d3 RECOLLIDA D&#8217;ALUMNES<\/a><\/li>\n<\/ol>\n\n\n<p><\/p>\n","protected":false},"excerpt":{"rendered":"<p>A continuaci\u00f3 adjuntem les autoritzacions de l&#8217;escola que cal imprimir-les per realitzar qualsevol canvi: AUTORITZACI\u00d3 PER L&#8217;ADMINISTRACI\u00d3 DE PARACETAMOL AUTORITZACI\u00d3 PER L&#8217;ADMINISTRACI\u00d3 DE MEDICAMENTS COMUNICACI\u00d3 DESPLA\u00c7AMENT FAMILIAR TEMPORAL AUTORITZACI\u00d3 RECOLLIDA D&#8217;ALUMNES<\/p>\n","protected":false},"author":1,"featured_media":0,"parent":22,"menu_order":100,"comment_status":"closed","ping_status":"closed","template":"","meta":{"_bbp_topic_count":0,"_bbp_reply_count":0,"_bbp_total_topic_count":0,"_bbp_total_reply_count":0,"_bbp_voice_count":0,"_bbp_anonymous_reply_count":0,"_bbp_topic_count_hidden":0,"_bbp_reply_count_hidden":0,"_bbp_forum_subforum_count":0,"site-sidebar-layout":"default","site-content-layout":"","ast-site-content-layout":"default","site-content-style":"default","site-sidebar-style":"default","ast-global-header-display":"","ast-banner-title-visibility":"","ast-main-header-display":"","ast-hfb-above-header-display":"","ast-hfb-below-header-display":"","ast-hfb-mobile-header-display":"","site-post-title":"","ast-breadcrumbs-content":"","ast-featured-img":"","footer-sml-layout":"","theme-transparent-header-meta":"","adv-header-id-meta":"","stick-header-meta":"","header-above-stick-meta":"","header-main-stick-meta":"","header-below-stick-meta":"","astra-migrate-meta-layouts":"set","ast-page-background-enabled":"default","ast-page-background-meta":{"desktop":{"background-color":"var(--ast-global-color-4)","background-image":"","background-repeat":"repeat","background-position":"center center","background-size":"auto","background-attachment":"scroll","background-type":"","background-media":"","overlay-type":"","overlay-color":"","overlay-opacity":"","overlay-gradient":""},"tablet":{"background-color":"","background-image":"","background-repeat":"repeat","background-position":"center center","background-size":"auto","background-attachment":"scroll","background-type":"","background-media":"","overlay-type":"","overlay-color":"","overlay-opacity":"","overlay-gradient":""},"mobile":{"background-color":"","background-image":"","background-repeat":"repeat","background-position":"center center","background-size":"auto","background-attachment":"scroll","background-type":"","background-media":"","overlay-type":"","overlay-color":"","overlay-opacity":"","overlay-gradient":""}},"ast-content-background-meta":{"desktop":{"background-color":"var(--ast-global-color-5)","background-image":"","background-repeat":"repeat","background-position":"center center","background-size":"auto","background-attachment":"scroll","background-type":"","background-media":"","overlay-type":"","overlay-color":"","overlay-opacity":"","overlay-gradient":""},"tablet":{"background-color":"var(--ast-global-color-5)","background-image":"","background-repeat":"repeat","background-position":"center center","background-size":"auto","background-attachment":"scroll","background-type":"","background-media":"","overlay-type":"","overlay-color":"","overlay-opacity":"","overlay-gradient":""},"mobile":{"background-color":"var(--ast-global-color-5)","background-image":"","background-repeat":"repeat","background-position":"center center","background-size":"auto","background-attachment":"scroll","background-type":"","background-media":"","overlay-type":"","overlay-color":"","overlay-opacity":"","overlay-gradient":""}},"footnotes":""},"class_list":["post-1561","page","type-page","status-publish","hentry"],"post_mailing_queue_ids":[],"_links":{"self":[{"href":"https:\/\/agora.xtec.cat\/ceipmescolacasas\/wp-json\/wp\/v2\/pages\/1561","targetHints":{"allow":["GET"]}}],"collection":[{"href":"https:\/\/agora.xtec.cat\/ceipmescolacasas\/wp-json\/wp\/v2\/pages"}],"about":[{"href":"https:\/\/agora.xtec.cat\/ceipmescolacasas\/wp-json\/wp\/v2\/types\/page"}],"author":[{"embeddable":true,"href":"https:\/\/agora.xtec.cat\/ceipmescolacasas\/wp-json\/wp\/v2\/users\/1"}],"replies":[{"embeddable":true,"href":"https:\/\/agora.xtec.cat\/ceipmescolacasas\/wp-json\/wp\/v2\/comments?post=1561"}],"version-history":[{"count":6,"href":"https:\/\/agora.xtec.cat\/ceipmescolacasas\/wp-json\/wp\/v2\/pages\/1561\/revisions"}],"predecessor-version":[{"id":20221,"href":"https:\/\/agora.xtec.cat\/ceipmescolacasas\/wp-json\/wp\/v2\/pages\/1561\/revisions\/20221"}],"up":[{"embeddable":true,"href":"https:\/\/agora.xtec.cat\/ceipmescolacasas\/wp-json\/wp\/v2\/pages\/22"}],"wp:attachment":[{"href":"https:\/\/agora.xtec.cat\/ceipmescolacasas\/wp-json\/wp\/v2\/media?parent=1561"}],"curies":[{"name":"wp","href":"https:\/\/api.w.org\/{rel}","templated":true}]}}