{"id":28,"date":"2014-09-18T12:29:35","date_gmt":"2014-09-18T11:29:35","guid":{"rendered":"http:\/\/agora.xtec.cat\/ceipmelspins\/?page_id=28"},"modified":"2023-10-20T15:52:05","modified_gmt":"2023-10-20T13:52:05","slug":"consell-escolar","status":"publish","type":"page","link":"https:\/\/agora.xtec.cat\/ceipmelspins\/lescola\/consell-escolar\/","title":{"rendered":"Consell escolar"},"content":{"rendered":"<h5>El membres del nostre consell escolar son:<\/h5>\n<blockquote>\n<div>Presidenta del consell: Diana Pujol i Many\u00e0<\/div>\n<div>Cap d&#8217;estudis: Gemma Blad\u00e9 Hern\u00e1ndez<\/div>\n<div>Representant de l&#8217;Ajuntament: Montserrat Clotet<\/div>\n<div>Representant del professorat: Marta Rakosnik<\/div>\n<div>Representant del professorat: N\u00faria Pe\u00f1a<\/div>\n<div>Representant del professorat: Zaida Gonz\u00e1lez<\/div>\n<div>Representant del professorat: Anna Traver<\/div>\n<div>Representant de fam\u00edlies:<\/div>\n<div>Representant de fam\u00edlies: Esther Oliva Hern\u00e1ndez<\/div>\n<div>Representant de fam\u00edlies:<\/div>\n<div>Representant de fam\u00edlies:<\/div>\n<div>Representant de l&#8217;AFA:<\/div>\n<div>Representant del PAS: Laura Ru\u00edz de Arechevaleta<\/div>\n<div>Secret\u00e0ria: Marc Nalvaiz Mart\u00ed<\/div>\n<\/blockquote>\n<div><\/div>\n<div><\/div>\n<h5>Les comissions del consell escolar 2023-24 s\u00f3n:<\/h5>\n<div><\/div>\n<div><\/div>\n<div><\/div>\n<div style=\"text-align: justify;\">\n<table>\n<tbody>\n<tr style=\"height: 46px;\">\n<td style=\"text-align: center; height: 46px;\"><strong>Comissi\u00f3 econ\u00f3mica<\/strong><\/td>\n<td style=\"text-align: center; height: 46px;\"><strong>Comissi\u00f3 permanent<\/strong><\/td>\n<td style=\"text-align: center; height: 46px;\"><strong>Comissi\u00f3 de temps de migdia<\/strong><\/td>\n<td style=\"text-align: center; height: 46px;\"><strong>Comissi\u00f3 de socialitzaci\u00f3 de llibres de text<\/strong><\/td>\n<\/tr>\n<tr style=\"height: 46px;\">\n<td style=\"height: 46px; text-align: center;\"><\/td>\n<td style=\"height: 46px; text-align: center;\"><\/td>\n<td style=\"height: 46px; text-align: center;\"><\/td>\n<td style=\"height: 46px; text-align: center;\">Ester Oliva<\/td>\n<\/tr>\n<tr style=\"height: 46px;\">\n<td style=\"height: 46px; text-align: center;\">Diana Pujol i Many\u00e0<\/td>\n<td style=\"height: 46px; text-align: center;\">Diana Pujol i Many\u00e0<\/td>\n<td style=\"height: 46px; text-align: center;\"><\/td>\n<td style=\"height: 46px; text-align: center;\">Diana Pujol i Many\u00e0<\/td>\n<\/tr>\n<tr style=\"height: 46px;\">\n<td style=\"height: 46px; text-align: center;\">Gemma Blad\u00e9 Hern\u00e1ndez<\/td>\n<td style=\"height: 46px; text-align: center;\">Gemma Blad\u00e9 Hern\u00e1ndez<\/td>\n<td style=\"height: 46px; text-align: center;\">Diana Pujol i Many\u00e0<\/td>\n<td style=\"height: 46px; text-align: center;\"><\/td>\n<\/tr>\n<tr style=\"height: 39px;\">\n<td style=\"height: 39px; text-align: center;\">Marc Nalvaiz<\/td>\n<td style=\"height: 39px; text-align: center;\">Marc Nalvaiz<\/td>\n<td style=\"height: 39px; text-align: center;\"><\/td>\n<td style=\"height: 39px; text-align: center;\"><\/td>\n<\/tr>\n<tr style=\"height: 37px;\">\n<td style=\"height: 37px; text-align: center;\">Montserrat Clotet<\/td>\n<td style=\"height: 37px; text-align: center;\"><\/td>\n<td style=\"height: 37px; text-align: center;\"><\/td>\n<td style=\"height: 37px; text-align: center;\"><\/td>\n<\/tr>\n<\/tbody>\n<\/table>\n<\/div>\n<div><\/div>\n<table>\n<tbody>\n<tr style=\"height: 51px;\">\n<td style=\"text-align: center; height: 51px;\"><strong>Comissi\u00f3 de conviv\u00e8ncia, participaci\u00f3 ciutadana i igualtat<\/strong><\/td>\n<td style=\"text-align: center; height: 51px;\"><strong>Comissi\u00f3 d\u2019activitats extraescolars<\/strong><\/td>\n<\/tr>\n<tr style=\"height: 39px;\">\n<td style=\"text-align: center; height: 39px;\"><\/td>\n<td style=\"text-align: center; height: 39px;\"><\/td>\n<\/tr>\n<tr style=\"height: 39px;\">\n<td style=\"text-align: center; height: 39px;\">Gemma Blad\u00e9<\/td>\n<td style=\"text-align: center; height: 39px;\"><\/td>\n<\/tr>\n<tr style=\"height: 41px;\">\n<td style=\"text-align: center; height: 41px;\">Diana Pujol i Many\u00e0<\/td>\n<td style=\"text-align: center; height: 41px;\">Diana Pujol i Many\u00e0<\/td>\n<\/tr>\n<tr style=\"height: 41px;\">\n<td style=\"text-align: center; height: 41px;\"><\/td>\n<td style=\"text-align: center; height: 41px;\"><\/td>\n<\/tr>\n<tr style=\"height: 38px;\">\n<td style=\"text-align: center; height: 38px;\"><\/td>\n<td style=\"text-align: center; height: 38px;\"><\/td>\n<\/tr>\n<\/tbody>\n<\/table>\n<p>&nbsp;<\/p>\n<div>\n<h5><strong>El Consell Escolar t\u00e9 la seg\u00fcent normativa<\/strong>: <a href=\"http:\/\/agora.xtec.cat\/ceipmelspins\/wp-content\/uploads\/usu704\/2017\/02\/Normativa-del-consell-escolar-NOFC.pdf\">clica aqu\u00ed.<\/a><\/h5>\n<\/div>\n<p>&nbsp;<\/p>\n<h5><strong>Ordre del dia<\/strong><\/h5>\n<h4><strong><a href=\"https:\/\/agora.xtec.cat\/ceipmelspins\/wp-content\/uploads\/usu704\/2021\/11\/Ordre-del-dia-16-de-setembre-de-2021.pdf\">Ordre del dia 16 de setembre del 2021<\/a><\/strong><\/h4>\n<h4><strong><a href=\"https:\/\/agora.xtec.cat\/ceipmelspins\/wp-content\/uploads\/usu704\/2021\/11\/Ordre-del-dia-18-doctubre-de-2021.pdf\">Ordre del dia 18 d&#8217;oct<\/a><a href=\"https:\/\/agora.xtec.cat\/ceipmelspins\/wp-content\/uploads\/usu704\/2021\/11\/Ordre-del-dia-16-de-setembre-de-2021.pdf\">ubre del 2021<\/a><\/strong><\/h4>\n","protected":false},"excerpt":{"rendered":"<p>El membres del nostre consell escolar son:<\/p>\n<p>Presidenta del consell: Diana Pujol i Many\u00e0<br \/>\nCap d&#8217;estudis: Gemma Blad\u00e9 Hern\u00e1ndez<br \/>\nRepresentant de l&#8217;Ajuntament: Montserrat Clotet<br \/>\nRepresentant del professorat: Marta Rakosnik<br \/>\nRepresentant del professorat: N\u00faria Pe\u00f1a<br \/>\nRepresentant del professorat: Zaida Gonz\u00e1lez<br \/>\nRepresentant del professorat: Anna Traver<br \/>\nRepresentant de fam\u00edlies:<br \/>\nRepresentant de fam\u00edlies: Esther Oliva Hern\u00e1ndez<br \/>\nRepresentant de&hellip;  <a href=\"https:\/\/agora.xtec.cat\/ceipmelspins\/lescola\/consell-escolar\/\" title=\"Read Consell escolar\">Llegeix m\u00e9s\u00bb<\/a><\/p>\n","protected":false},"author":1,"featured_media":0,"parent":22,"menu_order":30,"comment_status":"closed","ping_status":"closed","template":"page-templates\/side-menu.php","meta":{"_bbp_topic_count":0,"_bbp_reply_count":0,"_bbp_total_topic_count":0,"_bbp_total_reply_count":0,"_bbp_voice_count":0,"_bbp_anonymous_reply_count":0,"_bbp_topic_count_hidden":0,"_bbp_reply_count_hidden":0,"_bbp_forum_subforum_count":0,"footnotes":""},"class_list":["post-28","page","type-page","status-publish","hentry"],"post_mailing_queue_ids":[],"_links":{"self":[{"href":"https:\/\/agora.xtec.cat\/ceipmelspins\/wp-json\/wp\/v2\/pages\/28","targetHints":{"allow":["GET"]}}],"collection":[{"href":"https:\/\/agora.xtec.cat\/ceipmelspins\/wp-json\/wp\/v2\/pages"}],"about":[{"href":"https:\/\/agora.xtec.cat\/ceipmelspins\/wp-json\/wp\/v2\/types\/page"}],"author":[{"embeddable":true,"href":"https:\/\/agora.xtec.cat\/ceipmelspins\/wp-json\/wp\/v2\/users\/1"}],"replies":[{"embeddable":true,"href":"https:\/\/agora.xtec.cat\/ceipmelspins\/wp-json\/wp\/v2\/comments?post=28"}],"version-history":[{"count":5,"href":"https:\/\/agora.xtec.cat\/ceipmelspins\/wp-json\/wp\/v2\/pages\/28\/revisions"}],"predecessor-version":[{"id":9709,"href":"https:\/\/agora.xtec.cat\/ceipmelspins\/wp-json\/wp\/v2\/pages\/28\/revisions\/9709"}],"up":[{"embeddable":true,"href":"https:\/\/agora.xtec.cat\/ceipmelspins\/wp-json\/wp\/v2\/pages\/22"}],"wp:attachment":[{"href":"https:\/\/agora.xtec.cat\/ceipmelspins\/wp-json\/wp\/v2\/media?parent=28"}],"curies":[{"name":"wp","href":"https:\/\/api.w.org\/{rel}","templated":true}]}}