{"id":24,"date":"2014-09-18T12:23:15","date_gmt":"2014-09-18T11:23:15","guid":{"rendered":"http:\/\/agora.xtec.cat\/ceipmelspins\/?page_id=24"},"modified":"2022-10-04T11:47:00","modified_gmt":"2022-10-04T09:47:00","slug":"on-som","status":"publish","type":"page","link":"https:\/\/agora.xtec.cat\/ceipmelspins\/lescola\/on-som\/","title":{"rendered":"On som"},"content":{"rendered":"<p style=\"color: #666666;\"><strong>Escola\u00a0Els Pins<\/strong><br \/>\nPasseig Vall d&#8217;Hebron 181 (dins el recinte Mundet)<br \/>\n08035 Barcelona<\/p>\n<p>Telf: 93 42 80 034<\/p>\n<p>Ara mateix el contacte amb l&#8217;escola \u00e9s a trav\u00e9s del correu electr\u00f2nic:\u00a0 <strong>a8041911@xtec.cat<\/strong><\/p>\n<p><iframe loading=\"lazy\" src=\"https:\/\/www.google.com\/maps\/embed?pb=!1m18!1m12!1m3!1d2991.1734019279875!2d2.1421453149806378!3d41.43545897925986!2m3!1f0!2f0!3f0!3m2!1i1024!2i768!4f13.1!3m3!1m2!1s0x0%3A0x0!2zNDHCsDI2JzA3LjciTiAywrAwOCczOS42IkU!5e0!3m2!1sca!2ses!4v1457522226291\" width=\"600\" height=\"450\" frameborder=\"0\"><\/iframe><\/p>\n<p><strong>Com arribar-hi:<\/strong><\/p>\n<p><strong>Metro: <\/strong>L3 Mundet<br \/>\n<strong>Bus:<\/strong> L\u00ednies V21 i 60<\/p>\n<p>&nbsp;<\/p>\n","protected":false},"excerpt":{"rendered":"<p>Escola\u00a0Els Pins<br \/>\nPasseig Vall d&#8217;Hebron 181 (dins el recinte Mundet)<br \/>\n08035 Barcelona<br \/>\nTelf: 93 42 80 034<br \/>\nAra mateix el contacte amb l&#8217;escola \u00e9s a trav\u00e9s del correu electr\u00f2nic:\u00a0 a8041911@xtec.cat<\/p>\n<p>Com arribar-hi:<br \/>\nMetro: L3 Mundet<br \/>\nBus: L\u00ednies V21 i 60<br \/>\n&nbsp;<\/p>\n","protected":false},"author":1,"featured_media":0,"parent":22,"menu_order":10,"comment_status":"closed","ping_status":"closed","template":"page-templates\/side-menu.php","meta":{"_bbp_topic_count":0,"_bbp_reply_count":0,"_bbp_total_topic_count":0,"_bbp_total_reply_count":0,"_bbp_voice_count":0,"_bbp_anonymous_reply_count":0,"_bbp_topic_count_hidden":0,"_bbp_reply_count_hidden":0,"_bbp_forum_subforum_count":0,"footnotes":""},"class_list":["post-24","page","type-page","status-publish","hentry"],"post_mailing_queue_ids":[],"_links":{"self":[{"href":"https:\/\/agora.xtec.cat\/ceipmelspins\/wp-json\/wp\/v2\/pages\/24","targetHints":{"allow":["GET"]}}],"collection":[{"href":"https:\/\/agora.xtec.cat\/ceipmelspins\/wp-json\/wp\/v2\/pages"}],"about":[{"href":"https:\/\/agora.xtec.cat\/ceipmelspins\/wp-json\/wp\/v2\/types\/page"}],"author":[{"embeddable":true,"href":"https:\/\/agora.xtec.cat\/ceipmelspins\/wp-json\/wp\/v2\/users\/1"}],"replies":[{"embeddable":true,"href":"https:\/\/agora.xtec.cat\/ceipmelspins\/wp-json\/wp\/v2\/comments?post=24"}],"version-history":[{"count":4,"href":"https:\/\/agora.xtec.cat\/ceipmelspins\/wp-json\/wp\/v2\/pages\/24\/revisions"}],"predecessor-version":[{"id":19294,"href":"https:\/\/agora.xtec.cat\/ceipmelspins\/wp-json\/wp\/v2\/pages\/24\/revisions\/19294"}],"up":[{"embeddable":true,"href":"https:\/\/agora.xtec.cat\/ceipmelspins\/wp-json\/wp\/v2\/pages\/22"}],"wp:attachment":[{"href":"https:\/\/agora.xtec.cat\/ceipmelspins\/wp-json\/wp\/v2\/media?parent=24"}],"curies":[{"name":"wp","href":"https:\/\/api.w.org\/{rel}","templated":true}]}}