{"id":13604,"date":"2020-10-13T15:21:17","date_gmt":"2020-10-13T13:21:17","guid":{"rendered":"http:\/\/agora.xtec.cat\/ceipmelspins\/?page_id=13604"},"modified":"2021-11-16T16:05:18","modified_gmt":"2021-11-16T15:05:18","slug":"innovamat","status":"publish","type":"page","link":"https:\/\/agora.xtec.cat\/ceipmelspins\/innovamat\/","title":{"rendered":"Innovamat"},"content":{"rendered":"<p>&nbsp;<\/p>\n<p><img loading=\"lazy\" decoding=\"async\" class=\"alignnone size-large wp-image-13602 aligncenter\" src=\"https:\/\/agora.xtec.cat\/ceipmelspins\/wp-content\/uploads\/usu704\/2020\/10\/img_principal-1-scaled-1023x444.jpg\" alt=\"\" width=\"1023\" height=\"444\" srcset=\"https:\/\/agora.xtec.cat\/ceipmelspins\/wp-content\/uploads\/usu704\/2020\/10\/img_principal-1-scaled-1023x444.jpg 1023w, https:\/\/agora.xtec.cat\/ceipmelspins\/wp-content\/uploads\/usu704\/2020\/10\/img_principal-1-scaled-200x87.jpg 200w, https:\/\/agora.xtec.cat\/ceipmelspins\/wp-content\/uploads\/usu704\/2020\/10\/img_principal-1-scaled-768x334.jpg 768w\" sizes=\"auto, (max-width: 1023px) 100vw, 1023px\" \/><\/p>\n<p>&nbsp;<\/p>\n<p><iframe loading=\"lazy\" title=\"Fam\u00edlies de Prim\u00e0ria, aix\u00f2 \u00e9s Innovamat!\" width=\"500\" height=\"281\" src=\"https:\/\/www.youtube.com\/embed\/LHgl8J_-O1I?feature=oembed\" frameborder=\"0\" allow=\"accelerometer; autoplay; clipboard-write; encrypted-media; gyroscope; picture-in-picture; web-share\" referrerpolicy=\"strict-origin-when-cross-origin\" allowfullscreen><\/iframe><\/p>\n<p><iframe loading=\"lazy\" title=\"Innovamat: qu\u00e8 \u00e9s fer matem\u00e0tiques?\" width=\"500\" height=\"281\" src=\"https:\/\/www.youtube.com\/embed\/pERXXiZjS14?feature=oembed\" frameborder=\"0\" allow=\"accelerometer; autoplay; clipboard-write; encrypted-media; gyroscope; picture-in-picture; web-share\" referrerpolicy=\"strict-origin-when-cross-origin\" allowfullscreen><\/iframe><\/p>\n<p>&nbsp;<\/p>\n<p>&nbsp;<\/p>\n<p>&nbsp;<\/p>\n","protected":false},"excerpt":{"rendered":"<p>&nbsp;<\/p>\n<p>&nbsp;<\/p>\n<p>&nbsp;<br \/>\n&nbsp;<br \/>\n&nbsp;<\/p>\n","protected":false},"author":1,"featured_media":0,"parent":0,"menu_order":0,"comment_status":"closed","ping_status":"closed","template":"","meta":{"_bbp_topic_count":0,"_bbp_reply_count":0,"_bbp_total_topic_count":0,"_bbp_total_reply_count":0,"_bbp_voice_count":0,"_bbp_anonymous_reply_count":0,"_bbp_topic_count_hidden":0,"_bbp_reply_count_hidden":0,"_bbp_forum_subforum_count":0,"footnotes":""},"class_list":["post-13604","page","type-page","status-publish","hentry"],"post_mailing_queue_ids":[],"_links":{"self":[{"href":"https:\/\/agora.xtec.cat\/ceipmelspins\/wp-json\/wp\/v2\/pages\/13604","targetHints":{"allow":["GET"]}}],"collection":[{"href":"https:\/\/agora.xtec.cat\/ceipmelspins\/wp-json\/wp\/v2\/pages"}],"about":[{"href":"https:\/\/agora.xtec.cat\/ceipmelspins\/wp-json\/wp\/v2\/types\/page"}],"author":[{"embeddable":true,"href":"https:\/\/agora.xtec.cat\/ceipmelspins\/wp-json\/wp\/v2\/users\/1"}],"replies":[{"embeddable":true,"href":"https:\/\/agora.xtec.cat\/ceipmelspins\/wp-json\/wp\/v2\/comments?post=13604"}],"version-history":[{"count":2,"href":"https:\/\/agora.xtec.cat\/ceipmelspins\/wp-json\/wp\/v2\/pages\/13604\/revisions"}],"predecessor-version":[{"id":17654,"href":"https:\/\/agora.xtec.cat\/ceipmelspins\/wp-json\/wp\/v2\/pages\/13604\/revisions\/17654"}],"wp:attachment":[{"href":"https:\/\/agora.xtec.cat\/ceipmelspins\/wp-json\/wp\/v2\/media?parent=13604"}],"curies":[{"name":"wp","href":"https:\/\/api.w.org\/{rel}","templated":true}]}}