{"id":6708,"date":"2026-02-23T15:36:46","date_gmt":"2026-02-23T14:36:46","guid":{"rendered":"https:\/\/agora.xtec.cat\/ceipmediterraniacornella\/?page_id=6708"},"modified":"2026-03-03T11:51:28","modified_gmt":"2026-03-03T10:51:28","slug":"preinscripcio-i-matricula-2026","status":"publish","type":"page","link":"https:\/\/agora.xtec.cat\/ceipmediterraniacornella\/preinscripcio-i-matricula-2026\/","title":{"rendered":"PREINSCRIPCI\u00d3 I MATR\u00cdCULA 2026"},"content":{"rendered":"\n<p><\/p>\n\n\n\n<p>Oferta Inicial:<\/p>\n\n\n\n<figure class=\"wp-block-image size-large is-style-default\"><a href=\"https:\/\/agora.xtec.cat\/ceipmediterraniacornella\/wp-content\/uploads\/usu818\/2026\/03\/INFORME_OFERTA_OME_INFORME_OFERTA-1.pdf\"><img loading=\"lazy\" decoding=\"async\" width=\"791\" height=\"1024\" src=\"https:\/\/agora.xtec.cat\/ceipmediterraniacornella\/wp-content\/uploads\/usu818\/2026\/03\/INFORME_OFERTA_OME_INFORME_OFERTA-1-pdf-791x1024.jpg\" alt=\"\" class=\"wp-image-6743\"\/><\/a><\/figure>\n\n\n\n<p><br><br><strong>Presentaci\u00f3 i\/o modificaci\u00f3 de sol\u00b7licituds \u00a0<\/strong>\u00a0<strong>Del 4 al 18 de mar\u00e7<\/strong><\/p>\n\n\n\n<p>Presentaci\u00f3 de documentaci\u00f3&nbsp; fins al 19 de mar\u00e7<br><br><strong>Publicaci\u00f3 de la llista de sol\u00b7licituds amb la puntuaci\u00f3 provisional<\/strong>&nbsp;<strong>15 d\u2019abril<\/strong><\/p>\n\n\n\n<p>Presentaci\u00f3 de reclamacions a la llista amb la puntuaci\u00f3 provisional del 15 al 20 d\u2019abril<br><br>Gesti\u00f3 de reclamacions del 16 al 21 d\u2019abril<br><br>Publicaci\u00f3 de la llista amb la puntuaci\u00f3, resoltes les reclamacions 23 d\u2019abril<br><br>Sorteig del n\u00famero de desempat 28 d\u2019abril<br><br><strong>Publicaci\u00f3 de la llista ordenada 30 d\u2019abril<\/strong><br><br><br>Ampliaci\u00f3 de peticions \u2013per a alumnes NEE B que necessiten assignaci\u00f3 d\u2019ofici i<\/p>\n\n\n\n<p>no s\u2019han assignat per petici\u00f3 original. del 13 i 14 de maig<br><br>Ampliaci\u00f3 de peticions \u2013per a alumnes ordinaris que necessiten assignaci\u00f3 d\u2019ofici<\/p>\n\n\n\n<p>i no s\u2019han assignat per petici\u00f3 original de l\u20191 al 3 de juny<br><br>Publicaci\u00f3 de l\u2019oferta final 10 de juny<br><br>Publicaci\u00f3 de la llista d\u2019admesos i la llista d\u2019espera 10 de juny<br><br>Per\u00edode de matr\u00edcula per als alumnes preinscrits amb pla\u00e7a assignada al segon<\/p>\n\n\n\n<p>cicle de l\u2019educaci\u00f3 infantil, a l\u2019educaci\u00f3 prim\u00e0ria del 22 al 30 de juny de 2026, ambd\u00f3s inclosos.<\/p>\n\n\n\n<p>Publicaci\u00f3 de la llista d\u2019alumnes matriculats al centre procedents del proc\u00e9s<\/p>\n\n\n\n<p>de preinscripci\u00f3 i admissi\u00f3: 30 de setembre de 2026.<\/p>\n\n\n\n<p><\/p>\n","protected":false},"excerpt":{"rendered":"<p>Oferta Inicial: Presentaci\u00f3 i\/o modificaci\u00f3 de sol\u00b7licituds \u00a0\u00a0Del 4 al 18 de mar\u00e7 Presentaci\u00f3 de documentaci\u00f3&nbsp; fins al 19 de mar\u00e7 Publicaci\u00f3 de la llista de sol\u00b7licituds amb la puntuaci\u00f3 provisional&nbsp;15 d\u2019abril Presentaci\u00f3 de reclamacions a la llista amb la puntuaci\u00f3 provisional del 15 al 20 d\u2019abril Gesti\u00f3 de reclamacions del 16 al 21 d\u2019abril [&hellip;]<\/p>\n","protected":false},"author":1,"featured_media":0,"parent":0,"menu_order":0,"comment_status":"closed","ping_status":"close","template":"","meta":{"_bbp_topic_count":0,"_bbp_reply_count":0,"_bbp_total_topic_count":0,"_bbp_total_reply_count":0,"_bbp_voice_count":0,"_bbp_anonymous_reply_count":0,"_bbp_topic_count_hidden":0,"_bbp_reply_count_hidden":0,"_bbp_forum_subforum_count":0,"site-sidebar-layout":"default","site-content-layout":"","ast-site-content-layout":"default","site-content-style":"default","site-sidebar-style":"default","ast-global-header-display":"","ast-banner-title-visibility":"","ast-main-header-display":"","ast-hfb-above-header-display":"","ast-hfb-below-header-display":"","ast-hfb-mobile-header-display":"","site-post-title":"","ast-breadcrumbs-content":"","ast-featured-img":"","footer-sml-layout":"","theme-transparent-header-meta":"","adv-header-id-meta":"","stick-header-meta":"","header-above-stick-meta":"","header-main-stick-meta":"","header-below-stick-meta":"","astra-migrate-meta-layouts":"set","ast-page-background-enabled":"default","ast-page-background-meta":{"desktop":{"background-color":"var(--ast-global-color-4)","background-image":"","background-repeat":"repeat","background-position":"center center","background-size":"auto","background-attachment":"scroll","background-type":"","background-media":"","overlay-type":"","overlay-color":"","overlay-opacity":"","overlay-gradient":""},"tablet":{"background-color":"","background-image":"","background-repeat":"repeat","background-position":"center center","background-size":"auto","background-attachment":"scroll","background-type":"","background-media":"","overlay-type":"","overlay-color":"","overlay-opacity":"","overlay-gradient":""},"mobile":{"background-color":"","background-image":"","background-repeat":"repeat","background-position":"center center","background-size":"auto","background-attachment":"scroll","background-type":"","background-media":"","overlay-type":"","overlay-color":"","overlay-opacity":"","overlay-gradient":""}},"ast-content-background-meta":{"desktop":{"background-color":"var(--ast-global-color-5)","background-image":"","background-repeat":"repeat","background-position":"center center","background-size":"auto","background-attachment":"scroll","background-type":"","background-media":"","overlay-type":"","overlay-color":"","overlay-opacity":"","overlay-gradient":""},"tablet":{"background-color":"var(--ast-global-color-5)","background-image":"","background-repeat":"repeat","background-position":"center center","background-size":"auto","background-attachment":"scroll","background-type":"","background-media":"","overlay-type":"","overlay-color":"","overlay-opacity":"","overlay-gradient":""},"mobile":{"background-color":"var(--ast-global-color-5)","background-image":"","background-repeat":"repeat","background-position":"center center","background-size":"auto","background-attachment":"scroll","background-type":"","background-media":"","overlay-type":"","overlay-color":"","overlay-opacity":"","overlay-gradient":""}},"footnotes":""},"class_list":["post-6708","page","type-page","status-publish","hentry"],"post_mailing_queue_ids":[],"_links":{"self":[{"href":"https:\/\/agora.xtec.cat\/ceipmediterraniacornella\/wp-json\/wp\/v2\/pages\/6708","targetHints":{"allow":["GET"]}}],"collection":[{"href":"https:\/\/agora.xtec.cat\/ceipmediterraniacornella\/wp-json\/wp\/v2\/pages"}],"about":[{"href":"https:\/\/agora.xtec.cat\/ceipmediterraniacornella\/wp-json\/wp\/v2\/types\/page"}],"author":[{"embeddable":true,"href":"https:\/\/agora.xtec.cat\/ceipmediterraniacornella\/wp-json\/wp\/v2\/users\/1"}],"replies":[{"embeddable":true,"href":"https:\/\/agora.xtec.cat\/ceipmediterraniacornella\/wp-json\/wp\/v2\/comments?post=6708"}],"version-history":[{"count":2,"href":"https:\/\/agora.xtec.cat\/ceipmediterraniacornella\/wp-json\/wp\/v2\/pages\/6708\/revisions"}],"predecessor-version":[{"id":6744,"href":"https:\/\/agora.xtec.cat\/ceipmediterraniacornella\/wp-json\/wp\/v2\/pages\/6708\/revisions\/6744"}],"wp:attachment":[{"href":"https:\/\/agora.xtec.cat\/ceipmediterraniacornella\/wp-json\/wp\/v2\/media?parent=6708"}],"curies":[{"name":"wp","href":"https:\/\/api.w.org\/{rel}","templated":true}]}}