{"id":332,"date":"2016-07-05T15:57:13","date_gmt":"2016-07-05T14:57:13","guid":{"rendered":"http:\/\/agora.xtec.cat\/ceipmediterraniacornella\/?page_id=332"},"modified":"2016-07-05T15:57:39","modified_gmt":"2016-07-05T14:57:39","slug":"qui-som","status":"publish","type":"page","link":"https:\/\/agora.xtec.cat\/ceipmediterraniacornella\/lescola\/qui-som\/","title":{"rendered":"Qui som?"},"content":{"rendered":"<div class=\"entry-content\">\n<p>L\u2019Escola Mediterr\u00e0nia \u00e9s un centre p\u00fablic d\u2019Ensenyament Infantil i Primari que pret\u00e9n formar i educar de manera integral el nostre alumnat, en el marc d\u2019una escola plural, aconfessional activa i oberta a l\u2019entorn natural, social i cultural, a fi de formar ciutadans aut\u00f2noms que esdevinguin compromesos, cr\u00edtics i responsables envers la societat, a partir de la creaci\u00f3 d\u2019un entorn de treball participatiu que integri tots els membres de la comunitat educativa.<\/p>\n<p>Volem ser un centre que proporcioni un servei educatiu de qualitat impulsant les compet\u00e8ncies ling\u00fc\u00edstiques pr\u00f2pies i estrangera (angl\u00e8s), potenciant l\u2019\u00fas de les TAC i fomentant les habilitats socials i el treball cooperatiu. Pretenem formar el nostre alumnat per a qu\u00e8 a partir de l\u2019experimentaaci\u00f3, la manipulaci\u00f3 i la recerca construeixin el seu pensament cient\u00edfic. Volem aconseguir que l\u2019alumnat es formi de manera integral, tal i com ho requereix la societat actual.<\/p>\n<p>L\u2019escola \u00e9s respectuosa amb les diverses maneres de pensar i oberta a tothom, incideix en els valors \u00e8tics i respecta qualsevol creen\u00e7a religiosa. Encara que, com a instituci\u00f3, es defineix aconfessional.<br \/>\nValora el treball en equip i la cooperaci\u00f3, aix\u00ed com el respecte pels drets individuals i col\u00b7lectius, la solidaritat i la toler\u00e0ncia entre tots els membres de la comunitat educativa.<br \/>\nCompromesos amb la llengua i la cultura pr\u00f2pies, la catalana, i la integraci\u00f3 de l\u2019alumnat nouvingut a fi d\u2019aconseguir una bona cohesi\u00f3 social.<br \/>\nSom una escola inclusiva que pret\u00e9n la no discriminaci\u00f3 i donar resposta a les necessitats educatives de l\u2019alumnat.<br \/>\nPotenciem la cultura de l\u2019esfor\u00e7 i la satisfacci\u00f3 del treball ben fet.<br \/>\nFomentem el raonament i l\u2019esperit cient\u00edfic.<\/p>\n<\/div>\n","protected":false},"excerpt":{"rendered":"<p>L\u2019Escola Mediterr\u00e0nia \u00e9s un centre p\u00fablic d\u2019Ensenyament Infantil i Primari que pret\u00e9n formar i educar de manera integral el nostre alumnat, en el marc d\u2019una escola plural, aconfessional activa i oberta a l\u2019entorn natural, social i cultural, a fi de formar ciutadans aut\u00f2noms que esdevinguin compromesos, cr\u00edtics i responsables envers la societat, a partir de [&hellip;]<\/p>\n","protected":false},"author":1,"featured_media":0,"parent":22,"menu_order":0,"comment_status":"closed","ping_status":"closed","template":"page-templates\/side-menu.php","meta":{"_bbp_topic_count":0,"_bbp_reply_count":0,"_bbp_total_topic_count":0,"_bbp_total_reply_count":0,"_bbp_voice_count":0,"_bbp_anonymous_reply_count":0,"_bbp_topic_count_hidden":0,"_bbp_reply_count_hidden":0,"_bbp_forum_subforum_count":0,"site-sidebar-layout":"default","site-content-layout":"","ast-site-content-layout":"","site-content-style":"default","site-sidebar-style":"default","ast-global-header-display":"","ast-banner-title-visibility":"","ast-main-header-display":"","ast-hfb-above-header-display":"","ast-hfb-below-header-display":"","ast-hfb-mobile-header-display":"","site-post-title":"","ast-breadcrumbs-content":"","ast-featured-img":"","footer-sml-layout":"","theme-transparent-header-meta":"","adv-header-id-meta":"","stick-header-meta":"","header-above-stick-meta":"","header-main-stick-meta":"","header-below-stick-meta":"","astra-migrate-meta-layouts":"default","ast-page-background-enabled":"default","ast-page-background-meta":{"desktop":{"background-color":"var(--ast-global-color-4)","background-image":"","background-repeat":"repeat","background-position":"center center","background-size":"auto","background-attachment":"scroll","background-type":"","background-media":"","overlay-type":"","overlay-color":"","overlay-opacity":"","overlay-gradient":""},"tablet":{"background-color":"","background-image":"","background-repeat":"repeat","background-position":"center center","background-size":"auto","background-attachment":"scroll","background-type":"","background-media":"","overlay-type":"","overlay-color":"","overlay-opacity":"","overlay-gradient":""},"mobile":{"background-color":"","background-image":"","background-repeat":"repeat","background-position":"center center","background-size":"auto","background-attachment":"scroll","background-type":"","background-media":"","overlay-type":"","overlay-color":"","overlay-opacity":"","overlay-gradient":""}},"ast-content-background-meta":{"desktop":{"background-color":"var(--ast-global-color-5)","background-image":"","background-repeat":"repeat","background-position":"center center","background-size":"auto","background-attachment":"scroll","background-type":"","background-media":"","overlay-type":"","overlay-color":"","overlay-opacity":"","overlay-gradient":""},"tablet":{"background-color":"var(--ast-global-color-5)","background-image":"","background-repeat":"repeat","background-position":"center center","background-size":"auto","background-attachment":"scroll","background-type":"","background-media":"","overlay-type":"","overlay-color":"","overlay-opacity":"","overlay-gradient":""},"mobile":{"background-color":"var(--ast-global-color-5)","background-image":"","background-repeat":"repeat","background-position":"center center","background-size":"auto","background-attachment":"scroll","background-type":"","background-media":"","overlay-type":"","overlay-color":"","overlay-opacity":"","overlay-gradient":""}},"footnotes":""},"class_list":["post-332","page","type-page","status-publish","hentry"],"post_mailing_queue_ids":[],"_links":{"self":[{"href":"https:\/\/agora.xtec.cat\/ceipmediterraniacornella\/wp-json\/wp\/v2\/pages\/332","targetHints":{"allow":["GET"]}}],"collection":[{"href":"https:\/\/agora.xtec.cat\/ceipmediterraniacornella\/wp-json\/wp\/v2\/pages"}],"about":[{"href":"https:\/\/agora.xtec.cat\/ceipmediterraniacornella\/wp-json\/wp\/v2\/types\/page"}],"author":[{"embeddable":true,"href":"https:\/\/agora.xtec.cat\/ceipmediterraniacornella\/wp-json\/wp\/v2\/users\/1"}],"replies":[{"embeddable":true,"href":"https:\/\/agora.xtec.cat\/ceipmediterraniacornella\/wp-json\/wp\/v2\/comments?post=332"}],"version-history":[{"count":1,"href":"https:\/\/agora.xtec.cat\/ceipmediterraniacornella\/wp-json\/wp\/v2\/pages\/332\/revisions"}],"predecessor-version":[{"id":333,"href":"https:\/\/agora.xtec.cat\/ceipmediterraniacornella\/wp-json\/wp\/v2\/pages\/332\/revisions\/333"}],"up":[{"embeddable":true,"href":"https:\/\/agora.xtec.cat\/ceipmediterraniacornella\/wp-json\/wp\/v2\/pages\/22"}],"wp:attachment":[{"href":"https:\/\/agora.xtec.cat\/ceipmediterraniacornella\/wp-json\/wp\/v2\/media?parent=332"}],"curies":[{"name":"wp","href":"https:\/\/api.w.org\/{rel}","templated":true}]}}