{"id":30,"date":"2014-09-18T12:30:23","date_gmt":"2014-09-18T11:30:23","guid":{"rendered":"http:\/\/agora.xtec.cat\/ceipmediterraniacornella\/?page_id=30"},"modified":"2024-03-16T16:25:05","modified_gmt":"2024-03-16T15:25:05","slug":"instal%c2%b7lacions","status":"publish","type":"page","link":"https:\/\/agora.xtec.cat\/ceipmediterraniacornella\/lescola\/instal%c2%b7lacions\/","title":{"rendered":"Instal\u00b7lacions"},"content":{"rendered":"<p style=\"text-align: left;\">L&#8217;escola compta amb dos edificis diferenciats, un pels dos primers cursos d&#8217;Educaci\u00f3 Infantil i un altre per l&#8217;\u00faltim curs d&#8217;Educaci\u00f3 Infantil i tots els cursos d&#8217;Educaci\u00f3 Prim\u00e0ria.<\/p>\n<p style=\"text-align: left;\"><a href=\"https:\/\/agora.xtec.cat\/ceipmediterraniacornella\/wp-content\/uploads\/usu818\/2020\/01\/IMG_3880-c\u00f2pia-2-1.jpg\">\u00a0 \u00a0 \u00a0 \u00a0 \u00a0 \u00a0 \u00a0 \u00a0 \u00a0 \u00a0 \u00a0 \u00a0 \u00a0 \u00a0 \u00a0 \u00a0 \u00a0 \u00a0 \u00a0 \u00a0 \u00a0 \u00a0 <img loading=\"lazy\" decoding=\"async\" class=\"wp-image-2735 aligncenter\" src=\"https:\/\/agora.xtec.cat\/ceipmediterraniacornella\/wp-content\/uploads\/usu818\/2020\/01\/IMG_3880-c\u00f2pia-2-1-1024x665.jpg\" alt=\"\" width=\"512\" height=\"332\" srcset=\"https:\/\/agora.xtec.cat\/ceipmediterraniacornella\/wp-content\/uploads\/usu818\/2020\/01\/IMG_3880-c\u00f2pia-2-1-1024x665.jpg 1024w, https:\/\/agora.xtec.cat\/ceipmediterraniacornella\/wp-content\/uploads\/usu818\/2020\/01\/IMG_3880-c\u00f2pia-2-1-300x195.jpg 300w, https:\/\/agora.xtec.cat\/ceipmediterraniacornella\/wp-content\/uploads\/usu818\/2020\/01\/IMG_3880-c\u00f2pia-2-1-768x499.jpg 768w\" sizes=\"auto, (max-width: 512px) 100vw, 512px\" \/><\/a><\/p>\n<p style=\"text-align: center;\">\u00a0edifici Educaci\u00f3 Infantil (I3 i I4)<\/p>\n<p style=\"text-align: center;\">\u00a0<a href=\"https:\/\/agora.xtec.cat\/ceipmediterraniacornella\/wp-content\/uploads\/usu818\/2020\/01\/IMG_3872-c\u00f2pia.jpg\"><img loading=\"lazy\" decoding=\"async\" class=\"alignnone wp-image-2734\" src=\"https:\/\/agora.xtec.cat\/ceipmediterraniacornella\/wp-content\/uploads\/usu818\/2020\/01\/IMG_3872-c\u00f2pia-1024x768.jpg\" alt=\"\" width=\"463\" height=\"347\" srcset=\"https:\/\/agora.xtec.cat\/ceipmediterraniacornella\/wp-content\/uploads\/usu818\/2020\/01\/IMG_3872-c\u00f2pia-1024x768.jpg 1024w, https:\/\/agora.xtec.cat\/ceipmediterraniacornella\/wp-content\/uploads\/usu818\/2020\/01\/IMG_3872-c\u00f2pia-300x225.jpg 300w, https:\/\/agora.xtec.cat\/ceipmediterraniacornella\/wp-content\/uploads\/usu818\/2020\/01\/IMG_3872-c\u00f2pia-768x576.jpg 768w, https:\/\/agora.xtec.cat\/ceipmediterraniacornella\/wp-content\/uploads\/usu818\/2020\/01\/IMG_3872-c\u00f2pia-200x150.jpg 200w\" sizes=\"auto, (max-width: 463px) 100vw, 463px\" \/><\/a><\/p>\n<p style=\"text-align: center;\">edifici Educaci\u00f3 Prim\u00e0ria i I5<\/p>\n<p style=\"text-align: left;\">A m\u00e9s de totes les aules ordin\u00e0ries, l&#8217;Escola disposa d&#8217;aula d&#8217;inform\u00e0tica, biblioteca, aula d&#8217;angl\u00e8s, sala d&#8217;audiovisuals, aula d&#8217;educaci\u00f3 especial, SIEI i aula de m\u00fasica. Tamb\u00e9 comptem amb un gimn\u00e0s amb serveis de dutxes i vestidors i amb dues pistes esportives, a m\u00e9s d&#8217;una zona de pati que fa les funcions de zona d&#8217;esbarjo, disposant tamb\u00e9 d&#8217;un pati per als alumnes d&#8217;Educaci\u00f3 Infantil amb sorral i equipament.<\/p>\n<p style=\"text-align: center;\"><a href=\"http:\/\/agora.xtec.cat\/ceipmediterraniacornella\/wp-content\/uploads\/usu818\/2014\/09\/DSC_0211.jpg\" rel=\"attachment wp-att-306\"><img loading=\"lazy\" decoding=\"async\" class=\"alignnone wp-image-306\" src=\"http:\/\/agora.xtec.cat\/ceipmediterraniacornella\/wp-content\/uploads\/usu818\/2014\/09\/DSC_0211-1024x685.jpg\" alt=\"DSC_0211\" width=\"352\" height=\"235\" srcset=\"https:\/\/agora.xtec.cat\/ceipmediterraniacornella\/wp-content\/uploads\/usu818\/2014\/09\/DSC_0211-1024x685.jpg 1024w, https:\/\/agora.xtec.cat\/ceipmediterraniacornella\/wp-content\/uploads\/usu818\/2014\/09\/DSC_0211-300x201.jpg 300w, https:\/\/agora.xtec.cat\/ceipmediterraniacornella\/wp-content\/uploads\/usu818\/2014\/09\/DSC_0211-768x514.jpg 768w\" sizes=\"auto, (max-width: 352px) 100vw, 352px\" \/><\/a> <a href=\"http:\/\/agora.xtec.cat\/ceipmediterraniacornella\/wp-content\/uploads\/usu818\/2014\/09\/DSC_0212.jpg\" rel=\"attachment wp-att-307\"><img loading=\"lazy\" decoding=\"async\" class=\"alignnone wp-image-307\" src=\"http:\/\/agora.xtec.cat\/ceipmediterraniacornella\/wp-content\/uploads\/usu818\/2014\/09\/DSC_0212-1024x685.jpg\" alt=\"DSC_0212\" width=\"350\" height=\"234\" srcset=\"https:\/\/agora.xtec.cat\/ceipmediterraniacornella\/wp-content\/uploads\/usu818\/2014\/09\/DSC_0212-1024x685.jpg 1024w, https:\/\/agora.xtec.cat\/ceipmediterraniacornella\/wp-content\/uploads\/usu818\/2014\/09\/DSC_0212-300x201.jpg 300w, https:\/\/agora.xtec.cat\/ceipmediterraniacornella\/wp-content\/uploads\/usu818\/2014\/09\/DSC_0212-768x514.jpg 768w\" sizes=\"auto, (max-width: 350px) 100vw, 350px\" \/><\/a><br \/>\naula d&#8217;angl\u00e8s \u00a0 \u00a0 \u00a0 \u00a0 \u00a0 \u00a0 \u00a0 \u00a0 \u00a0 \u00a0 \u00a0 \u00a0 \u00a0 \u00a0 \u00a0 \u00a0 \u00a0 \u00a0 \u00a0aula d&#8217;angl\u00e8s<\/p>\n<p style=\"text-align: center;\"><a href=\"http:\/\/agora.xtec.cat\/ceipmediterraniacornella\/wp-content\/uploads\/usu818\/2014\/09\/IMG_5077.jpg\" rel=\"attachment wp-att-313\"><img loading=\"lazy\" decoding=\"async\" class=\"alignnone wp-image-313\" src=\"http:\/\/agora.xtec.cat\/ceipmediterraniacornella\/wp-content\/uploads\/usu818\/2014\/09\/IMG_5077-1024x768.jpg\" alt=\"IMG_5077\" width=\"436\" height=\"327\" srcset=\"https:\/\/agora.xtec.cat\/ceipmediterraniacornella\/wp-content\/uploads\/usu818\/2014\/09\/IMG_5077-1024x768.jpg 1024w, https:\/\/agora.xtec.cat\/ceipmediterraniacornella\/wp-content\/uploads\/usu818\/2014\/09\/IMG_5077-300x225.jpg 300w, https:\/\/agora.xtec.cat\/ceipmediterraniacornella\/wp-content\/uploads\/usu818\/2014\/09\/IMG_5077-768x576.jpg 768w, https:\/\/agora.xtec.cat\/ceipmediterraniacornella\/wp-content\/uploads\/usu818\/2014\/09\/IMG_5077-200x150.jpg 200w\" sizes=\"auto, (max-width: 436px) 100vw, 436px\" \/><\/a><br \/>\ngimn\u00e0s<\/p>\n<p><a style=\"font-family: inherit; font-size: 1em;\" href=\"https:\/\/agora.xtec.cat\/ceipmediterraniacornella\/wp-content\/uploads\/usu818\/2020\/02\/IMG-4773-c\u00f2pia.jpg\"><img loading=\"lazy\" decoding=\"async\" class=\"wp-image-2858 aligncenter\" src=\"https:\/\/agora.xtec.cat\/ceipmediterraniacornella\/wp-content\/uploads\/usu818\/2020\/02\/IMG-4773-c\u00f2pia-1024x666.jpg\" alt=\"\" width=\"502\" height=\"326\" srcset=\"https:\/\/agora.xtec.cat\/ceipmediterraniacornella\/wp-content\/uploads\/usu818\/2020\/02\/IMG-4773-c\u00f2pia-1024x666.jpg 1024w, https:\/\/agora.xtec.cat\/ceipmediterraniacornella\/wp-content\/uploads\/usu818\/2020\/02\/IMG-4773-c\u00f2pia-300x195.jpg 300w, https:\/\/agora.xtec.cat\/ceipmediterraniacornella\/wp-content\/uploads\/usu818\/2020\/02\/IMG-4773-c\u00f2pia-768x499.jpg 768w\" sizes=\"auto, (max-width: 502px) 100vw, 502px\" \/><\/a><\/p>\n<p style=\"text-align: center;\">\u00a0gimn\u00e0s<\/p>\n<p style=\"text-align: center;\"><img loading=\"lazy\" decoding=\"async\" class=\"alignnone wp-image-2726\" src=\"https:\/\/agora.xtec.cat\/ceipmediterraniacornella\/wp-content\/uploads\/usu818\/2020\/01\/IMG_3878-c\u00f2pia-1024x768.jpg\" alt=\"\" width=\"455\" height=\"341\" srcset=\"https:\/\/agora.xtec.cat\/ceipmediterraniacornella\/wp-content\/uploads\/usu818\/2020\/01\/IMG_3878-c\u00f2pia-1024x768.jpg 1024w, https:\/\/agora.xtec.cat\/ceipmediterraniacornella\/wp-content\/uploads\/usu818\/2020\/01\/IMG_3878-c\u00f2pia-300x225.jpg 300w, https:\/\/agora.xtec.cat\/ceipmediterraniacornella\/wp-content\/uploads\/usu818\/2020\/01\/IMG_3878-c\u00f2pia-768x576.jpg 768w, https:\/\/agora.xtec.cat\/ceipmediterraniacornella\/wp-content\/uploads\/usu818\/2020\/01\/IMG_3878-c\u00f2pia-200x150.jpg 200w\" sizes=\"auto, (max-width: 455px) 100vw, 455px\" \/><\/p>\n<p style=\"text-align: center;\">pati Educaci\u00f3 Infantil<\/p>\n<p style=\"text-align: center;\"><a href=\"https:\/\/agora.xtec.cat\/ceipmediterraniacornella\/wp-content\/uploads\/usu818\/2020\/01\/IMG_3887-c\u00f2pia.jpg\"><img loading=\"lazy\" decoding=\"async\" class=\"alignnone wp-image-2730\" src=\"https:\/\/agora.xtec.cat\/ceipmediterraniacornella\/wp-content\/uploads\/usu818\/2020\/01\/IMG_3887-c\u00f2pia-1024x412.jpg\" alt=\"\" width=\"756\" height=\"304\" srcset=\"https:\/\/agora.xtec.cat\/ceipmediterraniacornella\/wp-content\/uploads\/usu818\/2020\/01\/IMG_3887-c\u00f2pia-1024x412.jpg 1024w, https:\/\/agora.xtec.cat\/ceipmediterraniacornella\/wp-content\/uploads\/usu818\/2020\/01\/IMG_3887-c\u00f2pia-300x121.jpg 300w, https:\/\/agora.xtec.cat\/ceipmediterraniacornella\/wp-content\/uploads\/usu818\/2020\/01\/IMG_3887-c\u00f2pia-768x309.jpg 768w\" sizes=\"auto, (max-width: 756px) 100vw, 756px\" \/><\/a><\/p>\n<p style=\"text-align: center;\">\u00a0 pati<\/p>\n<p style=\"text-align: center;\"><a href=\"https:\/\/agora.xtec.cat\/ceipmediterraniacornella\/wp-content\/uploads\/usu818\/2020\/03\/IMG_5978-copia.jpg\"><img loading=\"lazy\" decoding=\"async\" class=\"alignnone size-large wp-image-2975\" src=\"https:\/\/agora.xtec.cat\/ceipmediterraniacornella\/wp-content\/uploads\/usu818\/2020\/03\/IMG_5978-copia-1024x550.jpg\" alt=\"\" width=\"1024\" height=\"550\" srcset=\"https:\/\/agora.xtec.cat\/ceipmediterraniacornella\/wp-content\/uploads\/usu818\/2020\/03\/IMG_5978-copia-1024x550.jpg 1024w, https:\/\/agora.xtec.cat\/ceipmediterraniacornella\/wp-content\/uploads\/usu818\/2020\/03\/IMG_5978-copia-300x161.jpg 300w, https:\/\/agora.xtec.cat\/ceipmediterraniacornella\/wp-content\/uploads\/usu818\/2020\/03\/IMG_5978-copia-768x412.jpg 768w\" sizes=\"auto, (max-width: 1024px) 100vw, 1024px\" \/><\/a>pati<\/p>\n<p style=\"text-align: center;\"><a href=\"https:\/\/agora.xtec.cat\/ceipmediterraniacornella\/wp-content\/uploads\/usu818\/2020\/01\/IMG_3879-c\u00f2pia.jpg\"><img loading=\"lazy\" decoding=\"async\" class=\"alignnone wp-image-2727\" src=\"https:\/\/agora.xtec.cat\/ceipmediterraniacornella\/wp-content\/uploads\/usu818\/2020\/01\/IMG_3879-c\u00f2pia-1024x768.jpg\" alt=\"\" width=\"502\" height=\"377\" srcset=\"https:\/\/agora.xtec.cat\/ceipmediterraniacornella\/wp-content\/uploads\/usu818\/2020\/01\/IMG_3879-c\u00f2pia-1024x768.jpg 1024w, https:\/\/agora.xtec.cat\/ceipmediterraniacornella\/wp-content\/uploads\/usu818\/2020\/01\/IMG_3879-c\u00f2pia-300x225.jpg 300w, https:\/\/agora.xtec.cat\/ceipmediterraniacornella\/wp-content\/uploads\/usu818\/2020\/01\/IMG_3879-c\u00f2pia-768x576.jpg 768w, https:\/\/agora.xtec.cat\/ceipmediterraniacornella\/wp-content\/uploads\/usu818\/2020\/01\/IMG_3879-c\u00f2pia-200x150.jpg 200w\" sizes=\"auto, (max-width: 502px) 100vw, 502px\" \/><\/a><\/p>\n<p style=\"text-align: center;\">pati<\/p>\n<p style=\"text-align: center;\"><img loading=\"lazy\" decoding=\"async\" class=\"alignnone wp-image-2731\" src=\"https:\/\/agora.xtec.cat\/ceipmediterraniacornella\/wp-content\/uploads\/usu818\/2020\/01\/IMG_3889-c\u00f2pia-1024x768.jpg\" alt=\"\" width=\"502\" height=\"376\" srcset=\"https:\/\/agora.xtec.cat\/ceipmediterraniacornella\/wp-content\/uploads\/usu818\/2020\/01\/IMG_3889-c\u00f2pia-1024x768.jpg 1024w, https:\/\/agora.xtec.cat\/ceipmediterraniacornella\/wp-content\/uploads\/usu818\/2020\/01\/IMG_3889-c\u00f2pia-300x225.jpg 300w, https:\/\/agora.xtec.cat\/ceipmediterraniacornella\/wp-content\/uploads\/usu818\/2020\/01\/IMG_3889-c\u00f2pia-768x576.jpg 768w, https:\/\/agora.xtec.cat\/ceipmediterraniacornella\/wp-content\/uploads\/usu818\/2020\/01\/IMG_3889-c\u00f2pia-200x150.jpg 200w\" sizes=\"auto, (max-width: 502px) 100vw, 502px\" \/><br \/>\npati<\/p>\n<p style=\"text-align: center;\"><a href=\"https:\/\/agora.xtec.cat\/ceipmediterraniacornella\/wp-content\/uploads\/usu818\/2020\/02\/IMG-4770-c\u00f2pia.jpg\"><img loading=\"lazy\" decoding=\"async\" class=\"alignnone size-large wp-image-2859\" src=\"https:\/\/agora.xtec.cat\/ceipmediterraniacornella\/wp-content\/uploads\/usu818\/2020\/02\/IMG-4770-c\u00f2pia-1024x431.jpg\" alt=\"\" width=\"1024\" height=\"431\" srcset=\"https:\/\/agora.xtec.cat\/ceipmediterraniacornella\/wp-content\/uploads\/usu818\/2020\/02\/IMG-4770-c\u00f2pia-1024x431.jpg 1024w, https:\/\/agora.xtec.cat\/ceipmediterraniacornella\/wp-content\/uploads\/usu818\/2020\/02\/IMG-4770-c\u00f2pia-300x126.jpg 300w, https:\/\/agora.xtec.cat\/ceipmediterraniacornella\/wp-content\/uploads\/usu818\/2020\/02\/IMG-4770-c\u00f2pia-768x323.jpg 768w\" sizes=\"auto, (max-width: 1024px) 100vw, 1024px\" \/><\/a>\u00a0 \u00a0 pista poliesportiva<\/p>\n<p style=\"text-align: center;\"><a href=\"https:\/\/agora.xtec.cat\/ceipmediterraniacornella\/wp-content\/uploads\/usu818\/2020\/02\/IMG-4760-c\u00f2pia.jpg\"><img loading=\"lazy\" decoding=\"async\" class=\"alignnone size-large wp-image-2860\" src=\"https:\/\/agora.xtec.cat\/ceipmediterraniacornella\/wp-content\/uploads\/usu818\/2020\/02\/IMG-4760-c\u00f2pia-1024x585.jpg\" alt=\"\" width=\"1024\" height=\"585\" srcset=\"https:\/\/agora.xtec.cat\/ceipmediterraniacornella\/wp-content\/uploads\/usu818\/2020\/02\/IMG-4760-c\u00f2pia-1024x585.jpg 1024w, https:\/\/agora.xtec.cat\/ceipmediterraniacornella\/wp-content\/uploads\/usu818\/2020\/02\/IMG-4760-c\u00f2pia-300x171.jpg 300w, https:\/\/agora.xtec.cat\/ceipmediterraniacornella\/wp-content\/uploads\/usu818\/2020\/02\/IMG-4760-c\u00f2pia-768x439.jpg 768w\" sizes=\"auto, (max-width: 1024px) 100vw, 1024px\" \/><\/a><span style=\"font-family: inherit; font-size: 1em;\">pista poliesportiva<\/span><\/p>\n","protected":false},"excerpt":{"rendered":"<p>L&#8217;escola compta amb dos edificis diferenciats, un pels dos primers cursos d&#8217;Educaci\u00f3 Infantil i un altre per l&#8217;\u00faltim curs d&#8217;Educaci\u00f3 Infantil i tots els cursos d&#8217;Educaci\u00f3 Prim\u00e0ria. \u00a0 \u00a0 \u00a0 \u00a0 \u00a0 \u00a0 \u00a0 \u00a0 \u00a0 \u00a0 \u00a0 \u00a0 \u00a0 \u00a0 \u00a0 \u00a0 \u00a0 \u00a0 \u00a0 \u00a0 \u00a0 \u00a0 \u00a0edifici Educaci\u00f3 Infantil (I3 i I4) [&hellip;]<\/p>\n","protected":false},"author":1,"featured_media":0,"parent":22,"menu_order":30,"comment_status":"closed","ping_status":"closed","template":"page-templates\/side-menu.php","meta":{"_bbp_topic_count":0,"_bbp_reply_count":0,"_bbp_total_topic_count":0,"_bbp_total_reply_count":0,"_bbp_voice_count":0,"_bbp_anonymous_reply_count":0,"_bbp_topic_count_hidden":0,"_bbp_reply_count_hidden":0,"_bbp_forum_subforum_count":0,"site-sidebar-layout":"default","site-content-layout":"","ast-site-content-layout":"","site-content-style":"default","site-sidebar-style":"default","ast-global-header-display":"","ast-banner-title-visibility":"","ast-main-header-display":"","ast-hfb-above-header-display":"","ast-hfb-below-header-display":"","ast-hfb-mobile-header-display":"","site-post-title":"","ast-breadcrumbs-content":"","ast-featured-img":"","footer-sml-layout":"","theme-transparent-header-meta":"","adv-header-id-meta":"","stick-header-meta":"","header-above-stick-meta":"","header-main-stick-meta":"","header-below-stick-meta":"","astra-migrate-meta-layouts":"default","ast-page-background-enabled":"default","ast-page-background-meta":{"desktop":{"background-color":"var(--ast-global-color-4)","background-image":"","background-repeat":"repeat","background-position":"center center","background-size":"auto","background-attachment":"scroll","background-type":"","background-media":"","overlay-type":"","overlay-color":"","overlay-opacity":"","overlay-gradient":""},"tablet":{"background-color":"","background-image":"","background-repeat":"repeat","background-position":"center center","background-size":"auto","background-attachment":"scroll","background-type":"","background-media":"","overlay-type":"","overlay-color":"","overlay-opacity":"","overlay-gradient":""},"mobile":{"background-color":"","background-image":"","background-repeat":"repeat","background-position":"center center","background-size":"auto","background-attachment":"scroll","background-type":"","background-media":"","overlay-type":"","overlay-color":"","overlay-opacity":"","overlay-gradient":""}},"ast-content-background-meta":{"desktop":{"background-color":"var(--ast-global-color-5)","background-image":"","background-repeat":"repeat","background-position":"center center","background-size":"auto","background-attachment":"scroll","background-type":"","background-media":"","overlay-type":"","overlay-color":"","overlay-opacity":"","overlay-gradient":""},"tablet":{"background-color":"var(--ast-global-color-5)","background-image":"","background-repeat":"repeat","background-position":"center center","background-size":"auto","background-attachment":"scroll","background-type":"","background-media":"","overlay-type":"","overlay-color":"","overlay-opacity":"","overlay-gradient":""},"mobile":{"background-color":"var(--ast-global-color-5)","background-image":"","background-repeat":"repeat","background-position":"center center","background-size":"auto","background-attachment":"scroll","background-type":"","background-media":"","overlay-type":"","overlay-color":"","overlay-opacity":"","overlay-gradient":""}},"footnotes":""},"class_list":["post-30","page","type-page","status-publish","hentry"],"post_mailing_queue_ids":[],"_links":{"self":[{"href":"https:\/\/agora.xtec.cat\/ceipmediterraniacornella\/wp-json\/wp\/v2\/pages\/30","targetHints":{"allow":["GET"]}}],"collection":[{"href":"https:\/\/agora.xtec.cat\/ceipmediterraniacornella\/wp-json\/wp\/v2\/pages"}],"about":[{"href":"https:\/\/agora.xtec.cat\/ceipmediterraniacornella\/wp-json\/wp\/v2\/types\/page"}],"author":[{"embeddable":true,"href":"https:\/\/agora.xtec.cat\/ceipmediterraniacornella\/wp-json\/wp\/v2\/users\/1"}],"replies":[{"embeddable":true,"href":"https:\/\/agora.xtec.cat\/ceipmediterraniacornella\/wp-json\/wp\/v2\/comments?post=30"}],"version-history":[{"count":5,"href":"https:\/\/agora.xtec.cat\/ceipmediterraniacornella\/wp-json\/wp\/v2\/pages\/30\/revisions"}],"predecessor-version":[{"id":5461,"href":"https:\/\/agora.xtec.cat\/ceipmediterraniacornella\/wp-json\/wp\/v2\/pages\/30\/revisions\/5461"}],"up":[{"embeddable":true,"href":"https:\/\/agora.xtec.cat\/ceipmediterraniacornella\/wp-json\/wp\/v2\/pages\/22"}],"wp:attachment":[{"href":"https:\/\/agora.xtec.cat\/ceipmediterraniacornella\/wp-json\/wp\/v2\/media?parent=30"}],"curies":[{"name":"wp","href":"https:\/\/api.w.org\/{rel}","templated":true}]}}