{"id":28,"date":"2014-09-18T12:29:35","date_gmt":"2014-09-18T11:29:35","guid":{"rendered":"http:\/\/agora.xtec.cat\/ceipmediterraniacornella\/?page_id=28"},"modified":"2026-01-27T20:46:55","modified_gmt":"2026-01-27T19:46:55","slug":"consell-escolar","status":"publish","type":"page","link":"https:\/\/agora.xtec.cat\/ceipmediterraniacornella\/lescola\/consell-escolar\/","title":{"rendered":"Consell escolar"},"content":{"rendered":"<p>Els representats del consell escolar de la nostra escola s\u00f3n els seg\u00fcents:<\/p>\n<table>\n<tbody>\n<tr>\n<td>PRESIDENTA<\/td>\n<td>Joana Eduardo Lara<\/td>\n<\/tr>\n<tr>\n<td>CAP D&#8217;ESTUDIS<\/td>\n<td>Ester Valverde Garc\u00eda<\/td>\n<\/tr>\n<tr>\n<td>REPRESENTANT DE L&#8217;AJUNTAMENT<\/td>\n<td>Sergio Mart\u00edn S\u00e1nchez<\/td>\n<\/tr>\n<tr>\n<td>REPRESENTANT DEL PROFESSORAT<\/td>\n<td>Nat\u00e0lia Castell\u00e0 Mu\u00f1oz<\/td>\n<\/tr>\n<tr>\n<td>REPRESENTANT DEL PROFESSORAT<\/td>\n<td>Mireia Llaberia El\u00edas<\/td>\n<\/tr>\n<tr>\n<td>REPRESENTANT DEL PROFESSORAT<\/td>\n<td>Mario Serrano Vera<\/td>\n<\/tr>\n<tr>\n<td>REPRESENTANT DEL PROFESSORAT<\/td>\n<td>M\u00aa Carmen Gallardo Vela<\/td>\n<\/tr>\n<tr>\n<td>REPRESENTANT DEL PROFESSORAT<\/td>\n<td>Alejandro Henares Redondo<\/td>\n<\/tr>\n<tr>\n<td>REPRESENTANT DEL PROFESSORAT<\/td>\n<td><span style=\"background-color: #f9f9f9;\">Eva de Tena Pardo<\/span><\/td>\n<\/tr>\n<tr>\n<td>REPRESENTANT DE PARES I MARES<\/td>\n<td>Iarina Leonora Stroia<\/td>\n<\/tr>\n<tr>\n<td>REPRESENTANT DE PARES I MARES<\/td>\n<td>Leydi Rodrigues S\u00e1nchez<\/td>\n<\/tr>\n<tr>\n<td>REPRESENTANT DE PARES I MARES<\/td>\n<td>Jordi Ruf Vilches<\/td>\n<\/tr>\n<tr>\n<td>REPRESENTANT DE PARES I MARES<\/td>\n<td>Laura de la Cruz P\u00e9rez<\/td>\n<\/tr>\n<tr>\n<td>REPRESENTANT DE PARES I MARES<\/td>\n<td>M\u00aa Carmen Baz Caballero<\/td>\n<\/tr>\n<tr>\n<td>REPRESENTANT DE L&#8217;AMPA<\/td>\n<td>M\u00aaCarmen Fern\u00e1ndez Rodr\u00edguez<\/td>\n<\/tr>\n<tr>\n<td>REPRESENTANT DEL PAS<\/td>\n<td>Jose M\u00aa Font L\u00f3pez<\/td>\n<\/tr>\n<tr>\n<td>REPRESENTANT DEL PAE<\/td>\n<td>Merc\u00e8 Aragon\u00e8s Aldoma<\/td>\n<\/tr>\n<tr>\n<td>SECRETARI\/\u00c0RIA<\/td>\n<td>Silvia Jim\u00e9nez G\u00f3mez<\/td>\n<\/tr>\n<\/tbody>\n<\/table>\n","protected":false},"excerpt":{"rendered":"<p>Els representats del consell escolar de la nostra escola s\u00f3n els seg\u00fcents: PRESIDENTA Joana Eduardo Lara CAP D&#8217;ESTUDIS Ester Valverde Garc\u00eda REPRESENTANT DE L&#8217;AJUNTAMENT Sergio Mart\u00edn S\u00e1nchez REPRESENTANT DEL PROFESSORAT Nat\u00e0lia Castell\u00e0 Mu\u00f1oz REPRESENTANT DEL PROFESSORAT Mireia Llaberia El\u00edas REPRESENTANT DEL PROFESSORAT Mario Serrano Vera REPRESENTANT DEL PROFESSORAT M\u00aa Carmen Gallardo Vela REPRESENTANT DEL PROFESSORAT [&hellip;]<\/p>\n","protected":false},"author":1,"featured_media":0,"parent":22,"menu_order":40,"comment_status":"closed","ping_status":"closed","template":"","meta":{"_bbp_topic_count":0,"_bbp_reply_count":0,"_bbp_total_topic_count":0,"_bbp_total_reply_count":0,"_bbp_voice_count":0,"_bbp_anonymous_reply_count":0,"_bbp_topic_count_hidden":0,"_bbp_reply_count_hidden":0,"_bbp_forum_subforum_count":0,"site-sidebar-layout":"default","site-content-layout":"","ast-site-content-layout":"default","site-content-style":"default","site-sidebar-style":"default","ast-global-header-display":"","ast-banner-title-visibility":"","ast-main-header-display":"","ast-hfb-above-header-display":"","ast-hfb-below-header-display":"","ast-hfb-mobile-header-display":"","site-post-title":"","ast-breadcrumbs-content":"","ast-featured-img":"","footer-sml-layout":"","theme-transparent-header-meta":"","adv-header-id-meta":"","stick-header-meta":"","header-above-stick-meta":"","header-main-stick-meta":"","header-below-stick-meta":"","astra-migrate-meta-layouts":"set","ast-page-background-enabled":"default","ast-page-background-meta":{"desktop":{"background-color":"var(--ast-global-color-4)","background-image":"","background-repeat":"repeat","background-position":"center center","background-size":"auto","background-attachment":"scroll","background-type":"","background-media":"","overlay-type":"","overlay-color":"","overlay-opacity":"","overlay-gradient":""},"tablet":{"background-color":"","background-image":"","background-repeat":"repeat","background-position":"center center","background-size":"auto","background-attachment":"scroll","background-type":"","background-media":"","overlay-type":"","overlay-color":"","overlay-opacity":"","overlay-gradient":""},"mobile":{"background-color":"","background-image":"","background-repeat":"repeat","background-position":"center center","background-size":"auto","background-attachment":"scroll","background-type":"","background-media":"","overlay-type":"","overlay-color":"","overlay-opacity":"","overlay-gradient":""}},"ast-content-background-meta":{"desktop":{"background-color":"var(--ast-global-color-5)","background-image":"","background-repeat":"repeat","background-position":"center center","background-size":"auto","background-attachment":"scroll","background-type":"","background-media":"","overlay-type":"","overlay-color":"","overlay-opacity":"","overlay-gradient":""},"tablet":{"background-color":"var(--ast-global-color-5)","background-image":"","background-repeat":"repeat","background-position":"center center","background-size":"auto","background-attachment":"scroll","background-type":"","background-media":"","overlay-type":"","overlay-color":"","overlay-opacity":"","overlay-gradient":""},"mobile":{"background-color":"var(--ast-global-color-5)","background-image":"","background-repeat":"repeat","background-position":"center center","background-size":"auto","background-attachment":"scroll","background-type":"","background-media":"","overlay-type":"","overlay-color":"","overlay-opacity":"","overlay-gradient":""}},"footnotes":""},"class_list":["post-28","page","type-page","status-publish","hentry"],"post_mailing_queue_ids":[],"_links":{"self":[{"href":"https:\/\/agora.xtec.cat\/ceipmediterraniacornella\/wp-json\/wp\/v2\/pages\/28","targetHints":{"allow":["GET"]}}],"collection":[{"href":"https:\/\/agora.xtec.cat\/ceipmediterraniacornella\/wp-json\/wp\/v2\/pages"}],"about":[{"href":"https:\/\/agora.xtec.cat\/ceipmediterraniacornella\/wp-json\/wp\/v2\/types\/page"}],"author":[{"embeddable":true,"href":"https:\/\/agora.xtec.cat\/ceipmediterraniacornella\/wp-json\/wp\/v2\/users\/1"}],"replies":[{"embeddable":true,"href":"https:\/\/agora.xtec.cat\/ceipmediterraniacornella\/wp-json\/wp\/v2\/comments?post=28"}],"version-history":[{"count":5,"href":"https:\/\/agora.xtec.cat\/ceipmediterraniacornella\/wp-json\/wp\/v2\/pages\/28\/revisions"}],"predecessor-version":[{"id":6557,"href":"https:\/\/agora.xtec.cat\/ceipmediterraniacornella\/wp-json\/wp\/v2\/pages\/28\/revisions\/6557"}],"up":[{"embeddable":true,"href":"https:\/\/agora.xtec.cat\/ceipmediterraniacornella\/wp-json\/wp\/v2\/pages\/22"}],"wp:attachment":[{"href":"https:\/\/agora.xtec.cat\/ceipmediterraniacornella\/wp-json\/wp\/v2\/media?parent=28"}],"curies":[{"name":"wp","href":"https:\/\/api.w.org\/{rel}","templated":true}]}}