{"id":221,"date":"2016-05-08T09:08:29","date_gmt":"2016-05-08T08:08:29","guid":{"rendered":"http:\/\/agora.xtec.cat\/ceipmediterraniacornella\/?page_id=221"},"modified":"2021-09-08T10:40:01","modified_gmt":"2021-09-08T08:40:01","slug":"socis-i-socies","status":"publish","type":"page","link":"https:\/\/agora.xtec.cat\/ceipmediterraniacornella\/serveis\/ampa\/socis-i-socies\/","title":{"rendered":"Socis i s\u00f2cies"},"content":{"rendered":"<p class=\"Estilo12\">Actualment l&#8217;AMPA est\u00e0 formada pels seg\u00fcents membres:<\/p>\n<ul>\n<li class=\"Estilo12\"><strong>Presidenta:\u00a0<\/strong>Mar Peces<\/li>\n<li class=\"Estilo12\"><strong>Vice-presidenta:\u00a0<\/strong>Carol Varela<\/li>\n<li class=\"Estilo12\"><strong>Secret\u00e0ria:<\/strong> Meri S\u00e1nchez<\/li>\n<li class=\"Estilo12\"><strong>Vocals: <\/strong>Esther S\u00e1nchez, Yolanda Torres, Carol Gonz\u00e1lez, Luj\u00e1n Montero, S\u00edlvia N\u00fa\u00f1ez.<\/li>\n<li><strong>Membres de les diferents comissions.<\/strong><\/li>\n<li><strong>Col\u00b7laboradors\/es:<\/strong> sac de mares i pares que participen de manera puntual.<\/li>\n<\/ul>\n<p>&nbsp;<\/p>\n","protected":false},"excerpt":{"rendered":"<p>Actualment l&#8217;AMPA est\u00e0 formada pels seg\u00fcents membres: Presidenta:\u00a0Mar Peces Vice-presidenta:\u00a0Carol Varela Secret\u00e0ria: Meri S\u00e1nchez Vocals: Esther S\u00e1nchez, Yolanda Torres, Carol Gonz\u00e1lez, Luj\u00e1n Montero, S\u00edlvia N\u00fa\u00f1ez. Membres de les diferents comissions. Col\u00b7laboradors\/es: sac de mares i pares que participen de manera puntual. &nbsp;<\/p>\n","protected":false},"author":1,"featured_media":0,"parent":219,"menu_order":0,"comment_status":"closed","ping_status":"closed","template":"page-templates\/side-menu.php","meta":{"_bbp_topic_count":0,"_bbp_reply_count":0,"_bbp_total_topic_count":0,"_bbp_total_reply_count":0,"_bbp_voice_count":0,"_bbp_anonymous_reply_count":0,"_bbp_topic_count_hidden":0,"_bbp_reply_count_hidden":0,"_bbp_forum_subforum_count":0,"site-sidebar-layout":"default","site-content-layout":"","ast-site-content-layout":"","site-content-style":"default","site-sidebar-style":"default","ast-global-header-display":"","ast-banner-title-visibility":"","ast-main-header-display":"","ast-hfb-above-header-display":"","ast-hfb-below-header-display":"","ast-hfb-mobile-header-display":"","site-post-title":"","ast-breadcrumbs-content":"","ast-featured-img":"","footer-sml-layout":"","theme-transparent-header-meta":"","adv-header-id-meta":"","stick-header-meta":"","header-above-stick-meta":"","header-main-stick-meta":"","header-below-stick-meta":"","astra-migrate-meta-layouts":"default","ast-page-background-enabled":"default","ast-page-background-meta":{"desktop":{"background-color":"var(--ast-global-color-4)","background-image":"","background-repeat":"repeat","background-position":"center center","background-size":"auto","background-attachment":"scroll","background-type":"","background-media":"","overlay-type":"","overlay-color":"","overlay-opacity":"","overlay-gradient":""},"tablet":{"background-color":"","background-image":"","background-repeat":"repeat","background-position":"center center","background-size":"auto","background-attachment":"scroll","background-type":"","background-media":"","overlay-type":"","overlay-color":"","overlay-opacity":"","overlay-gradient":""},"mobile":{"background-color":"","background-image":"","background-repeat":"repeat","background-position":"center center","background-size":"auto","background-attachment":"scroll","background-type":"","background-media":"","overlay-type":"","overlay-color":"","overlay-opacity":"","overlay-gradient":""}},"ast-content-background-meta":{"desktop":{"background-color":"var(--ast-global-color-5)","background-image":"","background-repeat":"repeat","background-position":"center center","background-size":"auto","background-attachment":"scroll","background-type":"","background-media":"","overlay-type":"","overlay-color":"","overlay-opacity":"","overlay-gradient":""},"tablet":{"background-color":"var(--ast-global-color-5)","background-image":"","background-repeat":"repeat","background-position":"center center","background-size":"auto","background-attachment":"scroll","background-type":"","background-media":"","overlay-type":"","overlay-color":"","overlay-opacity":"","overlay-gradient":""},"mobile":{"background-color":"var(--ast-global-color-5)","background-image":"","background-repeat":"repeat","background-position":"center center","background-size":"auto","background-attachment":"scroll","background-type":"","background-media":"","overlay-type":"","overlay-color":"","overlay-opacity":"","overlay-gradient":""}},"footnotes":""},"class_list":["post-221","page","type-page","status-publish","hentry"],"post_mailing_queue_ids":[],"_links":{"self":[{"href":"https:\/\/agora.xtec.cat\/ceipmediterraniacornella\/wp-json\/wp\/v2\/pages\/221","targetHints":{"allow":["GET"]}}],"collection":[{"href":"https:\/\/agora.xtec.cat\/ceipmediterraniacornella\/wp-json\/wp\/v2\/pages"}],"about":[{"href":"https:\/\/agora.xtec.cat\/ceipmediterraniacornella\/wp-json\/wp\/v2\/types\/page"}],"author":[{"embeddable":true,"href":"https:\/\/agora.xtec.cat\/ceipmediterraniacornella\/wp-json\/wp\/v2\/users\/1"}],"replies":[{"embeddable":true,"href":"https:\/\/agora.xtec.cat\/ceipmediterraniacornella\/wp-json\/wp\/v2\/comments?post=221"}],"version-history":[{"count":3,"href":"https:\/\/agora.xtec.cat\/ceipmediterraniacornella\/wp-json\/wp\/v2\/pages\/221\/revisions"}],"predecessor-version":[{"id":3829,"href":"https:\/\/agora.xtec.cat\/ceipmediterraniacornella\/wp-json\/wp\/v2\/pages\/221\/revisions\/3829"}],"up":[{"embeddable":true,"href":"https:\/\/agora.xtec.cat\/ceipmediterraniacornella\/wp-json\/wp\/v2\/pages\/219"}],"wp:attachment":[{"href":"https:\/\/agora.xtec.cat\/ceipmediterraniacornella\/wp-json\/wp\/v2\/media?parent=221"}],"curies":[{"name":"wp","href":"https:\/\/api.w.org\/{rel}","templated":true}]}}