{"id":213,"date":"2016-05-08T09:05:48","date_gmt":"2016-05-08T08:05:48","guid":{"rendered":"http:\/\/agora.xtec.cat\/ceipmediterraniacornella\/?page_id=213"},"modified":"2025-12-21T11:37:31","modified_gmt":"2025-12-21T10:37:31","slug":"equip-docent","status":"publish","type":"page","link":"https:\/\/agora.xtec.cat\/ceipmediterraniacornella\/lescola\/equip-docent\/","title":{"rendered":"Equip docent"},"content":{"rendered":"<p class=\"Estilo11\"><span class=\"Estilo6\"><strong>EQUIP DIRECTIU<\/strong><br \/>\nDirecci\u00f3: Joana Eduardo<\/span><span class=\"Estilo6\"><br \/>\nCap d&#8217;Estudis: Ester Valverde<\/span><span class=\"Estilo6\"><br \/>\nSecretaria: <\/span><span class=\"Estilo16\">Silvia Jim\u00e9nez\/ Alejandro Henares<br \/>\n<\/span><\/p>\n<p class=\"Estilo12\"><strong><span class=\"Estilo18\">DISTRIBUCI\u00d3 DE L&#8217;EQUIP EDUCATIU I SERVEIS<\/span><\/strong><br \/>\nTutories:<\/p>\n<table style=\"width: 55.8859%; height: 198px;\" border=\"0\" width=\"514\">\n<tbody>\n<tr style=\"height: 33px;\">\n<td style=\"height: 33px;\" width=\"25\"><strong>I3<\/strong><\/td>\n<td style=\"height: 33px;\" width=\"20\"><strong>A<\/strong><\/td>\n<td style=\"height: 33px;\" width=\"455\">Cristina Yuste<\/td>\n<\/tr>\n<tr style=\"height: 33px;\">\n<td style=\"height: 33px;\"><strong>\u00a0<\/strong><\/td>\n<td style=\"height: 33px;\"><strong>B<\/strong><\/td>\n<td style=\"height: 33px;\">Elisabeth Frias<\/td>\n<\/tr>\n<tr style=\"height: 33px;\">\n<td style=\"height: 33px;\"><strong>I4<\/strong><\/td>\n<td style=\"height: 33px;\"><strong>A<\/strong><\/td>\n<td style=\"height: 33px;\">Marta Pallarols\/ Laia Goyta<\/td>\n<\/tr>\n<tr style=\"height: 33px;\">\n<td style=\"height: 33px;\"><strong>\u00a0<\/strong><\/td>\n<td style=\"height: 33px;\"><strong>B<\/strong><\/td>\n<td style=\"height: 33px;\">Meritxell P\u00e0mies<\/td>\n<\/tr>\n<tr style=\"height: 33px;\">\n<td style=\"height: 33px;\"><strong>I5<\/strong><\/td>\n<td style=\"height: 33px;\"><strong>A<\/strong><\/td>\n<td style=\"height: 33px;\">Susana Valle<\/td>\n<\/tr>\n<tr style=\"height: 33px;\">\n<td style=\"height: 33px;\" height=\"22\"><strong>\u00a0<\/strong><\/td>\n<td style=\"height: 33px;\"><strong>B<\/strong><\/td>\n<td style=\"height: 33px;\">Nat\u00e0lia Castell\u00e0<\/td>\n<\/tr>\n<\/tbody>\n<\/table>\n<table style=\"height: 372px;\" border=\"0\" width=\"514\">\n<tbody>\n<tr style=\"height: 31px;\">\n<td style=\"height: 31px; width: 38px;\"><strong>1r<\/strong><\/td>\n<td style=\"height: 31px; width: 30px;\"><strong>A<\/strong><\/td>\n<td style=\"height: 31px; width: 436px;\">Montse Jim\u00e9nez<\/td>\n<\/tr>\n<tr style=\"height: 31px;\">\n<td style=\"height: 31px; width: 38px;\"><strong>\u00a0<\/strong><\/td>\n<td style=\"height: 31px; width: 30px;\"><strong>B<\/strong><\/td>\n<td style=\"height: 31px; width: 436px;\"><span style=\"background-color: #ffffff;\">Juani Reyes<\/span><\/td>\n<\/tr>\n<tr style=\"height: 31px;\">\n<td style=\"height: 31px; width: 38px;\"><strong>2n<\/strong><\/td>\n<td style=\"height: 31px; width: 30px;\"><strong>A<\/strong><\/td>\n<td style=\"height: 31px; width: 436px;\"><span style=\"background-color: #f9f9f9;\">Judit Alsina<\/span><\/td>\n<\/tr>\n<tr style=\"height: 31px;\">\n<td style=\"height: 31px; width: 38px;\"><strong>\u00a0<\/strong><\/td>\n<td style=\"height: 31px; width: 30px;\"><strong>B<\/strong><\/td>\n<td style=\"height: 31px; width: 436px;\">Mireia Llaberia<\/td>\n<\/tr>\n<tr style=\"height: 31px;\">\n<td style=\"height: 31px; width: 38px;\"><strong>3r<\/strong><\/td>\n<td style=\"height: 31px; width: 30px;\"><strong>A<\/strong><\/td>\n<td style=\"height: 31px; width: 436px;\">Sandra Mart\u00ednez<\/td>\n<\/tr>\n<tr style=\"height: 31px;\">\n<td style=\"height: 31px; width: 38px;\" height=\"22\"><strong>\u00a0<\/strong><\/td>\n<td style=\"height: 31px; width: 30px;\"><strong>B<\/strong><\/td>\n<td style=\"height: 31px; width: 436px;\">Patri S\u00e1nchez\/ Maria Rodr\u00edguez<\/td>\n<\/tr>\n<tr style=\"height: 31px;\">\n<td style=\"height: 31px; width: 38px;\" height=\"22\"><strong>4rt<\/strong><\/td>\n<td style=\"height: 31px; width: 30px;\"><strong>A<\/strong><\/td>\n<td style=\"height: 31px; width: 436px;\">Mario Serrano<\/td>\n<\/tr>\n<tr style=\"height: 31px;\">\n<td style=\"height: 31px; width: 38px;\" height=\"22\"><strong>\u00a0<\/strong><\/td>\n<td style=\"height: 31px; width: 30px;\"><strong>B<\/strong><\/td>\n<td style=\"height: 31px; width: 436px;\">Laura Mesa<\/td>\n<\/tr>\n<tr style=\"height: 31px;\">\n<td style=\"height: 31px; width: 38px;\" height=\"22\"><strong>5\u00e8<\/strong><\/td>\n<td style=\"height: 31px; width: 30px;\"><strong>A<\/strong><\/td>\n<td style=\"height: 31px; width: 436px;\">Nuria Cant\u00f3n<\/td>\n<\/tr>\n<tr style=\"height: 31px;\">\n<td style=\"height: 31px; width: 38px;\" height=\"22\"><strong>\u00a0<\/strong><\/td>\n<td style=\"height: 31px; width: 30px;\"><strong>B<\/strong><\/td>\n<td style=\"height: 31px; width: 436px;\">Cristina Gallart<\/td>\n<\/tr>\n<tr style=\"height: 31px;\">\n<td style=\"height: 31px; width: 38px;\" height=\"22\"><strong>6\u00e8<\/strong><\/td>\n<td style=\"height: 31px; width: 30px;\"><strong>A<\/strong><\/td>\n<td style=\"height: 31px; width: 436px;\"><span style=\"background-color: #f9f9f9;\">Sandra Fern\u00e1ndez<\/span><\/td>\n<\/tr>\n<tr style=\"height: 31px;\">\n<td style=\"height: 31px; width: 38px;\" height=\"22\"><strong>\u00a0<\/strong><\/td>\n<td style=\"height: 31px; width: 30px;\"><strong>B<\/strong><\/td>\n<td style=\"height: 31px; width: 436px;\">Jes\u00fas Mart\u00ednez\/ Patri Garc\u00eda<\/td>\n<\/tr>\n<\/tbody>\n<\/table>\n<p class=\"Estilo12\"><strong>Atenci\u00f3 a la diversitat:<\/strong>\u00a0 Sandra Burgos\/ M\u00aaCarmen Gallardo<br \/>\n<strong>Educaci\u00f3 F\u00edsica:<\/strong> <span class=\"Estilo16\">Eva de Tena \/ Alejandro Henares<\/span><br \/>\n<strong>Angl\u00e8s:<\/strong> <span class=\"Estilo16\">Damaris G\u00f3mez \/ Carla Vidal \/ Rodrigo Ru\u00edz \/ Vicky Cahisa<\/span><br \/>\n<strong>Suport Educaci\u00f3 Infantil:<\/strong> Isabel Tubella\/ <span class=\"Estilo16\">Elena G\u00f3mez \/ Ana D\u00edaz<\/span><br \/>\n<strong>Suport Educaci\u00f3 Prim\u00e0ria:<\/strong> <span class=\"Estilo16\">Silvia Jim\u00e9nez \/ Joana Eduardo\/ Alejandro Henares\/ Laura Mesa<\/span><br \/>\n<strong>Educaci\u00f3 Musical:<\/strong> <span class=\"Estilo16\">Conchi Rodr\u00edguez<br \/>\n<\/span><strong>SIEI:<\/strong> Ester Valverde \/ Sandra Burgos<\/p>\n<p class=\"Estilo12\"><strong>SIEI+<\/strong>: Aida Fonollosa<br \/>\n<strong>Religi\u00f3:<\/strong> <span class=\"Estilo16\">Anna Ravent\u00f3s<br \/>\n<strong>Aula d&#8217;acollida:<\/strong> Maribel Tello<\/span><\/p>\n<p class=\"Estilo12\"><strong>PERSONAL D&#8217;ADMINISTRACI\u00d3 I SERVEIS<\/strong><br \/>\n<strong>Educadora SIEI:<\/strong> <span class=\"Estilo16\">N\u00faria Castro<\/span><\/p>\n<p><strong>Educadora SIEI+: <\/strong>Justi Dur\u00e1n<\/p>\n<p class=\"Estilo12\"><strong>T\u00e8cnica Educaci\u00f3 Infantil:\u00a0<\/strong>Merc\u00e8 Aragon\u00e9s<br \/>\n<strong>Vetlladores: <\/strong>Luc\u00eda Jara i Rosa Lagar<br \/>\n<strong>Administratiu:<\/strong> Andr\u00e9s Gonz\u00e1lez<br \/>\n<strong>Conserge:<\/strong> <span class=\"Estilo16\">Jose Mar\u00eda Font<\/span><\/p>\n<p class=\"Estilo12\">\n","protected":false},"excerpt":{"rendered":"<p>EQUIP DIRECTIU Direcci\u00f3: Joana Eduardo Cap d&#8217;Estudis: Ester Valverde Secretaria: Silvia Jim\u00e9nez\/ Alejandro Henares DISTRIBUCI\u00d3 DE L&#8217;EQUIP EDUCATIU I SERVEIS Tutories: I3 A Cristina Yuste \u00a0 B Elisabeth Frias I4 A Marta Pallarols\/ Laia Goyta \u00a0 B Meritxell P\u00e0mies I5 A Susana Valle \u00a0 B Nat\u00e0lia Castell\u00e0 1r A Montse Jim\u00e9nez \u00a0 B Juani Reyes [&hellip;]<\/p>\n","protected":false},"author":1,"featured_media":0,"parent":22,"menu_order":60,"comment_status":"closed","ping_status":"closed","template":"page-templates\/side-menu.php","meta":{"_bbp_topic_count":0,"_bbp_reply_count":0,"_bbp_total_topic_count":0,"_bbp_total_reply_count":0,"_bbp_voice_count":0,"_bbp_anonymous_reply_count":0,"_bbp_topic_count_hidden":0,"_bbp_reply_count_hidden":0,"_bbp_forum_subforum_count":0,"site-sidebar-layout":"default","site-content-layout":"","ast-site-content-layout":"","site-content-style":"default","site-sidebar-style":"default","ast-global-header-display":"","ast-banner-title-visibility":"","ast-main-header-display":"","ast-hfb-above-header-display":"","ast-hfb-below-header-display":"","ast-hfb-mobile-header-display":"","site-post-title":"","ast-breadcrumbs-content":"","ast-featured-img":"","footer-sml-layout":"","theme-transparent-header-meta":"","adv-header-id-meta":"","stick-header-meta":"","header-above-stick-meta":"","header-main-stick-meta":"","header-below-stick-meta":"","astra-migrate-meta-layouts":"default","ast-page-background-enabled":"default","ast-page-background-meta":{"desktop":{"background-color":"var(--ast-global-color-4)","background-image":"","background-repeat":"repeat","background-position":"center center","background-size":"auto","background-attachment":"scroll","background-type":"","background-media":"","overlay-type":"","overlay-color":"","overlay-opacity":"","overlay-gradient":""},"tablet":{"background-color":"","background-image":"","background-repeat":"repeat","background-position":"center center","background-size":"auto","background-attachment":"scroll","background-type":"","background-media":"","overlay-type":"","overlay-color":"","overlay-opacity":"","overlay-gradient":""},"mobile":{"background-color":"","background-image":"","background-repeat":"repeat","background-position":"center center","background-size":"auto","background-attachment":"scroll","background-type":"","background-media":"","overlay-type":"","overlay-color":"","overlay-opacity":"","overlay-gradient":""}},"ast-content-background-meta":{"desktop":{"background-color":"var(--ast-global-color-5)","background-image":"","background-repeat":"repeat","background-position":"center center","background-size":"auto","background-attachment":"scroll","background-type":"","background-media":"","overlay-type":"","overlay-color":"","overlay-opacity":"","overlay-gradient":""},"tablet":{"background-color":"var(--ast-global-color-5)","background-image":"","background-repeat":"repeat","background-position":"center center","background-size":"auto","background-attachment":"scroll","background-type":"","background-media":"","overlay-type":"","overlay-color":"","overlay-opacity":"","overlay-gradient":""},"mobile":{"background-color":"var(--ast-global-color-5)","background-image":"","background-repeat":"repeat","background-position":"center center","background-size":"auto","background-attachment":"scroll","background-type":"","background-media":"","overlay-type":"","overlay-color":"","overlay-opacity":"","overlay-gradient":""}},"footnotes":""},"class_list":["post-213","page","type-page","status-publish","hentry"],"post_mailing_queue_ids":[],"_links":{"self":[{"href":"https:\/\/agora.xtec.cat\/ceipmediterraniacornella\/wp-json\/wp\/v2\/pages\/213","targetHints":{"allow":["GET"]}}],"collection":[{"href":"https:\/\/agora.xtec.cat\/ceipmediterraniacornella\/wp-json\/wp\/v2\/pages"}],"about":[{"href":"https:\/\/agora.xtec.cat\/ceipmediterraniacornella\/wp-json\/wp\/v2\/types\/page"}],"author":[{"embeddable":true,"href":"https:\/\/agora.xtec.cat\/ceipmediterraniacornella\/wp-json\/wp\/v2\/users\/1"}],"replies":[{"embeddable":true,"href":"https:\/\/agora.xtec.cat\/ceipmediterraniacornella\/wp-json\/wp\/v2\/comments?post=213"}],"version-history":[{"count":6,"href":"https:\/\/agora.xtec.cat\/ceipmediterraniacornella\/wp-json\/wp\/v2\/pages\/213\/revisions"}],"predecessor-version":[{"id":279,"href":"https:\/\/agora.xtec.cat\/ceipmediterraniacornella\/wp-json\/wp\/v2\/pages\/213\/revisions\/279"}],"up":[{"embeddable":true,"href":"https:\/\/agora.xtec.cat\/ceipmediterraniacornella\/wp-json\/wp\/v2\/pages\/22"}],"wp:attachment":[{"href":"https:\/\/agora.xtec.cat\/ceipmediterraniacornella\/wp-json\/wp\/v2\/media?parent=213"}],"curies":[{"name":"wp","href":"https:\/\/api.w.org\/{rel}","templated":true}]}}