{"id":5616,"date":"2025-10-09T16:11:02","date_gmt":"2025-10-09T14:11:02","guid":{"rendered":"https:\/\/agora.xtec.cat\/ceipmediterrania\/?page_id=5616"},"modified":"2026-01-29T16:34:24","modified_gmt":"2026-01-29T15:34:24","slug":"podcast-cicle-superior","status":"publish","type":"page","link":"https:\/\/agora.xtec.cat\/ceipmediterrania\/podcast-cicle-superior\/","title":{"rendered":"P\u00f2dcast Cicle Superior"},"content":{"rendered":"<h2 class=\"wp-block-post-title has-background has-light-green-cyan-background-color\">P\u00f2dcast Cicle Superior<\/h2>\n\n\n<h2 class=\"wp-block-heading has-light-green-cyan-color has-text-color has-link-color wp-elements-0f414b9bc255a75fdf321ad8827ddc8f\">P\u00f2dcast 6<\/h2>\n\n\n\n<p><strong>R\u00e0dio Mediterr\u00e0nia Cap\u00edtol <\/strong>6, 29 de gener del 2026 (ACUDITS I ENDEVINALLES)<\/p>\n\n\n\n<figure class=\"wp-block-embed is-type-rich is-provider-spotify wp-block-embed-spotify wp-embed-aspect-21-9 wp-has-aspect-ratio\"><div class=\"wp-block-embed__wrapper\">\n<div class=\"ast-oembed-container \" style=\"height: 100%;\"><iframe title=\"Spotify Embed: Cicle Superior- 29 de gener 2026 Acudits i endevinalles\" style=\"border-radius: 12px\" width=\"100%\" height=\"152\" frameborder=\"0\" allowfullscreen allow=\"autoplay; clipboard-write; encrypted-media; fullscreen; picture-in-picture\" loading=\"lazy\" src=\"https:\/\/open.spotify.com\/embed\/episode\/5DKf2o20jyQ52J1HjDdoBP?si=NkELCjx_S96HkM7YyGgo2Q&amp;utm_source=oembed\"><\/iframe><\/div>\n<\/div><\/figure>\n\n\n\n<h2 class=\"wp-block-heading has-light-green-cyan-color has-text-color has-link-color wp-elements-7fcf6d40725752d0b7f5c93ca6196a2d\">P\u00f2dcast 5<\/h2>\n\n\n\n<p><strong>R\u00e0dio Mediterr\u00e0nia Cap\u00edtol <\/strong>5, 11 de desembre del 2025 (ENTREVISTA)<\/p>\n\n\n\n<figure class=\"wp-block-embed is-type-rich is-provider-spotify wp-block-embed-spotify wp-embed-aspect-21-9 wp-has-aspect-ratio\"><div class=\"wp-block-embed__wrapper\">\n<div class=\"ast-oembed-container \" style=\"height: 100%;\"><iframe title=\"Spotify Embed: Cap\u00edtol 5-R\u00e0dio Mediterr\u00e0nia\" style=\"border-radius: 12px\" width=\"100%\" height=\"152\" frameborder=\"0\" allowfullscreen allow=\"autoplay; clipboard-write; encrypted-media; fullscreen; picture-in-picture\" loading=\"lazy\" src=\"https:\/\/open.spotify.com\/embed\/episode\/4BjJHIx0GavXIgN4fgNvP5?si=l8EjAe4hSe2Nz4cjKPPtiA&amp;utm_source=oembed\"><\/iframe><\/div>\n<\/div><\/figure>\n\n\n\n<h2 class=\"wp-block-heading has-light-green-cyan-color has-text-color has-link-color wp-elements-5bb82a858ce970c0e3b1e7579ab32a67\">P\u00f2dcast 4<\/h2>\n\n\n\n<p><strong>R\u00e0dio Mediterr\u00e0nia Cap\u00edtol 4<\/strong>, 27 de novembre del 2025 (ESPORTS)<\/p>\n\n\n\n<figure class=\"wp-block-audio\"><audio controls src=\"https:\/\/agora.xtec.cat\/ceipmediterrania\/wp-content\/uploads\/usu1771\/2025\/11\/Radio-Mediterrania-Capitol-4.mp3\"><\/audio><\/figure>\n\n\n\n<h2 class=\"wp-block-heading has-light-green-cyan-color has-text-color has-link-color wp-elements-6deb324e735ef915790dc694b8c2d44a\">P\u00f2dcast 3<\/h2>\n\n\n\n<p><strong>R\u00e0dio Mediterr\u00e0nia Cap\u00edtol 3, <\/strong>13 de novembre del 2025 (ANUNCIS)<\/p>\n\n\n\n<figure class=\"wp-block-audio\"><audio controls src=\"https:\/\/agora.xtec.cat\/ceipmediterrania\/wp-content\/uploads\/usu1771\/2025\/11\/Anuncis-Capitol-4.mp3\"><\/audio><\/figure>\n\n\n\n<h2 class=\"wp-block-heading has-light-green-cyan-color has-text-color has-link-color wp-elements-260e5d935862c9fa1dca8c15e5759572\">P\u00f2dcast 2<\/h2>\n\n\n\n<p><strong>R\u00e0dio Mediterr\u00e0nia Cap\u00edtol 2, <\/strong>23 d&#8217;octubre del 2025 (PROGRAMA MUSICAL)<\/p>\n\n\n\n<figure class=\"wp-block-audio\"><audio controls src=\"https:\/\/agora.xtec.cat\/ceipmediterrania\/wp-content\/uploads\/usu1771\/2025\/10\/RadioMediterraniaCapitol2.mp3\"><\/audio><\/figure>\n\n\n\n<div class=\"wp-block-getwid-images-slider has-arrows-outside has-dots-outside has-images-center has-cropped-images\"><div class=\"wp-block-getwid-images-slider__wrapper\" data-effect=\"slide\" data-slides-show=\"1\" data-slides-show-laptop=\"1\" data-slides-show-tablet=\"1\" data-slides-show-mobile=\"1\" data-slides-scroll=\"1\" data-autoplay=\"true\" data-pause-hover=\"true\" data-autoplay-speed=\"6000\" data-infinite=\"true\" data-animation-speed=\"800\" data-center-mode=\"true\" data-variable-width=\"false\" data-arrows=\"outside\" data-dots=\"outside\" data-spacing=\"none\"><div class=\"wp-block-getwid-images-slider__item\"><figure><img loading=\"lazy\" decoding=\"async\" width=\"1600\" height=\"1204\" src=\"https:\/\/agora.xtec.cat\/ceipmediterrania\/wp-content\/uploads\/usu1771\/2025\/10\/WhatsApp-Image-2025-10-23-at-16.26.01-4.jpeg\" data-id=\"5716\" data-link=\"https:\/\/agora.xtec.cat\/ceipmediterrania\/podcast-cicle-superior\/attachment\/whatsapp-image-2025-10-23-at-16-26-01-4\/\" data-original-link=\"https:\/\/agora.xtec.cat\/ceipmediterrania\/wp-content\/uploads\/usu1771\/2025\/10\/WhatsApp-Image-2025-10-23-at-16.26.01-4.jpeg\" class=\"wp-block-getwid-images-slider__image wp-image-5716\" srcset=\"https:\/\/agora.xtec.cat\/ceipmediterrania\/wp-content\/uploads\/usu1771\/2025\/10\/WhatsApp-Image-2025-10-23-at-16.26.01-4.jpeg 1600w, https:\/\/agora.xtec.cat\/ceipmediterrania\/wp-content\/uploads\/usu1771\/2025\/10\/WhatsApp-Image-2025-10-23-at-16.26.01-4-300x226.jpeg 300w, https:\/\/agora.xtec.cat\/ceipmediterrania\/wp-content\/uploads\/usu1771\/2025\/10\/WhatsApp-Image-2025-10-23-at-16.26.01-4-1024x771.jpeg 1024w, https:\/\/agora.xtec.cat\/ceipmediterrania\/wp-content\/uploads\/usu1771\/2025\/10\/WhatsApp-Image-2025-10-23-at-16.26.01-4-768x578.jpeg 768w, https:\/\/agora.xtec.cat\/ceipmediterrania\/wp-content\/uploads\/usu1771\/2025\/10\/WhatsApp-Image-2025-10-23-at-16.26.01-4-1536x1156.jpeg 1536w\" sizes=\"auto, (max-width: 1600px) 100vw, 1600px\" \/><\/figure><\/div><div class=\"wp-block-getwid-images-slider__item\"><figure><img loading=\"lazy\" decoding=\"async\" width=\"1600\" height=\"1204\" src=\"https:\/\/agora.xtec.cat\/ceipmediterrania\/wp-content\/uploads\/usu1771\/2025\/10\/WhatsApp-Image-2025-10-23-at-16.26.01-1.jpeg\" data-id=\"5715\" data-link=\"https:\/\/agora.xtec.cat\/ceipmediterrania\/podcast-cicle-superior\/attachment\/whatsapp-image-2025-10-23-at-16-26-01-1\/\" data-original-link=\"https:\/\/agora.xtec.cat\/ceipmediterrania\/wp-content\/uploads\/usu1771\/2025\/10\/WhatsApp-Image-2025-10-23-at-16.26.01-1.jpeg\" class=\"wp-block-getwid-images-slider__image wp-image-5715\" srcset=\"https:\/\/agora.xtec.cat\/ceipmediterrania\/wp-content\/uploads\/usu1771\/2025\/10\/WhatsApp-Image-2025-10-23-at-16.26.01-1.jpeg 1600w, https:\/\/agora.xtec.cat\/ceipmediterrania\/wp-content\/uploads\/usu1771\/2025\/10\/WhatsApp-Image-2025-10-23-at-16.26.01-1-300x226.jpeg 300w, https:\/\/agora.xtec.cat\/ceipmediterrania\/wp-content\/uploads\/usu1771\/2025\/10\/WhatsApp-Image-2025-10-23-at-16.26.01-1-1024x771.jpeg 1024w, https:\/\/agora.xtec.cat\/ceipmediterrania\/wp-content\/uploads\/usu1771\/2025\/10\/WhatsApp-Image-2025-10-23-at-16.26.01-1-768x578.jpeg 768w, https:\/\/agora.xtec.cat\/ceipmediterrania\/wp-content\/uploads\/usu1771\/2025\/10\/WhatsApp-Image-2025-10-23-at-16.26.01-1-1536x1156.jpeg 1536w\" sizes=\"auto, (max-width: 1600px) 100vw, 1600px\" \/><\/figure><\/div><div class=\"wp-block-getwid-images-slider__item\"><figure><img loading=\"lazy\" decoding=\"async\" width=\"1600\" height=\"1204\" src=\"https:\/\/agora.xtec.cat\/ceipmediterrania\/wp-content\/uploads\/usu1771\/2025\/10\/WhatsApp-Image-2025-10-23-at-16.26.02-2.jpeg\" data-id=\"5714\" data-link=\"https:\/\/agora.xtec.cat\/ceipmediterrania\/podcast-cicle-superior\/attachment\/whatsapp-image-2025-10-23-at-16-26-02-2\/\" data-original-link=\"https:\/\/agora.xtec.cat\/ceipmediterrania\/wp-content\/uploads\/usu1771\/2025\/10\/WhatsApp-Image-2025-10-23-at-16.26.02-2.jpeg\" class=\"wp-block-getwid-images-slider__image wp-image-5714\" srcset=\"https:\/\/agora.xtec.cat\/ceipmediterrania\/wp-content\/uploads\/usu1771\/2025\/10\/WhatsApp-Image-2025-10-23-at-16.26.02-2.jpeg 1600w, https:\/\/agora.xtec.cat\/ceipmediterrania\/wp-content\/uploads\/usu1771\/2025\/10\/WhatsApp-Image-2025-10-23-at-16.26.02-2-300x226.jpeg 300w, https:\/\/agora.xtec.cat\/ceipmediterrania\/wp-content\/uploads\/usu1771\/2025\/10\/WhatsApp-Image-2025-10-23-at-16.26.02-2-1024x771.jpeg 1024w, https:\/\/agora.xtec.cat\/ceipmediterrania\/wp-content\/uploads\/usu1771\/2025\/10\/WhatsApp-Image-2025-10-23-at-16.26.02-2-768x578.jpeg 768w, https:\/\/agora.xtec.cat\/ceipmediterrania\/wp-content\/uploads\/usu1771\/2025\/10\/WhatsApp-Image-2025-10-23-at-16.26.02-2-1536x1156.jpeg 1536w\" sizes=\"auto, (max-width: 1600px) 100vw, 1600px\" \/><\/figure><\/div><div class=\"wp-block-getwid-images-slider__item\"><figure><img loading=\"lazy\" decoding=\"async\" width=\"1600\" height=\"1204\" src=\"https:\/\/agora.xtec.cat\/ceipmediterrania\/wp-content\/uploads\/usu1771\/2025\/10\/WhatsApp-Image-2025-10-23-at-16.26.01.jpeg\" data-id=\"5713\" data-link=\"https:\/\/agora.xtec.cat\/ceipmediterrania\/podcast-cicle-superior\/attachment\/whatsapp-image-2025-10-23-at-16-26-01\/\" data-original-link=\"https:\/\/agora.xtec.cat\/ceipmediterrania\/wp-content\/uploads\/usu1771\/2025\/10\/WhatsApp-Image-2025-10-23-at-16.26.01.jpeg\" class=\"wp-block-getwid-images-slider__image wp-image-5713\" srcset=\"https:\/\/agora.xtec.cat\/ceipmediterrania\/wp-content\/uploads\/usu1771\/2025\/10\/WhatsApp-Image-2025-10-23-at-16.26.01.jpeg 1600w, https:\/\/agora.xtec.cat\/ceipmediterrania\/wp-content\/uploads\/usu1771\/2025\/10\/WhatsApp-Image-2025-10-23-at-16.26.01-300x226.jpeg 300w, https:\/\/agora.xtec.cat\/ceipmediterrania\/wp-content\/uploads\/usu1771\/2025\/10\/WhatsApp-Image-2025-10-23-at-16.26.01-1024x771.jpeg 1024w, https:\/\/agora.xtec.cat\/ceipmediterrania\/wp-content\/uploads\/usu1771\/2025\/10\/WhatsApp-Image-2025-10-23-at-16.26.01-768x578.jpeg 768w, https:\/\/agora.xtec.cat\/ceipmediterrania\/wp-content\/uploads\/usu1771\/2025\/10\/WhatsApp-Image-2025-10-23-at-16.26.01-1536x1156.jpeg 1536w\" sizes=\"auto, (max-width: 1600px) 100vw, 1600px\" \/><\/figure><\/div><\/div><\/div>\n\n\n\n<h2 class=\"wp-block-heading has-light-green-cyan-color has-text-color has-link-color wp-elements-20e573095ab68f9be68b6fb29980d178\">P\u00f2dcast 1<\/h2>\n\n\n\n<p><strong>M\u00fasica, <\/strong>16 d&#8217;octubre del 2025<\/p>\n\n\n\n<figure class=\"wp-block-audio\"><audio controls src=\"https:\/\/agora.xtec.cat\/ceipmediterrania\/wp-content\/uploads\/usu1771\/2025\/10\/Radio-Mediterrania-5e-capitol-1-musica.mp3\"><\/audio><\/figure>\n\n\n\n<p><\/p>\n","protected":false},"excerpt":{"rendered":"<p>P\u00f2dcast 6 R\u00e0dio Mediterr\u00e0nia Cap\u00edtol 6, 29 de gener del 2026 (ACUDITS I ENDEVINALLES) P\u00f2dcast 5 R\u00e0dio Mediterr\u00e0nia Cap\u00edtol 5, [&hellip;]<\/p>\n","protected":false},"author":1,"featured_media":0,"parent":0,"menu_order":0,"comment_status":"closed","ping_status":"close","template":"","meta":{"_bbp_topic_count":0,"_bbp_reply_count":0,"_bbp_total_topic_count":0,"_bbp_total_reply_count":0,"_bbp_voice_count":0,"_bbp_anonymous_reply_count":0,"_bbp_topic_count_hidden":0,"_bbp_reply_count_hidden":0,"_bbp_forum_subforum_count":0,"site-sidebar-layout":"default","site-content-layout":"","ast-site-content-layout":"default","site-content-style":"default","site-sidebar-style":"default","ast-global-header-display":"","ast-banner-title-visibility":"","ast-main-header-display":"","ast-hfb-above-header-display":"","ast-hfb-below-header-display":"","ast-hfb-mobile-header-display":"","site-post-title":"","ast-breadcrumbs-content":"","ast-featured-img":"","footer-sml-layout":"","theme-transparent-header-meta":"","adv-header-id-meta":"","stick-header-meta":"","header-above-stick-meta":"","header-main-stick-meta":"","header-below-stick-meta":"","astra-migrate-meta-layouts":"set","ast-page-background-enabled":"default","ast-page-background-meta":{"desktop":{"background-color":"var(--ast-global-color-4)","background-image":"","background-repeat":"repeat","background-position":"center center","background-size":"auto","background-attachment":"scroll","background-type":"","background-media":"","overlay-type":"","overlay-color":"","overlay-opacity":"","overlay-gradient":""},"tablet":{"background-color":"","background-image":"","background-repeat":"repeat","background-position":"center center","background-size":"auto","background-attachment":"scroll","background-type":"","background-media":"","overlay-type":"","overlay-color":"","overlay-opacity":"","overlay-gradient":""},"mobile":{"background-color":"","background-image":"","background-repeat":"repeat","background-position":"center center","background-size":"auto","background-attachment":"scroll","background-type":"","background-media":"","overlay-type":"","overlay-color":"","overlay-opacity":"","overlay-gradient":""}},"ast-content-background-meta":{"desktop":{"background-color":"var(--ast-global-color-5)","background-image":"","background-repeat":"repeat","background-position":"center center","background-size":"auto","background-attachment":"scroll","background-type":"","background-media":"","overlay-type":"","overlay-color":"","overlay-opacity":"","overlay-gradient":""},"tablet":{"background-color":"var(--ast-global-color-5)","background-image":"","background-repeat":"repeat","background-position":"center center","background-size":"auto","background-attachment":"scroll","background-type":"","background-media":"","overlay-type":"","overlay-color":"","overlay-opacity":"","overlay-gradient":""},"mobile":{"background-color":"var(--ast-global-color-5)","background-image":"","background-repeat":"repeat","background-position":"center center","background-size":"auto","background-attachment":"scroll","background-type":"","background-media":"","overlay-type":"","overlay-color":"","overlay-opacity":"","overlay-gradient":""}},"footnotes":""},"class_list":["post-5616","page","type-page","status-publish","hentry"],"post_mailing_queue_ids":[],"_links":{"self":[{"href":"https:\/\/agora.xtec.cat\/ceipmediterrania\/wp-json\/wp\/v2\/pages\/5616","targetHints":{"allow":["GET"]}}],"collection":[{"href":"https:\/\/agora.xtec.cat\/ceipmediterrania\/wp-json\/wp\/v2\/pages"}],"about":[{"href":"https:\/\/agora.xtec.cat\/ceipmediterrania\/wp-json\/wp\/v2\/types\/page"}],"author":[{"embeddable":true,"href":"https:\/\/agora.xtec.cat\/ceipmediterrania\/wp-json\/wp\/v2\/users\/1"}],"replies":[{"embeddable":true,"href":"https:\/\/agora.xtec.cat\/ceipmediterrania\/wp-json\/wp\/v2\/comments?post=5616"}],"version-history":[{"count":6,"href":"https:\/\/agora.xtec.cat\/ceipmediterrania\/wp-json\/wp\/v2\/pages\/5616\/revisions"}],"predecessor-version":[{"id":6124,"href":"https:\/\/agora.xtec.cat\/ceipmediterrania\/wp-json\/wp\/v2\/pages\/5616\/revisions\/6124"}],"wp:attachment":[{"href":"https:\/\/agora.xtec.cat\/ceipmediterrania\/wp-json\/wp\/v2\/media?parent=5616"}],"curies":[{"name":"wp","href":"https:\/\/api.w.org\/{rel}","templated":true}]}}