{"id":4403,"date":"2024-11-26T13:52:16","date_gmt":"2024-11-26T12:52:16","guid":{"rendered":"https:\/\/agora.xtec.cat\/ceipmediterrania\/?page_id=4403"},"modified":"2025-10-30T13:21:46","modified_gmt":"2025-10-30T12:21:46","slug":"grups-classe-24-25-2-0","status":"publish","type":"page","link":"https:\/\/agora.xtec.cat\/ceipmediterrania\/grups-classe-24-25-2-0\/","title":{"rendered":"Grups classe 25-26"},"content":{"rendered":"\n<figure class=\"wp-block-image size-full\"><a href=\"https:\/\/agora.xtec.cat\/ceipmediterrania\/wp-content\/uploads\/usu1771\/2022\/09\/nom-classes-1.jpg\"><img loading=\"lazy\" decoding=\"async\" width=\"960\" height=\"206\" src=\"https:\/\/agora.xtec.cat\/ceipmediterrania\/wp-content\/uploads\/usu1771\/2022\/09\/nom-classes-1.jpg\" alt=\"\" class=\"wp-image-3081\" srcset=\"https:\/\/agora.xtec.cat\/ceipmediterrania\/wp-content\/uploads\/usu1771\/2022\/09\/nom-classes-1.jpg 960w, https:\/\/agora.xtec.cat\/ceipmediterrania\/wp-content\/uploads\/usu1771\/2022\/09\/nom-classes-1-300x64.jpg 300w, https:\/\/agora.xtec.cat\/ceipmediterrania\/wp-content\/uploads\/usu1771\/2022\/09\/nom-classes-1-768x165.jpg 768w\" sizes=\"auto, (max-width: 960px) 100vw, 960px\" \/><\/a><\/figure>\n\n\n\n<p class=\"has-text-align-center has-pale-ocean-gradient-background has-background has-medium-font-size\"><strong>Tem\u00e0tica dels noms de les classes: <\/strong>M\u00f3n Rural<\/p>\n\n\n\n<p><strong>Con\u00e8ixer el m\u00f3n rural per valorar el que tenim<\/strong><\/p>\n\n\n\n<p>Durant aquest curs 2025-26  tota l\u2019escola treballarem el m\u00f3n rural, ja que enguany se celebra <a href=\"https:\/\/www.fao.org\/newsroom\/detail\/fao-welcomes-the-celebration-of-the-international-year-of-the-woman-farmer-in-2026\/es\" data-type=\"link\" data-id=\"https:\/\/www.fao.org\/newsroom\/detail\/fao-welcomes-the-celebration-of-the-international-year-of-the-woman-farmer-in-2026\/es\">\u201cl\u2019any de la dona agricultora<\/a>&#8220;. Podeu ampliar la informaci\u00f3 en <a href=\"https:\/\/www.fao.org\/newsroom\/detail\/fao-welcomes-the-celebration-of-the-international-year-of-the-woman-farmer-in-2026\/es\" data-type=\"link\" data-id=\"https:\/\/www.fao.org\/newsroom\/detail\/fao-welcomes-the-celebration-of-the-international-year-of-the-woman-farmer-in-2026\/es\">l&#8217;enlla\u00e7<\/a>.<\/p>\n\n\n\n<p>Aquest tema ens ajuda a entendre d\u2019on venen els aliments i quina feina hi ha darrere de cada producte que consumim. Tamb\u00e9 ens permet valorar la natura, respectar el territori i aprendre la import\u00e0ncia de tenir cura del medi ambient. A m\u00e9s, ens acosta a les tradicions i ens mostra oportunitats de futur que uneixen coneixement, sostenibilitat i innovaci\u00f3.<\/p>\n\n\n\n<div class=\"wp-block-columns is-layout-flex wp-container-core-columns-is-layout-1 wp-block-columns-is-layout-flex\">\n<div class=\"wp-block-column is-layout-flow wp-block-column-is-layout-flow\">\n<p class=\"has-text-align-center has-pale-pink-background-color has-background\">ED.INFANTIL<\/p>\n\n\n\n<div class=\"wp-block-getwid-table\"><table><tbody><tr><td style=\"background-color:#f78da7;color:#000000;text-align:center\">I3 A<\/td><td style=\"text-align:center\">LA GRANJA<\/td><\/tr><tr><td style=\"background-color:#f78da7;color:#000000;text-align:center\">I4 A<\/td><td style=\"text-align:center\">FLORS<\/td><\/tr><tr><td style=\"background-color:#f78da7;color:#000000;text-align:center\">I4 B<\/td><td style=\"text-align:center\">ABELLES<\/td><\/tr><tr><td style=\"background-color:#f78da7;color:#000000;text-align:center\">I5 A<\/td><td style=\"text-align:center\">PESCADORS I PESCADORES<\/td><\/tr><tr><td style=\"background-color:#f78da7;color:#000000;text-align:center\">I5 B<\/td><td style=\"text-align:center\">PAPALLONES<\/td><\/tr><tr><td style=\"background-color:#fafafa;color:#000000;text-align:center\"><\/td><td style=\"text-align:center\"><\/td><\/tr><\/tbody><\/table><\/div>\n<\/div>\n\n\n\n<div class=\"wp-block-column is-layout-flow wp-block-column-is-layout-flow\">\n<p class=\"has-text-align-center has-light-green-cyan-background-color has-background\">CICLE INICIAL <\/p>\n\n\n\n<div class=\"wp-block-getwid-table\"><table><tbody><tr><td style=\"background-color:#7bdcb5;text-align:center\">1r A<\/td><td style=\"text-align:center\">AQ\u00dcICULTORS I AQ\u00dcICULTORES<\/td><\/tr><tr><td style=\"background-color:#7bdcb5;text-align:center\">1r B<\/td><td style=\"text-align:center\">APICULTORS I APICULTORES<\/td><\/tr><tr><td style=\"background-color:#7bdbb4;text-align:center\">2n A<\/td><td style=\"text-align:center\">MUSSOL DE CAMP<\/td><\/tr><tr><td style=\"background-color:#fdfdfd;text-align:center\"><\/td><td style=\"text-align:center\"><\/td><\/tr><tr><td><\/td><td><\/td><\/tr><tr><td><\/td><td><\/td><\/tr><\/tbody><\/table><\/div>\n<\/div>\n<\/div>\n\n\n\n<div class=\"wp-block-columns is-layout-flex wp-container-core-columns-is-layout-2 wp-block-columns-is-layout-flex\">\n<div class=\"wp-block-column is-layout-flow wp-block-column-is-layout-flow\">\n<p class=\"has-text-align-center has-pale-cyan-blue-background-color has-background\">CICLE MITJ\u00c0<\/p>\n\n\n\n<div class=\"wp-block-getwid-table\"><table><tbody><tr><td style=\"background-color:#8ed1fc;text-align:center\">3r A<\/td><td style=\"text-align:center\">LA MEL<\/td><\/tr><tr><td style=\"background-color:#8ed1fc;text-align:center\">3r B<\/td><td style=\"text-align:center\">GUINEUS<\/td><\/tr><tr><td style=\"background-color:#8ed1fc;text-align:center\">4t A<\/td><td style=\"text-align:center\">GOSSOS PASTORS<\/td><\/tr><tr><td style=\"background-color:#fdfdfd;text-align:center\"><\/td><td style=\"text-align:center\"><\/td><\/tr><tr><td style=\"background-color:#ffffff;color:#000000\"><\/td><td><\/td><\/tr><tr><td style=\"background-color:#ffffff;color:#000000\"><\/td><td><\/td><\/tr><\/tbody><\/table><\/div>\n<\/div>\n\n\n\n<div class=\"wp-block-column is-layout-flow wp-block-column-is-layout-flow\">\n<p class=\"has-text-align-center has-luminous-vivid-orange-background-color has-background\">CICLE SUPERIOR<\/p>\n\n\n\n<div class=\"wp-block-getwid-table\"><table><tbody><tr><td style=\"background-color:#ff6900;text-align:center\">5\u00e8 A<\/td><td style=\"text-align:center\">LA MASIA<\/td><\/tr><tr><td style=\"background-color:#ff6900;text-align:center\">5\u00e8 B<\/td><td style=\"text-align:center\">LA VINYA<\/td><\/tr><tr><td style=\"background-color:#ff6900;text-align:center\">6\u00e8 C<\/td><td style=\"text-align:center\">OBSERVADORS DEL CAMP<\/td><\/tr><tr><td style=\"background-color:#ff6900;text-align:center\">6\u00e8 A<\/td><td style=\"text-align:center\">GLUTEN FREE<\/td><\/tr><tr><td style=\"background-color:#ff6900;text-align:center\">6\u00e8 B<\/td><td style=\"text-align:center\">PROTECTORS DEL BOSC<\/td><\/tr><tr><td style=\"background-color:#ffffff;color:#000000\"><\/td><td><\/td><\/tr><\/tbody><\/table><\/div>\n<\/div>\n<\/div>\n\n\n\n<p class=\"has-text-align-center has-pale-ocean-gradient-background has-background has-medium-font-size\"><a href=\"https:\/\/photos.app.goo.gl\/FJrNbFba1bTvW8jNA\" target=\"_blank\" rel=\"noreferrer noopener\">ENLLA\u00c7 A LA GALERIA D&#8217;IMATGES 25-26<\/a><\/p>\n\n\n\n<div class=\"wp-block-getwid-images-slider has-arrows-outside has-dots-outside has-images-center has-cropped-images\"><div class=\"wp-block-getwid-images-slider__wrapper\" data-effect=\"slide\" data-slides-show=\"1\" data-slides-show-laptop=\"1\" data-slides-show-tablet=\"1\" data-slides-show-mobile=\"1\" data-slides-scroll=\"1\" data-autoplay=\"true\" data-pause-hover=\"true\" data-autoplay-speed=\"6000\" data-infinite=\"true\" data-animation-speed=\"800\" data-center-mode=\"false\" data-variable-width=\"false\" data-arrows=\"outside\" data-dots=\"outside\" data-spacing=\"none\"><div class=\"wp-block-getwid-images-slider__item\"><figure><img loading=\"lazy\" decoding=\"async\" width=\"480\" height=\"270\" src=\"https:\/\/agora.xtec.cat\/ceipmediterrania\/wp-content\/uploads\/usu1771\/2025\/10\/1I3-LA-GRANJA-1.png\" data-id=\"5747\" data-link=\"https:\/\/agora.xtec.cat\/ceipmediterrania\/grups-classe-24-25-2-0\/attachment\/1i3-la-granja-2\/\" data-original-link=\"https:\/\/agora.xtec.cat\/ceipmediterrania\/wp-content\/uploads\/usu1771\/2025\/10\/1I3-LA-GRANJA-1.png\" class=\"wp-block-getwid-images-slider__image wp-image-5747\" srcset=\"https:\/\/agora.xtec.cat\/ceipmediterrania\/wp-content\/uploads\/usu1771\/2025\/10\/1I3-LA-GRANJA-1.png 480w, https:\/\/agora.xtec.cat\/ceipmediterrania\/wp-content\/uploads\/usu1771\/2025\/10\/1I3-LA-GRANJA-1-300x169.png 300w\" sizes=\"auto, (max-width: 480px) 100vw, 480px\" \/><\/figure><\/div><div class=\"wp-block-getwid-images-slider__item\"><figure><img loading=\"lazy\" decoding=\"async\" width=\"480\" height=\"270\" src=\"https:\/\/agora.xtec.cat\/ceipmediterrania\/wp-content\/uploads\/usu1771\/2025\/10\/1R-B.png\" data-id=\"5732\" data-link=\"https:\/\/agora.xtec.cat\/ceipmediterrania\/grups-classe-24-25-2-0\/attachment\/1r-b\/\" data-original-link=\"https:\/\/agora.xtec.cat\/ceipmediterrania\/wp-content\/uploads\/usu1771\/2025\/10\/1R-B.png\" class=\"wp-block-getwid-images-slider__image wp-image-5732\" srcset=\"https:\/\/agora.xtec.cat\/ceipmediterrania\/wp-content\/uploads\/usu1771\/2025\/10\/1R-B.png 480w, https:\/\/agora.xtec.cat\/ceipmediterrania\/wp-content\/uploads\/usu1771\/2025\/10\/1R-B-300x169.png 300w\" sizes=\"auto, (max-width: 480px) 100vw, 480px\" \/><\/figure><\/div><div class=\"wp-block-getwid-images-slider__item\"><figure><img loading=\"lazy\" decoding=\"async\" width=\"480\" height=\"270\" src=\"https:\/\/agora.xtec.cat\/ceipmediterrania\/wp-content\/uploads\/usu1771\/2025\/10\/1RA.png\" data-id=\"5743\" data-link=\"https:\/\/agora.xtec.cat\/ceipmediterrania\/grups-classe-24-25-2-0\/attachment\/1ra\/\" data-original-link=\"https:\/\/agora.xtec.cat\/ceipmediterrania\/wp-content\/uploads\/usu1771\/2025\/10\/1RA.png\" class=\"wp-block-getwid-images-slider__image wp-image-5743\" srcset=\"https:\/\/agora.xtec.cat\/ceipmediterrania\/wp-content\/uploads\/usu1771\/2025\/10\/1RA.png 480w, https:\/\/agora.xtec.cat\/ceipmediterrania\/wp-content\/uploads\/usu1771\/2025\/10\/1RA-300x169.png 300w\" sizes=\"auto, (max-width: 480px) 100vw, 480px\" \/><\/figure><\/div><div class=\"wp-block-getwid-images-slider__item\"><figure><img loading=\"lazy\" decoding=\"async\" width=\"480\" height=\"270\" src=\"https:\/\/agora.xtec.cat\/ceipmediterrania\/wp-content\/uploads\/usu1771\/2025\/10\/2-I4-FLORS-1.png\" data-id=\"5742\" data-link=\"https:\/\/agora.xtec.cat\/ceipmediterrania\/grups-classe-24-25-2-0\/attachment\/2-i4-flors-2\/\" data-original-link=\"https:\/\/agora.xtec.cat\/ceipmediterrania\/wp-content\/uploads\/usu1771\/2025\/10\/2-I4-FLORS-1.png\" class=\"wp-block-getwid-images-slider__image wp-image-5742\" srcset=\"https:\/\/agora.xtec.cat\/ceipmediterrania\/wp-content\/uploads\/usu1771\/2025\/10\/2-I4-FLORS-1.png 480w, https:\/\/agora.xtec.cat\/ceipmediterrania\/wp-content\/uploads\/usu1771\/2025\/10\/2-I4-FLORS-1-300x169.png 300w\" sizes=\"auto, (max-width: 480px) 100vw, 480px\" \/><\/figure><\/div><div class=\"wp-block-getwid-images-slider__item\"><figure><img loading=\"lazy\" decoding=\"async\" width=\"480\" height=\"270\" src=\"https:\/\/agora.xtec.cat\/ceipmediterrania\/wp-content\/uploads\/usu1771\/2025\/10\/3-I4-B-ABELLES-1.png\" data-id=\"5740\" data-link=\"https:\/\/agora.xtec.cat\/ceipmediterrania\/grups-classe-24-25-2-0\/attachment\/3-i4-b-abelles-2\/\" data-original-link=\"https:\/\/agora.xtec.cat\/ceipmediterrania\/wp-content\/uploads\/usu1771\/2025\/10\/3-I4-B-ABELLES-1.png\" class=\"wp-block-getwid-images-slider__image wp-image-5740\" srcset=\"https:\/\/agora.xtec.cat\/ceipmediterrania\/wp-content\/uploads\/usu1771\/2025\/10\/3-I4-B-ABELLES-1.png 480w, https:\/\/agora.xtec.cat\/ceipmediterrania\/wp-content\/uploads\/usu1771\/2025\/10\/3-I4-B-ABELLES-1-300x169.png 300w\" sizes=\"auto, (max-width: 480px) 100vw, 480px\" \/><\/figure><\/div><div class=\"wp-block-getwid-images-slider__item\"><figure><img loading=\"lazy\" decoding=\"async\" width=\"480\" height=\"270\" src=\"https:\/\/agora.xtec.cat\/ceipmediterrania\/wp-content\/uploads\/usu1771\/2025\/10\/4-I5-A-PESCADORSES-1.png\" data-id=\"5741\" data-link=\"https:\/\/agora.xtec.cat\/ceipmediterrania\/grups-classe-24-25-2-0\/attachment\/4-i5-a-pescadorses-2\/\" data-original-link=\"https:\/\/agora.xtec.cat\/ceipmediterrania\/wp-content\/uploads\/usu1771\/2025\/10\/4-I5-A-PESCADORSES-1.png\" class=\"wp-block-getwid-images-slider__image wp-image-5741\" srcset=\"https:\/\/agora.xtec.cat\/ceipmediterrania\/wp-content\/uploads\/usu1771\/2025\/10\/4-I5-A-PESCADORSES-1.png 480w, https:\/\/agora.xtec.cat\/ceipmediterrania\/wp-content\/uploads\/usu1771\/2025\/10\/4-I5-A-PESCADORSES-1-300x169.png 300w\" sizes=\"auto, (max-width: 480px) 100vw, 480px\" \/><\/figure><\/div><div class=\"wp-block-getwid-images-slider__item\"><figure><img loading=\"lazy\" decoding=\"async\" width=\"480\" height=\"270\" src=\"https:\/\/agora.xtec.cat\/ceipmediterrania\/wp-content\/uploads\/usu1771\/2025\/10\/4T-GOSSOS-PASTORS-1.png\" data-id=\"5733\" data-link=\"https:\/\/agora.xtec.cat\/ceipmediterrania\/grups-classe-24-25-2-0\/attachment\/4t-gossos-pastors-2\/\" data-original-link=\"https:\/\/agora.xtec.cat\/ceipmediterrania\/wp-content\/uploads\/usu1771\/2025\/10\/4T-GOSSOS-PASTORS-1.png\" class=\"wp-block-getwid-images-slider__image wp-image-5733\" srcset=\"https:\/\/agora.xtec.cat\/ceipmediterrania\/wp-content\/uploads\/usu1771\/2025\/10\/4T-GOSSOS-PASTORS-1.png 480w, https:\/\/agora.xtec.cat\/ceipmediterrania\/wp-content\/uploads\/usu1771\/2025\/10\/4T-GOSSOS-PASTORS-1-300x169.png 300w\" sizes=\"auto, (max-width: 480px) 100vw, 480px\" \/><\/figure><\/div><div class=\"wp-block-getwid-images-slider__item\"><figure><img loading=\"lazy\" decoding=\"async\" width=\"480\" height=\"270\" src=\"https:\/\/agora.xtec.cat\/ceipmediterrania\/wp-content\/uploads\/usu1771\/2025\/10\/5-I5-B-PAPALLONES-1.png\" data-id=\"5735\" data-link=\"https:\/\/agora.xtec.cat\/ceipmediterrania\/grups-classe-24-25-2-0\/attachment\/5-i5-b-papallones-2\/\" data-original-link=\"https:\/\/agora.xtec.cat\/ceipmediterrania\/wp-content\/uploads\/usu1771\/2025\/10\/5-I5-B-PAPALLONES-1.png\" class=\"wp-block-getwid-images-slider__image wp-image-5735\" srcset=\"https:\/\/agora.xtec.cat\/ceipmediterrania\/wp-content\/uploads\/usu1771\/2025\/10\/5-I5-B-PAPALLONES-1.png 480w, https:\/\/agora.xtec.cat\/ceipmediterrania\/wp-content\/uploads\/usu1771\/2025\/10\/5-I5-B-PAPALLONES-1-300x169.png 300w\" sizes=\"auto, (max-width: 480px) 100vw, 480px\" \/><\/figure><\/div><div class=\"wp-block-getwid-images-slider__item\"><figure><img loading=\"lazy\" decoding=\"async\" width=\"480\" height=\"270\" src=\"https:\/\/agora.xtec.cat\/ceipmediterrania\/wp-content\/uploads\/usu1771\/2025\/10\/6E-A-OBSERVADORS-DEL-CAMP-1.png\" data-id=\"5739\" data-link=\"https:\/\/agora.xtec.cat\/ceipmediterrania\/grups-classe-24-25-2-0\/attachment\/6e-a-observadors-del-camp-2\/\" data-original-link=\"https:\/\/agora.xtec.cat\/ceipmediterrania\/wp-content\/uploads\/usu1771\/2025\/10\/6E-A-OBSERVADORS-DEL-CAMP-1.png\" class=\"wp-block-getwid-images-slider__image wp-image-5739\" srcset=\"https:\/\/agora.xtec.cat\/ceipmediterrania\/wp-content\/uploads\/usu1771\/2025\/10\/6E-A-OBSERVADORS-DEL-CAMP-1.png 480w, https:\/\/agora.xtec.cat\/ceipmediterrania\/wp-content\/uploads\/usu1771\/2025\/10\/6E-A-OBSERVADORS-DEL-CAMP-1-300x169.png 300w\" sizes=\"auto, (max-width: 480px) 100vw, 480px\" \/><\/figure><\/div><div class=\"wp-block-getwid-images-slider__item\"><figure><img loading=\"lazy\" decoding=\"async\" width=\"480\" height=\"270\" src=\"https:\/\/agora.xtec.cat\/ceipmediterrania\/wp-content\/uploads\/usu1771\/2025\/10\/8-2N-MUSSOL-DE-CAMP-1.png\" data-id=\"5746\" data-link=\"https:\/\/agora.xtec.cat\/ceipmediterrania\/grups-classe-24-25-2-0\/attachment\/8-2n-mussol-de-camp-2\/\" data-original-link=\"https:\/\/agora.xtec.cat\/ceipmediterrania\/wp-content\/uploads\/usu1771\/2025\/10\/8-2N-MUSSOL-DE-CAMP-1.png\" class=\"wp-block-getwid-images-slider__image wp-image-5746\" srcset=\"https:\/\/agora.xtec.cat\/ceipmediterrania\/wp-content\/uploads\/usu1771\/2025\/10\/8-2N-MUSSOL-DE-CAMP-1.png 480w, https:\/\/agora.xtec.cat\/ceipmediterrania\/wp-content\/uploads\/usu1771\/2025\/10\/8-2N-MUSSOL-DE-CAMP-1-300x169.png 300w\" sizes=\"auto, (max-width: 480px) 100vw, 480px\" \/><\/figure><\/div><div class=\"wp-block-getwid-images-slider__item\"><figure><img loading=\"lazy\" decoding=\"async\" width=\"480\" height=\"270\" src=\"https:\/\/agora.xtec.cat\/ceipmediterrania\/wp-content\/uploads\/usu1771\/2025\/10\/9-3R-A-LA-MEL-1.png\" data-id=\"5744\" data-link=\"https:\/\/agora.xtec.cat\/ceipmediterrania\/grups-classe-24-25-2-0\/attachment\/9-3r-a-la-mel-2\/\" data-original-link=\"https:\/\/agora.xtec.cat\/ceipmediterrania\/wp-content\/uploads\/usu1771\/2025\/10\/9-3R-A-LA-MEL-1.png\" class=\"wp-block-getwid-images-slider__image wp-image-5744\" srcset=\"https:\/\/agora.xtec.cat\/ceipmediterrania\/wp-content\/uploads\/usu1771\/2025\/10\/9-3R-A-LA-MEL-1.png 480w, https:\/\/agora.xtec.cat\/ceipmediterrania\/wp-content\/uploads\/usu1771\/2025\/10\/9-3R-A-LA-MEL-1-300x169.png 300w\" sizes=\"auto, (max-width: 480px) 100vw, 480px\" \/><\/figure><\/div><div class=\"wp-block-getwid-images-slider__item\"><figure><img loading=\"lazy\" decoding=\"async\" width=\"480\" height=\"270\" src=\"https:\/\/agora.xtec.cat\/ceipmediterrania\/wp-content\/uploads\/usu1771\/2025\/10\/10-3R-B-GUINEUS-1.png\" data-id=\"5745\" data-link=\"https:\/\/agora.xtec.cat\/ceipmediterrania\/grups-classe-24-25-2-0\/attachment\/10-3r-b-guineus-2\/\" data-original-link=\"https:\/\/agora.xtec.cat\/ceipmediterrania\/wp-content\/uploads\/usu1771\/2025\/10\/10-3R-B-GUINEUS-1.png\" class=\"wp-block-getwid-images-slider__image wp-image-5745\" srcset=\"https:\/\/agora.xtec.cat\/ceipmediterrania\/wp-content\/uploads\/usu1771\/2025\/10\/10-3R-B-GUINEUS-1.png 480w, https:\/\/agora.xtec.cat\/ceipmediterrania\/wp-content\/uploads\/usu1771\/2025\/10\/10-3R-B-GUINEUS-1-300x169.png 300w\" sizes=\"auto, (max-width: 480px) 100vw, 480px\" \/><\/figure><\/div><div class=\"wp-block-getwid-images-slider__item\"><figure><img loading=\"lazy\" decoding=\"async\" width=\"480\" height=\"270\" src=\"https:\/\/agora.xtec.cat\/ceipmediterrania\/wp-content\/uploads\/usu1771\/2025\/10\/11-5E-A-LA-MASIA-1.png\" data-id=\"5737\" data-link=\"https:\/\/agora.xtec.cat\/ceipmediterrania\/grups-classe-24-25-2-0\/attachment\/11-5e-a-la-masia-2\/\" data-original-link=\"https:\/\/agora.xtec.cat\/ceipmediterrania\/wp-content\/uploads\/usu1771\/2025\/10\/11-5E-A-LA-MASIA-1.png\" class=\"wp-block-getwid-images-slider__image wp-image-5737\" srcset=\"https:\/\/agora.xtec.cat\/ceipmediterrania\/wp-content\/uploads\/usu1771\/2025\/10\/11-5E-A-LA-MASIA-1.png 480w, https:\/\/agora.xtec.cat\/ceipmediterrania\/wp-content\/uploads\/usu1771\/2025\/10\/11-5E-A-LA-MASIA-1-300x169.png 300w\" sizes=\"auto, (max-width: 480px) 100vw, 480px\" \/><\/figure><\/div><div class=\"wp-block-getwid-images-slider__item\"><figure><img loading=\"lazy\" decoding=\"async\" width=\"480\" height=\"270\" src=\"https:\/\/agora.xtec.cat\/ceipmediterrania\/wp-content\/uploads\/usu1771\/2025\/10\/12-5E-B-LA-VINYA-1.png\" data-id=\"5738\" data-link=\"https:\/\/agora.xtec.cat\/ceipmediterrania\/grups-classe-24-25-2-0\/attachment\/12-5e-b-la-vinya-2\/\" data-original-link=\"https:\/\/agora.xtec.cat\/ceipmediterrania\/wp-content\/uploads\/usu1771\/2025\/10\/12-5E-B-LA-VINYA-1.png\" class=\"wp-block-getwid-images-slider__image wp-image-5738\" srcset=\"https:\/\/agora.xtec.cat\/ceipmediterrania\/wp-content\/uploads\/usu1771\/2025\/10\/12-5E-B-LA-VINYA-1.png 480w, https:\/\/agora.xtec.cat\/ceipmediterrania\/wp-content\/uploads\/usu1771\/2025\/10\/12-5E-B-LA-VINYA-1-300x169.png 300w\" sizes=\"auto, (max-width: 480px) 100vw, 480px\" \/><\/figure><\/div><div class=\"wp-block-getwid-images-slider__item\"><figure><img loading=\"lazy\" decoding=\"async\" width=\"480\" height=\"270\" src=\"https:\/\/agora.xtec.cat\/ceipmediterrania\/wp-content\/uploads\/usu1771\/2025\/10\/14-6E-B-GLUTEN-FREE-1.png\" data-id=\"5734\" data-link=\"https:\/\/agora.xtec.cat\/ceipmediterrania\/grups-classe-24-25-2-0\/attachment\/14-6e-b-gluten-free-2\/\" data-original-link=\"https:\/\/agora.xtec.cat\/ceipmediterrania\/wp-content\/uploads\/usu1771\/2025\/10\/14-6E-B-GLUTEN-FREE-1.png\" class=\"wp-block-getwid-images-slider__image wp-image-5734\" srcset=\"https:\/\/agora.xtec.cat\/ceipmediterrania\/wp-content\/uploads\/usu1771\/2025\/10\/14-6E-B-GLUTEN-FREE-1.png 480w, https:\/\/agora.xtec.cat\/ceipmediterrania\/wp-content\/uploads\/usu1771\/2025\/10\/14-6E-B-GLUTEN-FREE-1-300x169.png 300w\" sizes=\"auto, (max-width: 480px) 100vw, 480px\" \/><\/figure><\/div><div class=\"wp-block-getwid-images-slider__item\"><figure><img loading=\"lazy\" decoding=\"async\" width=\"480\" height=\"270\" src=\"https:\/\/agora.xtec.cat\/ceipmediterrania\/wp-content\/uploads\/usu1771\/2025\/10\/15-6E-C-PROTECTORS-DEL-BOSC-1.png\" data-id=\"5736\" data-link=\"https:\/\/agora.xtec.cat\/ceipmediterrania\/grups-classe-24-25-2-0\/attachment\/15-6e-c-protectors-del-bosc-2\/\" data-original-link=\"https:\/\/agora.xtec.cat\/ceipmediterrania\/wp-content\/uploads\/usu1771\/2025\/10\/15-6E-C-PROTECTORS-DEL-BOSC-1.png\" class=\"wp-block-getwid-images-slider__image wp-image-5736\" srcset=\"https:\/\/agora.xtec.cat\/ceipmediterrania\/wp-content\/uploads\/usu1771\/2025\/10\/15-6E-C-PROTECTORS-DEL-BOSC-1.png 480w, https:\/\/agora.xtec.cat\/ceipmediterrania\/wp-content\/uploads\/usu1771\/2025\/10\/15-6E-C-PROTECTORS-DEL-BOSC-1-300x169.png 300w\" sizes=\"auto, (max-width: 480px) 100vw, 480px\" \/><\/figure><\/div><\/div><\/div>\n\n\n\n<p class=\"has-text-align-center has-pale-ocean-gradient-background has-background has-medium-font-size\"><strong>ENLLA\u00c7 A LES FOTOS DE GRUP D&#8217;ALTRES ANYS<\/strong><\/p>\n\n\n\n<div class=\"wp-block-getwid-button-group\"><div class=\"wp-block-getwid-button-group__wrapper has-alignment-center\">\n<div class=\"wp-block-button\"><a class=\"wp-block-button__link has-luminous-vivid-amber-background-color has-background has-text-align-center wp-element-button\" href=\"https:\/\/photos.app.goo.gl\/6YRAetpSfYxMDUeh8\">2024-25<\/a><\/div>\n\n\n\n<div class=\"wp-block-button\"><a class=\"wp-block-button__link has-light-green-cyan-background-color has-background has-text-align-center wp-element-button\" href=\"https:\/\/photos.app.goo.gl\/dWPFQyv1zCmLCXFW6\">2023-24<\/a><\/div>\n\n\n\n<div class=\"wp-block-button\"><a class=\"wp-block-button__link has-pale-cyan-blue-background-color has-background has-text-align-center wp-element-button\" href=\"https:\/\/photos.app.goo.gl\/B31JJLkF6yihzmkC8\">2022-23<\/a><\/div>\n\n\n\n<div class=\"wp-block-button\"><a class=\"wp-block-button__link has-pale-pink-background-color has-background has-text-align-center wp-element-button\" href=\"https:\/\/photos.google.com\/share\/AF1QipNwcNnUpIdz_CbR6kNMUU4IxTJZqzjsrFH8sOWPWssZ9n_LPqVb6d31HuG_KxC7qQ?key=SUFCblpzWHg3ZlBxQ2l2S1RiY3lVcF9lNFdJUjRR\">2021-22<\/a><\/div>\n\n\n\n<div class=\"wp-block-button\"><a class=\"wp-block-button__link has-luminous-vivid-orange-background-color has-background has-text-align-center wp-element-button\" href=\"https:\/\/photos.app.goo.gl\/i52jjf4qDoFRenUd6\">2019-2020<\/a><\/div>\n<\/div><\/div>\n\n\n\n<p><\/p>\n","protected":false},"excerpt":{"rendered":"<p>Tem\u00e0tica dels noms de les classes: M\u00f3n Rural Con\u00e8ixer el m\u00f3n rural per valorar el que tenim Durant aquest curs [&hellip;]<\/p>\n","protected":false},"author":1,"featured_media":0,"parent":0,"menu_order":0,"comment_status":"closed","ping_status":"close","template":"","meta":{"_bbp_topic_count":0,"_bbp_reply_count":0,"_bbp_total_topic_count":0,"_bbp_total_reply_count":0,"_bbp_voice_count":0,"_bbp_anonymous_reply_count":0,"_bbp_topic_count_hidden":0,"_bbp_reply_count_hidden":0,"_bbp_forum_subforum_count":0,"site-sidebar-layout":"default","site-content-layout":"","ast-site-content-layout":"default","site-content-style":"default","site-sidebar-style":"default","ast-global-header-display":"","ast-banner-title-visibility":"","ast-main-header-display":"","ast-hfb-above-header-display":"","ast-hfb-below-header-display":"","ast-hfb-mobile-header-display":"","site-post-title":"","ast-breadcrumbs-content":"","ast-featured-img":"","footer-sml-layout":"","theme-transparent-header-meta":"","adv-header-id-meta":"","stick-header-meta":"","header-above-stick-meta":"","header-main-stick-meta":"","header-below-stick-meta":"","astra-migrate-meta-layouts":"set","ast-page-background-enabled":"default","ast-page-background-meta":{"desktop":{"background-color":"var(--ast-global-color-4)","background-image":"","background-repeat":"repeat","background-position":"center center","background-size":"auto","background-attachment":"scroll","background-type":"","background-media":"","overlay-type":"","overlay-color":"","overlay-opacity":"","overlay-gradient":""},"tablet":{"background-color":"","background-image":"","background-repeat":"repeat","background-position":"center center","background-size":"auto","background-attachment":"scroll","background-type":"","background-media":"","overlay-type":"","overlay-color":"","overlay-opacity":"","overlay-gradient":""},"mobile":{"background-color":"","background-image":"","background-repeat":"repeat","background-position":"center center","background-size":"auto","background-attachment":"scroll","background-type":"","background-media":"","overlay-type":"","overlay-color":"","overlay-opacity":"","overlay-gradient":""}},"ast-content-background-meta":{"desktop":{"background-color":"var(--ast-global-color-5)","background-image":"","background-repeat":"repeat","background-position":"center center","background-size":"auto","background-attachment":"scroll","background-type":"","background-media":"","overlay-type":"","overlay-color":"","overlay-opacity":"","overlay-gradient":""},"tablet":{"background-color":"var(--ast-global-color-5)","background-image":"","background-repeat":"repeat","background-position":"center center","background-size":"auto","background-attachment":"scroll","background-type":"","background-media":"","overlay-type":"","overlay-color":"","overlay-opacity":"","overlay-gradient":""},"mobile":{"background-color":"var(--ast-global-color-5)","background-image":"","background-repeat":"repeat","background-position":"center center","background-size":"auto","background-attachment":"scroll","background-type":"","background-media":"","overlay-type":"","overlay-color":"","overlay-opacity":"","overlay-gradient":""}},"footnotes":""},"class_list":["post-4403","page","type-page","status-publish","hentry"],"post_mailing_queue_ids":[],"_links":{"self":[{"href":"https:\/\/agora.xtec.cat\/ceipmediterrania\/wp-json\/wp\/v2\/pages\/4403","targetHints":{"allow":["GET"]}}],"collection":[{"href":"https:\/\/agora.xtec.cat\/ceipmediterrania\/wp-json\/wp\/v2\/pages"}],"about":[{"href":"https:\/\/agora.xtec.cat\/ceipmediterrania\/wp-json\/wp\/v2\/types\/page"}],"author":[{"embeddable":true,"href":"https:\/\/agora.xtec.cat\/ceipmediterrania\/wp-json\/wp\/v2\/users\/1"}],"replies":[{"embeddable":true,"href":"https:\/\/agora.xtec.cat\/ceipmediterrania\/wp-json\/wp\/v2\/comments?post=4403"}],"version-history":[{"count":6,"href":"https:\/\/agora.xtec.cat\/ceipmediterrania\/wp-json\/wp\/v2\/pages\/4403\/revisions"}],"predecessor-version":[{"id":5748,"href":"https:\/\/agora.xtec.cat\/ceipmediterrania\/wp-json\/wp\/v2\/pages\/4403\/revisions\/5748"}],"wp:attachment":[{"href":"https:\/\/agora.xtec.cat\/ceipmediterrania\/wp-json\/wp\/v2\/media?parent=4403"}],"curies":[{"name":"wp","href":"https:\/\/api.w.org\/{rel}","templated":true}]}}