{"id":3661,"date":"2024-01-19T15:59:41","date_gmt":"2024-01-19T14:59:41","guid":{"rendered":"https:\/\/agora.xtec.cat\/ceipmediterrania\/?page_id=3661"},"modified":"2024-02-01T15:22:09","modified_gmt":"2024-02-01T14:22:09","slug":"afa-acollida","status":"publish","type":"page","link":"https:\/\/agora.xtec.cat\/ceipmediterrania\/ampa\/afa\/afa-serveis\/afa-acollida\/","title":{"rendered":"Acollida matinal"},"content":{"rendered":"<p><span style=\"font-weight: 400;\"><a href=\"https:\/\/agora.xtec.cat\/ceipmediterrania\/wp-content\/uploads\/usu1771\/2024\/02\/Presentacio1-1-rotated.jpg\"><img loading=\"lazy\" decoding=\"async\" class=\"size-large wp-image-3737 alignleft\" src=\"https:\/\/agora.xtec.cat\/ceipmediterrania\/wp-content\/uploads\/usu1771\/2024\/02\/Presentacio1-1-405x1024.jpg\" alt=\"\" width=\"405\" height=\"1024\" srcset=\"https:\/\/agora.xtec.cat\/ceipmediterrania\/wp-content\/uploads\/usu1771\/2024\/02\/Presentacio1-1-405x1024.jpg 405w, https:\/\/agora.xtec.cat\/ceipmediterrania\/wp-content\/uploads\/usu1771\/2024\/02\/Presentacio1-1-119x300.jpg 119w, https:\/\/agora.xtec.cat\/ceipmediterrania\/wp-content\/uploads\/usu1771\/2024\/02\/Presentacio1-1-rotated.jpg 502w\" sizes=\"auto, (max-width: 405px) 100vw, 405px\" \/><\/a>Des de l\u2019AFA es posa a disposici\u00f3 de les fam\u00edlies de l&#8217;escola un servei d\u2019acollida per a totes les fam\u00edlies que necessitin conciliar l\u2019horari escolar amb el laboral, de 8h a 9h.<\/span><\/p>\n<p><span style=\"font-weight: 400;\">Aquest servei est\u00e0 gestionat per <\/span><a href=\"https:\/\/www.caserco.com\/es\/inicio-2\/\"><b>Caserco<\/b><\/a> <span style=\"font-weight: 400;\">i la seva responsable i monitora \u00e9s l\u2019Hermi.<\/span><\/p>\n<p><span style=\"font-weight: 400;\">Hi ha dues modalitats:<\/span><\/p>\n<ul>\n<li style=\"font-weight: 400;\" aria-level=\"1\"><span style=\"font-weight: 400;\">\u00das fix: es considera fix amb un m\u00ednim de tres dies a la setmana i sempre els mateixos, el preu \u00e9s de 2.50\u20ac per dia.<\/span><\/li>\n<li style=\"font-weight: 400;\" aria-level=\"1\"><span style=\"font-weight: 400;\">\u00das espor\u00e0dic: es considera espor\u00e0dic quan el servei s\u2019utilitza dies puntuals, el seu preu \u00e9s de 3.50\u20ac.<\/span><\/li>\n<\/ul>\n<p><span style=\"font-weight: 400;\">El pagament es realitza per domiciliaci\u00f3 banc\u00e0ria a mes ven\u00e7ut.<\/span><\/p>\n<p><span style=\"font-weight: 400;\">S\u2019ha d\u2019omplir el <\/span><a href=\"https:\/\/drive.google.com\/file\/d\/1-iU6AMIH-Ml7zEaf_-VbmoGydEZaEfMd\/view?usp=drive_link\"><span style=\"font-weight: 400;\">full d\u2019inscripci\u00f3<\/span><\/a><span style=\"font-weight: 400;\"> i enviar-ho a la responsable de Caserco \u2013 Marta a <\/span><a href=\"mailto:menjadormediterrania2@gmail.com\"><b>menjadormediterrania2@gmail.com<\/b><\/a><span style=\"font-weight: 400;\"> o\u00a0 per WhatsApp al 683.16.22.52.<\/span><\/p>\n<p><span style=\"font-weight: 400;\">M\u00e9s informaci\u00f3 a: <\/span><a href=\"mailto:menjadorafa@escolamediterraniaroquetes.cat\"><b>menjadorafa@escolamediterraniaroquetes.cat<\/b><\/a><b>\u00a0<\/b><\/p>\n<p>&nbsp;<\/p>\n","protected":false},"excerpt":{"rendered":"<p>Des de l\u2019AFA es posa a disposici\u00f3 de les fam\u00edlies de l&#8217;escola un servei d\u2019acollida per a totes les fam\u00edlies [&hellip;]<\/p>\n","protected":false},"author":1,"featured_media":0,"parent":3396,"menu_order":0,"comment_status":"closed","ping_status":"closed","template":"","meta":{"_bbp_topic_count":0,"_bbp_reply_count":0,"_bbp_total_topic_count":0,"_bbp_total_reply_count":0,"_bbp_voice_count":0,"_bbp_anonymous_reply_count":0,"_bbp_topic_count_hidden":0,"_bbp_reply_count_hidden":0,"_bbp_forum_subforum_count":0,"site-sidebar-layout":"default","site-content-layout":"","ast-site-content-layout":"","site-content-style":"default","site-sidebar-style":"default","ast-global-header-display":"","ast-banner-title-visibility":"","ast-main-header-display":"","ast-hfb-above-header-display":"","ast-hfb-below-header-display":"","ast-hfb-mobile-header-display":"","site-post-title":"","ast-breadcrumbs-content":"","ast-featured-img":"","footer-sml-layout":"","theme-transparent-header-meta":"","adv-header-id-meta":"","stick-header-meta":"","header-above-stick-meta":"","header-main-stick-meta":"","header-below-stick-meta":"","astra-migrate-meta-layouts":"default","ast-page-background-enabled":"default","ast-page-background-meta":{"desktop":{"background-color":"var(--ast-global-color-4)","background-image":"","background-repeat":"repeat","background-position":"center center","background-size":"auto","background-attachment":"scroll","background-type":"","background-media":"","overlay-type":"","overlay-color":"","overlay-opacity":"","overlay-gradient":""},"tablet":{"background-color":"","background-image":"","background-repeat":"repeat","background-position":"center center","background-size":"auto","background-attachment":"scroll","background-type":"","background-media":"","overlay-type":"","overlay-color":"","overlay-opacity":"","overlay-gradient":""},"mobile":{"background-color":"","background-image":"","background-repeat":"repeat","background-position":"center center","background-size":"auto","background-attachment":"scroll","background-type":"","background-media":"","overlay-type":"","overlay-color":"","overlay-opacity":"","overlay-gradient":""}},"ast-content-background-meta":{"desktop":{"background-color":"var(--ast-global-color-5)","background-image":"","background-repeat":"repeat","background-position":"center center","background-size":"auto","background-attachment":"scroll","background-type":"","background-media":"","overlay-type":"","overlay-color":"","overlay-opacity":"","overlay-gradient":""},"tablet":{"background-color":"var(--ast-global-color-5)","background-image":"","background-repeat":"repeat","background-position":"center center","background-size":"auto","background-attachment":"scroll","background-type":"","background-media":"","overlay-type":"","overlay-color":"","overlay-opacity":"","overlay-gradient":""},"mobile":{"background-color":"var(--ast-global-color-5)","background-image":"","background-repeat":"repeat","background-position":"center center","background-size":"auto","background-attachment":"scroll","background-type":"","background-media":"","overlay-type":"","overlay-color":"","overlay-opacity":"","overlay-gradient":""}},"footnotes":""},"class_list":["post-3661","page","type-page","status-publish","hentry"],"post_mailing_queue_ids":[],"_links":{"self":[{"href":"https:\/\/agora.xtec.cat\/ceipmediterrania\/wp-json\/wp\/v2\/pages\/3661","targetHints":{"allow":["GET"]}}],"collection":[{"href":"https:\/\/agora.xtec.cat\/ceipmediterrania\/wp-json\/wp\/v2\/pages"}],"about":[{"href":"https:\/\/agora.xtec.cat\/ceipmediterrania\/wp-json\/wp\/v2\/types\/page"}],"author":[{"embeddable":true,"href":"https:\/\/agora.xtec.cat\/ceipmediterrania\/wp-json\/wp\/v2\/users\/1"}],"replies":[{"embeddable":true,"href":"https:\/\/agora.xtec.cat\/ceipmediterrania\/wp-json\/wp\/v2\/comments?post=3661"}],"version-history":[{"count":6,"href":"https:\/\/agora.xtec.cat\/ceipmediterrania\/wp-json\/wp\/v2\/pages\/3661\/revisions"}],"predecessor-version":[{"id":3738,"href":"https:\/\/agora.xtec.cat\/ceipmediterrania\/wp-json\/wp\/v2\/pages\/3661\/revisions\/3738"}],"up":[{"embeddable":true,"href":"https:\/\/agora.xtec.cat\/ceipmediterrania\/wp-json\/wp\/v2\/pages\/3396"}],"wp:attachment":[{"href":"https:\/\/agora.xtec.cat\/ceipmediterrania\/wp-json\/wp\/v2\/media?parent=3661"}],"curies":[{"name":"wp","href":"https:\/\/api.w.org\/{rel}","templated":true}]}}