{"id":3385,"date":"2023-11-27T21:45:43","date_gmt":"2023-11-27T20:45:43","guid":{"rendered":"https:\/\/agora.xtec.cat\/ceipmediterrania\/?page_id=3385"},"modified":"2024-02-01T16:14:32","modified_gmt":"2024-02-01T15:14:32","slug":"afa","status":"publish","type":"page","link":"https:\/\/agora.xtec.cat\/ceipmediterrania\/ampa\/afa\/","title":{"rendered":"AFA"},"content":{"rendered":"<p><a href=\"https:\/\/agora.xtec.cat\/ceipmediterrania\/wp-content\/uploads\/usu1771\/2023\/11\/Logo-AFA-transparente.png\"><img loading=\"lazy\" decoding=\"async\" class=\"aligncenter wp-image-3344\" src=\"https:\/\/agora.xtec.cat\/ceipmediterrania\/wp-content\/uploads\/usu1771\/2023\/11\/Logo-AFA-transparente-1024x297.png\" alt=\"\" width=\"446\" height=\"129\" srcset=\"https:\/\/agora.xtec.cat\/ceipmediterrania\/wp-content\/uploads\/usu1771\/2023\/11\/Logo-AFA-transparente-1024x297.png 1024w, https:\/\/agora.xtec.cat\/ceipmediterrania\/wp-content\/uploads\/usu1771\/2023\/11\/Logo-AFA-transparente-300x87.png 300w, https:\/\/agora.xtec.cat\/ceipmediterrania\/wp-content\/uploads\/usu1771\/2023\/11\/Logo-AFA-transparente-768x223.png 768w, https:\/\/agora.xtec.cat\/ceipmediterrania\/wp-content\/uploads\/usu1771\/2023\/11\/Logo-AFA-transparente.png 1181w\" sizes=\"auto, (max-width: 446px) 100vw, 446px\" \/><\/a><\/p>\n<table style=\"border-collapse: collapse; width: 100%; height: 100px;\">\n<tbody>\n<tr style=\"height: 32px;\">\n<td style=\"width: 33.3333%; background-color: #f2c2d5; text-align: center; height: 32px;\"><a href=\"https:\/\/agora.xtec.cat\/ceipmediterrania\/ampa\/\"><b>QUI SOM<\/b><\/a><\/td>\n<td style=\"width: 33.3333%; background-color: #f2d1ae; text-align: center; height: 32px;\"><a href=\"https:\/\/agora.xtec.cat\/ceipmediterrania\/ampa\/afa\/afa-serveis\/\"><strong>SERVEIS<\/strong><\/a><\/td>\n<td style=\"width: 33.3333%; height: 32px; background-color: #d5edc5; text-align: center;\"><a href=\"https:\/\/agora.xtec.cat\/ceipmediterrania\/afa-fes-te-soci\/\"><strong>COMISSIONS <\/strong><\/a><\/td>\n<\/tr>\n<tr style=\"height: 32px;\">\n<td style=\"width: 33.3333%; height: 32px; background-color: #bde2f2; text-align: center;\"><a href=\"https:\/\/agora.xtec.cat\/ceipmediterrania\/ampa\/afa\/noticies-afa\/\">NOT\u00cdCIES AFA<\/a><\/td>\n<td style=\"width: 33.3333%; height: 32px; background-color: #f1f590; text-align: center;\"><a href=\"https:\/\/agora.xtec.cat\/ceipmediterrania\/serveis\/acollida\/\"><b>DOCUMENTACI\u00d3<\/b><\/a><\/td>\n<td style=\"width: 33.3333%; height: 32px; background-color: #d69df2; text-align: center;\"><a href=\"https:\/\/agora.xtec.cat\/ceipmediterrania\/ampa\/afa\/contacte\/\"><strong>CONTACTE<\/strong><\/a><\/td>\n<\/tr>\n<tr style=\"height: 36px;\">\n<td style=\"width: 33.3333%; background-color: #b6f0da; height: 36px; text-align: center;\"><a href=\"https:\/\/agora.xtec.cat\/ceipmediterrania\/ampa\/afa\/assosciat-afa\/\">ASSOCIA&#8217;T<\/a><\/td>\n<td style=\"width: 33.3333%; background-color: #f2b1ef; height: 36px; text-align: center;\"><a href=\"https:\/\/agora.xtec.cat\/ceipmediterrania\/ampa\/afa\/enllaccos-dinteres-afa\/\">ENLLA\u00c7OS D&#8217;INTER\u00c9S<\/a><\/td>\n<td style=\"width: 33.3333%; background-color: #a7c9eb; height: 36px; text-align: center;\"><\/td>\n<\/tr>\n<\/tbody>\n<\/table>\n<table style=\"border-collapse: collapse; width: 100%;\">\n<tbody>\n<tr>\n<td style=\"width: 56.6375%;\"><a href=\"https:\/\/agora.xtec.cat\/ceipmediterrania\/wp-content\/uploads\/usu1771\/2024\/01\/Captura-de-pantalla-2024-01-18-153824.png\"><img loading=\"lazy\" decoding=\"async\" class=\"aligncenter size-full wp-image-3594\" src=\"https:\/\/agora.xtec.cat\/ceipmediterrania\/wp-content\/uploads\/usu1771\/2024\/01\/Captura-de-pantalla-2024-01-18-153824.png\" alt=\"\" width=\"856\" height=\"214\" srcset=\"https:\/\/agora.xtec.cat\/ceipmediterrania\/wp-content\/uploads\/usu1771\/2024\/01\/Captura-de-pantalla-2024-01-18-153824.png 856w, https:\/\/agora.xtec.cat\/ceipmediterrania\/wp-content\/uploads\/usu1771\/2024\/01\/Captura-de-pantalla-2024-01-18-153824-300x75.png 300w, https:\/\/agora.xtec.cat\/ceipmediterrania\/wp-content\/uploads\/usu1771\/2024\/01\/Captura-de-pantalla-2024-01-18-153824-768x192.png 768w\" sizes=\"auto, (max-width: 856px) 100vw, 856px\" \/><\/a><\/td>\n<td style=\"width: 43.3625%;\"><a href=\"https:\/\/agora.xtec.cat\/ceipmediterrania\/ampa\/afa\/assosciat-afa\/\"><img loading=\"lazy\" decoding=\"async\" class=\"aligncenter size-full wp-image-3596\" src=\"https:\/\/agora.xtec.cat\/ceipmediterrania\/wp-content\/uploads\/usu1771\/2024\/01\/Captura-de-pantalla-2024-01-18-154007.png\" alt=\"\" width=\"369\" height=\"135\" srcset=\"https:\/\/agora.xtec.cat\/ceipmediterrania\/wp-content\/uploads\/usu1771\/2024\/01\/Captura-de-pantalla-2024-01-18-154007.png 369w, https:\/\/agora.xtec.cat\/ceipmediterrania\/wp-content\/uploads\/usu1771\/2024\/01\/Captura-de-pantalla-2024-01-18-154007-300x110.png 300w\" sizes=\"auto, (max-width: 369px) 100vw, 369px\" \/><\/a><\/td>\n<\/tr>\n<\/tbody>\n<\/table>\n<p>&nbsp;<\/p>\n","protected":false},"excerpt":{"rendered":"<p>QUI SOM SERVEIS COMISSIONS NOT\u00cdCIES AFA DOCUMENTACI\u00d3 CONTACTE ASSOCIA&#8217;T ENLLA\u00c7OS D&#8217;INTER\u00c9S &nbsp;<\/p>\n","protected":false},"author":1,"featured_media":0,"parent":1704,"menu_order":0,"comment_status":"closed","ping_status":"closed","template":"","meta":{"_bbp_topic_count":0,"_bbp_reply_count":0,"_bbp_total_topic_count":0,"_bbp_total_reply_count":0,"_bbp_voice_count":0,"_bbp_anonymous_reply_count":0,"_bbp_topic_count_hidden":0,"_bbp_reply_count_hidden":0,"_bbp_forum_subforum_count":0,"site-sidebar-layout":"default","site-content-layout":"","ast-site-content-layout":"","site-content-style":"default","site-sidebar-style":"default","ast-global-header-display":"","ast-banner-title-visibility":"","ast-main-header-display":"","ast-hfb-above-header-display":"","ast-hfb-below-header-display":"","ast-hfb-mobile-header-display":"","site-post-title":"","ast-breadcrumbs-content":"","ast-featured-img":"","footer-sml-layout":"","theme-transparent-header-meta":"","adv-header-id-meta":"","stick-header-meta":"","header-above-stick-meta":"","header-main-stick-meta":"","header-below-stick-meta":"","astra-migrate-meta-layouts":"default","ast-page-background-enabled":"default","ast-page-background-meta":{"desktop":{"background-color":"var(--ast-global-color-4)","background-image":"","background-repeat":"repeat","background-position":"center center","background-size":"auto","background-attachment":"scroll","background-type":"","background-media":"","overlay-type":"","overlay-color":"","overlay-opacity":"","overlay-gradient":""},"tablet":{"background-color":"","background-image":"","background-repeat":"repeat","background-position":"center center","background-size":"auto","background-attachment":"scroll","background-type":"","background-media":"","overlay-type":"","overlay-color":"","overlay-opacity":"","overlay-gradient":""},"mobile":{"background-color":"","background-image":"","background-repeat":"repeat","background-position":"center center","background-size":"auto","background-attachment":"scroll","background-type":"","background-media":"","overlay-type":"","overlay-color":"","overlay-opacity":"","overlay-gradient":""}},"ast-content-background-meta":{"desktop":{"background-color":"var(--ast-global-color-5)","background-image":"","background-repeat":"repeat","background-position":"center center","background-size":"auto","background-attachment":"scroll","background-type":"","background-media":"","overlay-type":"","overlay-color":"","overlay-opacity":"","overlay-gradient":""},"tablet":{"background-color":"var(--ast-global-color-5)","background-image":"","background-repeat":"repeat","background-position":"center center","background-size":"auto","background-attachment":"scroll","background-type":"","background-media":"","overlay-type":"","overlay-color":"","overlay-opacity":"","overlay-gradient":""},"mobile":{"background-color":"var(--ast-global-color-5)","background-image":"","background-repeat":"repeat","background-position":"center center","background-size":"auto","background-attachment":"scroll","background-type":"","background-media":"","overlay-type":"","overlay-color":"","overlay-opacity":"","overlay-gradient":""}},"footnotes":""},"class_list":["post-3385","page","type-page","status-publish","hentry"],"post_mailing_queue_ids":[],"_links":{"self":[{"href":"https:\/\/agora.xtec.cat\/ceipmediterrania\/wp-json\/wp\/v2\/pages\/3385","targetHints":{"allow":["GET"]}}],"collection":[{"href":"https:\/\/agora.xtec.cat\/ceipmediterrania\/wp-json\/wp\/v2\/pages"}],"about":[{"href":"https:\/\/agora.xtec.cat\/ceipmediterrania\/wp-json\/wp\/v2\/types\/page"}],"author":[{"embeddable":true,"href":"https:\/\/agora.xtec.cat\/ceipmediterrania\/wp-json\/wp\/v2\/users\/1"}],"replies":[{"embeddable":true,"href":"https:\/\/agora.xtec.cat\/ceipmediterrania\/wp-json\/wp\/v2\/comments?post=3385"}],"version-history":[{"count":7,"href":"https:\/\/agora.xtec.cat\/ceipmediterrania\/wp-json\/wp\/v2\/pages\/3385\/revisions"}],"predecessor-version":[{"id":3763,"href":"https:\/\/agora.xtec.cat\/ceipmediterrania\/wp-json\/wp\/v2\/pages\/3385\/revisions\/3763"}],"up":[{"embeddable":true,"href":"https:\/\/agora.xtec.cat\/ceipmediterrania\/wp-json\/wp\/v2\/pages\/1704"}],"wp:attachment":[{"href":"https:\/\/agora.xtec.cat\/ceipmediterrania\/wp-json\/wp\/v2\/media?parent=3385"}],"curies":[{"name":"wp","href":"https:\/\/api.w.org\/{rel}","templated":true}]}}