{"id":1434,"date":"2020-05-12T12:13:27","date_gmt":"2020-05-12T10:13:27","guid":{"rendered":"http:\/\/agora.xtec.cat\/ceipmediterrania\/?page_id=1434"},"modified":"2024-01-18T15:08:47","modified_gmt":"2024-01-18T14:08:47","slug":"portes-obertes-2020-2021","status":"publish","type":"page","link":"https:\/\/agora.xtec.cat\/ceipmediterrania\/pagines-dinici\/lescola\/portes-obertes-2020-2021\/","title":{"rendered":"Portes obertes"},"content":{"rendered":"<h4><a href=\"https:\/\/agora.xtec.cat\/ceipmediterrania\/lescola\/portes-obertes-2020-2021\/attachment\/5615894\/\" rel=\"attachment wp-att-3083\"><img loading=\"lazy\" decoding=\"async\" class=\"wp-image-3083 alignleft\" src=\"https:\/\/agora.xtec.cat\/ceipmediterrania\/wp-content\/uploads\/usu1771\/2023\/06\/5615894.png\" alt=\"\" width=\"139\" height=\"139\" srcset=\"https:\/\/agora.xtec.cat\/ceipmediterrania\/wp-content\/uploads\/usu1771\/2023\/06\/5615894.png 512w, https:\/\/agora.xtec.cat\/ceipmediterrania\/wp-content\/uploads\/usu1771\/2023\/06\/5615894-300x300.png 300w, https:\/\/agora.xtec.cat\/ceipmediterrania\/wp-content\/uploads\/usu1771\/2023\/06\/5615894-150x150.png 150w\" sizes=\"auto, (max-width: 139px) 100vw, 139px\" \/><\/a><span style=\"color: #000000;\">Hola, fam\u00edlies!<\/span><\/h4>\n<h4 style=\"text-align: left;\"><span style=\"color: #000000;\">En aquesta p\u00e0gina us deixem diferents arxius multim\u00e8dia per tal que pugueu veure un tastet del que \u00e9s la nostra escola&#8230; la qual desitgem que ben aviat sigui tamb\u00e9 la vostra!!<\/span><\/h4>\n<h6><\/h6>\n<table style=\"border-collapse: collapse; width: 100%; height: 531px;\">\n<tbody>\n<tr style=\"height: 124px;\">\n<td style=\"width: 33.3333%; height: 531px;\" rowspan=\"5\">\n<h4><a href=\"https:\/\/agora.xtec.cat\/ceipmediterrania\/wp-content\/uploads\/usu1771\/2024\/01\/Captura-de-pantalla-2024-01-09-154816.png\"><img loading=\"lazy\" decoding=\"async\" class=\"aligncenter wp-image-3543\" src=\"https:\/\/agora.xtec.cat\/ceipmediterrania\/wp-content\/uploads\/usu1771\/2024\/01\/Captura-de-pantalla-2024-01-09-154816.png\" alt=\"\" width=\"433\" height=\"607\" srcset=\"https:\/\/agora.xtec.cat\/ceipmediterrania\/wp-content\/uploads\/usu1771\/2024\/01\/Captura-de-pantalla-2024-01-09-154816.png 589w, https:\/\/agora.xtec.cat\/ceipmediterrania\/wp-content\/uploads\/usu1771\/2024\/01\/Captura-de-pantalla-2024-01-09-154816-214x300.png 214w\" sizes=\"auto, (max-width: 433px) 100vw, 433px\" \/><\/a><\/h4>\n<\/td>\n<td style=\"width: 33.3333%; height: 124px;\" colspan=\"2\">\n<ul>\n<li><a href=\"https:\/\/www.instagram.com\/tv\/B_u3QP7FkUp\/?utm_source=ig_embed\">V\u00cdDEO DEL PROJECTE DE LA NOSTRA ESCOLA<\/a><\/li>\n<\/ul>\n<\/td>\n<\/tr>\n<tr style=\"height: 157px;\">\n<td style=\"width: 33.3333%; height: 157px;\" colspan=\"2\">\n<ul>\n<li><a href=\"https:\/\/www.powtoon.com\/embed\/buMYKyllcuV\/\">PRESENTACI\u00d3 POWTOON DE LA JORNADA DE PORTES OBERTES\u00a0<\/a> en ella donem respostes a moltes de les preguntes que ens feu sobre el funcionament i organitzaci\u00f3 del centre<\/li>\n<\/ul>\n<\/td>\n<\/tr>\n<tr style=\"height: 114px;\">\n<td style=\"width: 33.3333%; height: 114px;\" colspan=\"2\">\n<ul>\n<li><a href=\"https:\/\/www.instagram.com\/p\/B4ubFwXonEY\/?utm_source=ig_web_copy_link\">V\u00cdDEO DEL TREBALL D&#8217;AMBIENTS EN EDUCACI\u00d3 INFANTIL <span style=\"color: #000000;\">un recull visual del dia dia dels nostres petits<\/span><\/a><\/li>\n<\/ul>\n<\/td>\n<\/tr>\n<tr style=\"height: 96px;\">\n<td style=\"width: 33.3333%; height: 96px;\" colspan=\"2\">\n<ul>\n<li><a href=\"https:\/\/agora.xtec.cat\/ceipmediterrania\/lescola\/instal%c2%b7lacions\/\">LES NOSTRES INSTAL\u00b7LACIONS <span style=\"color: #000000;\">imatges detallades de tots els racons i aules del centre<\/span><\/a><\/li>\n<\/ul>\n<\/td>\n<\/tr>\n<tr style=\"height: 40px;\">\n<td style=\"width: 33.3333%; height: 40px;\" colspan=\"2\">\n<ul>\n<li><a href=\"https:\/\/www.instagram.com\/escola_mediterrania\/\">CANAL D&#8217;INSTAGRAM<\/a> recull fotogr\u00e0fic de les nostres activitats di\u00e0ries<\/li>\n<\/ul>\n<\/td>\n<\/tr>\n<\/tbody>\n<\/table>\n<h4 style=\"text-align: center;\">Tanmateix, us convidem a navegar pel <a href=\"https:\/\/agora.xtec.cat\/ceipmediterrania\/\">men\u00fa<\/a> de la nostra web per accedir a molts m\u00e9s apartats. Per a qualsevol consulta estarem encantats d&#8217;atendre-us a trav\u00e9s dels seg\u00fcents contactes:<\/h4>\n<h4 style=\"text-align: center;\">634 784 196 \/\u00a0 a8062781@xtec.cat<a href=\"https:\/\/agora.xtec.cat\/ceipmediterrania\/\"><img loading=\"lazy\" decoding=\"async\" class=\"aligncenter size-full wp-image-3584\" src=\"https:\/\/agora.xtec.cat\/ceipmediterrania\/wp-content\/uploads\/usu1771\/2024\/01\/Captura-de-pantalla-2024-01-18-143250-2.png\" alt=\"\" width=\"878\" height=\"380\" srcset=\"https:\/\/agora.xtec.cat\/ceipmediterrania\/wp-content\/uploads\/usu1771\/2024\/01\/Captura-de-pantalla-2024-01-18-143250-2.png 878w, https:\/\/agora.xtec.cat\/ceipmediterrania\/wp-content\/uploads\/usu1771\/2024\/01\/Captura-de-pantalla-2024-01-18-143250-2-300x130.png 300w, https:\/\/agora.xtec.cat\/ceipmediterrania\/wp-content\/uploads\/usu1771\/2024\/01\/Captura-de-pantalla-2024-01-18-143250-2-768x332.png 768w\" sizes=\"auto, (max-width: 878px) 100vw, 878px\" \/><\/a><\/h4>\n<table style=\"border-collapse: collapse; width: 100%;\">\n<tbody>\n<tr>\n<td style=\"width: 33.3333%;\"><a href=\"https:\/\/photos.app.goo.gl\/mNBSTEs6RYur6PZ57\"><img loading=\"lazy\" decoding=\"async\" class=\"aligncenter wp-image-2026\" src=\"https:\/\/agora.xtec.cat\/ceipmediterrania\/wp-content\/uploads\/usu1771\/2022\/02\/Presentacion1.jpg\" alt=\"\" width=\"368\" height=\"276\" srcset=\"https:\/\/agora.xtec.cat\/ceipmediterrania\/wp-content\/uploads\/usu1771\/2022\/02\/Presentacion1.jpg 960w, https:\/\/agora.xtec.cat\/ceipmediterrania\/wp-content\/uploads\/usu1771\/2022\/02\/Presentacion1-300x225.jpg 300w, https:\/\/agora.xtec.cat\/ceipmediterrania\/wp-content\/uploads\/usu1771\/2022\/02\/Presentacion1-768x576.jpg 768w, https:\/\/agora.xtec.cat\/ceipmediterrania\/wp-content\/uploads\/usu1771\/2022\/02\/Presentacion1-200x150.jpg 200w\" sizes=\"auto, (max-width: 368px) 100vw, 368px\" \/><\/a><\/td>\n<td style=\"width: 33.3333%;\"><a href=\"https:\/\/www.powtoon.com\/embed\/buMYKyllcuV\/\"><img loading=\"lazy\" decoding=\"async\" class=\"aligncenter wp-image-1454\" src=\"https:\/\/agora.xtec.cat\/ceipmediterrania\/wp-content\/uploads\/usu1771\/2020\/05\/2020-05-14-08_03_44-Window-1024x535.png\" alt=\"\" width=\"538\" height=\"281\" srcset=\"https:\/\/agora.xtec.cat\/ceipmediterrania\/wp-content\/uploads\/usu1771\/2020\/05\/2020-05-14-08_03_44-Window-1024x535.png 1024w, https:\/\/agora.xtec.cat\/ceipmediterrania\/wp-content\/uploads\/usu1771\/2020\/05\/2020-05-14-08_03_44-Window-300x157.png 300w, https:\/\/agora.xtec.cat\/ceipmediterrania\/wp-content\/uploads\/usu1771\/2020\/05\/2020-05-14-08_03_44-Window-768x401.png 768w, https:\/\/agora.xtec.cat\/ceipmediterrania\/wp-content\/uploads\/usu1771\/2020\/05\/2020-05-14-08_03_44-Window.png 1064w\" sizes=\"auto, (max-width: 538px) 100vw, 538px\" \/><\/a><\/td>\n<\/tr>\n<\/tbody>\n<\/table>\n<p>&nbsp;<\/p>\n<p style=\"text-align: center;\">https:\/\/www.instagram.com\/p\/B4ubFwXonEY\/?utm_source=ig_web_copy_link<\/p>\n<p style=\"text-align: center;\">https:\/\/www.instagram.com\/tv\/B_u3QP7FkUp\/?utm_source=ig_web_button_share_sheet<\/p>\n<blockquote class=\"instagram-media\" style=\"background: #FFF; border: 0; border-radius: 3px; box-shadow: 0 0 1px 0 rgba(0,0,0,0.5),0 1px 10px 0 rgba(0,0,0,0.15); margin: 1px; max-width: 540px; min-width: 326px; padding: 0; width: calc(100% - 2px);\" data-instgrm-captioned=\"\" data-instgrm-permalink=\"https:\/\/www.instagram.com\/p\/CKRQGUHI1Ko\/?utm_source=ig_embed&amp;utm_campaign=loading\" data-instgrm-version=\"13\">\n<div style=\"padding: 16px;\">\n<div style=\"display: flex; flex-direction: row; align-items: center; text-align: center;\">\n<div style=\"background-color: #f4f4f4; border-radius: 50%; flex-grow: 0; height: 40px; margin-right: 14px; width: 40px;\"><\/div>\n<div style=\"display: flex; flex-direction: column; flex-grow: 1; justify-content: center;\">\n<div style=\"background-color: #f4f4f4; border-radius: 4px; flex-grow: 0; height: 14px; margin-bottom: 6px; width: 100px;\"><\/div>\n<div style=\"background-color: #f4f4f4; border-radius: 4px; flex-grow: 0; height: 14px; width: 60px;\"><\/div>\n<\/div>\n<\/div>\n<div style=\"padding: 19% 0px; text-align: center;\"><\/div>\n<div style=\"display: block; height: 50px; margin: 0px auto 12px; width: 50px; text-align: center;\"><\/div>\n<div style=\"padding-top: 8px; text-align: center;\">\n<div style=\"color: #3897f0; font-family: Arial,sans-serif; font-size: 14px; font-style: normal; font-weight: 550; line-height: 18px;\">Ver esta publicaci\u00f3n en Instagram<\/div>\n<\/div>\n<div style=\"padding: 12.5% 0px; text-align: center;\"><\/div>\n<div style=\"display: flex; flex-direction: row; margin-bottom: 14px; align-items: center;\">\n<div style=\"text-align: center;\">\n<div style=\"background-color: #f4f4f4; border-radius: 50%; height: 12.5px; width: 12.5px; transform: translateX(0px) translateY(7px);\"><\/div>\n<div style=\"background-color: #f4f4f4; height: 12.5px; transform: rotate(-45deg) translateX(3px) translateY(1px); width: 12.5px; flex-grow: 0; margin-right: 14px; margin-left: 2px;\"><\/div>\n<div style=\"background-color: #f4f4f4; border-radius: 50%; height: 12.5px; width: 12.5px; transform: translateX(9px) translateY(-18px);\"><\/div>\n<\/div>\n<div style=\"margin-left: 8px;\">\n<div style=\"background-color: #f4f4f4; border-radius: 50%; flex-grow: 0; height: 20px; width: 20px; text-align: center;\"><\/div>\n<div style=\"width: 0; height: 0; border-top: 2px solid transparent; border-left: 6px solid #f4f4f4; border-bottom: 2px solid transparent; transform: translateX(16px) translateY(-4px) rotate(30deg);\"><\/div>\n<\/div>\n<div style=\"margin-left: auto;\">\n<div style=\"width: 0px; border-top: 8px solid #f4f4f4; border-right: 8px solid transparent; transform: translateY(16px); text-align: center;\"><\/div>\n<div style=\"background-color: #f4f4f4; flex-grow: 0; height: 12px; width: 16px; transform: translateY(-4px);\"><\/div>\n<div style=\"width: 0; height: 0; border-top: 8px solid #F4F4F4; border-left: 8px solid transparent; transform: translateY(-4px) translateX(8px);\"><\/div>\n<\/div>\n<\/div>\n<div style=\"display: flex; flex-direction: column; flex-grow: 1; justify-content: center; margin-bottom: 24px;\">\n<div style=\"background-color: #f4f4f4; border-radius: 4px; flex-grow: 0; height: 14px; margin-bottom: 6px; width: 224px;\"><\/div>\n<div style=\"background-color: #f4f4f4; border-radius: 4px; flex-grow: 0; height: 14px; width: 144px;\"><\/div>\n<\/div>\n<p>&nbsp;<\/p>\n<p style=\"color: #c9c8cd; font-family: Arial,sans-serif; font-size: 14px; line-height: 17px; margin-bottom: 0; margin-top: 8px; overflow: hidden; padding: 8px 0 7px; text-align: center; text-overflow: ellipsis; white-space: nowrap;\"><a style=\"color: #c9c8cd; font-family: Arial,sans-serif; font-size: 14px; font-style: normal; font-weight: normal; line-height: 17px; text-decoration: none;\" href=\"https:\/\/www.instagram.com\/p\/CKRQGUHI1Ko\/?utm_source=ig_embed&amp;utm_campaign=loading\" target=\"_blank\" rel=\"noopener noreferrer\">Una publicaci\u00f3n compartida de Escola mediterrania (@escola_mediterrania)<\/a><\/p>\n<p>&nbsp;<\/p>\n<\/div>\n<\/blockquote>\n<p><script async src=\"\/\/www.instagram.com\/embed.js\"><\/script><\/p>\n<p>&nbsp;<\/p>\n<p>&nbsp;<\/p>\n","protected":false},"excerpt":{"rendered":"<p>Hola, fam\u00edlies! En aquesta p\u00e0gina us deixem diferents arxius multim\u00e8dia per tal que pugueu veure un tastet del que \u00e9s [&hellip;]<\/p>\n","protected":false},"author":1,"featured_media":0,"parent":22,"menu_order":0,"comment_status":"closed","ping_status":"closed","template":"","meta":{"_bbp_topic_count":0,"_bbp_reply_count":0,"_bbp_total_topic_count":0,"_bbp_total_reply_count":0,"_bbp_voice_count":0,"_bbp_anonymous_reply_count":0,"_bbp_topic_count_hidden":0,"_bbp_reply_count_hidden":0,"_bbp_forum_subforum_count":0,"site-sidebar-layout":"default","site-content-layout":"","ast-site-content-layout":"","site-content-style":"default","site-sidebar-style":"default","ast-global-header-display":"","ast-banner-title-visibility":"","ast-main-header-display":"","ast-hfb-above-header-display":"","ast-hfb-below-header-display":"","ast-hfb-mobile-header-display":"","site-post-title":"","ast-breadcrumbs-content":"","ast-featured-img":"","footer-sml-layout":"","theme-transparent-header-meta":"","adv-header-id-meta":"","stick-header-meta":"","header-above-stick-meta":"","header-main-stick-meta":"","header-below-stick-meta":"","astra-migrate-meta-layouts":"default","ast-page-background-enabled":"default","ast-page-background-meta":{"desktop":{"background-color":"var(--ast-global-color-4)","background-image":"","background-repeat":"repeat","background-position":"center center","background-size":"auto","background-attachment":"scroll","background-type":"","background-media":"","overlay-type":"","overlay-color":"","overlay-opacity":"","overlay-gradient":""},"tablet":{"background-color":"","background-image":"","background-repeat":"repeat","background-position":"center center","background-size":"auto","background-attachment":"scroll","background-type":"","background-media":"","overlay-type":"","overlay-color":"","overlay-opacity":"","overlay-gradient":""},"mobile":{"background-color":"","background-image":"","background-repeat":"repeat","background-position":"center center","background-size":"auto","background-attachment":"scroll","background-type":"","background-media":"","overlay-type":"","overlay-color":"","overlay-opacity":"","overlay-gradient":""}},"ast-content-background-meta":{"desktop":{"background-color":"var(--ast-global-color-5)","background-image":"","background-repeat":"repeat","background-position":"center center","background-size":"auto","background-attachment":"scroll","background-type":"","background-media":"","overlay-type":"","overlay-color":"","overlay-opacity":"","overlay-gradient":""},"tablet":{"background-color":"var(--ast-global-color-5)","background-image":"","background-repeat":"repeat","background-position":"center center","background-size":"auto","background-attachment":"scroll","background-type":"","background-media":"","overlay-type":"","overlay-color":"","overlay-opacity":"","overlay-gradient":""},"mobile":{"background-color":"var(--ast-global-color-5)","background-image":"","background-repeat":"repeat","background-position":"center center","background-size":"auto","background-attachment":"scroll","background-type":"","background-media":"","overlay-type":"","overlay-color":"","overlay-opacity":"","overlay-gradient":""}},"footnotes":""},"class_list":["post-1434","page","type-page","status-publish","hentry"],"post_mailing_queue_ids":[],"_links":{"self":[{"href":"https:\/\/agora.xtec.cat\/ceipmediterrania\/wp-json\/wp\/v2\/pages\/1434","targetHints":{"allow":["GET"]}}],"collection":[{"href":"https:\/\/agora.xtec.cat\/ceipmediterrania\/wp-json\/wp\/v2\/pages"}],"about":[{"href":"https:\/\/agora.xtec.cat\/ceipmediterrania\/wp-json\/wp\/v2\/types\/page"}],"author":[{"embeddable":true,"href":"https:\/\/agora.xtec.cat\/ceipmediterrania\/wp-json\/wp\/v2\/users\/1"}],"replies":[{"embeddable":true,"href":"https:\/\/agora.xtec.cat\/ceipmediterrania\/wp-json\/wp\/v2\/comments?post=1434"}],"version-history":[{"count":7,"href":"https:\/\/agora.xtec.cat\/ceipmediterrania\/wp-json\/wp\/v2\/pages\/1434\/revisions"}],"predecessor-version":[{"id":3586,"href":"https:\/\/agora.xtec.cat\/ceipmediterrania\/wp-json\/wp\/v2\/pages\/1434\/revisions\/3586"}],"up":[{"embeddable":true,"href":"https:\/\/agora.xtec.cat\/ceipmediterrania\/wp-json\/wp\/v2\/pages\/22"}],"wp:attachment":[{"href":"https:\/\/agora.xtec.cat\/ceipmediterrania\/wp-json\/wp\/v2\/media?parent=1434"}],"curies":[{"name":"wp","href":"https:\/\/api.w.org\/{rel}","templated":true}]}}