{"id":9,"date":"2025-10-09T09:25:51","date_gmt":"2025-10-09T07:25:51","guid":{"rendered":"http:\/\/agora.xtec.cat\/ceipmdsoldelpont\/?page_id=9"},"modified":"2026-04-29T09:18:43","modified_gmt":"2026-04-29T07:18:43","slug":"pagina-dinici-buida","status":"publish","type":"page","link":"https:\/\/agora.xtec.cat\/ceipmdsoldelpont\/","title":{"rendered":"Informaci\u00f3 del per\u00edode de preinscripci\u00f3 escolar del curs 26-27"},"content":{"rendered":"\n<figure class=\"wp-block-image aligncenter size-full\"><a href=\"https:\/\/agora.xtec.cat\/ceipmdsoldelpont\/wp-content\/uploads\/usu2326\/2026\/03\/Preinscripcio_baners_Web_educacio__Preinscripcio_web_educacio_555x431_PRIMARIA.jpg\"><img loading=\"lazy\" decoding=\"async\" width=\"572\" height=\"448\" src=\"https:\/\/agora.xtec.cat\/ceipmdsoldelpont\/wp-content\/uploads\/usu2326\/2026\/03\/Preinscripcio_baners_Web_educacio__Preinscripcio_web_educacio_555x431_PRIMARIA.jpg\" alt=\"\" class=\"wp-image-3930\" srcset=\"https:\/\/agora.xtec.cat\/ceipmdsoldelpont\/wp-content\/uploads\/usu2326\/2026\/03\/Preinscripcio_baners_Web_educacio__Preinscripcio_web_educacio_555x431_PRIMARIA.jpg 572w, https:\/\/agora.xtec.cat\/ceipmdsoldelpont\/wp-content\/uploads\/usu2326\/2026\/03\/Preinscripcio_baners_Web_educacio__Preinscripcio_web_educacio_555x431_PRIMARIA-300x235.jpg 300w\" sizes=\"auto, (max-width: 572px) 100vw, 572px\" \/><\/a><\/figure>\n\n\n\n<figure class=\"wp-block-table\"><table class=\"has-fixed-layout\"><tbody><tr><td><a href=\"https:\/\/agora.xtec.cat\/ceipmdsoldelpont\/wp-content\/uploads\/usu2326\/2026\/03\/INFORME_OFERTA_OME_INFORME_OFERTA.pdf\" target=\"_blank\" rel=\"noreferrer noopener\">Oferta educativa<\/a><\/td><td><a href=\"https:\/\/view.genially.com\/6214c9acd1cb950019a2d2ff\/interactive-content-mdsp-preinscripcio-2026-2027\" target=\"_blank\" rel=\"noreferrer noopener\">Document interactiu de suport<\/a><\/td><td><a href=\"https:\/\/agora.xtec.cat\/ceipmdsoldelpont\/wp-content\/uploads\/usu2326\/2026\/03\/Informacio-i-calendari-preinscripcio-2026-2027.docx-1.pdf\" data-type=\"link\" data-id=\"https:\/\/agora.xtec.cat\/ceipmdsoldelpont\/wp-content\/uploads\/usu2326\/2026\/03\/Informacio-i-calendari-preinscripcio-2026-2027.docx-1.pdf\" target=\"_blank\" rel=\"noreferrer noopener\">Criteris de prioritat i calendari<\/a><\/td><\/tr><tr><td><a href=\"https:\/\/agora.xtec.cat\/ceipmdsoldelpont\/wp-content\/uploads\/usu2326\/2026\/03\/Resolucio-preinscripcio-curs-2026-2027.pdf\" target=\"_blank\" rel=\"noreferrer noopener\"><\/a><a href=\"https:\/\/agora.xtec.cat\/ceipmdsoldelpont\/wp-content\/uploads\/usu2326\/2026\/03\/Guia-preinscripcio-26-27.pdf\" target=\"_blank\" rel=\"noreferrer noopener\">Document de suport a les fam\u00edlies<\/a><\/td><td><a href=\"https:\/\/agora.xtec.cat\/ceipmdsoldelpont\/wp-content\/uploads\/usu2326\/2026\/03\/Resolucio-preinscripcio-curs-2026-2027.pdf\" target=\"_blank\" rel=\"noreferrer noopener\">Resoluci\u00f3<\/a><\/td><td><a href=\"https:\/\/drive.google.com\/file\/d\/1JTkg2twakP0cbTM0KiQbjMlvQHKk3hJs\/view?usp=sharing\" data-type=\"link\" data-id=\"https:\/\/drive.google.com\/file\/d\/1JTkg2twakP0cbTM0KiQbjMlvQHKk3hJs\/view?usp=sharing\" target=\"_blank\" rel=\"noreferrer noopener\">Llista amb puntuaci\u00f3 provisional, resoltes les reclamacions<\/a><\/td><\/tr><tr><td><a href=\"https:\/\/drive.google.com\/file\/d\/1-GAihVFXYZujDRUaftoAz_8Eyrqwzw0n\/view?usp=sharing\" data-type=\"link\" data-id=\"https:\/\/drive.google.com\/file\/d\/1-GAihVFXYZujDRUaftoAz_8Eyrqwzw0n\/view?usp=sharing\" target=\"_blank\" rel=\"noreferrer noopener\">Llista ordenada <\/a><\/td><td>Sol\u00b7licitud amb el barem definitiu<\/td><td><a href=\"https:\/\/preinscripcio.gencat.cat\/ca\/estudis\/eso\/preinscriute\/seguiment-sollicitud\/sorteig-desempat\/index.html\" data-type=\"link\" data-id=\"https:\/\/preinscripcio.gencat.cat\/ca\/estudis\/eso\/preinscriute\/seguiment-sollicitud\/sorteig-desempat\/index.html\" target=\"_blank\" rel=\"noreferrer noopener\">N\u00famero de desempat<\/a><\/td><\/tr><tr><td>Llista d&#8217;admesos<\/td><td>Llista d&#8217;espera<\/td><td>Oferta definitiva de places<\/td><\/tr><\/tbody><\/table><\/figure>\n\n\n\n<p><\/p>\n","protected":false},"excerpt":{"rendered":"<p>Oferta educativa Document interactiu de suport Criteris de prioritat i calendari Document de suport a les fam\u00edlies Resoluci\u00f3 Llista amb [&hellip;]<\/p>\n","protected":false},"author":9,"featured_media":0,"parent":7,"menu_order":0,"comment_status":"closed","ping_status":"closed","template":"","meta":{"_bbp_topic_count":0,"_bbp_reply_count":0,"_bbp_total_topic_count":0,"_bbp_total_reply_count":0,"_bbp_voice_count":0,"_bbp_anonymous_reply_count":0,"_bbp_topic_count_hidden":0,"_bbp_reply_count_hidden":0,"_bbp_forum_subforum_count":0,"site-sidebar-layout":"default","site-content-layout":"","ast-site-content-layout":"default","site-content-style":"default","site-sidebar-style":"default","ast-global-header-display":"","ast-banner-title-visibility":"","ast-main-header-display":"","ast-hfb-above-header-display":"","ast-hfb-below-header-display":"","ast-hfb-mobile-header-display":"","site-post-title":"","ast-breadcrumbs-content":"","ast-featured-img":"","footer-sml-layout":"","theme-transparent-header-meta":"","adv-header-id-meta":"","stick-header-meta":"","header-above-stick-meta":"","header-main-stick-meta":"","header-below-stick-meta":"","astra-migrate-meta-layouts":"set","ast-page-background-enabled":"default","ast-page-background-meta":{"desktop":{"background-color":"var(--ast-global-color-4)","background-image":"","background-repeat":"repeat","background-position":"center center","background-size":"auto","background-attachment":"scroll","background-type":"","background-media":"","overlay-type":"","overlay-color":"","overlay-opacity":"","overlay-gradient":""},"tablet":{"background-color":"","background-image":"","background-repeat":"repeat","background-position":"center center","background-size":"auto","background-attachment":"scroll","background-type":"","background-media":"","overlay-type":"","overlay-color":"","overlay-opacity":"","overlay-gradient":""},"mobile":{"background-color":"","background-image":"","background-repeat":"repeat","background-position":"center center","background-size":"auto","background-attachment":"scroll","background-type":"","background-media":"","overlay-type":"","overlay-color":"","overlay-opacity":"","overlay-gradient":""}},"ast-content-background-meta":{"desktop":{"background-color":"var(--ast-global-color-5)","background-image":"","background-repeat":"repeat","background-position":"center center","background-size":"auto","background-attachment":"scroll","background-type":"","background-media":"","overlay-type":"","overlay-color":"","overlay-opacity":"","overlay-gradient":""},"tablet":{"background-color":"var(--ast-global-color-5)","background-image":"","background-repeat":"repeat","background-position":"center center","background-size":"auto","background-attachment":"scroll","background-type":"","background-media":"","overlay-type":"","overlay-color":"","overlay-opacity":"","overlay-gradient":""},"mobile":{"background-color":"var(--ast-global-color-5)","background-image":"","background-repeat":"repeat","background-position":"center center","background-size":"auto","background-attachment":"scroll","background-type":"","background-media":"","overlay-type":"","overlay-color":"","overlay-opacity":"","overlay-gradient":""}},"footnotes":""},"class_list":["post-9","page","type-page","status-publish","hentry"],"post_mailing_queue_ids":[],"_links":{"self":[{"href":"https:\/\/agora.xtec.cat\/ceipmdsoldelpont\/wp-json\/wp\/v2\/pages\/9","targetHints":{"allow":["GET"]}}],"collection":[{"href":"https:\/\/agora.xtec.cat\/ceipmdsoldelpont\/wp-json\/wp\/v2\/pages"}],"about":[{"href":"https:\/\/agora.xtec.cat\/ceipmdsoldelpont\/wp-json\/wp\/v2\/types\/page"}],"author":[{"embeddable":true,"href":"https:\/\/agora.xtec.cat\/ceipmdsoldelpont\/wp-json\/wp\/v2\/users\/9"}],"replies":[{"embeddable":true,"href":"https:\/\/agora.xtec.cat\/ceipmdsoldelpont\/wp-json\/wp\/v2\/comments?post=9"}],"version-history":[{"count":5,"href":"https:\/\/agora.xtec.cat\/ceipmdsoldelpont\/wp-json\/wp\/v2\/pages\/9\/revisions"}],"predecessor-version":[{"id":4146,"href":"https:\/\/agora.xtec.cat\/ceipmdsoldelpont\/wp-json\/wp\/v2\/pages\/9\/revisions\/4146"}],"up":[{"embeddable":true,"href":"https:\/\/agora.xtec.cat\/ceipmdsoldelpont\/wp-json\/wp\/v2\/pages\/7"}],"wp:attachment":[{"href":"https:\/\/agora.xtec.cat\/ceipmdsoldelpont\/wp-json\/wp\/v2\/media?parent=9"}],"curies":[{"name":"wp","href":"https:\/\/api.w.org\/{rel}","templated":true}]}}