{"id":576,"date":"2023-04-11T23:17:22","date_gmt":"2023-04-11T21:17:22","guid":{"rendered":"https:\/\/agora.xtec.cat\/ceipmdsoldelpont\/?page_id=576"},"modified":"2025-02-20T19:35:22","modified_gmt":"2025-02-20T18:35:22","slug":"projecte-araart","status":"publish","type":"page","link":"https:\/\/agora.xtec.cat\/ceipmdsoldelpont\/projecte-araart\/","title":{"rendered":"Projecte AraArt"},"content":{"rendered":"\n<figure class=\"wp-block-image aligncenter size-full is-resized\"><img loading=\"lazy\" decoding=\"async\" width=\"534\" height=\"297\" src=\"https:\/\/agora.xtec.cat\/ceipmdsoldelpont\/wp-content\/uploads\/usu2326\/2025\/02\/araart.png\" alt=\"\" class=\"wp-image-2950\" style=\"width:309px;height:auto\" srcset=\"https:\/\/agora.xtec.cat\/ceipmdsoldelpont\/wp-content\/uploads\/usu2326\/2025\/02\/araart.png 534w, https:\/\/agora.xtec.cat\/ceipmdsoldelpont\/wp-content\/uploads\/usu2326\/2025\/02\/araart-300x167.png 300w\" sizes=\"auto, (max-width: 534px) 100vw, 534px\" \/><\/figure>\n\n\n<p data-start=\"55\" data-end=\"412\">A la nostra escola participem en el <strong data-start=\"91\" data-end=\"110\">Projecte AraArt<\/strong>, una iniciativa que integra les arts en l\u2019educaci\u00f3 per fomentar la creativitat i l\u2019expressi\u00f3 art\u00edstica dels alumnes. En el nostre centre, aquest projecte es desenvolupa en col\u00b7laboraci\u00f3 amb l&#8217;<strong data-start=\"303\" data-end=\"323\">Escola de M\u00fasica de Roda<\/strong>, i aix\u00f2 permet als infants viure experi\u00e8ncies musicals enriquidores dins l\u2019horari escolar.<\/p>\n<p data-start=\"414\" data-end=\"530\">A <strong data-start=\"416\" data-end=\"431\">Cicle Mitj\u00e0<\/strong>, l\u2019hora de m\u00fasica es transforma en un espai de creaci\u00f3 i experimentaci\u00f3 a trav\u00e9s de dos tallers:<\/p>\n<ul data-start=\"531\" data-end=\"771\">\n<li data-start=\"531\" data-end=\"659\"><strong data-start=\"533\" data-end=\"554\">Taller d\u2019ukeleles<\/strong>, on els alumnes aprenen a tocar aquest instrument mitjan\u00e7ant una metodologia pr\u00e0ctica i participativa.<\/li>\n<li data-start=\"660\" data-end=\"771\"><strong data-start=\"662\" data-end=\"685\">Taller de percussi\u00f3<\/strong>, que permet treballar ritmes i sons, potenciant la coordinaci\u00f3 i el sentit musical.<\/li>\n<\/ul>\n<p data-start=\"773\" data-end=\"956\">Aquestes activitats no nom\u00e9s fomenten el desenvolupament musical, sin\u00f3 que tamb\u00e9 contribueixen a millorar altres habilitats com la concentraci\u00f3, el treball en equip i la disciplina.<\/p>\n<p data-start=\"958\" data-end=\"1146\" data-is-last-node=\"\">Amb la participaci\u00f3 en el <strong data-start=\"984\" data-end=\"1003\">Projecte AraArt<\/strong>, la nostra escola aposta per una educaci\u00f3 en qu\u00e8 la m\u00fasica i les arts tinguin un paper fonamental en el desenvolupament integral dels alumnes.<\/p>\n<p>PROJECTE ARAART DEL CENTRE<\/p>","protected":false},"excerpt":{"rendered":"<p>A la nostra escola participem en el Projecte AraArt, una iniciativa que integra les arts en l\u2019educaci\u00f3 per fomentar la [&hellip;]<\/p>\n","protected":false},"author":3,"featured_media":0,"parent":0,"menu_order":0,"comment_status":"closed","ping_status":"closed","template":"","meta":{"_bbp_topic_count":0,"_bbp_reply_count":0,"_bbp_total_topic_count":0,"_bbp_total_reply_count":0,"_bbp_voice_count":0,"_bbp_anonymous_reply_count":0,"_bbp_topic_count_hidden":0,"_bbp_reply_count_hidden":0,"_bbp_forum_subforum_count":0,"site-sidebar-layout":"default","site-content-layout":"","ast-site-content-layout":"default","site-content-style":"default","site-sidebar-style":"default","ast-global-header-display":"","ast-banner-title-visibility":"","ast-main-header-display":"","ast-hfb-above-header-display":"","ast-hfb-below-header-display":"","ast-hfb-mobile-header-display":"","site-post-title":"","ast-breadcrumbs-content":"","ast-featured-img":"","footer-sml-layout":"","theme-transparent-header-meta":"","adv-header-id-meta":"","stick-header-meta":"","header-above-stick-meta":"","header-main-stick-meta":"","header-below-stick-meta":"","astra-migrate-meta-layouts":"set","ast-page-background-enabled":"default","ast-page-background-meta":{"desktop":{"background-color":"var(--ast-global-color-4)","background-image":"","background-repeat":"repeat","background-position":"center center","background-size":"auto","background-attachment":"scroll","background-type":"","background-media":"","overlay-type":"","overlay-color":"","overlay-opacity":"","overlay-gradient":""},"tablet":{"background-color":"","background-image":"","background-repeat":"repeat","background-position":"center center","background-size":"auto","background-attachment":"scroll","background-type":"","background-media":"","overlay-type":"","overlay-color":"","overlay-opacity":"","overlay-gradient":""},"mobile":{"background-color":"","background-image":"","background-repeat":"repeat","background-position":"center center","background-size":"auto","background-attachment":"scroll","background-type":"","background-media":"","overlay-type":"","overlay-color":"","overlay-opacity":"","overlay-gradient":""}},"ast-content-background-meta":{"desktop":{"background-color":"var(--ast-global-color-5)","background-image":"","background-repeat":"repeat","background-position":"center center","background-size":"auto","background-attachment":"scroll","background-type":"","background-media":"","overlay-type":"","overlay-color":"","overlay-opacity":"","overlay-gradient":""},"tablet":{"background-color":"var(--ast-global-color-5)","background-image":"","background-repeat":"repeat","background-position":"center center","background-size":"auto","background-attachment":"scroll","background-type":"","background-media":"","overlay-type":"","overlay-color":"","overlay-opacity":"","overlay-gradient":""},"mobile":{"background-color":"var(--ast-global-color-5)","background-image":"","background-repeat":"repeat","background-position":"center center","background-size":"auto","background-attachment":"scroll","background-type":"","background-media":"","overlay-type":"","overlay-color":"","overlay-opacity":"","overlay-gradient":""}},"footnotes":""},"class_list":["post-576","page","type-page","status-publish","hentry"],"post_mailing_queue_ids":[],"_links":{"self":[{"href":"https:\/\/agora.xtec.cat\/ceipmdsoldelpont\/wp-json\/wp\/v2\/pages\/576","targetHints":{"allow":["GET"]}}],"collection":[{"href":"https:\/\/agora.xtec.cat\/ceipmdsoldelpont\/wp-json\/wp\/v2\/pages"}],"about":[{"href":"https:\/\/agora.xtec.cat\/ceipmdsoldelpont\/wp-json\/wp\/v2\/types\/page"}],"author":[{"embeddable":true,"href":"https:\/\/agora.xtec.cat\/ceipmdsoldelpont\/wp-json\/wp\/v2\/users\/3"}],"replies":[{"embeddable":true,"href":"https:\/\/agora.xtec.cat\/ceipmdsoldelpont\/wp-json\/wp\/v2\/comments?post=576"}],"version-history":[{"count":6,"href":"https:\/\/agora.xtec.cat\/ceipmdsoldelpont\/wp-json\/wp\/v2\/pages\/576\/revisions"}],"predecessor-version":[{"id":2952,"href":"https:\/\/agora.xtec.cat\/ceipmdsoldelpont\/wp-json\/wp\/v2\/pages\/576\/revisions\/2952"}],"wp:attachment":[{"href":"https:\/\/agora.xtec.cat\/ceipmdsoldelpont\/wp-json\/wp\/v2\/media?parent=576"}],"curies":[{"name":"wp","href":"https:\/\/api.w.org\/{rel}","templated":true}]}}