{"id":572,"date":"2023-04-11T23:16:51","date_gmt":"2023-04-11T21:16:51","guid":{"rendered":"https:\/\/agora.xtec.cat\/ceipmdsoldelpont\/?page_id=572"},"modified":"2025-02-20T18:44:54","modified_gmt":"2025-02-20T17:44:54","slug":"pla-dacollida-digital","status":"publish","type":"page","link":"https:\/\/agora.xtec.cat\/ceipmdsoldelpont\/pla-dacollida-digital\/","title":{"rendered":"Pla d&#8217;acollida digital"},"content":{"rendered":"<p style=\"text-align: justify;\" data-start=\"34\" data-end=\"455\">El <strong data-start=\"37\" data-end=\"63\">Pla d\u2019Acollida Digital<\/strong> \u00e9s el document que recull les estrat\u00e8gies i accions que duem a terme a l\u2019escola per garantir una incorporaci\u00f3 progressiva i efectiva de les eines digitals en el proc\u00e9s d\u2019ensenyament i aprenentatge. L\u2019objectiu principal \u00e9s facilitar que tota la comunitat educativa\u2014alumnes, docents i fam\u00edlies\u2014adquireixi les compet\u00e8ncies digitals necess\u00e0ries per fer-ne un \u00fas responsable, cr\u00edtic i eficient.<\/p>\n<p style=\"text-align: justify;\" data-start=\"457\" data-end=\"668\">Aquest pla defineix les pautes per a la integraci\u00f3 de la tecnologia a l\u2019aula, els recursos disponibles, el suport t\u00e8cnic i pedag\u00f2gic, aix\u00ed com les mesures per assegurar l\u2019accessibilitat i la seguretat digital.<\/p>\n<p style=\"text-align: justify;\" data-start=\"670\" data-end=\"741\" data-is-last-node=\"\">A continuaci\u00f3, podeu consultar el <strong data-start=\"704\" data-end=\"730\">Pla d\u2019Acollida Digital<\/strong> en detall.<\/p>\n<p><a href=\"https:\/\/agora.xtec.cat\/ceipmdsoldelpont\/wp-content\/uploads\/usu2326\/2024\/10\/PLA-DACOLLIDA-DIGITAL-2024-25.pdf\"><img loading=\"lazy\" decoding=\"async\" class=\"wp-image-2283 aligncenter\" src=\"https:\/\/agora.xtec.cat\/ceipmdsoldelpont\/wp-content\/uploads\/usu2326\/2024\/10\/Pla-dacollida-digital.png\" alt=\"\" width=\"664\" height=\"557\" srcset=\"https:\/\/agora.xtec.cat\/ceipmdsoldelpont\/wp-content\/uploads\/usu2326\/2024\/10\/Pla-dacollida-digital.png 940w, https:\/\/agora.xtec.cat\/ceipmdsoldelpont\/wp-content\/uploads\/usu2326\/2024\/10\/Pla-dacollida-digital-300x251.png 300w, https:\/\/agora.xtec.cat\/ceipmdsoldelpont\/wp-content\/uploads\/usu2326\/2024\/10\/Pla-dacollida-digital-768x644.png 768w\" sizes=\"auto, (max-width: 664px) 100vw, 664px\" \/><\/a><\/p>\n<p>Actualitzat a octubre de 2024<\/p>\n","protected":false},"excerpt":{"rendered":"<p>El Pla d\u2019Acollida Digital \u00e9s el document que recull les estrat\u00e8gies i accions que duem a terme a l\u2019escola per [&hellip;]<\/p>\n","protected":false},"author":9,"featured_media":0,"parent":0,"menu_order":0,"comment_status":"closed","ping_status":"closed","template":"","meta":{"_bbp_topic_count":0,"_bbp_reply_count":0,"_bbp_total_topic_count":0,"_bbp_total_reply_count":0,"_bbp_voice_count":0,"_bbp_anonymous_reply_count":0,"_bbp_topic_count_hidden":0,"_bbp_reply_count_hidden":0,"_bbp_forum_subforum_count":0,"site-sidebar-layout":"default","site-content-layout":"","ast-site-content-layout":"default","site-content-style":"default","site-sidebar-style":"default","ast-global-header-display":"","ast-banner-title-visibility":"","ast-main-header-display":"","ast-hfb-above-header-display":"","ast-hfb-below-header-display":"","ast-hfb-mobile-header-display":"","site-post-title":"","ast-breadcrumbs-content":"","ast-featured-img":"","footer-sml-layout":"","theme-transparent-header-meta":"","adv-header-id-meta":"","stick-header-meta":"","header-above-stick-meta":"","header-main-stick-meta":"","header-below-stick-meta":"","astra-migrate-meta-layouts":"set","ast-page-background-enabled":"default","ast-page-background-meta":{"desktop":{"background-color":"var(--ast-global-color-4)","background-image":"","background-repeat":"repeat","background-position":"center center","background-size":"auto","background-attachment":"scroll","background-type":"","background-media":"","overlay-type":"","overlay-color":"","overlay-opacity":"","overlay-gradient":""},"tablet":{"background-color":"","background-image":"","background-repeat":"repeat","background-position":"center center","background-size":"auto","background-attachment":"scroll","background-type":"","background-media":"","overlay-type":"","overlay-color":"","overlay-opacity":"","overlay-gradient":""},"mobile":{"background-color":"","background-image":"","background-repeat":"repeat","background-position":"center center","background-size":"auto","background-attachment":"scroll","background-type":"","background-media":"","overlay-type":"","overlay-color":"","overlay-opacity":"","overlay-gradient":""}},"ast-content-background-meta":{"desktop":{"background-color":"var(--ast-global-color-5)","background-image":"","background-repeat":"repeat","background-position":"center center","background-size":"auto","background-attachment":"scroll","background-type":"","background-media":"","overlay-type":"","overlay-color":"","overlay-opacity":"","overlay-gradient":""},"tablet":{"background-color":"var(--ast-global-color-5)","background-image":"","background-repeat":"repeat","background-position":"center center","background-size":"auto","background-attachment":"scroll","background-type":"","background-media":"","overlay-type":"","overlay-color":"","overlay-opacity":"","overlay-gradient":""},"mobile":{"background-color":"var(--ast-global-color-5)","background-image":"","background-repeat":"repeat","background-position":"center center","background-size":"auto","background-attachment":"scroll","background-type":"","background-media":"","overlay-type":"","overlay-color":"","overlay-opacity":"","overlay-gradient":""}},"footnotes":""},"class_list":["post-572","page","type-page","status-publish","hentry"],"post_mailing_queue_ids":[],"_links":{"self":[{"href":"https:\/\/agora.xtec.cat\/ceipmdsoldelpont\/wp-json\/wp\/v2\/pages\/572","targetHints":{"allow":["GET"]}}],"collection":[{"href":"https:\/\/agora.xtec.cat\/ceipmdsoldelpont\/wp-json\/wp\/v2\/pages"}],"about":[{"href":"https:\/\/agora.xtec.cat\/ceipmdsoldelpont\/wp-json\/wp\/v2\/types\/page"}],"author":[{"embeddable":true,"href":"https:\/\/agora.xtec.cat\/ceipmdsoldelpont\/wp-json\/wp\/v2\/users\/9"}],"replies":[{"embeddable":true,"href":"https:\/\/agora.xtec.cat\/ceipmdsoldelpont\/wp-json\/wp\/v2\/comments?post=572"}],"version-history":[{"count":4,"href":"https:\/\/agora.xtec.cat\/ceipmdsoldelpont\/wp-json\/wp\/v2\/pages\/572\/revisions"}],"predecessor-version":[{"id":2933,"href":"https:\/\/agora.xtec.cat\/ceipmdsoldelpont\/wp-json\/wp\/v2\/pages\/572\/revisions\/2933"}],"wp:attachment":[{"href":"https:\/\/agora.xtec.cat\/ceipmdsoldelpont\/wp-json\/wp\/v2\/media?parent=572"}],"curies":[{"name":"wp","href":"https:\/\/api.w.org\/{rel}","templated":true}]}}