{"id":28,"date":"2023-08-16T12:54:35","date_gmt":"2023-08-16T10:54:35","guid":{"rendered":"http:\/\/agora.xtec.cat\/ceipmdsoldelpont\/?page_id=28"},"modified":"2025-02-20T19:15:24","modified_gmt":"2025-02-20T18:15:24","slug":"consell-escolar","status":"publish","type":"page","link":"https:\/\/agora.xtec.cat\/ceipmdsoldelpont\/lescola\/consell-escolar\/","title":{"rendered":"Consell escolar"},"content":{"rendered":"<p style=\"text-align: justify;\">Es tracta de l\u2019<strong>\u00f2rgan col\u00b7legiat de participaci\u00f3<\/strong> de la comunitat escolar en el marc de qu\u00e8 podr\u00edem anomenar govern del centre. En el Consell Escolar hi ha representats tots els col\u00b7lectius que intervenen en la comunitat educativa: equip directiu, professorat, pares i mares, personal d\u2019administraci\u00f3 i serveis, un representant de l\u2019AFA i un representant de l\u2019administraci\u00f3 municipal.<\/p>\n<p style=\"text-align: justify;\">La funci\u00f3 principal del Consell Escolar \u00e9s debatre i aprovar tots aquells temes importants per al funcionament i l\u2019organitzaci\u00f3 del centre: el projecte educatiu, el pla general (calendari, horari, activitats complement\u00e0ries i extraescolars\u2026) i la mem\u00f2ria anual de centre, el pressupost, etc.<\/p>\n<p style=\"text-align: left;\">Les persones que formen el Consell Escolar s\u00f3n elegides per un per\u00edode de quatre anys.<br \/>\nA continuaci\u00f3 us facilitem el llistat dels membres de l\u2019actual Consell Escolar:<\/p>\n<table class=\" aligncenter\" style=\"width: 64.9234%; border-collapse: collapse;\">\n<tbody>\n<tr>\n<td style=\"width: 30.0224%; text-align: left;\">REPRESENTANTS DE FAM\u00cdLIES<\/td>\n<td style=\"width: 33.192%; text-align: left;\">REPRESENTANTS MESTRES<\/td>\n<\/tr>\n<tr>\n<td style=\"width: 30.0224%; text-align: left;\">\n<ul>\n<li>Roser Creus<\/li>\n<li>N\u00faria Isern<\/li>\n<li>Anna Lleuger<\/li>\n<li>Mireia Robles<\/li>\n<li>Bet Vila<\/li>\n<\/ul>\n<\/td>\n<td style=\"width: 33.192%; text-align: left;\">\n<ul>\n<li>Pilar Aguilera<\/li>\n<li>Griselda Arrey<\/li>\n<li>Olga Bosch<\/li>\n<li>Miquel Colomo<\/li>\n<li>Elisabet Jord\u00e0<\/li>\n<li>Susana Parareda<\/li>\n<\/ul>\n<\/td>\n<\/tr>\n<tr>\n<td style=\"width: 30.0224%; text-align: left;\">REPRESENTANTS AMPA<\/td>\n<td style=\"width: 33.192%; text-align: left;\">REPRESENTANTS PAS<\/td>\n<\/tr>\n<tr>\n<td style=\"width: 30.0224%; text-align: left;\">\n<ul>\n<li>Ivette Arum\u00ed<\/li>\n<\/ul>\n<\/td>\n<td style=\"width: 33.192%; text-align: left;\">\n<ul>\n<li>Gisela Gurt<\/li>\n<\/ul>\n<\/td>\n<\/tr>\n<tr>\n<td style=\"width: 30.0224%; text-align: left;\">REPRESENTANTS AJUNTAMENT<\/td>\n<td style=\"width: 33.192%; text-align: left;\">EQUIP DIRECTIU<\/td>\n<\/tr>\n<tr>\n<td style=\"width: 30.0224%; text-align: left;\">\n<ul>\n<li>Fina Comas<\/li>\n<li>Joan Escarrabill<\/li>\n<\/ul>\n<\/td>\n<td style=\"width: 33.192%; text-align: left;\">\n<ul>\n<li>Carme Font<\/li>\n<li>Sandra S\u00e1nchez<\/li>\n<li>Xevi Martos<\/li>\n<\/ul>\n<\/td>\n<\/tr>\n<\/tbody>\n<\/table>\n","protected":false},"excerpt":{"rendered":"<p>Es tracta de l\u2019\u00f2rgan col\u00b7legiat de participaci\u00f3 de la comunitat escolar en el marc de qu\u00e8 podr\u00edem anomenar govern del [&hellip;]<\/p>\n","protected":false},"author":1,"featured_media":0,"parent":22,"menu_order":40,"comment_status":"closed","ping_status":"closed","template":"","meta":{"_bbp_topic_count":0,"_bbp_reply_count":0,"_bbp_total_topic_count":0,"_bbp_total_reply_count":0,"_bbp_voice_count":0,"_bbp_anonymous_reply_count":0,"_bbp_topic_count_hidden":0,"_bbp_reply_count_hidden":0,"_bbp_forum_subforum_count":0,"site-sidebar-layout":"default","site-content-layout":"","ast-site-content-layout":"default","site-content-style":"default","site-sidebar-style":"default","ast-global-header-display":"","ast-banner-title-visibility":"","ast-main-header-display":"","ast-hfb-above-header-display":"","ast-hfb-below-header-display":"","ast-hfb-mobile-header-display":"","site-post-title":"","ast-breadcrumbs-content":"","ast-featured-img":"","footer-sml-layout":"","theme-transparent-header-meta":"","adv-header-id-meta":"","stick-header-meta":"","header-above-stick-meta":"","header-main-stick-meta":"","header-below-stick-meta":"","astra-migrate-meta-layouts":"set","ast-page-background-enabled":"default","ast-page-background-meta":{"desktop":{"background-color":"var(--ast-global-color-4)","background-image":"","background-repeat":"repeat","background-position":"center center","background-size":"auto","background-attachment":"scroll","background-type":"","background-media":"","overlay-type":"","overlay-color":"","overlay-opacity":"","overlay-gradient":""},"tablet":{"background-color":"","background-image":"","background-repeat":"repeat","background-position":"center center","background-size":"auto","background-attachment":"scroll","background-type":"","background-media":"","overlay-type":"","overlay-color":"","overlay-opacity":"","overlay-gradient":""},"mobile":{"background-color":"","background-image":"","background-repeat":"repeat","background-position":"center center","background-size":"auto","background-attachment":"scroll","background-type":"","background-media":"","overlay-type":"","overlay-color":"","overlay-opacity":"","overlay-gradient":""}},"ast-content-background-meta":{"desktop":{"background-color":"var(--ast-global-color-5)","background-image":"","background-repeat":"repeat","background-position":"center center","background-size":"auto","background-attachment":"scroll","background-type":"","background-media":"","overlay-type":"","overlay-color":"","overlay-opacity":"","overlay-gradient":""},"tablet":{"background-color":"var(--ast-global-color-5)","background-image":"","background-repeat":"repeat","background-position":"center center","background-size":"auto","background-attachment":"scroll","background-type":"","background-media":"","overlay-type":"","overlay-color":"","overlay-opacity":"","overlay-gradient":""},"mobile":{"background-color":"var(--ast-global-color-5)","background-image":"","background-repeat":"repeat","background-position":"center center","background-size":"auto","background-attachment":"scroll","background-type":"","background-media":"","overlay-type":"","overlay-color":"","overlay-opacity":"","overlay-gradient":""}},"footnotes":""},"class_list":["post-28","page","type-page","status-publish","hentry"],"post_mailing_queue_ids":[],"_links":{"self":[{"href":"https:\/\/agora.xtec.cat\/ceipmdsoldelpont\/wp-json\/wp\/v2\/pages\/28","targetHints":{"allow":["GET"]}}],"collection":[{"href":"https:\/\/agora.xtec.cat\/ceipmdsoldelpont\/wp-json\/wp\/v2\/pages"}],"about":[{"href":"https:\/\/agora.xtec.cat\/ceipmdsoldelpont\/wp-json\/wp\/v2\/types\/page"}],"author":[{"embeddable":true,"href":"https:\/\/agora.xtec.cat\/ceipmdsoldelpont\/wp-json\/wp\/v2\/users\/1"}],"replies":[{"embeddable":true,"href":"https:\/\/agora.xtec.cat\/ceipmdsoldelpont\/wp-json\/wp\/v2\/comments?post=28"}],"version-history":[{"count":6,"href":"https:\/\/agora.xtec.cat\/ceipmdsoldelpont\/wp-json\/wp\/v2\/pages\/28\/revisions"}],"predecessor-version":[{"id":2944,"href":"https:\/\/agora.xtec.cat\/ceipmdsoldelpont\/wp-json\/wp\/v2\/pages\/28\/revisions\/2944"}],"up":[{"embeddable":true,"href":"https:\/\/agora.xtec.cat\/ceipmdsoldelpont\/wp-json\/wp\/v2\/pages\/22"}],"wp:attachment":[{"href":"https:\/\/agora.xtec.cat\/ceipmdsoldelpont\/wp-json\/wp\/v2\/media?parent=28"}],"curies":[{"name":"wp","href":"https:\/\/api.w.org\/{rel}","templated":true}]}}